{"id":7003,"date":"2024-07-11T10:43:49","date_gmt":"2024-07-11T10:43:49","guid":{"rendered":"https:\/\/www.nakee.spa\/product\/massage-aux-pierres-chaudes\/"},"modified":"2025-11-14T00:31:44","modified_gmt":"2025-11-13T17:31:44","slug":"massage-aux-pierres-chaudes","status":"publish","type":"product","link":"https:\/\/www.nakee.spa\/fr\/produit\/massage-aux-pierres-chaudes\/","title":{"rendered":"Massage aux pierres chaudes"},"content":{"rendered":"<p><strong>Qu&rsquo;est-ce que le massage aux pierres chaudes ?<\/strong><\/p>\n<p>Le massage aux pierres chaudes est une technique th\u00e9rapeutique qui consiste \u00e0 placer des pierres lisses et chauff\u00e9es sur des parties sp\u00e9cifiques du corps. La chaleur des pierres p\u00e9n\u00e8tre profond\u00e9ment dans les muscles et procure une exp\u00e9rience apaisante et relaxante. Ce type de massage permet d&rsquo;\u00e9liminer les tensions, de soulager les raideurs musculaires et d&rsquo;augmenter la circulation et le m\u00e9tabolisme.  <\/p>\n<p><strong>Les avantages du massage aux pierres chaudes<\/strong><\/p>\n<ol>\n<li><strong>Relaxation musculaire profonde<\/strong>: La chaleur des pierres aide les muscles \u00e0 se d\u00e9tendre plus profond\u00e9ment.<\/li>\n<li><strong>Soulagement de la douleur<\/strong>: Efficace pour traiter les douleurs chroniques, l&rsquo;arthrite et d&rsquo;autres affections musculaires.<\/li>\n<li><strong>Am\u00e9lioration de la circulation<\/strong>: Am\u00e9liore la circulation sanguine et aide \u00e0 d\u00e9toxifier le corps.<\/li>\n<li><strong>R\u00e9duction du stress<\/strong>: Att\u00e9nue le stress et favorise un sentiment de bien-\u00eatre g\u00e9n\u00e9ral.<\/li>\n<li><strong>Am\u00e9lioration du sommeil<\/strong>: Aide \u00e0 promouvoir un meilleur sommeil en soulageant la tension et le stress.<\/li>\n<li><strong>Flexibilit\u00e9 accrue des articulations<\/strong>: La chaleur permet une plus grande flexibilit\u00e9 des articulations.<\/li>\n<\/ol>\n<p><strong>Pourquoi choisir le massage aux pierres chaudes ?<\/strong><\/p>\n<p>Le massage aux pierres chaudes est id\u00e9al pour ceux qui recherchent une exp\u00e9rience profond\u00e9ment relaxante. La combinaison de la chaleur et du massage produit un effet th\u00e9rapeutique unique, ce qui en fait un excellent choix pour soulager le stress, les tensions musculaires et les douleurs chroniques. <\/p>\n<p><strong>Suggestions<\/strong><\/p>\n<ul>\n<li>Veillez \u00e0 vous hydrater avant et apr\u00e8s le massage.<\/li>\n<li>Signalez imm\u00e9diatement toute g\u00eane au th\u00e9rapeute.<\/li>\n<li>\u00c9vitez les repas lourds avant la s\u00e9ance.<\/li>\n<\/ul>\n<p><strong>Faites l&rsquo;exp\u00e9rience d&rsquo;un massage aux pierres chaudes \u00e0 Nakee Massage &amp; Spa<\/strong><\/p>\n<p>Chez Nakee Massage &amp; Spa, nous vous proposons une exp\u00e9rience authentique de massage aux pierres chaudes. Nos th\u00e9rapeutes qualifi\u00e9s utilisent des pierres lisses et chauff\u00e9es, combin\u00e9es \u00e0 des techniques de massage traditionnelles, pour vous offrir une relaxation ultime et des bienfaits th\u00e9rapeutiques. Profitez de l&rsquo;ambiance sereine de notre spa et laissez la chaleur des pierres faire fondre votre stress.  <\/p>\n","protected":false},"excerpt":{"rendered":"<p>Le massage aux pierres chaudes est un traitement th\u00e9rapeutique unique qui combine les bienfaits des pierres chauff\u00e9es et des techniques de massage. Il permet de soulager les tensions musculaires, d&rsquo;am\u00e9liorer la circulation et de favoriser la relaxation. Id\u00e9al pour les personnes souffrant de douleurs chroniques ou d&rsquo;un niveau de stress \u00e9lev\u00e9, ce massage procure une profonde relaxation musculaire et un bien-\u00eatre g\u00e9n\u00e9ral.  <\/p>\n","protected":false},"featured_media":13008,"template":"","meta":{"_acf_changed":false,"wds_primary_product_brand":0,"wds_primary_product_cat":0},"product_brand":[],"product_cat":[179],"product_tag":[674,670,677,665,675,679,672,671,872,781,666,673,749,678,768,676,669,667,833,668],"class_list":{"0":"post-7003","1":"product","2":"type-product","3":"status-publish","4":"has-post-thumbnail","6":"product_cat-massages-fr","7":"product_tag-le-meilleur-massage-pres-de-chez-moi","8":"product_tag-koh-samui-thai-massage-fr","9":"product_tag-le-meilleur-massage-a-koh-samui","10":"product_tag-massage-a-koh-samui","11":"product_tag-massage-a-koh-samui-fr","12":"product_tag-massage-a-koh-samui-thailande","13":"product_tag-massage-complet","14":"product_tag-massage-corporel-koh-samui","15":"product_tag-massage-thai-a-bo-phut","16":"product_tag-massage-thai-a-choengmon","17":"product_tag-massage-thailandais-a-koh-samui","18":"product_tag-massage-thailandais-pres-de-chez-moi","19":"product_tag-meilleur-massage-a-bo-phut","20":"product_tag-meilleur-massage-a-chaweng","21":"product_tag-meilleur-massage-a-choengmon","22":"product_tag-meilleur-massage-chaweng","23":"product_tag-meilleur-massage-koh-samui","24":"product_tag-prix-des-massages-a-koh-samui","25":"product_tag-salon-de-massage","26":"product_tag-salon-de-massage-de-koh-samui","27":"pa_duration-120-minutes-fr","28":"pa_duration-60-minutes-fr","29":"pa_duration-90-minutes-fr","30":"pa_massage-pierre-chaude","31":"pa_menu-category-travail-corporel-specialise","32":"pa_types-detente-et-calme","34":"first","35":"instock","36":"shipping-taxable","37":"purchasable","38":"product-type-variable"},"acf":[],"_links":{"self":[{"href":"https:\/\/www.nakee.spa\/fr\/wp-json\/wp\/v2\/product\/7003","targetHints":{"allow":["GET"]}}],"collection":[{"href":"https:\/\/www.nakee.spa\/fr\/wp-json\/wp\/v2\/product"}],"about":[{"href":"https:\/\/www.nakee.spa\/fr\/wp-json\/wp\/v2\/types\/product"}],"wp:featuredmedia":[{"embeddable":true,"href":"https:\/\/www.nakee.spa\/fr\/wp-json\/wp\/v2\/media\/13008"}],"wp:attachment":[{"href":"https:\/\/www.nakee.spa\/fr\/wp-json\/wp\/v2\/media?parent=7003"}],"wp:term":[{"taxonomy":"product_brand","embeddable":true,"href":"https:\/\/www.nakee.spa\/fr\/wp-json\/wp\/v2\/product_brand?post=7003"},{"taxonomy":"product_cat","embeddable":true,"href":"https:\/\/www.nakee.spa\/fr\/wp-json\/wp\/v2\/product_cat?post=7003"},{"taxonomy":"product_tag","embeddable":true,"href":"https:\/\/www.nakee.spa\/fr\/wp-json\/wp\/v2\/product_tag?post=7003"}],"curies":[{"name":"wp","href":"https:\/\/api.w.org\/{rel}","templated":true}]}}