{"id":7054,"date":"2024-07-09T12:26:39","date_gmt":"2024-07-09T12:26:39","guid":{"rendered":"https:\/\/www.nakee.spa\/product\/forfait-dirradiation-du-corps-entier\/"},"modified":"2025-11-14T12:06:15","modified_gmt":"2025-11-14T05:06:15","slug":"forfait-dirradiation-du-corps-entier","status":"publish","type":"product","link":"https:\/\/www.nakee.spa\/fr\/produit\/forfait-dirradiation-du-corps-entier\/","title":{"rendered":"Forfait d&rsquo;irradiation du corps entier"},"content":{"rendered":"<p><strong>D\u00e9couvrez le meilleur du soin de la peau et de la relaxation avec notre forfait Full Body Glow, un m\u00e9lange authentique d&rsquo;un gommage corporel de 60 minutes et d&rsquo;un massage \u00e0 l&rsquo;huile de coco de 60 minutes con\u00e7u pour rajeunir votre peau et apaiser vos sens.<\/strong><\/p>\n<h4>Qu&rsquo;est-ce que le Full Body Glow ?<\/h4>\n<p>Le forfait Full Body Glow commence par un gommage complet du corps, qui exfolie votre peau, \u00e9limine les cellules mortes et donne \u00e0 votre corps une sensation de douceur et de fra\u00eecheur. Ensuite, profitez d&rsquo;un massage \u00e0 l&rsquo;huile de coco de 60 minutes qui nourrit et hydrate votre peau en profondeur tout en vous procurant une exp\u00e9rience apaisante et relaxante. <\/p>\n<h4>Les avantages de l&rsquo;\u00e9clat du corps entier :<\/h4>\n<ul>\n<li><strong>Une peau radieuse<\/strong>: Le gommage du corps rajeunit votre peau, lui donnant un aspect et une sensation revitalis\u00e9s.<\/li>\n<li><strong>Relaxation profonde<\/strong>: Le massage \u00e0 l&rsquo;huile de coco aide \u00e0 soulager les tensions musculaires et favorise la relaxation g\u00e9n\u00e9rale.<\/li>\n<li><strong>Une peau hydrat\u00e9e et nourrie<\/strong>: L&rsquo;huile de noix de coco naturelle hydrate votre peau en profondeur et la rend douce et souple.<\/li>\n<li><strong>Soulagement du stress<\/strong>: Le gommage et le massage contribuent tous deux \u00e0 r\u00e9duire le stress et \u00e0 am\u00e9liorer votre bien-\u00eatre g\u00e9n\u00e9ral.<\/li>\n<\/ul>\n<h4>Pourquoi choisir Full Body Glow ?<\/h4>\n<p>Ce forfait est parfait pour ceux qui souhaitent am\u00e9liorer l&rsquo;aspect de leur peau et profiter d&rsquo;un massage profond\u00e9ment relaxant. La combinaison de l&rsquo;exfoliation et de l&rsquo;hydratation offre une exp\u00e9rience ultime de soin de la peau et de relaxation, ce qui en fait le meilleur choix pour un traitement corporel authentique. <\/p>\n<p>Laissez-vous tenter par le forfait Full Body Glow et offrez \u00e0 votre corps les soins qu&rsquo;il m\u00e9rite. Parfait pour maintenir une peau saine et \u00e9clatante et vous assurer de repartir avec une sensation de fra\u00eecheur et de rajeunissement. <\/p>\n<hr>\n<p><strong>\u00c0 propos de l&rsquo;huile de noix de coco Nakee<\/strong>: Notre huile de coco sp\u00e9ciale est fabriqu\u00e9e \u00e0 partir de noix de coco cultiv\u00e9es sur l&rsquo;\u00eele de Koh Samui. Cette huile de noix de coco biologique vierge, 100% naturelle et faite maison, vous garantit une exp\u00e9rience pure et authentique. Son parfum agr\u00e9able favorise la relaxation et rend votre massage encore plus agr\u00e9able.  <\/p>\n","protected":false},"excerpt":{"rendered":"<p>Faites l&rsquo;exp\u00e9rience du meilleur de la relaxation et du rajeunissement avec notre forfait \u00ab Full Body Glow \u00bb. Combinant un gommage corporel de 60 minutes et un massage \u00e0 l&rsquo;huile de coco de 60 minutes, ce traitement authentique laissera votre peau \u00e9clatante et rafra\u00eechie. Le gommage exfolie et \u00e9limine les cellules mortes, tandis que le massage \u00e0 l&rsquo;huile de coco nourrit et hydrate, am\u00e9liorant ainsi votre bien-\u00eatre g\u00e9n\u00e9ral. Id\u00e9al pour obtenir une peau radieuse et saine.   <\/p>\n","protected":false},"featured_media":954,"template":"","meta":{"_acf_changed":false,"wds_primary_product_brand":0,"wds_primary_product_cat":0},"product_brand":[],"product_cat":[459],"product_tag":[674,670,677,665,675,679,672,671,872,781,666,673,749,678,768,676,669,667,833,668],"class_list":{"0":"post-7054","1":"product","2":"type-product","3":"status-publish","4":"has-post-thumbnail","6":"product_cat-forfaits","7":"product_tag-le-meilleur-massage-pres-de-chez-moi","8":"product_tag-koh-samui-thai-massage-fr","9":"product_tag-le-meilleur-massage-a-koh-samui","10":"product_tag-massage-a-koh-samui","11":"product_tag-massage-a-koh-samui-fr","12":"product_tag-massage-a-koh-samui-thailande","13":"product_tag-massage-complet","14":"product_tag-massage-corporel-koh-samui","15":"product_tag-massage-thai-a-bo-phut","16":"product_tag-massage-thai-a-choengmon","17":"product_tag-massage-thailandais-a-koh-samui","18":"product_tag-massage-thailandais-pres-de-chez-moi","19":"product_tag-meilleur-massage-a-bo-phut","20":"product_tag-meilleur-massage-a-chaweng","21":"product_tag-meilleur-massage-a-choengmon","22":"product_tag-meilleur-massage-chaweng","23":"product_tag-meilleur-massage-koh-samui","24":"product_tag-prix-des-massages-a-koh-samui","25":"product_tag-salon-de-massage","26":"product_tag-salon-de-massage-de-koh-samui","27":"pa_duration-120-minutes-fr","28":"pa_massage-gommage","29":"pa_massage-huile-de-coco","30":"pa_menu-category-soins-du-corps-et-de-la-beaute","31":"pa_types-douceur-et-beaute","33":"first","34":"instock","35":"shipping-taxable","36":"purchasable","37":"product-type-variable"},"acf":[],"_links":{"self":[{"href":"https:\/\/www.nakee.spa\/fr\/wp-json\/wp\/v2\/product\/7054","targetHints":{"allow":["GET"]}}],"collection":[{"href":"https:\/\/www.nakee.spa\/fr\/wp-json\/wp\/v2\/product"}],"about":[{"href":"https:\/\/www.nakee.spa\/fr\/wp-json\/wp\/v2\/types\/product"}],"wp:featuredmedia":[{"embeddable":true,"href":"https:\/\/www.nakee.spa\/fr\/wp-json\/wp\/v2\/media\/954"}],"wp:attachment":[{"href":"https:\/\/www.nakee.spa\/fr\/wp-json\/wp\/v2\/media?parent=7054"}],"wp:term":[{"taxonomy":"product_brand","embeddable":true,"href":"https:\/\/www.nakee.spa\/fr\/wp-json\/wp\/v2\/product_brand?post=7054"},{"taxonomy":"product_cat","embeddable":true,"href":"https:\/\/www.nakee.spa\/fr\/wp-json\/wp\/v2\/product_cat?post=7054"},{"taxonomy":"product_tag","embeddable":true,"href":"https:\/\/www.nakee.spa\/fr\/wp-json\/wp\/v2\/product_tag?post=7054"}],"curies":[{"name":"wp","href":"https:\/\/api.w.org\/{rel}","templated":true}]}}