{"id":7097,"date":"2024-07-11T09:16:08","date_gmt":"2024-07-11T09:16:08","guid":{"rendered":"https:\/\/www.nakee.spa\/product\/massage-a-lhuile-aromatique\/"},"modified":"2025-11-14T00:45:20","modified_gmt":"2025-11-13T17:45:20","slug":"massage-a-lhuile-aromatique","status":"publish","type":"product","link":"https:\/\/www.nakee.spa\/fr\/produit\/massage-a-lhuile-aromatique\/","title":{"rendered":"Massage aromatique"},"content":{"rendered":"<h3>Qu&rsquo;est-ce que le massage \u00e0 l&rsquo;huile aromatique ?<\/h3>\n<p>Le massage aux huiles aromatiques est un traitement th\u00e9rapeutique qui associe les bienfaits du massage aux propri\u00e9t\u00e9s curatives des huiles essentielles. Au cours de ce massage, des huiles essentielles de haute qualit\u00e9 sont m\u00e9lang\u00e9es \u00e0 une huile de support et appliqu\u00e9es sur la peau \u00e0 l&rsquo;aide de diff\u00e9rentes techniques de massage. Les huiles essentielles sont choisies en fonction de leurs propri\u00e9t\u00e9s th\u00e9rapeutiques sp\u00e9cifiques, telles que la relaxation, le rajeunissement ou la revigoration, ce qui am\u00e9liore l&rsquo;exp\u00e9rience globale du massage.  <\/p>\n<h3>Les bienfaits du massage \u00e0 l&rsquo;huile aromatique<\/h3>\n<ol>\n<li><strong>Relaxation<\/strong>: Favorise une relaxation profonde et r\u00e9duit le stress.<\/li>\n<li><strong>Am\u00e9lioration de l&rsquo;humeur<\/strong>: Am\u00e9liore l&rsquo;humeur et le bien-\u00eatre \u00e9motionnel gr\u00e2ce \u00e0 l&rsquo;utilisation d&rsquo;huiles essentielles aromatiques.<\/li>\n<li><strong>Soulagement de la douleur<\/strong>: Soulage les douleurs et les tensions musculaires.<\/li>\n<li><strong>Am\u00e9lioration de la circulation<\/strong>: Am\u00e9liore la circulation sanguine et le drainage lymphatique.<\/li>\n<li><strong>Nourrissement de la peau<\/strong>: Laisse la peau douce, lisse et hydrat\u00e9e.<\/li>\n<li><strong>Renforce le syst\u00e8me immunitaire<\/strong>: Favorise la sant\u00e9 et le bien-\u00eatre en g\u00e9n\u00e9ral.<\/li>\n<\/ol>\n<h3>Pourquoi choisir le massage \u00e0 l&rsquo;huile aromatique ?<\/h3>\n<p>Choisissez le massage aux huiles aromatiques pour son approche holistique du bien-\u00eatre. Ce traitement ne se limite pas \u00e0 l&rsquo;inconfort physique, il nourrit \u00e9galement la sant\u00e9 \u00e9motionnelle gr\u00e2ce au pouvoir des huiles essentielles. Il est id\u00e9al pour ceux qui recherchent une exp\u00e9rience de relaxation compl\u00e8te, b\u00e9n\u00e9fique pour la peau et la sant\u00e9 en g\u00e9n\u00e9ral.  <\/p>\n<h3>Suggestions<\/h3>\n<ul>\n<li>Id\u00e9al pour soulager le stress et \u00e9quilibrer les \u00e9motions.<\/li>\n<li>Id\u00e9al pour hydrater et nourrir la peau.<\/li>\n<li>Combinez avec un soin du visage ou un gommage corporel pour une exp\u00e9rience spa encore plus riche.<\/li>\n<\/ul>\n<h3>Faites l&rsquo;exp\u00e9rience d&rsquo;un massage \u00e0 l&rsquo;huile aromatique \u00e0 Nakee Massage &amp; Spa<\/h3>\n<p>Faites l&rsquo;exp\u00e9rience du meilleur massage aux huiles aromatiques chez Nakee Massage &amp; Spa, o\u00f9 nos th\u00e9rapeutes qualifi\u00e9s utilisent les meilleures huiles essentielles pour vous offrir une exp\u00e9rience profond\u00e9ment relaxante et rajeunissante. Notre environnement paisible renforce les bienfaits th\u00e9rapeutiques et vous permet de repartir avec une sensation de fra\u00eecheur et de revitalisation. <\/p>\n","protected":false},"excerpt":{"rendered":"<p>Le massage aux huiles aromatiques associe les techniques de massage aux propri\u00e9t\u00e9s curatives des huiles essentielles pour favoriser la relaxation, am\u00e9liorer l&rsquo;humeur, soulager la douleur et nourrir la peau. Ce traitement holistique est parfait pour ceux qui recherchent un bien-\u00eatre physique et \u00e9motionnel. <\/p>\n<p>&nbsp;<\/p>\n","protected":false},"featured_media":13018,"template":"","meta":{"_acf_changed":false,"wds_primary_product_brand":0,"wds_primary_product_cat":0},"product_brand":[],"product_cat":[179],"product_tag":[674,670,677,665,675,679,672,671,872,781,666,673,749,678,768,676,669,667,833,668],"class_list":{"0":"post-7097","1":"product","2":"type-product","3":"status-publish","4":"has-post-thumbnail","6":"product_cat-massages-fr","7":"product_tag-le-meilleur-massage-pres-de-chez-moi","8":"product_tag-koh-samui-thai-massage-fr","9":"product_tag-le-meilleur-massage-a-koh-samui","10":"product_tag-massage-a-koh-samui","11":"product_tag-massage-a-koh-samui-fr","12":"product_tag-massage-a-koh-samui-thailande","13":"product_tag-massage-complet","14":"product_tag-massage-corporel-koh-samui","15":"product_tag-massage-thai-a-bo-phut","16":"product_tag-massage-thai-a-choengmon","17":"product_tag-massage-thailandais-a-koh-samui","18":"product_tag-massage-thailandais-pres-de-chez-moi","19":"product_tag-meilleur-massage-a-bo-phut","20":"product_tag-meilleur-massage-a-chaweng","21":"product_tag-meilleur-massage-a-choengmon","22":"product_tag-meilleur-massage-chaweng","23":"product_tag-meilleur-massage-koh-samui","24":"product_tag-prix-des-massages-a-koh-samui","25":"product_tag-salon-de-massage","26":"product_tag-salon-de-massage-de-koh-samui","27":"pa_duration-120-minutes-fr","28":"pa_duration-60-minutes-fr","29":"pa_duration-90-minutes-fr","30":"pa_massage-huile-aromatique","31":"pa_menu-category-huile-aroma-relaxation","32":"pa_types-detente-et-calme","33":"pa_types-douceur-et-arome","35":"first","36":"instock","37":"shipping-taxable","38":"purchasable","39":"product-type-variable"},"acf":[],"_links":{"self":[{"href":"https:\/\/www.nakee.spa\/fr\/wp-json\/wp\/v2\/product\/7097","targetHints":{"allow":["GET"]}}],"collection":[{"href":"https:\/\/www.nakee.spa\/fr\/wp-json\/wp\/v2\/product"}],"about":[{"href":"https:\/\/www.nakee.spa\/fr\/wp-json\/wp\/v2\/types\/product"}],"wp:featuredmedia":[{"embeddable":true,"href":"https:\/\/www.nakee.spa\/fr\/wp-json\/wp\/v2\/media\/13018"}],"wp:attachment":[{"href":"https:\/\/www.nakee.spa\/fr\/wp-json\/wp\/v2\/media?parent=7097"}],"wp:term":[{"taxonomy":"product_brand","embeddable":true,"href":"https:\/\/www.nakee.spa\/fr\/wp-json\/wp\/v2\/product_brand?post=7097"},{"taxonomy":"product_cat","embeddable":true,"href":"https:\/\/www.nakee.spa\/fr\/wp-json\/wp\/v2\/product_cat?post=7097"},{"taxonomy":"product_tag","embeddable":true,"href":"https:\/\/www.nakee.spa\/fr\/wp-json\/wp\/v2\/product_tag?post=7097"}],"curies":[{"name":"wp","href":"https:\/\/api.w.org\/{rel}","templated":true}]}}