{"id":10420,"date":"2024-07-11T09:21:30","date_gmt":"2024-07-11T02:21:30","guid":{"rendered":"https:\/\/www.nakee.spa\/?post_type=product&#038;p=10420"},"modified":"2025-11-14T00:45:41","modified_gmt":"2025-11-13T17:45:41","slug":"massaggio-con-lozione-alla-vitamina-e","status":"publish","type":"product","link":"https:\/\/www.nakee.spa\/it\/prodotto\/massaggio-con-lozione-alla-vitamina-e\/","title":{"rendered":"Massaggio alla vitamina E"},"content":{"rendered":"<h3>Che cos&#8217;\u00e8 il massaggio con lozione alla vitamina E?<\/h3>\n<p>Il massaggio con lozione alla vitamina E \u00e8 un trattamento profondamente nutriente che utilizza una ricca lozione infusa di vitamina E per idratare, proteggere e ripristinare la pelle. Nota per le sue propriet\u00e0 antiossidanti, la vitamina E aiuta a riparare la pelle danneggiata, a migliorare l&#8217;elasticit\u00e0 e a promuovere una luminosit\u00e0 giovanile. Durante il massaggio, la pelle assorbe i nutrienti della lozione, lasciandola morbida, liscia e ringiovanita. Questo trattamento \u00e8 ideale per la pelle secca, invecchiata o sensibile.   <\/p>\n<h3>Benefici del massaggio con lozione alla vitamina E<\/h3>\n<ol>\n<li><strong>Riparazione della pelle:<\/strong> Aiuta a ripristinare la pelle danneggiata e disidratata.<\/li>\n<li><strong>Anti-et\u00e0:<\/strong> Migliora l \u201celasticit\u00e0 della pelle e riduce l\u201d aspetto delle linee sottili.<\/li>\n<li><strong>Idratazione profonda:<\/strong> Idrata la pelle, prevenendo secchezza e desquamazione.<\/li>\n<li><strong>Protezione antiossidante:<\/strong> Combatte i radicali liberi e supporta la salute della pelle.<\/li>\n<li><strong>Tocco lenitivo:<\/strong> Riduce l \u201cirritazione della pelle e calma l\u201d infiammazione.<\/li>\n<li><strong>Migliora la circolazione:<\/strong> Migliora il flusso sanguigno, favorendo una carnagione radiosa.<\/li>\n<\/ol>\n<h3>Perch\u00e9 scegliere la Lozione Massaggio alla Vitamina E?<\/h3>\n<p>Scegli il Massaggio in Lozione alla Vitamina E per la sua lussuosa idratazione e i suoi effetti riparatori sulla pelle. Questo trattamento \u00e8 perfetto per chi ha la pelle secca, matura o sensibile o per chi vuole ritrovare la sua naturale luminosit\u00e0. Grazie alle sue ricche propriet\u00e0 antiossidanti, la Vitamina E fornisce un nutrimento e una protezione duraturi, rendendo ogni seduta rigenerante e rilassante.  <\/p>\n<h3>Suggerimenti<\/h3>\n<ul>\n<li>Ottimo per la pelle secca o esposta al sole che necessita di un nutrimento intensivo.<\/li>\n<li>Ideale come parte di una regolare routine di cura della pelle per mantenere una pelle giovane e sana.<\/li>\n<li>Abbinalo a un trattamento viso o a uno scrub corpo per un&#8217;esperienza spa completa.<\/li>\n<\/ul>\n<h3>Prova il massaggio con lozione alla vitamina E presso Nakee Massage &amp; Spa<\/h3>\n<p>Concediti il Massaggio alla Lozione di Vitamina E presso Nakee Massage &amp; Spa, dove i nostri esperti terapisti utilizzano una lozione di Vitamina E di alta qualit\u00e0 per ottenere una pelle luminosa e sana. Il nostro ambiente tranquillo valorizza ogni sessione, aiutandoti a rilassarti profondamente mentre la tua pelle riceve le cure che merita. <\/p>\n","protected":false},"excerpt":{"rendered":"<p>Il massaggio con lozione alla vitamina E utilizza una lozione alla vitamina E ricca di sostanze nutritive per idratare, riparare e proteggere la pelle in profondit\u00e0. Perfetto per la pelle secca o invecchiata, questo trattamento migliora l&#8217;elasticit\u00e0, lenisce le irritazioni e lascia la pelle morbida, liscia e ringiovanita. <\/p>\n","protected":false},"featured_media":10493,"template":"","meta":{"_acf_changed":false,"wds_primary_product_brand":0,"wds_primary_product_cat":0},"product_brand":[],"product_cat":[163],"product_tag":[644,648,646,647,639,635,645,649,642,641,874,783,640,636,643,751,770,637,835,638],"class_list":{"0":"post-10420","1":"product","2":"type-product","3":"status-publish","4":"has-post-thumbnail","6":"product_cat-massaggi","7":"product_tag-il-miglior-massaggio-vicino-a-me","8":"product_tag-il-miglior-massaggio-a-chaweng","9":"product_tag-il-miglior-massaggio-di-chaweng","10":"product_tag-il-miglior-massaggio-di-koh-samui-it","11":"product_tag-il-miglior-massaggio-di-koh-samui","12":"product_tag-massaggi-a-koh-samui","13":"product_tag-massaggi-a-koh-samui-it","14":"product_tag-massaggi-a-koh-samui-thailandia","15":"product_tag-massaggio-completo","16":"product_tag-massaggio-del-corpo-a-koh-samui","17":"product_tag-massaggio-thailandese-a-bo-phut","18":"product_tag-massaggio-thailandese-a-choengmon","19":"product_tag-massaggio-thailandese-a-koh-samui","20":"product_tag-massaggio-thailandese-koh-samui","21":"product_tag-massaggio-thailandese-vicino-a-me","22":"product_tag-miglior-massaggio-a-bo-phut","23":"product_tag-miglior-massaggio-a-choengmon","24":"product_tag-prezzi-dei-massaggi-a-koh-samui","25":"product_tag-salone-di-massaggi","26":"product_tag-salone-di-massaggi-di-koh-samui","27":"pa_duration-120-minuti","28":"pa_duration-60-minuti","29":"pa_duration-90-minuti","30":"pa_massage-lozione-alla-vitamina-e","31":"pa_menu-category-olio-e-aroma-rilassante","32":"pa_types-rilassati-e-calmati","34":"first","35":"instock","36":"shipping-taxable","37":"purchasable","38":"product-type-variable"},"acf":[],"_links":{"self":[{"href":"https:\/\/www.nakee.spa\/it\/wp-json\/wp\/v2\/product\/10420","targetHints":{"allow":["GET"]}}],"collection":[{"href":"https:\/\/www.nakee.spa\/it\/wp-json\/wp\/v2\/product"}],"about":[{"href":"https:\/\/www.nakee.spa\/it\/wp-json\/wp\/v2\/types\/product"}],"wp:featuredmedia":[{"embeddable":true,"href":"https:\/\/www.nakee.spa\/it\/wp-json\/wp\/v2\/media\/10493"}],"wp:attachment":[{"href":"https:\/\/www.nakee.spa\/it\/wp-json\/wp\/v2\/media?parent=10420"}],"wp:term":[{"taxonomy":"product_brand","embeddable":true,"href":"https:\/\/www.nakee.spa\/it\/wp-json\/wp\/v2\/product_brand?post=10420"},{"taxonomy":"product_cat","embeddable":true,"href":"https:\/\/www.nakee.spa\/it\/wp-json\/wp\/v2\/product_cat?post=10420"},{"taxonomy":"product_tag","embeddable":true,"href":"https:\/\/www.nakee.spa\/it\/wp-json\/wp\/v2\/product_tag?post=10420"}],"curies":[{"name":"wp","href":"https:\/\/api.w.org\/{rel}","templated":true}]}}