{"id":12681,"date":"2025-11-08T18:01:51","date_gmt":"2025-11-08T11:01:51","guid":{"rendered":"https:\/\/www.nakee.spa\/?post_type=product&#038;p=12681"},"modified":"2025-11-14T00:09:07","modified_gmt":"2025-11-13T17:09:07","slug":"massaggio-allaloe-vera-copy-copy-copy","status":"publish","type":"product","link":"https:\/\/www.nakee.spa\/it\/prodotto\/massaggio-allaloe-vera-copy-copy-copy\/","title":{"rendered":"Massaggio viso all&#8217;aloe vera"},"content":{"rendered":"<h3>Che cos&#8217;\u00e8 il massaggio del viso all&#8217;aloe vera?<\/h3>\n<p>Il Massaggio Viso all&#8217;Aloe Vera \u00e8 un trattamento viso delicato e rinfrescante che idrata e rinfresca profondamente la pelle. Grazie all&#8217;utilizzo di puro gel di Aloe Vera, questo massaggio lenisce le irritazioni, riduce gli arrossamenti e aiuta a ripristinare la tua naturale luminosit\u00e0. I leggeri e ritmici movimenti del viso favoriscono la circolazione e alleviano la tensione dei muscoli facciali, lasciando la pelle morbida, calma e rivitalizzata.  <\/p>\n<h3>Benefici del massaggio al viso con l&#8217;aloe vera<\/h3>\n<ol>\n<li><strong>Potenziamento dell&#8217;idratazione<\/strong>: Idrata a fondo e ammorbidisce la pelle secca o esposta al sole.<\/li>\n<li><strong>Comfort rinfrescante<\/strong>: Calma le irritazioni, gli arrossamenti e il calore della pelle.<\/li>\n<li><strong>Migliora la circolazione<\/strong>: Favorisce un colorito sano e luminoso.<\/li>\n<li><strong>Rinnovamento della pelle<\/strong>: Favorisce la guarigione e la naturale rigenerazione cellulare.<\/li>\n<li><strong>Rilassamento<\/strong>: Attenua la tensione del viso e favorisce uno stato d&#8217;animo sereno.<\/li>\n<li><strong>Splendore naturale<\/strong>: Lascia la pelle liscia, rinfrescata e ringiovanita.<\/li>\n<\/ol>\n<h3>Perch\u00e9 scegliere il massaggio del viso all&#8217;aloe vera?<\/h3>\n<p>Scegli questo trattamento per le sue naturali qualit\u00e0 lenitive e curative. Il gel di Aloe Vera \u00e8 ricco di vitamine e antiossidanti e per questo \u00e8 ideale per le pelli sensibili, esposte al sole o disidratate. Abbinato a delicate tecniche facciali, migliora la bellezza e il relax in un&#8217;unica esperienza rinfrescante.  <\/p>\n<h3>Suggerimenti<\/h3>\n<ul>\n<li>Ideale dopo l&#8217;esposizione al sole o le attivit\u00e0 all&#8217;aperto.<\/li>\n<li>Perfetto per la pelle secca, irritata o sensibile.<\/li>\n<li>Pu\u00f2 essere abbinato a un massaggio del corpo per un relax completo.<\/li>\n<\/ul>\n<h3>Prova il massaggio del viso all&#8217;aloe vera presso Nakee Massage &amp; Spa<\/h3>\n<p>Lasciati coccolare dal trattamento rinfrescante dell&#8217;Aloe Vera presso Nakee Massage &amp; Spa. I nostri terapisti utilizzano il gel di Aloe Vera e tecniche lenitive per rinfrescare la pelle, calmare i sensi e ripristinare l&#8217;equilibrio naturale. Goditi un tocco delicato che lascia il tuo viso radioso, liscio e profondamente nutrito.  <\/p>\n","protected":false},"excerpt":{"rendered":"<p>Il massaggio all&#8217;aloe vera utilizza un gel di aloe vera puro per idratare, lenire e curare profondamente la pelle. Ideale per chi ha la pelle sensibile o dopo l&#8217;esposizione al sole, questo trattamento offre un effetto rinfrescante, riduce l&#8217;infiammazione e lascia la pelle rivitalizzata e nutrita. <\/p>\n","protected":false},"featured_media":13024,"template":"","meta":{"_acf_changed":false,"wds_primary_product_brand":0,"wds_primary_product_cat":0},"product_brand":[],"product_cat":[163],"product_tag":[644,648,646,647,639,645,635,649,642,641,874,783,640,636,643,751,770,637,835,638],"class_list":{"0":"post-12681","1":"product","2":"type-product","3":"status-publish","4":"has-post-thumbnail","6":"product_cat-massaggi","7":"product_tag-il-miglior-massaggio-vicino-a-me","8":"product_tag-il-miglior-massaggio-a-chaweng","9":"product_tag-il-miglior-massaggio-di-chaweng","10":"product_tag-il-miglior-massaggio-di-koh-samui-it","11":"product_tag-il-miglior-massaggio-di-koh-samui","12":"product_tag-massaggi-a-koh-samui-it","13":"product_tag-massaggi-a-koh-samui","14":"product_tag-massaggi-a-koh-samui-thailandia","15":"product_tag-massaggio-completo","16":"product_tag-massaggio-del-corpo-a-koh-samui","17":"product_tag-massaggio-thailandese-a-bo-phut","18":"product_tag-massaggio-thailandese-a-choengmon","19":"product_tag-massaggio-thailandese-a-koh-samui","20":"product_tag-massaggio-thailandese-koh-samui","21":"product_tag-massaggio-thailandese-vicino-a-me","22":"product_tag-miglior-massaggio-a-bo-phut","23":"product_tag-miglior-massaggio-a-choengmon","24":"product_tag-prezzi-dei-massaggi-a-koh-samui","25":"product_tag-salone-di-massaggi","26":"product_tag-salone-di-massaggi-di-koh-samui","27":"pa_duration-60-minuti","28":"pa_massage-aloe-vera-it","29":"pa_menu-category-cura-del-doposole","30":"pa_types-rinfrescare-e-rinfrescare","32":"first","33":"instock","34":"shipping-taxable","35":"purchasable","36":"product-type-variable"},"acf":[],"_links":{"self":[{"href":"https:\/\/www.nakee.spa\/it\/wp-json\/wp\/v2\/product\/12681","targetHints":{"allow":["GET"]}}],"collection":[{"href":"https:\/\/www.nakee.spa\/it\/wp-json\/wp\/v2\/product"}],"about":[{"href":"https:\/\/www.nakee.spa\/it\/wp-json\/wp\/v2\/types\/product"}],"wp:featuredmedia":[{"embeddable":true,"href":"https:\/\/www.nakee.spa\/it\/wp-json\/wp\/v2\/media\/13024"}],"wp:attachment":[{"href":"https:\/\/www.nakee.spa\/it\/wp-json\/wp\/v2\/media?parent=12681"}],"wp:term":[{"taxonomy":"product_brand","embeddable":true,"href":"https:\/\/www.nakee.spa\/it\/wp-json\/wp\/v2\/product_brand?post=12681"},{"taxonomy":"product_cat","embeddable":true,"href":"https:\/\/www.nakee.spa\/it\/wp-json\/wp\/v2\/product_cat?post=12681"},{"taxonomy":"product_tag","embeddable":true,"href":"https:\/\/www.nakee.spa\/it\/wp-json\/wp\/v2\/product_tag?post=12681"}],"curies":[{"name":"wp","href":"https:\/\/api.w.org\/{rel}","templated":true}]}}