{"id":6291,"date":"2024-07-09T13:30:34","date_gmt":"2024-07-09T13:30:34","guid":{"rendered":"https:\/\/www.nakee.spa\/product\/pacchetto-bellezza-radiosa\/"},"modified":"2025-11-14T01:32:14","modified_gmt":"2025-11-13T18:32:14","slug":"pacchetto-bellezza-radiosa","status":"publish","type":"product","link":"https:\/\/www.nakee.spa\/it\/prodotto\/pacchetto-bellezza-radiosa\/","title":{"rendered":"Pacchetto Bellezza radiosa"},"content":{"rendered":"<p><strong>Che cos&#8217;\u00e8 il Pacchetto Bellezza Radiosa?<\/strong><\/p>\n<p>Il Pacchetto Bellezza Radiosa \u00e8 un&#8217;esperienza spa completa, pensata per il massimo del relax e del ringiovanimento. Questo pacchetto premium include uno scrub ai piedi, uno scrub al viso di 60 minuti e un massaggio ai piedi di 60 minuti, per una rivitalizzazione dalla testa ai piedi che far\u00e0 emergere la tua luminosit\u00e0 interiore. <\/p>\n<p><strong>I vantaggi del pacchetto Radiant Beauty<\/strong><\/p>\n<ul>\n<li><strong>Scrub per i piedi:<\/strong> Inizia l&#8217;esperienza con un meticoloso scrub ai piedi, che esfolia e ringiovanisce i tuoi piedi, lasciandoli morbidi e rinfrescati.<\/li>\n<li><strong>Scrub viso:<\/strong> Seguito da un accurato scrub per il viso della durata di 60 minuti, questo trattamento pulisce in profondit\u00e0, esfolia e illumina la carnagione, rimuovendo le impurit\u00e0 e le cellule morte della pelle per rivelare una luce radiosa e giovanile.<\/li>\n<li><strong>Massaggio ai piedi:<\/strong> Si conclude con un massaggio ai piedi di 60 minuti che favorisce un profondo rilassamento, allevia lo stress e migliora la circolazione. Questo massaggio non solo lenisce i piedi stanchi ma migliora anche il benessere generale. <\/li>\n<\/ul>\n<p><strong>Perch\u00e9 scegliere il pacchetto Radiant Beauty?<\/strong><\/p>\n<p>Questo pacchetto \u00e8 la scelta migliore per chi cerca un&#8217;autentica e lussuosa esperienza termale. La combinazione di trattamenti assicura una cura completa, mirata sia al viso che ai piedi. La tua pelle risulter\u00e0 liscia, luminosa e ringiovanita, mentre il massaggio ai piedi ti permetter\u00e0 di rilassarti profondamente e di alleviare lo stress. Il Pacchetto Bellezza Radiosa \u00e8 perfetto per tutti coloro che vogliono concedersi il meglio della bellezza e del benessere e vale la pena investirlo.   <\/p>\n","protected":false},"excerpt":{"rendered":"<p>Prova il massimo della bellezza e del relax con il nostro pacchetto &#8220;Radiant Beauty&#8221;. Questo lussuoso trattamento include uno scrub ringiovanente per i piedi, uno scrub rinfrescante per il viso di 60 minuti e un massaggio rilassante per i piedi di 60 minuti. Progettato per esaltare la tua naturale luminosit\u00e0 e farti sentire coccolato, questo pacchetto offre il meglio dei trattamenti termali autentici. Perfetto per chi cerca un&#8217;esperienza completa di bellezza e benessere, il nostro pacchetto &#8220;Radiant Beauty&#8221; promette di ringiovanire la tua pelle e rinfrescare il tuo spirito.   <\/p>\n","protected":false},"featured_media":960,"template":"","meta":{"_acf_changed":false,"wds_primary_product_brand":0,"wds_primary_product_cat":0},"product_brand":[],"product_cat":[461],"product_tag":[644,648,646,647,639,645,635,649,642,641,874,783,640,636,643,751,770,637,835,638],"class_list":{"0":"post-6291","1":"product","2":"type-product","3":"status-publish","4":"has-post-thumbnail","6":"product_cat-pacchetti","7":"product_tag-il-miglior-massaggio-vicino-a-me","8":"product_tag-il-miglior-massaggio-a-chaweng","9":"product_tag-il-miglior-massaggio-di-chaweng","10":"product_tag-il-miglior-massaggio-di-koh-samui-it","11":"product_tag-il-miglior-massaggio-di-koh-samui","12":"product_tag-massaggi-a-koh-samui-it","13":"product_tag-massaggi-a-koh-samui","14":"product_tag-massaggi-a-koh-samui-thailandia","15":"product_tag-massaggio-completo","16":"product_tag-massaggio-del-corpo-a-koh-samui","17":"product_tag-massaggio-thailandese-a-bo-phut","18":"product_tag-massaggio-thailandese-a-choengmon","19":"product_tag-massaggio-thailandese-a-koh-samui","20":"product_tag-massaggio-thailandese-koh-samui","21":"product_tag-massaggio-thailandese-vicino-a-me","22":"product_tag-miglior-massaggio-a-bo-phut","23":"product_tag-miglior-massaggio-a-choengmon","24":"product_tag-prezzi-dei-massaggi-a-koh-samui","25":"product_tag-salone-di-massaggi","26":"product_tag-salone-di-massaggi-di-koh-samui","27":"pa_duration-150-minuti","28":"pa_massage-scrub-it","29":"pa_menu-category-trattamenti-per-la-cura-del-corpo-e-della-bellezza","30":"pa_types-liscio-e-bellezza","32":"first","33":"instock","34":"shipping-taxable","35":"purchasable","36":"product-type-variable"},"acf":[],"_links":{"self":[{"href":"https:\/\/www.nakee.spa\/it\/wp-json\/wp\/v2\/product\/6291","targetHints":{"allow":["GET"]}}],"collection":[{"href":"https:\/\/www.nakee.spa\/it\/wp-json\/wp\/v2\/product"}],"about":[{"href":"https:\/\/www.nakee.spa\/it\/wp-json\/wp\/v2\/types\/product"}],"wp:featuredmedia":[{"embeddable":true,"href":"https:\/\/www.nakee.spa\/it\/wp-json\/wp\/v2\/media\/960"}],"wp:attachment":[{"href":"https:\/\/www.nakee.spa\/it\/wp-json\/wp\/v2\/media?parent=6291"}],"wp:term":[{"taxonomy":"product_brand","embeddable":true,"href":"https:\/\/www.nakee.spa\/it\/wp-json\/wp\/v2\/product_brand?post=6291"},{"taxonomy":"product_cat","embeddable":true,"href":"https:\/\/www.nakee.spa\/it\/wp-json\/wp\/v2\/product_cat?post=6291"},{"taxonomy":"product_tag","embeddable":true,"href":"https:\/\/www.nakee.spa\/it\/wp-json\/wp\/v2\/product_tag?post=6291"}],"curies":[{"name":"wp","href":"https:\/\/api.w.org\/{rel}","templated":true}]}}