{"id":6362,"date":"2024-07-11T08:49:55","date_gmt":"2024-07-11T08:49:55","guid":{"rendered":"https:\/\/www.nakee.spa\/product\/massaggio-thailandese-con-tessuti-profondi\/"},"modified":"2025-11-14T01:32:37","modified_gmt":"2025-11-13T18:32:37","slug":"massaggio-thailandese-con-tessuti-profondi","status":"publish","type":"product","link":"https:\/\/www.nakee.spa\/it\/prodotto\/massaggio-thailandese-con-tessuti-profondi\/","title":{"rendered":"Massaggio del tessuto profondo"},"content":{"rendered":"<h3>Che cos&#8217;\u00e8 il massaggio thailandese del tessuto profondo?<\/h3>\n<p>Il massaggio thailandese del tessuto profondo \u00e8 una tecnica terapeutica che combina il tradizionale massaggio thailandese con la manipolazione dei tessuti profondi. Questo massaggio si rivolge agli strati pi\u00f9 profondi dei muscoli e del tessuto connettivo utilizzando movimenti lenti e profondi e una pressione prolungata. \u00c8 pensato per alleviare le tensioni pi\u00f9 forti, migliorare la flessibilit\u00e0 e promuovere la salute generale dei muscoli.  <\/p>\n<h3>I benefici del massaggio thailandese con tessuti profondi<\/h3>\n<ol>\n<li><strong>Allevia il dolore<\/strong>: Allevia il dolore e la tensione muscolare cronica.<\/li>\n<li><strong>Migliora la flessibilit\u00e0<\/strong>: Migliora la flessibilit\u00e0 muscolare e articolare.<\/li>\n<li><strong>Recupero degli infortuni<\/strong>: Aiuta il recupero delle lesioni muscolari.<\/li>\n<li><strong>Riduzione dello stress<\/strong>: Riduce lo stress e favorisce il rilassamento.<\/li>\n<li><strong>Migliora la circolazione<\/strong>: Migliora il flusso sanguigno e riduce l&#8217;infiammazione.<\/li>\n<li><strong>Correzione della postura<\/strong>: Aiuta a correggere i problemi posturali rilasciando la tensione muscolare.<\/li>\n<\/ol>\n<h3>Perch\u00e9 scegliere il massaggio thailandese con tessuti profondi?<\/h3>\n<p>Scegli il massaggio thailandese Deep Tissue per la sua combinazione unica di tecniche di tessuto profondo e stretching tradizionale thailandese. Questo massaggio \u00e8 ideale per chi soffre di dolori cronici, tensioni muscolari o si sta riprendendo da infortuni. \u00c8 utile anche per gli atleti e per chi ha livelli di stress elevati.  <\/p>\n<h3>Suggerimenti<\/h3>\n<ul>\n<li>Adatto a chi soffre di tensioni e dolori muscolari cronici.<\/li>\n<li>Ideale per atleti o persone attive.<\/li>\n<li>\u00c8 utile per recuperare dagli infortuni e ridurre lo stress.<\/li>\n<\/ul>\n<h3>Prova il massaggio thailandese con tessuti profondi presso Nakee Massage &amp; Spa<\/h3>\n<p>Prova il miglior massaggio thailandese con tessuti profondi presso Nakee Massage &amp; Spa. I nostri terapisti esperti utilizzano una combinazione di pressioni profonde e tecniche di stretching thailandese per offrirti un&#8217;esperienza terapeutica e rilassante. Se stai soffrendo di dolori cronici, se ti stai riprendendo da un infortunio o se vuoi semplicemente alleviare lo stress, il nostro Massaggio Thai del Tessuto Profondo \u00e8 fatto su misura per te.  <\/p>\n","protected":false},"excerpt":{"rendered":"<p>Il massaggio thailandese Deep Tissue combina tecniche di pressione profonda e stretching tradizionale thailandese per alleviare il dolore cronico, migliorare la flessibilit\u00e0 e migliorare la salute dei muscoli.<\/p>\n","protected":false},"featured_media":13016,"template":"","meta":{"_acf_changed":false,"wds_primary_product_brand":0,"wds_primary_product_cat":0},"product_brand":[],"product_cat":[163],"product_tag":[644,648,646,647,639,635,645,649,642,641,874,783,640,636,643,751,770,637,835,638],"class_list":{"0":"post-6362","1":"product","2":"type-product","3":"status-publish","4":"has-post-thumbnail","6":"product_cat-massaggi","7":"product_tag-il-miglior-massaggio-vicino-a-me","8":"product_tag-il-miglior-massaggio-a-chaweng","9":"product_tag-il-miglior-massaggio-di-chaweng","10":"product_tag-il-miglior-massaggio-di-koh-samui-it","11":"product_tag-il-miglior-massaggio-di-koh-samui","12":"product_tag-massaggi-a-koh-samui","13":"product_tag-massaggi-a-koh-samui-it","14":"product_tag-massaggi-a-koh-samui-thailandia","15":"product_tag-massaggio-completo","16":"product_tag-massaggio-del-corpo-a-koh-samui","17":"product_tag-massaggio-thailandese-a-bo-phut","18":"product_tag-massaggio-thailandese-a-choengmon","19":"product_tag-massaggio-thailandese-a-koh-samui","20":"product_tag-massaggio-thailandese-koh-samui","21":"product_tag-massaggio-thailandese-vicino-a-me","22":"product_tag-miglior-massaggio-a-bo-phut","23":"product_tag-miglior-massaggio-a-choengmon","24":"product_tag-prezzi-dei-massaggi-a-koh-samui","25":"product_tag-salone-di-massaggi","26":"product_tag-salone-di-massaggi-di-koh-samui","27":"pa_duration-120-minuti","28":"pa_duration-60-minuti","29":"pa_duration-90-minuti","30":"pa_massage-massaggio-thai","31":"pa_menu-category-carrozzeria-specializzata","32":"pa_types-sollievo-dal-dolore-muscolare","34":"first","35":"instock","36":"shipping-taxable","37":"purchasable","38":"product-type-variable"},"acf":[],"_links":{"self":[{"href":"https:\/\/www.nakee.spa\/it\/wp-json\/wp\/v2\/product\/6362","targetHints":{"allow":["GET"]}}],"collection":[{"href":"https:\/\/www.nakee.spa\/it\/wp-json\/wp\/v2\/product"}],"about":[{"href":"https:\/\/www.nakee.spa\/it\/wp-json\/wp\/v2\/types\/product"}],"wp:featuredmedia":[{"embeddable":true,"href":"https:\/\/www.nakee.spa\/it\/wp-json\/wp\/v2\/media\/13016"}],"wp:attachment":[{"href":"https:\/\/www.nakee.spa\/it\/wp-json\/wp\/v2\/media?parent=6362"}],"wp:term":[{"taxonomy":"product_brand","embeddable":true,"href":"https:\/\/www.nakee.spa\/it\/wp-json\/wp\/v2\/product_brand?post=6362"},{"taxonomy":"product_cat","embeddable":true,"href":"https:\/\/www.nakee.spa\/it\/wp-json\/wp\/v2\/product_cat?post=6362"},{"taxonomy":"product_tag","embeddable":true,"href":"https:\/\/www.nakee.spa\/it\/wp-json\/wp\/v2\/product_tag?post=6362"}],"curies":[{"name":"wp","href":"https:\/\/api.w.org\/{rel}","templated":true}]}}