{"id":7092,"date":"2024-07-11T09:16:08","date_gmt":"2024-07-11T09:16:08","guid":{"rendered":"https:\/\/www.nakee.spa\/product\/massaggio-con-olio-aromatico\/"},"modified":"2025-11-14T00:45:16","modified_gmt":"2025-11-13T17:45:16","slug":"massaggio-con-olio-aromatico","status":"publish","type":"product","link":"https:\/\/www.nakee.spa\/it\/prodotto\/massaggio-con-olio-aromatico\/","title":{"rendered":"Massaggio aromatico"},"content":{"rendered":"<h3>Che cos&#8217;\u00e8 il massaggio con olio aromatico?<\/h3>\n<p>L \u201cAroma Oil Massage \u00e8 un trattamento terapeutico che combina i benefici del massaggio con le propriet\u00e0 curative degli oli essenziali. Durante questo massaggio, gli oli essenziali di alta qualit\u00e0 vengono miscelati con un olio vettore e applicati sulla pelle con varie tecniche di massaggio. Gli oli essenziali vengono scelti in base alle loro specifiche propriet\u00e0 terapeutiche, come il rilassamento, il ringiovanimento o il rinvigorimento, migliorando l\u201d esperienza complessiva del massaggio.  <\/p>\n<h3>Benefici del massaggio con olio aromatico<\/h3>\n<ol>\n<li><strong>Rilassamento<\/strong>: Favorisce un rilassamento profondo e riduce lo stress.<\/li>\n<li><strong>Miglioramento dell&#8217;umore<\/strong>: migliora l&#8217;umore e il benessere emotivo grazie all&#8217;uso di oli essenziali aromatici.<\/li>\n<li><strong>Allevia il dolore<\/strong>: Allevia il dolore e la tensione muscolare.<\/li>\n<li><strong>Migliora la circolazione<\/strong>: Migliora il flusso sanguigno e il drenaggio linfatico.<\/li>\n<li><strong>Nutrimento della pelle<\/strong>: Lascia la pelle morbida, liscia e idratata.<\/li>\n<li><strong>Rafforza il sistema immunitario<\/strong>: Favorisce la salute e il benessere generale.<\/li>\n<\/ol>\n<h3>Perch\u00e9 scegliere il massaggio con olio aromatico?<\/h3>\n<p>Scegli l \u201cAroma Oil Massage per il suo approccio olistico al benessere. Questo trattamento non solo affronta i disagi fisici, ma nutre anche la salute emotiva grazie al potere degli oli essenziali. \u00c8 perfetto per chi \u00e8 alla ricerca di un\u201d esperienza di relax completa che apporti benefici anche alla pelle e alla salute generale.  <\/p>\n<h3>Suggerimenti<\/h3>\n<ul>\n<li>Ideale per alleviare lo stress e per l&#8217;equilibrio emotivo.<\/li>\n<li>Ottimo per idratare e nutrire la pelle.<\/li>\n<li>Abbinalo a uno scrub per il viso o per il corpo per un&#8217;esperienza spa ancora pi\u00f9 intensa.<\/li>\n<\/ul>\n<h3>Prova il massaggio con olio aromatico presso Nakee Massage &amp; Spa<\/h3>\n<p>Prova il miglior massaggio agli oli aromatici presso Nakee Massage &amp; Spa, dove i nostri terapisti esperti utilizzano i migliori oli essenziali per offrirti un&#8217;esperienza profondamente rilassante e rigenerante. Il nostro ambiente tranquillo esalta i benefici terapeutici, garantendoti una sensazione di freschezza e rivitalizzazione. <\/p>\n","protected":false},"excerpt":{"rendered":"<p>L \u201cAroma Oil Massage combina le tecniche di massaggio con le propriet\u00e0 curative degli oli essenziali per promuovere il rilassamento, migliorare l\u201d umore, alleviare il dolore e nutrire la pelle. Questo trattamento olistico \u00e8 perfetto per chi cerca un benessere sia fisico che emotivo. <\/p>\n<p>&nbsp;<\/p>\n","protected":false},"featured_media":13018,"template":"","meta":{"_acf_changed":false,"wds_primary_product_brand":0,"wds_primary_product_cat":0},"product_brand":[],"product_cat":[163],"product_tag":[644,648,646,647,639,635,645,649,642,641,874,783,640,636,643,751,770,637,835,638],"class_list":{"0":"post-7092","1":"product","2":"type-product","3":"status-publish","4":"has-post-thumbnail","6":"product_cat-massaggi","7":"product_tag-il-miglior-massaggio-vicino-a-me","8":"product_tag-il-miglior-massaggio-a-chaweng","9":"product_tag-il-miglior-massaggio-di-chaweng","10":"product_tag-il-miglior-massaggio-di-koh-samui-it","11":"product_tag-il-miglior-massaggio-di-koh-samui","12":"product_tag-massaggi-a-koh-samui","13":"product_tag-massaggi-a-koh-samui-it","14":"product_tag-massaggi-a-koh-samui-thailandia","15":"product_tag-massaggio-completo","16":"product_tag-massaggio-del-corpo-a-koh-samui","17":"product_tag-massaggio-thailandese-a-bo-phut","18":"product_tag-massaggio-thailandese-a-choengmon","19":"product_tag-massaggio-thailandese-a-koh-samui","20":"product_tag-massaggio-thailandese-koh-samui","21":"product_tag-massaggio-thailandese-vicino-a-me","22":"product_tag-miglior-massaggio-a-bo-phut","23":"product_tag-miglior-massaggio-a-choengmon","24":"product_tag-prezzi-dei-massaggi-a-koh-samui","25":"product_tag-salone-di-massaggi","26":"product_tag-salone-di-massaggi-di-koh-samui","27":"pa_duration-120-minuti","28":"pa_duration-60-minuti","29":"pa_duration-90-minuti","30":"pa_massage-olio-aromatico","31":"pa_menu-category-olio-e-aroma-rilassante","32":"pa_types-morbido-e-aromatico","33":"pa_types-rilassati-e-calmati","35":"first","36":"instock","37":"shipping-taxable","38":"purchasable","39":"product-type-variable"},"acf":[],"_links":{"self":[{"href":"https:\/\/www.nakee.spa\/it\/wp-json\/wp\/v2\/product\/7092","targetHints":{"allow":["GET"]}}],"collection":[{"href":"https:\/\/www.nakee.spa\/it\/wp-json\/wp\/v2\/product"}],"about":[{"href":"https:\/\/www.nakee.spa\/it\/wp-json\/wp\/v2\/types\/product"}],"wp:featuredmedia":[{"embeddable":true,"href":"https:\/\/www.nakee.spa\/it\/wp-json\/wp\/v2\/media\/13018"}],"wp:attachment":[{"href":"https:\/\/www.nakee.spa\/it\/wp-json\/wp\/v2\/media?parent=7092"}],"wp:term":[{"taxonomy":"product_brand","embeddable":true,"href":"https:\/\/www.nakee.spa\/it\/wp-json\/wp\/v2\/product_brand?post=7092"},{"taxonomy":"product_cat","embeddable":true,"href":"https:\/\/www.nakee.spa\/it\/wp-json\/wp\/v2\/product_cat?post=7092"},{"taxonomy":"product_tag","embeddable":true,"href":"https:\/\/www.nakee.spa\/it\/wp-json\/wp\/v2\/product_tag?post=7092"}],"curies":[{"name":"wp","href":"https:\/\/api.w.org\/{rel}","templated":true}]}}