{"id":7219,"date":"2024-07-09T09:21:06","date_gmt":"2024-07-09T09:21:06","guid":{"rendered":"https:\/\/www.nakee.spa\/product\/pacchetto-serenita-aromatica\/"},"modified":"2025-11-14T11:59:37","modified_gmt":"2025-11-14T04:59:37","slug":"pacchetto-serenita-aromatica","status":"publish","type":"product","link":"https:\/\/www.nakee.spa\/it\/prodotto\/pacchetto-serenita-aromatica\/","title":{"rendered":"Pacchetto Serenit\u00e0 Aromatica"},"content":{"rendered":"<p>Concediti il meglio dell \u201cautentico benessere thailandese con il nostro pacchetto Aromatic Serenity. Questo lussuoso trattamento combina i benefici terapeutici del massaggio thailandese tradizionale e le propriet\u00e0 lenitive del massaggio con oli aromatici per un\u201d esperienza completa. <\/p>\n<p><strong>Che cos&#8217;\u00e8 la Serenit\u00e0 Aromatica?<\/strong><\/p>\n<p>Un trattamento olistico progettato per alleviare la tensione muscolare, migliorare il rilassamento e promuovere il benessere generale.<\/p>\n<p><strong>I benefici della Serenit\u00e0 Aromatica:<\/strong><\/p>\n<ul>\n<li>Allevia lo stress e l&#8217;ansia<\/li>\n<li>Migliora la circolazione e la flessibilit\u00e0<\/li>\n<li>Rilassa e ringiovanisce profondamente<\/li>\n<\/ul>\n<p><strong>Perch\u00e9 scegliere Aromatic Serenity?<\/strong><\/p>\n<p>La miscela di tecniche di massaggio thailandesi e oli aromatici garantisce un&#8217;esperienza profondamente rigenerante. Scegli Aromatic Serenity per un viaggio rivitalizzante e calmante, perfetto per chi cerca il massimo del relax. <\/p>\n","protected":false},"excerpt":{"rendered":"<p>Scopri il meglio dell&#8217;autentico benessere thailandese con il nostro pacchetto Aromatic Serenity. Questa lussuosa esperienza di 120 minuti combina i benefici terapeutici del massaggio thailandese tradizionale con le propriet\u00e0 lenitive del massaggio con oli aromatici.  Che cos&#8217;\u00e8 la Serenit\u00e0 Aromatica? \u00c8 un trattamento olistico che allevia la tensione muscolare, migliora il rilassamento e promuove il benessere generale. La miscela di tecniche thailandesi e oli aromatici garantisce un&#8217;esperienza profondamente rigenerante. Scegli Aromatic Serenity per un viaggio davvero rivitalizzante e calmante, perfetto per chi cerca il massimo del relax.  <\/p>\n","protected":false},"featured_media":889,"template":"","meta":{"_acf_changed":false,"wds_primary_product_brand":0,"wds_primary_product_cat":0},"product_brand":[],"product_cat":[461],"product_tag":[644,648,646,647,639,645,635,649,642,641,874,783,640,636,643,751,770,637,835,638],"class_list":{"0":"post-7219","1":"product","2":"type-product","3":"status-publish","4":"has-post-thumbnail","6":"product_cat-pacchetti","7":"product_tag-il-miglior-massaggio-vicino-a-me","8":"product_tag-il-miglior-massaggio-a-chaweng","9":"product_tag-il-miglior-massaggio-di-chaweng","10":"product_tag-il-miglior-massaggio-di-koh-samui-it","11":"product_tag-il-miglior-massaggio-di-koh-samui","12":"product_tag-massaggi-a-koh-samui-it","13":"product_tag-massaggi-a-koh-samui","14":"product_tag-massaggi-a-koh-samui-thailandia","15":"product_tag-massaggio-completo","16":"product_tag-massaggio-del-corpo-a-koh-samui","17":"product_tag-massaggio-thailandese-a-bo-phut","18":"product_tag-massaggio-thailandese-a-choengmon","19":"product_tag-massaggio-thailandese-a-koh-samui","20":"product_tag-massaggio-thailandese-koh-samui","21":"product_tag-massaggio-thailandese-vicino-a-me","22":"product_tag-miglior-massaggio-a-bo-phut","23":"product_tag-miglior-massaggio-a-choengmon","24":"product_tag-prezzi-dei-massaggi-a-koh-samui","25":"product_tag-salone-di-massaggi","26":"product_tag-salone-di-massaggi-di-koh-samui","27":"pa_duration-120-minuti","28":"pa_duration-60-minuti","29":"pa_massage-massaggio-thai","30":"pa_massage-olio-aromatico","31":"pa_menu-category-olio-e-aroma-rilassante","32":"pa_types-stretch-e-thai-style","34":"first","35":"instock","36":"shipping-taxable","37":"purchasable","38":"product-type-variable"},"acf":[],"_links":{"self":[{"href":"https:\/\/www.nakee.spa\/it\/wp-json\/wp\/v2\/product\/7219","targetHints":{"allow":["GET"]}}],"collection":[{"href":"https:\/\/www.nakee.spa\/it\/wp-json\/wp\/v2\/product"}],"about":[{"href":"https:\/\/www.nakee.spa\/it\/wp-json\/wp\/v2\/types\/product"}],"wp:featuredmedia":[{"embeddable":true,"href":"https:\/\/www.nakee.spa\/it\/wp-json\/wp\/v2\/media\/889"}],"wp:attachment":[{"href":"https:\/\/www.nakee.spa\/it\/wp-json\/wp\/v2\/media?parent=7219"}],"wp:term":[{"taxonomy":"product_brand","embeddable":true,"href":"https:\/\/www.nakee.spa\/it\/wp-json\/wp\/v2\/product_brand?post=7219"},{"taxonomy":"product_cat","embeddable":true,"href":"https:\/\/www.nakee.spa\/it\/wp-json\/wp\/v2\/product_cat?post=7219"},{"taxonomy":"product_tag","embeddable":true,"href":"https:\/\/www.nakee.spa\/it\/wp-json\/wp\/v2\/product_tag?post=7219"}],"curies":[{"name":"wp","href":"https:\/\/api.w.org\/{rel}","templated":true}]}}