{"id":10573,"date":"2024-06-22T12:29:42","date_gmt":"2024-06-22T05:29:42","guid":{"rendered":"https:\/\/www.nakee.spa\/gizlilik-politikasi\/"},"modified":"2025-07-19T22:07:25","modified_gmt":"2025-07-19T15:07:25","slug":"gizlilik-politikasi","status":"publish","type":"page","link":"https:\/\/www.nakee.spa\/tr\/gizlilik-politikasi\/","title":{"rendered":"Gizlilik Politikas\u0131"},"content":{"rendered":"<noscript><iframe src=\"https:\/\/www.googletagmanager.com\/ns.html?id=GTM-WM2WH3P6\" height=\"0\" width=\"0\" style=\"display:none;visibility:hidden\"><\/iframe><\/noscript>\t\t<div data-elementor-type=\"wp-page\" data-elementor-id=\"10573\" class=\"elementor elementor-10573 elementor-3\" data-elementor-post-type=\"page\">\n\t\t\t\t<div class=\"elementor-element elementor-element-7ee8dfc1 e-flex e-con-boxed e-con e-parent\" data-id=\"7ee8dfc1\" data-element_type=\"container\" data-e-type=\"container\">\n\t\t\t\t\t<div class=\"e-con-inner\">\n\t\t\t\t<div class=\"elementor-element elementor-element-3034ade policy-tabs e-n-tabs-mobile elementor-widget elementor-widget-n-tabs\" data-id=\"3034ade\" data-element_type=\"widget\" data-e-type=\"widget\" data-settings=\"{&quot;horizontal_scroll&quot;:&quot;disable&quot;}\" data-widget_type=\"nested-tabs.default\">\n\t\t\t\t\t\t\t<div class=\"e-n-tabs\" data-widget-number=\"50547422\" aria-label=\"Sekmeler. Enter ve Space ile \u00f6geleri a\u00e7abilir, Escape ile \u00f6geleri kapatabilir ve Y\u00f6n tu\u015flar\u0131 ile \u00f6geler aras\u0131nda gezinebilirsiniz.\">\n\t\t\t<div class=\"e-n-tabs-heading\" role=\"tablist\">\n\t\t\t\t\t<button id=\"e-n-tab-title-505474221\" data-tab-title-id=\"e-n-tab-title-505474221\" class=\"e-n-tab-title\" aria-selected=\"true\" data-tab-index=\"1\" role=\"tab\" tabindex=\"0\" aria-controls=\"e-n-tab-content-505474221\" style=\"--n-tabs-title-order: 1;\">\n\t\t\t\t\t\t<span class=\"e-n-tab-title-text\">\n\t\t\t\tBasitle\u015ftirilmi\u015f\t\t\t<\/span>\n\t\t<\/button>\n\t\t\t\t<button id=\"e-n-tab-title-505474222\" data-tab-title-id=\"e-n-tab-title-505474222\" class=\"e-n-tab-title\" aria-selected=\"false\" data-tab-index=\"2\" role=\"tab\" tabindex=\"-1\" aria-controls=\"e-n-tab-content-505474222\" style=\"--n-tabs-title-order: 2;\">\n\t\t\t\t\t\t<span class=\"e-n-tab-title-text\">\n\t\t\t\tYasal\t\t\t<\/span>\n\t\t<\/button>\n\t\t\t\t\t<\/div>\n\t\t\t<div class=\"e-n-tabs-content\">\n\t\t\t\t<div id=\"e-n-tab-content-505474221\" role=\"tabpanel\" aria-labelledby=\"e-n-tab-title-505474221\" data-tab-index=\"1\" style=\"--n-tabs-title-order: 1;\" class=\"e-active elementor-element elementor-element-21d3adc e-con-full e-flex e-con e-child\" data-id=\"21d3adc\" data-element_type=\"container\" data-e-type=\"container\">\n\t\t<div class=\"elementor-element elementor-element-49ba1ff e-flex e-con-boxed e-con e-child\" data-id=\"49ba1ff\" data-element_type=\"container\" data-e-type=\"container\" data-settings=\"{&quot;background_background&quot;:&quot;classic&quot;}\">\n\t\t\t\t\t<div class=\"e-con-inner\">\n\t\t\t\t<div class=\"elementor-element elementor-element-371d520 elementor-widget elementor-widget-text-editor\" data-id=\"371d520\" data-element_type=\"widget\" data-e-type=\"widget\" data-widget_type=\"text-editor.default\">\n\t\t\t\t\t\t\t\t\t<p data-start=\"161\" data-end=\"199\"><strong data-start=\"161\" data-end=\"180\">Y\u00fcr\u00fcrl\u00fck Tarihi: 1-Jan-2025<\/strong> <\/p><p data-start=\"201\" data-end=\"419\">At  <strong data-start=\"204\" data-end=\"234\">Nakee Thai Masaj\u0131 CO. LTD <\/strong>gizlili\u011finiz bizim i\u00e7in \u00f6nemlidir. Bu sayfa, <a class=\"\" href=\"https:\/\/www.nakee.spa\/tr\/\" target=\"_new\" rel=\"noopener\" data-start=\"380\" data-end=\"418\">www.nakee.spa<\/a> adresini ziyaret etti\u011finizde veya bizimle ileti\u015fime ge\u00e7ti\u011finizde hangi ki\u015fisel bilgileri toplad\u0131\u011f\u0131m\u0131z\u0131 ve bunlar\u0131 nas\u0131l kulland\u0131\u011f\u0131m\u0131z\u0131 a\u00e7\u0131klamaktad\u0131r. <\/p><hr data-start=\"421\" data-end=\"424\"><h2 data-start=\"426\" data-end=\"442\">1. Biz Kimiz<\/h2><p data-start=\"444\" data-end=\"618\">\u0130\u015fletme ad\u0131m\u0131z  <strong data-start=\"204\" data-end=\"234\">Nakee Thai Masaj\u0131 CO. LTD <\/strong>. Fiziksel adreslerimizi bu sayfada bulabilirsiniz:<br data-start=\"553\" data-end=\"556\"><a class=\"\" href=\"https:\/\/www.nakee.spa\/tr\/subeler\/\" target=\"_new\" rel=\"noopener\" data-start=\"559\" data-end=\"618\">\ud83d\udc49 T\u00fcm \u015eubeler<\/a> &amp; Lokasyonlar<\/p><hr data-start=\"620\" data-end=\"623\"><h2 data-start=\"625\" data-end=\"658\">2. Hangi Bilgileri Topluyoruz<\/h2><p data-start=\"660\" data-end=\"711\">Size daha iyi hizmet verebilmek i\u00e7in s\u0131n\u0131rl\u0131 bilgi topluyoruz:<\/p><ul data-start=\"712\" data-end=\"958\"><li data-start=\"712\" data-end=\"786\"><p data-start=\"714\" data-end=\"786\">WhatsApp veya Line \u00fczerinden bizimle ileti\u015fime <strong data-start=\"714\" data-end=\"744\">ge\u00e7ti\u011finizde ad\u0131n\u0131z ve telefon numaran\u0131z<\/strong>.<\/p><\/li><li data-start=\"787\" data-end=\"893\"><p data-start=\"789\" data-end=\"893\">En yak\u0131n \u015fubeyi bulman\u0131za veya d\u0131\u015far\u0131dan masaj hizmetleri i\u00e7in fiyat hesaplaman\u0131za <strong data-start=\"789\" data-end=\"806\">yard\u0131mc\u0131 olacak konum verileri<\/strong>.<\/p><\/li><li data-start=\"894\" data-end=\"958\"><p data-start=\"896\" data-end=\"958\"><strong data-start=\"896\" data-end=\"912\">Ekibimizle sohbet ge\u00e7mi\u015fi<\/strong> (WhatsApp, Line veya uChat \u00fczerinden).<\/p><\/li><\/ul><p data-start=\"960\" data-end=\"1128\"><strong data-start=\"963\" data-end=\"1014\">Sa\u011fl\u0131kla ilgili herhangi bir veri toplam\u0131yor veya saklam\u0131yoruz.<\/strong> Terapistlerimiz tedaviden \u00f6nce herhangi bir sa\u011fl\u0131k sorununuz olup olmad\u0131\u011f\u0131n\u0131 sorabilir, ancak bu bilgiler kaydedilmez. <\/p><p data-start=\"1130\" data-end=\"1237\"><strong data-start=\"1133\" data-end=\"1174\">\u00d6deme bilgilerini \u00e7evrimi\u00e7i olarak toplam\u0131yoruz.<\/strong> T\u00fcm \u00f6demeler <strong data-start=\"1201\" data-end=\"1236\">yaln\u0131zca nakit veya Tayland banka havalesi<\/strong> ile yap\u0131l\u0131r <strong data-start=\"1201\" data-end=\"1236\">.<\/strong> <\/p><hr data-start=\"1239\" data-end=\"1242\"><h2 data-start=\"1244\" data-end=\"1277\">3. Bilgilerinizi Nas\u0131l Kullan\u0131yoruz<\/h2><p data-start=\"1279\" data-end=\"1306\">Bilgilerinizi \u015fu ama\u00e7larla kullan\u0131r\u0131z:<\/p><ul data-start=\"1307\" data-end=\"1450\"><li data-start=\"1307\" data-end=\"1341\"><p data-start=\"1309\" data-end=\"1341\"><strong data-start=\"1321\" data-end=\"1341\">Rezervasyon taleplerinizle<\/strong> ilgilenin<\/p><\/li><li data-start=\"1342\" data-end=\"1372\"><p data-start=\"1344\" data-end=\"1372\"><strong data-start=\"1352\" data-end=\"1372\">M\u00fc\u015fteri deste\u011fi<\/strong> sa\u011flay\u0131n<\/p><\/li><li data-start=\"1373\" data-end=\"1407\"><p data-start=\"1375\" data-end=\"1407\">Hizmetlerimizi ve web sitemizi iyile\u015ftirmek<\/p><\/li><li data-start=\"1408\" data-end=\"1450\"><p data-start=\"1410\" data-end=\"1450\"><strong data-start=\"1414\" data-end=\"1450\">Analitik ve dahili raporlama<\/strong> \u00e7al\u0131\u015ft\u0131r\u0131n<\/p><\/li><\/ul><p data-start=\"1452\" data-end=\"1528\">\u015eu anda WhatsApp, e-posta veya SMS <strong data-start=\"1465\" data-end=\"1499\">yoluyla pazarlama mesajlar\u0131 g\u00f6ndermiyoruz<\/strong>.<\/p><hr data-start=\"1530\" data-end=\"1533\"><h2 data-start=\"1535\" data-end=\"1568\">4. Verilerinizi Kiminle Payla\u015f\u0131yoruz<\/h2><p data-start=\"1570\" data-end=\"1653\">\u0130\u015fimizi y\u00fcr\u00fctmemize yard\u0131mc\u0131 olmas\u0131 i\u00e7in a\u015fa\u011f\u0131daki hizmetlerle s\u0131n\u0131rl\u0131 veri payla\u015fabiliriz:<\/p><ul data-start=\"1654\" data-end=\"1873\"><li data-start=\"1654\" data-end=\"1730\"><p data-start=\"1656\" data-end=\"1730\"><strong data-start=\"1656\" data-end=\"1689\">Google Analytics &amp; Meta Pixel &#8211;<\/strong> web sitesi analizi ve reklamc\u0131l\u0131k i\u00e7in.<\/p><\/li><li data-start=\"1731\" data-end=\"1797\"><p data-start=\"1733\" data-end=\"1797\"><strong data-start=\"1733\" data-end=\"1748\">Webotic.One &#8211; dahili<\/strong> muhasebe ve inceleme y\u00f6netimi <strong data-start=\"1733\" data-end=\"1748\">i\u00e7in<\/strong>.<\/p><\/li><li data-start=\"1798\" data-end=\"1873\"><p data-start=\"1800\" data-end=\"1873\">Rezervasyonlar\u0131 ve m\u00fc\u015fteri hizmetlerini destekleyen dahili ekibimiz ve sistemlerimiz.<\/p><\/li><\/ul><hr data-start=\"1875\" data-end=\"1878\"><h2 data-start=\"1880\" data-end=\"1897\">5. Sizin Haklar\u0131n\u0131z<\/h2><p data-start=\"1899\" data-end=\"1969\">Ki\u015fisel verilerin <strong data-start=\"1905\" data-end=\"1939\">uzun vadeli kay\u0131tlar\u0131n\u0131 veya<\/strong> ar\u015fivlerini <strong data-start=\"1905\" data-end=\"1939\">tutmuyoruz<\/strong>.<\/p><p data-start=\"1971\" data-end=\"1987\">Bu y\u00fczden:<\/p><ul data-start=\"1988\" data-end=\"2121\"><li data-start=\"1988\" data-end=\"2033\"><p data-start=\"1990\" data-end=\"2033\"><strong data-start=\"1994\" data-end=\"2019\">Verilerinizin bir kopyas\u0131n\u0131 talep edemezsiniz<\/strong>.<\/p><\/li><li data-start=\"2034\" data-end=\"2121\"><p data-start=\"2036\" data-end=\"2121\">Sadece k\u0131sa bir s\u00fcre i\u00e7in saklad\u0131\u011f\u0131m\u0131z i\u00e7in ge\u00e7mi\u015f <strong data-start=\"2040\" data-end=\"2067\">verilerin silinmesini talep edemezsiniz<\/strong>.<\/p><\/li><\/ul><p data-start=\"2123\" data-end=\"2201\">Sorular\u0131n\u0131z veya endi\u015feleriniz varsa, bizimle her zaman <strong data-start=\"2188\" data-end=\"2200\">WhatsApp<\/strong> \u00fczerinden ileti\u015fime ge\u00e7ebilirsiniz <strong data-start=\"2188\" data-end=\"2200\">.<\/strong><\/p><hr data-start=\"2203\" data-end=\"2206\"><h2 data-start=\"2208\" data-end=\"2239\">6. Veri Depolama ve G\u00fcvenlik<\/h2><ul data-start=\"2241\" data-end=\"2387\"><li data-start=\"2241\" data-end=\"2292\"><p data-start=\"2243\" data-end=\"2292\">M\u00fc\u015fteri verilerini <strong data-start=\"2266\" data-end=\"2286\">yaln\u0131zca 1 haftaya kadar<\/strong> sakl\u0131yoruz.<\/p><\/li><li data-start=\"2293\" data-end=\"2387\"><p data-start=\"2295\" data-end=\"2387\">Web sitemiz <strong data-start=\"2312\" data-end=\"2321\">HTTPS<\/strong> kullan\u0131r <strong data-start=\"2312\" data-end=\"2321\">ve<\/strong> m\u00fc\u015fteri verilerine eri\u015fim yaln\u0131zca yetkili personel ile s\u0131n\u0131rl\u0131d\u0131r.<\/p><\/li><\/ul><hr data-start=\"2389\" data-end=\"2392\"><h2 data-start=\"2394\" data-end=\"2418\">7. Yorumlar ve Foto\u011fraflar<\/h2><ul data-start=\"2420\" data-end=\"2581\"><li data-start=\"2420\" data-end=\"2523\"><p data-start=\"2422\" data-end=\"2523\">Web <strong data-start=\"2480\" data-end=\"2507\">sitemizde<\/strong> <strong data-start=\"2437\" data-end=\"2475\">Google Haritalar veya TripAdvisor incelemelerini ve<\/strong> <strong data-start=\"2480\" data-end=\"2507\">konumlar\u0131m\u0131z\u0131n foto\u011fraflar\u0131n\u0131<\/strong> g\u00f6r\u00fcnt\u00fcleyebiliriz.<\/p><\/li><li data-start=\"2524\" data-end=\"2581\"><p data-start=\"2526\" data-end=\"2581\">Bu web <strong data-start=\"2532\" data-end=\"2564\">sitesinde do\u011frudan yorum toplam\u0131yoruz<\/strong>.<\/p><\/li><\/ul><hr data-start=\"2583\" data-end=\"2586\"><p data-start=\"2588\" data-end=\"2672\">Bu politika hakk\u0131nda herhangi bir sorunuz varsa, l\u00fctfen do\u011frudan WhatsApp \u00fczerinden bizimle ileti\u015fime ge\u00e7in.<\/p>\t\t\t\t\t\t\t\t<\/div>\n\t\t\t\t\t<\/div>\n\t\t\t\t<\/div>\n\t\t\t\t<\/div>\n\t\t<div id=\"e-n-tab-content-505474222\" role=\"tabpanel\" aria-labelledby=\"e-n-tab-title-505474222\" data-tab-index=\"2\" style=\"--n-tabs-title-order: 2;\" class=\" elementor-element elementor-element-6f146af e-con-full e-flex e-con e-child\" data-id=\"6f146af\" data-element_type=\"container\" data-e-type=\"container\">\n\t\t<div class=\"elementor-element elementor-element-62499a1 e-flex e-con-boxed e-con e-child\" data-id=\"62499a1\" data-element_type=\"container\" data-e-type=\"container\" data-settings=\"{&quot;background_background&quot;:&quot;classic&quot;}\">\n\t\t\t\t\t<div class=\"e-con-inner\">\n\t\t\t\t<div class=\"elementor-element elementor-element-af488b2 elementor-widget elementor-widget-text-editor\" data-id=\"af488b2\" data-element_type=\"widget\" data-e-type=\"widget\" data-widget_type=\"text-editor.default\">\n\t\t\t\t\t\t\t\t\t<p data-start=\"236\" data-end=\"302\"><strong data-start=\"269\" data-end=\"288\">Y\u00fcr\u00fcrl\u00fck Tarihi: 1-Jan-2025<\/strong> <\/p><p data-start=\"304\" data-end=\"561\">Bu Gizlilik Politikas\u0131 a\u015fa\u011f\u0131dakilerin nas\u0131l yap\u0131ld\u0131\u011f\u0131n\u0131 a\u00e7\u0131klamaktad\u0131r  <strong data-start=\"204\" data-end=\"234\">Nakee Thai Masaj\u0131 CO. LTD <\/strong>  (&#8220;biz&#8221;, &#8220;bize&#8221; veya &#8220;bizim&#8221;) https:\/\/www.nakee.spa adresindeki web sitemiz arac\u0131l\u0131\u011f\u0131yla hizmetlerimizle etkile\u015fime girdi\u011finizde ki\u015fisel bilgilerinizi toplar, kullan\u0131r, saklar ve korur.<\/p><hr data-start=\"563\" data-end=\"566\"><h2 data-start=\"568\" data-end=\"594\">1. \u0130\u015fletme Bilgileri<\/h2><ul data-start=\"596\" data-end=\"747\"><li data-start=\"596\" data-end=\"645\"><p data-start=\"598\" data-end=\"645\">\u0130\u015fletme ad\u0131:  <strong data-start=\"204\" data-end=\"234\">Nakee Thai Masaj\u0131 CO. LTD <\/strong><\/p><\/li><li data-start=\"646\" data-end=\"747\"><p data-start=\"648\" data-end=\"747\">Fiziksel Adresler: <a class=\"\" href=\"https:\/\/www.nakee.spa\/tr\/subeler\/\" target=\"_new\" rel=\"noopener\" data-start=\"681\" data-end=\"747\">https:\/\/www<\/a>.nakee.spa\/\u015eubeler\/ adresinde mevcuttur.<\/p><\/li><\/ul><hr data-start=\"749\" data-end=\"752\"><h2 data-start=\"754\" data-end=\"775\">2. Toplad\u0131\u011f\u0131m\u0131z Veriler<\/h2><p data-start=\"777\" data-end=\"828\">S\u0131n\u0131rl\u0131 ki\u015fisel bilgileri a\u015fa\u011f\u0131daki \u015fekilde toplar\u0131z:<\/p><h3 data-start=\"830\" data-end=\"851\">2.1 Ki\u015fisel Veriler<\/h3><ul data-start=\"852\" data-end=\"1038\"><li data-start=\"852\" data-end=\"919\"><p data-start=\"854\" data-end=\"919\">WhatsApp veya Line \u00fczerinden ileti\u015fim <strong data-start=\"854\" data-end=\"879\">kurarken isim ve telefon numaras\u0131<\/strong> <\/p><\/li><li data-start=\"920\" data-end=\"1038\"><p data-start=\"922\" data-end=\"1038\">En yak\u0131n \u015fubeyi belirlemek ve d\u0131\u015far\u0131dan masaj hizmetleri i\u00e7in seyahat masraflar\u0131n\u0131 hesaplamak i\u00e7in kullan\u0131lan <strong data-start=\"922\" data-end=\"939\">kullan\u0131c\u0131 konumu<\/strong><\/p><\/li><\/ul><h3 data-start=\"1040\" data-end=\"1066\">2.2 Sa\u011fl\u0131k Bilgileri<\/h3><ul data-start=\"1067\" data-end=\"1254\"><li data-start=\"1067\" data-end=\"1254\"><p data-start=\"1069\" data-end=\"1254\">Sa\u011fl\u0131kla ilgili <strong data-start=\"1075\" data-end=\"1100\">hi\u00e7bir<\/strong> bilgi <strong data-start=\"1075\" data-end=\"1100\">toplam\u0131yor veya kaydetmiyoruz<\/strong>. Terapistler, yaln\u0131zca g\u00fcvenlik ve kalite ama\u00e7lar\u0131yla tedavi \u00f6ncesinde m\u00fc\u015fterilere ilgili sa\u011fl\u0131k sorunlar\u0131n\u0131 s\u00f6zl\u00fc olarak sorabilir. <\/p><\/li><\/ul><h3 data-start=\"1256\" data-end=\"1283\">2.3 \u00d6deme Bilgileri<\/h3><ul data-start=\"1284\" data-end=\"1382\"><li data-start=\"1284\" data-end=\"1382\"><p data-start=\"1286\" data-end=\"1382\">Online \u00f6demeleri i\u015fleme koymuyoruz. \u00d6demeler <strong data-start=\"1342\" data-end=\"1376\">nakit<\/strong> olarak <strong data-start=\"1342\" data-end=\"1376\">veya yaln\u0131zca Tayland banka havalesi yoluyla<\/strong> yap\u0131l\u0131r. <\/p><\/li><\/ul><h3 data-start=\"1384\" data-end=\"1406\">2.4 Teknik Veriler<\/h3><ul data-start=\"1407\" data-end=\"1516\"><li data-start=\"1407\" data-end=\"1516\"><p data-start=\"1409\" data-end=\"1516\">IP adresi ve cihaz\/taray\u0131c\u0131 bilgileri <strong data-start=\"1476\" data-end=\"1496\">Google Analytics ve<\/strong> <strong data-start=\"1501\" data-end=\"1515\">Meta Pixel<\/strong> arac\u0131l\u0131\u011f\u0131yla toplanabilir <strong data-start=\"1501\" data-end=\"1515\">.<\/strong><\/p><\/li><\/ul><hr data-start=\"1518\" data-end=\"1521\"><h2 data-start=\"1523\" data-end=\"1555\">3. Veri \u0130\u015flemenin Amac\u0131<\/h2><p data-start=\"1557\" data-end=\"1605\">Verilerinizi a\u015fa\u011f\u0131daki ama\u00e7lar i\u00e7in i\u015fliyoruz:<\/p><ul data-start=\"1606\" data-end=\"1809\"><li data-start=\"1606\" data-end=\"1651\"><p data-start=\"1608\" data-end=\"1651\">Randevu planlama ve m\u00fc\u015fteri hizmetleri<\/p><\/li><li data-start=\"1652\" data-end=\"1697\"><p data-start=\"1654\" data-end=\"1697\">Dahili analitik ve i\u015f geli\u015ftirme<\/p><\/li><li data-start=\"1698\" data-end=\"1809\"><p data-start=\"1700\" data-end=\"1809\">Pazarlama ve performans takibi (yaln\u0131zca analitik platformlar arac\u0131l\u0131\u011f\u0131yla; \u015fu anda do\u011frudan pazarlama yap\u0131lmamaktad\u0131r)<\/p><\/li><\/ul><p data-start=\"1811\" data-end=\"1911\">WhatsApp, e-posta veya di\u011fer mesajla\u015fma hizmetleri arac\u0131l\u0131\u011f\u0131yla istenmeyen tan\u0131t\u0131m i\u00e7erikleri <strong data-start=\"1817\" data-end=\"1824\">g\u00f6ndermiyoruz<\/strong>.<\/p><hr data-start=\"1913\" data-end=\"1916\"><h2 data-start=\"1918\" data-end=\"1936\">4. Veri Payla\u015f\u0131m\u0131<\/h2><p data-start=\"1938\" data-end=\"1967\">Verileriniz \u015fu ki\u015filerle payla\u015f\u0131labilir:<\/p><ul data-start=\"1968\" data-end=\"2203\"><li data-start=\"1968\" data-end=\"2036\"><p data-start=\"1970\" data-end=\"2036\"><strong data-start=\"1970\" data-end=\"1990\">Google Analytics ve<\/strong> <strong data-start=\"1995\" data-end=\"2009\">Meta Pixel (<\/strong> site kullan\u0131m analizi i\u00e7in)<\/p><\/li><li data-start=\"2037\" data-end=\"2123\"><p data-start=\"2039\" data-end=\"2123\"><strong data-start=\"2039\" data-end=\"2054\">Webotic.One,<\/strong> muhasebe ve inceleme y\u00f6netimi i\u00e7in <strong data-start=\"2039\" data-end=\"2054\">dahili<\/strong> \u00e7\u00f6z\u00fcm <strong data-start=\"2039\" data-end=\"2054\">sa\u011flay\u0131c\u0131m\u0131z<\/strong><\/p><\/li><li data-start=\"2124\" data-end=\"2203\"><p data-start=\"2126\" data-end=\"2203\">M\u00fc\u015fteri hizmetleri ve programlama i\u00e7in dahili sistemler ve yetkili personel<\/p><\/li><\/ul><p data-start=\"2205\" data-end=\"2296\"><strong data-start=\"2211\" data-end=\"2239\">Ki\u015fisel<\/strong> verileri <strong data-start=\"2211\" data-end=\"2239\">satm\u0131yor, kiralam\u0131yor veya<\/strong> ilgisiz ama\u00e7larla \u00fc\u00e7\u00fcnc\u00fc taraflarla <strong data-start=\"2211\" data-end=\"2239\">payla\u015fm\u0131yoruz<\/strong>.<\/p><hr data-start=\"2298\" data-end=\"2301\"><h2 data-start=\"2303\" data-end=\"2323\">5. Veri Saklama<\/h2><p data-start=\"2325\" data-end=\"2459\">Ki\u015fisel verileri toplama tarihinden <strong data-start=\"2349\" data-end=\"2376\">itibaren en fazla 1 hafta s\u00fcreyle<\/strong> saklar\u0131z. Bundan sonra veriler ya silinir ya da anonim hale getirilir. <\/p><hr data-start=\"2461\" data-end=\"2464\"><h2 data-start=\"2466\" data-end=\"2483\">6. Kullan\u0131c\u0131 Haklar\u0131<\/h2><p data-start=\"2485\" data-end=\"2585\">K\u0131sa s\u00fcreli saklama politikam\u0131z nedeniyle, <strong data-start=\"2531\" data-end=\"2556\">ki\u015fisel verilerin ar\u015fivlerini tutmuyoruz<\/strong>. Bu nedenle: <\/p><ul data-start=\"2586\" data-end=\"2749\"><li data-start=\"2586\" data-end=\"2659\"><p data-start=\"2588\" data-end=\"2659\">Talep \u00fczerine ki\u015fisel <strong data-start=\"2595\" data-end=\"2623\">verilerinizin kopyalar\u0131n\u0131 sa\u011flayam\u0131yoruz<\/strong>.<\/p><\/li><li data-start=\"2660\" data-end=\"2749\"><p data-start=\"2662\" data-end=\"2749\">Bir haftal\u0131k veri saklama s\u00fcremizin <strong data-start=\"2669\" data-end=\"2708\">\u00f6tesinde silme taleplerini i\u015fleme koyam\u0131yoruz<\/strong>.<\/p><\/li><\/ul><p data-start=\"2751\" data-end=\"2856\">Sorular\u0131n\u0131z i\u00e7in, web sitemizde verilen ileti\u015fim bilgilerini kullanarak WhatsApp \u00fczerinden bizimle ileti\u015fime ge\u00e7ebilirsiniz.<\/p><hr data-start=\"2858\" data-end=\"2861\"><h2 data-start=\"2863\" data-end=\"2877\">7. G\u00fcvenlik<\/h2><p data-start=\"2879\" data-end=\"2940\">Verilerinizi korumak i\u00e7in a\u015fa\u011f\u0131dakiler de dahil olmak \u00fczere uygun \u00f6nlemleri al\u0131yoruz:<\/p><ul data-start=\"2941\" data-end=\"3093\"><li data-start=\"2941\" data-end=\"2970\"><p data-start=\"2943\" data-end=\"2970\"><strong data-start=\"2950\" data-end=\"2970\">HTTPS \u015fifreleme<\/strong> kullan\u0131m\u0131<\/p><\/li><li data-start=\"2971\" data-end=\"3036\"><p data-start=\"2973\" data-end=\"3036\">Ki\u015fisel verilere yaln\u0131zca yetkili personel taraf\u0131ndan k\u0131s\u0131tl\u0131 eri\u015fim<\/p><\/li><li data-start=\"3037\" data-end=\"3093\"><p data-start=\"3039\" data-end=\"3093\">Yetkisiz eri\u015fimi \u00f6nlemek i\u00e7in idari kontroller<\/p><\/li><\/ul><hr data-start=\"3095\" data-end=\"3098\"><h2 data-start=\"3100\" data-end=\"3126\">8. \u00c7erezler ve \u0130zleme<\/h2><p data-start=\"3128\" data-end=\"3185\">Web sitemiz \u00e7erezleri ve benzer teknolojileri \u015funlar i\u00e7in kullanabilir:<\/p><ul data-start=\"3186\" data-end=\"3243\"><li data-start=\"3186\" data-end=\"3206\"><p data-start=\"3188\" data-end=\"3206\">Oturum y\u00f6netimi<\/p><\/li><li data-start=\"3207\" data-end=\"3243\"><p data-start=\"3209\" data-end=\"3243\">Analitik ve performans takibi<\/p><\/li><\/ul><p data-start=\"3245\" data-end=\"3299\">\u00c7erezleri taray\u0131c\u0131 ayarlar\u0131n\u0131z arac\u0131l\u0131\u011f\u0131yla kontrol edebilirsiniz.<\/p><hr data-start=\"3301\" data-end=\"3304\"><h2 data-start=\"3306\" data-end=\"3331\">9. \u00dc\u00e7\u00fcnc\u00fc Taraf \u0130\u00e7eri\u011fi<\/h2><p data-start=\"3333\" data-end=\"3519\">Web sitemiz, ba\u011f\u0131ms\u0131z olarak veri toplayabilen g\u00f6m\u00fcl\u00fc i\u00e7erikler (\u00f6r. YouTube videolar\u0131, Google Haritalar) i\u00e7erebilir. Bunlar, ilgili platformlar\u0131n gizlilik politikalar\u0131na tabidir. <\/p><hr data-start=\"3521\" data-end=\"3524\"><h2 data-start=\"3526\" data-end=\"3557\">10. Yorumlar ve Kullan\u0131c\u0131 \u0130\u00e7eri\u011fi<\/h2><p data-start=\"3559\" data-end=\"3712\"><strong data-start=\"3615\" data-end=\"3630\">Google Haritalar ve<\/strong> <strong data-start=\"3635\" data-end=\"3650\">TripAdvisor&#8217;<\/strong>dan al\u0131nan m\u00fc\u015fteri yorumlar\u0131n\u0131 ve foto\u011fraflar\u0131n\u0131 g\u00f6r\u00fcnt\u00fcleyebiliriz <strong data-start=\"3635\" data-end=\"3650\">.<\/strong> Do\u011frudan web sitesi \u00fczerinden yorum veya foto\u011fraf toplam\u0131yoruz. <\/p><hr data-start=\"3714\" data-end=\"3717\"><h2 data-start=\"3719\" data-end=\"3733\">11. \u0130leti\u015fim<\/h2><p data-start=\"3735\" data-end=\"3905\">Bu Gizlilik Politikas\u0131 hakk\u0131nda sorular\u0131n\u0131z varsa, l\u00fctfen <a class=\"\" href=\"https:\/\/www.nakee.spa\/tr\/\" target=\"_new\" rel=\"noopener\" data-start=\"3858\" data-end=\"3904\">https:\/\/www.nakee.spa<\/a> adresinde <strong data-start=\"3823\" data-end=\"3843\">bulunan<\/strong> resmi <strong data-start=\"3823\" data-end=\"3843\">WhatsApp kanal\u0131m\u0131z<\/strong> arac\u0131l\u0131\u011f\u0131yla bizimle ileti\u015fime ge\u00e7in <strong data-start=\"3823\" data-end=\"3843\">.<\/strong><\/p>\t\t\t\t\t\t\t\t<\/div>\n\t\t\t\t\t<\/div>\n\t\t\t\t<\/div>\n\t\t\t\t<\/div>\n\t\t\t\t\t<\/div>\n\t\t<\/div>\n\t\t\t\t\t\t<\/div>\n\t\t\t\t\t<\/div>\n\t\t\t\t<\/div>\n\t\t\t\t<\/div>\n\t\t","protected":false},"excerpt":{"rendered":"<p>Basitle\u015ftirilmi\u015f Yasal Y\u00fcr\u00fcrl\u00fck Tarihi: 1-Jan-2025 At Nakee Thai Masaj\u0131 CO. LTD gizlili\u011finiz bizim i\u00e7in \u00f6nemlidir. Bu sayfa, www.nakee.spa adresini ziyaret etti\u011finizde veya bizimle ileti\u015fime ge\u00e7ti\u011finizde hangi ki\u015fisel bilgileri toplad\u0131\u011f\u0131m\u0131z\u0131 ve bunlar\u0131 nas\u0131l kulland\u0131\u011f\u0131m\u0131z\u0131 a\u00e7\u0131klamaktad\u0131r. 1. Biz Kimiz \u0130\u015fletme ad\u0131m\u0131z Nakee Thai Masaj\u0131 CO. LTD . Fiziksel adreslerimizi bu sayfada bulabilirsiniz:\ud83d\udc49 T\u00fcm \u015eubeler &amp; Lokasyonlar 2. [&hellip;]<\/p>\n","protected":false},"author":1,"featured_media":0,"parent":0,"menu_order":0,"comment_status":"closed","ping_status":"closed","template":"","meta":{"_acf_changed":false,"footnotes":""},"class_list":["post-10573","page","type-page","status-publish","hentry"],"acf":[],"_links":{"self":[{"href":"https:\/\/www.nakee.spa\/tr\/wp-json\/wp\/v2\/pages\/10573","targetHints":{"allow":["GET"]}}],"collection":[{"href":"https:\/\/www.nakee.spa\/tr\/wp-json\/wp\/v2\/pages"}],"about":[{"href":"https:\/\/www.nakee.spa\/tr\/wp-json\/wp\/v2\/types\/page"}],"author":[{"embeddable":true,"href":"https:\/\/www.nakee.spa\/tr\/wp-json\/wp\/v2\/users\/1"}],"replies":[{"embeddable":true,"href":"https:\/\/www.nakee.spa\/tr\/wp-json\/wp\/v2\/comments?post=10573"}],"version-history":[{"count":3,"href":"https:\/\/www.nakee.spa\/tr\/wp-json\/wp\/v2\/pages\/10573\/revisions"}],"predecessor-version":[{"id":11320,"href":"https:\/\/www.nakee.spa\/tr\/wp-json\/wp\/v2\/pages\/10573\/revisions\/11320"}],"wp:attachment":[{"href":"https:\/\/www.nakee.spa\/tr\/wp-json\/wp\/v2\/media?parent=10573"}],"curies":[{"name":"wp","href":"https:\/\/api.w.org\/{rel}","templated":true}]}}