{"id":10628,"date":"2025-06-04T01:16:08","date_gmt":"2025-06-03T18:16:08","guid":{"rendered":"https:\/\/www.nakee.spa\/para-iadesi-ve-iade-politikasi\/"},"modified":"2025-06-08T15:13:33","modified_gmt":"2025-06-08T08:13:33","slug":"para-iadesi-ve-iade-politikasi","status":"publish","type":"page","link":"https:\/\/www.nakee.spa\/tr\/para-iadesi-ve-iade-politikasi\/","title":{"rendered":"Para \u0130adesi ve \u0130ade Politikas\u0131"},"content":{"rendered":"<noscript><iframe src=\"https:\/\/www.googletagmanager.com\/ns.html?id=GTM-WM2WH3P6\" height=\"0\" width=\"0\" style=\"display:none;visibility:hidden\"><\/iframe><\/noscript>\t\t<div data-elementor-type=\"wp-page\" data-elementor-id=\"10628\" class=\"elementor elementor-10628 elementor-513\" data-elementor-post-type=\"page\">\n\t\t\t\t<div class=\"elementor-element elementor-element-77d6257a policy-tabs e-flex e-con-boxed e-con e-parent\" data-id=\"77d6257a\" data-element_type=\"container\" data-e-type=\"container\">\n\t\t\t\t\t<div class=\"e-con-inner\">\n\t\t\t\t<div class=\"elementor-element elementor-element-59fff250 elementor-widget elementor-widget-text-editor\" data-id=\"59fff250\" data-element_type=\"widget\" data-e-type=\"widget\" data-widget_type=\"text-editor.default\">\n\t\t\t\t\t\t\t\t\t<p>Y\u00fcr\u00fcrl\u00fck Tarihi: 1-Jan-2025<\/p>\n<p>Nakee Thai Massage and Spa&#8217;da Tay masaj\u0131, ya\u011f masaj\u0131, ayak masaj\u0131 ve ilgili tedaviler dahil olmak \u00fczere y\u00fcz y\u00fcze sa\u011fl\u0131k hizmetleri sa\u011flama konusunda uzman\u0131z.<\/p>\n<hr><h2>1. Para \u0130adesi veya \u0130ade Politikas\u0131 Yok<\/h2>\n<p>Hizmetlerimizin hi\u00e7biri i\u00e7in geri \u00f6deme veya iade yapm\u0131yoruz. T\u00fcm hizmetler do\u011frudan \u015fubelerimizde \u015fahsen veya \u00f6nceden planlanm\u0131\u015f d\u0131\u015f masaj ziyaretleri yoluyla verilmektedir. Fiziksel mal satmad\u0131\u011f\u0131m\u0131z veya teslim etmedi\u011fimiz i\u00e7in, iade i\u00e7in uygun hi\u00e7bir \u00fcr\u00fcn yoktur.  <\/p>\n<hr><h2>2. Hizmet Endi\u015feleri<\/h2>\n<p>Bir seans s\u0131ras\u0131nda veya sonras\u0131nda herhangi bir sorun ya\u015farsan\u0131z, personelimizle konu\u015fman\u0131z\u0131 veya do\u011frudan bizimle ileti\u015fime ge\u00e7menizi \u00f6neririz. Y\u00fcksek hizmet standartlar\u0131n\u0131 korumaya kararl\u0131y\u0131z ve endi\u015feleri duruma g\u00f6re g\u00f6zden ge\u00e7irece\u011fiz. <\/p>\n<hr><h2>3. \u0130leti\u015fim Bilgileri<\/h2>\n<p>\u0130ade ve geri \u00f6deme politikam\u0131zla ilgili her t\u00fcrl\u00fc sorunuz i\u00e7in l\u00fctfen web sitemizde verilen numaradan WhatsApp arac\u0131l\u0131\u011f\u0131yla bizimle ileti\u015fime ge\u00e7in: https:\/\/www.nakee.spa.<\/p>\n<p><\/p>\t\t\t\t\t\t\t\t<\/div>\n\t\t\t\t\t<\/div>\n\t\t\t\t<\/div>\n\t\t\t\t<\/div>\n\t\t","protected":false},"excerpt":{"rendered":"<p>Y\u00fcr\u00fcrl\u00fck Tarihi: 1-Jan-2025 Nakee Thai Massage and Spa&#8217;da Tay masaj\u0131, ya\u011f masaj\u0131, ayak masaj\u0131 ve ilgili tedaviler dahil olmak \u00fczere y\u00fcz y\u00fcze sa\u011fl\u0131k hizmetleri sa\u011flama konusunda uzman\u0131z. 1. Para \u0130adesi veya \u0130ade Politikas\u0131 Yok Hizmetlerimizin hi\u00e7biri i\u00e7in geri \u00f6deme veya iade yapm\u0131yoruz. T\u00fcm hizmetler do\u011frudan \u015fubelerimizde \u015fahsen veya \u00f6nceden planlanm\u0131\u015f d\u0131\u015f masaj ziyaretleri yoluyla verilmektedir. [&hellip;]<\/p>\n","protected":false},"author":1,"featured_media":0,"parent":0,"menu_order":0,"comment_status":"closed","ping_status":"closed","template":"","meta":{"_acf_changed":false,"footnotes":""},"class_list":["post-10628","page","type-page","status-publish","hentry"],"acf":[],"_links":{"self":[{"href":"https:\/\/www.nakee.spa\/tr\/wp-json\/wp\/v2\/pages\/10628","targetHints":{"allow":["GET"]}}],"collection":[{"href":"https:\/\/www.nakee.spa\/tr\/wp-json\/wp\/v2\/pages"}],"about":[{"href":"https:\/\/www.nakee.spa\/tr\/wp-json\/wp\/v2\/types\/page"}],"author":[{"embeddable":true,"href":"https:\/\/www.nakee.spa\/tr\/wp-json\/wp\/v2\/users\/1"}],"replies":[{"embeddable":true,"href":"https:\/\/www.nakee.spa\/tr\/wp-json\/wp\/v2\/comments?post=10628"}],"version-history":[{"count":3,"href":"https:\/\/www.nakee.spa\/tr\/wp-json\/wp\/v2\/pages\/10628\/revisions"}],"predecessor-version":[{"id":10634,"href":"https:\/\/www.nakee.spa\/tr\/wp-json\/wp\/v2\/pages\/10628\/revisions\/10634"}],"wp:attachment":[{"href":"https:\/\/www.nakee.spa\/tr\/wp-json\/wp\/v2\/media?parent=10628"}],"curies":[{"name":"wp","href":"https:\/\/api.w.org\/{rel}","templated":true}]}}