{"id":8447,"date":"2025-01-21T23:01:34","date_gmt":"2025-01-21T16:01:34","guid":{"rendered":"https:\/\/www.nakee.spa\/choengmon-plaji\/"},"modified":"2025-05-02T01:25:19","modified_gmt":"2025-05-01T18:25:19","slug":"choengmon-plaji","status":"publish","type":"page","link":"https:\/\/www.nakee.spa\/tr\/terapistler\/choengmon-plaji\/","title":{"rendered":"Choengmon Sahil Terapistleri"},"content":{"rendered":"<noscript><iframe src=\"https:\/\/www.googletagmanager.com\/ns.html?id=GTM-WM2WH3P6\" height=\"0\" width=\"0\" style=\"display:none;visibility:hidden\"><\/iframe><\/noscript>\t\t<div data-elementor-type=\"wp-page\" data-elementor-id=\"8447\" class=\"elementor elementor-8447 elementor-8433\" data-elementor-post-type=\"page\">\n\t\t\t\t<div class=\"elementor-element elementor-element-1e78d114 e-flex e-con-boxed e-con e-parent\" data-id=\"1e78d114\" data-element_type=\"container\" data-e-type=\"container\" data-settings=\"{&quot;background_background&quot;:&quot;classic&quot;}\">\n\t\t\t\t\t<div class=\"e-con-inner\">\n\t\t\t\t<div class=\"elementor-element elementor-element-5ed671d4 title-banner elementor-widget elementor-widget-heading\" data-id=\"5ed671d4\" data-element_type=\"widget\" data-e-type=\"widget\" data-widget_type=\"heading.default\">\n\t\t\t\t\t<h1 class=\"elementor-heading-title elementor-size-default\">Choengmon Sahil Terapistleri<\/h1>\t\t\t\t<\/div>\n\t\t\t\t<div class=\"elementor-element elementor-element-3a9e2bc0 elementor-widget elementor-widget-woocommerce-breadcrumb\" data-id=\"3a9e2bc0\" data-element_type=\"widget\" data-e-type=\"widget\" data-widget_type=\"woocommerce-breadcrumb.default\">\n\t\t\t\t\t<nav class=\"woocommerce-breadcrumb\" aria-label=\"Breadcrumb\">Ana Sayfa<\/nav>\t\t\t\t<\/div>\n\t\t\t\t\t<\/div>\n\t\t\t\t<\/div>\n\t\t<div class=\"elementor-element elementor-element-636bfe2f e-flex e-con-boxed e-con e-parent\" data-id=\"636bfe2f\" data-element_type=\"container\" data-e-type=\"container\" data-settings=\"{&quot;background_background&quot;:&quot;classic&quot;}\">\n\t\t\t\t\t<div class=\"e-con-inner\">\n\t\t\t\t<div class=\"elementor-element elementor-element-105f3c72 f-nas elementor-widget elementor-widget-text-editor\" data-id=\"105f3c72\" data-element_type=\"widget\" data-e-type=\"widget\" data-widget_type=\"text-editor.default\">\n\t\t\t\t\t\t\t\t\t<p>Bizim Tak\u0131m\u0131m\u0131z<\/p>\t\t\t\t\t\t\t\t<\/div>\n\t\t\t\t<div class=\"elementor-element elementor-element-4fa15927 elementor-widget elementor-widget-heading\" data-id=\"4fa15927\" data-element_type=\"widget\" data-e-type=\"widget\" data-widget_type=\"heading.default\">\n\t\t\t\t\t<h5 class=\"elementor-heading-title elementor-size-default\">ILE ILETI\u015eIME GE\u00c7IN<\/h5>\t\t\t\t<\/div>\n\t\t\t\t<div class=\"elementor-element elementor-element-1413a5d9 elementor-widget elementor-widget-heading\" data-id=\"1413a5d9\" data-element_type=\"widget\" data-e-type=\"widget\" data-widget_type=\"heading.default\">\n\t\t\t\t\t<h2 class=\"elementor-heading-title elementor-size-default\">G\u00dcVENILIR TERAPISTLERIMIZ<\/h2>\t\t\t\t<\/div>\n\t\t\t\t<div class=\"elementor-element elementor-element-1c9b9c3 elementor-widget elementor-widget-shortcode\" data-id=\"1c9b9c3\" data-element_type=\"widget\" data-e-type=\"widget\" data-widget_type=\"shortcode.default\">\n\t\t\t\t\t<script type=\"application\/ld+json\">[{\"@type\":\"LocalBusiness\",\"name\":\"Nakee Thai Massage ( Bo Phut - Koh Samui )\",\"image\":\"https:\/\/www.nakee.spa\/wp-content\/uploads\/2025\/02\/bo-phut-beach-branch-1.webp\",\"priceRange\":\"\u0e3f300 - \u0e3f1600\",\"sameAs\":\"https:\/\/www.google.com\/maps\/place\/Nakee+Thai+Massage+-+Bo+Phut+%E2%9D%80+Koh+Samui\/@9.5614013,100.0193477,17z\/data=!3m1!4b1!4m6!3m5!1s0x3054f1084a7c5d83:0x6d07e2fd3b8bb683!8m2!3d9.5614013!4d100.0219226!16s%2Fg%2F11x2h25qtv\",\"url\":\"https:\/\/www.nakee.spa\/tr\/branch\/bo-phut-beach\/\",\"telephone\":\"+66 83 126 7882\",\"address\":{\"@type\":\"PostalAddress\",\"streetAddress\":\"17\/3 \u0e21.1 \u0e1a\u0e48\u0e2d\u0e1c\u0e38\u0e14 Tambon Bo Put, Amphoe Ko Samui, Chang Wat Surat Thani 84320, Thailand\",\"addressLocality\":\"Ko Samui\",\"addressRegion\":\"Surat Thani\",\"postalCode\":\"84320\",\"addressCountry\":\"TH\"},\"openingHoursSpecification\":[{\"@type\":\"OpeningHoursSpecification\",\"dayOfWeek\":[\"https:\/\/schema.org\/Monday\",\"https:\/\/schema.org\/Tuesday\",\"https:\/\/schema.org\/Wednesday\",\"https:\/\/schema.org\/Thursday\",\"https:\/\/schema.org\/Friday\",\"https:\/\/schema.org\/Saturday\",\"https:\/\/schema.org\/Sunday\"],\"opens\":\"10\",\"closes\":\"23\"}],\"geo\":{\"@type\":\"GeoCoordinates\",\"latitude\":9.5613689999999991186996339820325374603271484375,\"longitude\":100.0218420000000065783751779235899448394775390625}},{\"@type\":\"LocalBusiness\",\"name\":\"Nakee Thai Massage ( Choengmon - Koh Samui )\",\"image\":\"https:\/\/www.nakee.spa\/wp-content\/uploads\/2025\/01\/Nakee-Thai-Massage-7-Spa-Choengmon-Beach.webp\",\"priceRange\":\"\u0e3f300 - \u0e3f1600\",\"sameAs\":\"https:\/\/www.google.com\/maps\/place\/Nakee+Thai+Massage+-+Choengmon+%E2%9D%80+Koh+Samui\/@9.5707806,100.0783213,17z\/data=!4m6!3m5!1s0x3054ef3bebeb69c1:0x252ae373e246a56c!8m2!3d9.5707806!4d100.0808962!16s%2Fg%2F11v4j5390g\",\"url\":\"https:\/\/www.nakee.spa\/tr\/branch\/choengmon-beach\/\",\"telephone\":\"+66 99 065 5880\",\"address\":{\"@type\":\"PostalAddress\",\"streetAddress\":\"Nakee Thai Massage & Spa, Next to Amazon Cafe Choengmon, Bo Put, Ko Samui District, Surat Thani, Thailand\",\"addressLocality\":\"Ko Samui\",\"addressRegion\":\"Surat Thani\",\"postalCode\":\"84320\",\"addressCountry\":\"TH\"},\"openingHoursSpecification\":[{\"@type\":\"OpeningHoursSpecification\",\"dayOfWeek\":[\"https:\/\/schema.org\/Monday\",\"https:\/\/schema.org\/Tuesday\",\"https:\/\/schema.org\/Wednesday\",\"https:\/\/schema.org\/Thursday\",\"https:\/\/schema.org\/Friday\",\"https:\/\/schema.org\/Saturday\",\"https:\/\/schema.org\/Sunday\"],\"opens\":\"10\",\"closes\":\"23\"}],\"geo\":{\"@type\":\"GeoCoordinates\",\"latitude\":9.57078059999999908313839114271104335784912109375,\"longitude\":100.0808961999999979752828949131071567535400390625}},{\"@type\":\"LocalBusiness\",\"name\":\"Nakee Thai Massage ( Lamai - Koh Samui )\",\"image\":\"https:\/\/www.nakee.spa\/wp-content\/uploads\/2025\/08\/Nakee-Thai-Massage-Lamai-Branch-Foot-Massage-e1753996270806.webp\",\"priceRange\":\"\u0e3f300 - \u0e3f1600\",\"sameAs\":\"https:\/\/maps.app.goo.gl\/uYFgeqy2TZYW9sH78\",\"url\":\"https:\/\/www.nakee.spa\/tr\/branch\/lamai-beach\/\",\"telephone\":\"+66 61 990 6683\",\"address\":{\"@type\":\"PostalAddress\",\"streetAddress\":\"Nakee Thai Massage ( Lamai - Koh Samui ), Lamai Beach, Maret, Ko Samui District, Surat Thani, Thailand\",\"addressLocality\":\"Ko Samui\",\"addressRegion\":\"Surat Thani\",\"postalCode\":\"84310\",\"addressCountry\":\"TH\"},\"openingHoursSpecification\":[{\"@type\":\"OpeningHoursSpecification\",\"dayOfWeek\":[\"https:\/\/schema.org\/Monday\",\"https:\/\/schema.org\/Tuesday\",\"https:\/\/schema.org\/Wednesday\",\"https:\/\/schema.org\/Thursday\",\"https:\/\/schema.org\/Friday\",\"https:\/\/schema.org\/Saturday\",\"https:\/\/schema.org\/Sunday\"],\"opens\":\"10\",\"closes\":\"23\"}],\"geo\":{\"@type\":\"GeoCoordinates\",\"latitude\":9.4714864999999992534185366821475327014923095703125,\"longitude\":100.0545024000000040587110561318695545196533203125}},{\"@context\":\"https:\/\/schema.org\",\"@type\":\"ItemList\",\"name\":\"Nakee Spa Terapistinin \u015eubeleri\",\"itemListElement\":[{\"@type\":\"ListItem\",\"position\":1,\"url\":\"https:\/\/www.nakee.spa\/tr\/terapistler\/bo-phut-plaji-terapistleri\/\"},{\"@type\":\"ListItem\",\"position\":2,\"url\":\"https:\/\/www.nakee.spa\/tr\/terapistler\/choengmon-plaji\/\"},{\"@type\":\"ListItem\",\"position\":3,\"url\":\"https:\/\/www.nakee.spa\/tr\/terapistler\/lamai-sahil-terapistleri\/\"}]}]<\/script><script>\r\njQuery(document).ready(function($){\r\n\tvar ajax_runned = 0;\r\n\tload_theropists_of_branch();ajax_runned = 1;\t$(window).on('load', function () {\r\n\t\tif (ajax_runned != 0) return;\r\n\t\tajax_runned = 1;\r\n\t\tif ($(window).scrollTop() > 0) {\r\n\t\t\tload_theropists_of_branch();\r\n\t\t}\r\n\t});\r\n\t$(window).on('scroll', function () {\r\n\t\tif (ajax_runned != 0) return;\r\n\t\tajax_runned = 1;\r\n\t\tload_theropists_of_branch();\r\n\t});\r\n\tfunction load_theropists_of_branch() {\r\n\t$.ajax({\r\n\t\turl: 'https:\/\/www.nakee.spa\/wp-admin\/admin-ajax.php' ,\r\n\t\tmethod: 'POST',\r\n\t\tdataType : \"html\",\r\n\t\tdata: {\r\n\t\t\taction: 'branch_terapist_list',\r\n\t\t\tbranch_id: 728,\r\n\t\t\tlng: 'tr',\r\n\t\t},\r\n\t\tsuccess: function(response) {\r\n\t\t\t$(\"#theropist_list\").addClass(\"loaded\").empty().append(response);\r\n\t\t},\r\n\t\terror: function() {\r\n\t\t\talert('There was an error with loading the therapists list.');\r\n\t\t}\r\n\t});\r\n\t}\r\n});\r\n<\/script>\r\n\t\t<div class=\"elementor-shortcode\"><div id=\"theropist_list\"><div style=\"text-align:center;\"><p>s \u015eube terapistleri listesi y\u00fckleniyor<\/p><div class=\"loader\" style=\"margin:0px auto;\"><\/div><\/div><\/div><\/div>\n\t\t\t\t\t\t<\/div>\n\t\t\t\t\t<\/div>\n\t\t\t\t<\/div>\n\t\t\t\t<\/div>\n\t\t","protected":false},"excerpt":{"rendered":"<p>Bizim Tak\u0131m\u0131m\u0131z ILE ILETI\u015eIME GE\u00c7IN G\u00dcVENILIR TERAPISTLERIMIZ<\/p>\n","protected":false},"author":1,"featured_media":0,"parent":4267,"menu_order":0,"comment_status":"closed","ping_status":"closed","template":"","meta":{"_acf_changed":false,"footnotes":""},"class_list":["post-8447","page","type-page","status-publish","hentry"],"acf":[],"_links":{"self":[{"href":"https:\/\/www.nakee.spa\/tr\/wp-json\/wp\/v2\/pages\/8447","targetHints":{"allow":["GET"]}}],"collection":[{"href":"https:\/\/www.nakee.spa\/tr\/wp-json\/wp\/v2\/pages"}],"about":[{"href":"https:\/\/www.nakee.spa\/tr\/wp-json\/wp\/v2\/types\/page"}],"author":[{"embeddable":true,"href":"https:\/\/www.nakee.spa\/tr\/wp-json\/wp\/v2\/users\/1"}],"replies":[{"embeddable":true,"href":"https:\/\/www.nakee.spa\/tr\/wp-json\/wp\/v2\/comments?post=8447"}],"version-history":[{"count":4,"href":"https:\/\/www.nakee.spa\/tr\/wp-json\/wp\/v2\/pages\/8447\/revisions"}],"predecessor-version":[{"id":10225,"href":"https:\/\/www.nakee.spa\/tr\/wp-json\/wp\/v2\/pages\/8447\/revisions\/10225"}],"up":[{"embeddable":true,"href":"https:\/\/www.nakee.spa\/tr\/wp-json\/wp\/v2\/pages\/4267"}],"wp:attachment":[{"href":"https:\/\/www.nakee.spa\/tr\/wp-json\/wp\/v2\/media?parent=8447"}],"curies":[{"name":"wp","href":"https:\/\/api.w.org\/{rel}","templated":true}]}}