{"id":9184,"date":"2025-01-28T02:54:52","date_gmt":"2025-01-27T19:54:52","guid":{"rendered":"https:\/\/www.nakee.spa\/online-rezervasyon\/"},"modified":"2025-08-09T18:45:57","modified_gmt":"2025-08-09T11:45:57","slug":"online-rezervasyon","status":"publish","type":"page","link":"https:\/\/www.nakee.spa\/tr\/online-rezervasyon\/","title":{"rendered":"Online Rezervasyon"},"content":{"rendered":"<noscript><iframe src=\"https:\/\/www.googletagmanager.com\/ns.html?id=GTM-WM2WH3P6\" height=\"0\" width=\"0\" style=\"display:none;visibility:hidden\"><\/iframe><\/noscript>\t\t<div data-elementor-type=\"wp-page\" data-elementor-id=\"9184\" class=\"elementor elementor-9184 elementor-9175\" data-elementor-post-type=\"page\">\n\t\t\t\t<div class=\"elementor-element elementor-element-13216632 e-flex e-con-boxed e-con e-parent\" data-id=\"13216632\" data-element_type=\"container\" data-e-type=\"container\" data-settings=\"{&quot;background_background&quot;:&quot;classic&quot;}\">\n\t\t\t\t\t<div class=\"e-con-inner\">\n\t\t\t\t<div class=\"elementor-element elementor-element-16230593 elementor-widget elementor-widget-woocommerce-breadcrumb\" data-id=\"16230593\" data-element_type=\"widget\" data-e-type=\"widget\" data-widget_type=\"woocommerce-breadcrumb.default\">\n\t\t\t\t\t<nav class=\"woocommerce-breadcrumb\" aria-label=\"Breadcrumb\">Ana Sayfa<\/nav>\t\t\t\t<\/div>\n\t\t\t\t<div class=\"elementor-element elementor-element-4271a988 f-nas elementor-widget elementor-widget-text-editor\" data-id=\"4271a988\" data-element_type=\"widget\" data-e-type=\"widget\" data-widget_type=\"text-editor.default\">\n\t\t\t\t\t\t\t\t\t<p>Online Rezervasyon<\/p>\t\t\t\t\t\t\t\t<\/div>\n\t\t\t\t<div class=\"elementor-element elementor-element-77e91e6 elementor-widget elementor-widget-shortcode\" data-id=\"77e91e6\" data-element_type=\"widget\" data-e-type=\"widget\" data-widget_type=\"shortcode.default\">\n\t\t\t\t\t<div class=\"nakee-progress\">\r\n\t<div class=\"step active\">Ad\u0131m 1<br\/>\u015eube Se\u00e7iniz<\/div>\r\n\t<div class=\"step\">Ad\u0131m 2<br\/>Rezervasyon Tercihlerini Ayarlama<\/div>\r\n\t<div class=\"step\">Ad\u0131m 3<br\/>Rezervasyonunuzu G\u00f6nderin<\/div>\r\n<\/div>\r\n\t\t<div class=\"elementor-shortcode\"><\/div>\n\t\t\t\t\t\t<\/div>\n\t\t\t\t<div class=\"elementor-element elementor-element-23146383 elementor-widget elementor-widget-heading\" data-id=\"23146383\" data-element_type=\"widget\" data-e-type=\"widget\" data-widget_type=\"heading.default\">\n\t\t\t\t\t<h5 class=\"elementor-heading-title elementor-size-default\">\u015eubenizi Se\u00e7in ve Randevunuzu Al\u0131n<\/h5>\t\t\t\t<\/div>\n\t\t\t\t<div class=\"elementor-element elementor-element-709c2e57 elementor-widget elementor-widget-heading\" data-id=\"709c2e57\" data-element_type=\"widget\" data-e-type=\"widget\" data-widget_type=\"heading.default\">\n\t\t\t\t\t<h2 class=\"elementor-heading-title elementor-size-default\">Size En Yak\u0131n \u015eubeyi Se\u00e7in<\/h2>\t\t\t\t<\/div>\n\t\t\t\t<div class=\"elementor-element elementor-element-5d2667f elementor-widget elementor-widget-shortcode\" data-id=\"5d2667f\" data-element_type=\"widget\" data-e-type=\"widget\" data-widget_type=\"shortcode.default\">\n\t\t\t\t\t\t\t<div class=\"elementor-shortcode\"><div id=\"map\"><\/div><div class=\"map-alerts\"><div class=\"alert permit-location\"><div class=\"alert-inner\"><div class=\"center update-btn\"><button onclick=\"updateMapDistances()\">\ud83d\udccd Konumunuzdan Uzakl\u0131klar\u0131 G\u00fcncellemek \u0130\u00e7in T\u0131klay\u0131n<\/button><\/div><div class=\"center loading\"><div class=\"loader\"><\/div><\/div><\/div><\/div><div class=\"alert permission-required center\" style=\"display:none;\"><div><b>HATA<\/b><\/div><div>Konum eri\u015fimi reddedildi<\/div><div>Size en yak\u0131n \u015fubeleri \u00f6nermemize yard\u0131mc\u0131 olmas\u0131 i\u00e7in l\u00fctfen taray\u0131c\u0131n\u0131zda konum izinlerini <b>etkinle\u015ftirin<\/b>.<\/div><\/div><div class=\"alert no-support\" style=\"display:none\"><center><b>HATA<\/b><\/center>Maalesef taray\u0131c\u0131n\u0131z konum \u00f6zelli\u011fini desteklemiyor gibi g\u00f6r\u00fcn\u00fcyor. En yak\u0131n \u015fubeyi hesaplayam\u0131yor ve g\u00f6r\u00fcnt\u00fcleyemiyoruz. En yak\u0131n \u015fubeyi manuel olarak bulmak i\u00e7in yukar\u0131daki haritay\u0131 kullanmaktan \u00e7ekinmeyin veya Chrome gibi modern bir taray\u0131c\u0131 kullanmay\u0131 deneyin.  <\/div><p class=\"order-message\">Bulundu\u011funuz yere en yak\u0131n \u015fubeye g\u00f6re s\u0131ralanm\u0131\u015ft\u0131r<\/p><\/div><div class=\"branch-list flip-container booking\"><div class=\"branch flipper branch-911\" data-lat=\"9.4714865\" data-lng=\"100.0545024\"><div class=\"branch_inner animated front\"><div class=\"image cursor-pointer\" style=\"border-right-width: 1px;\"><img fetchpriority=\"high\" decoding=\"async\" width=\"300\" height=\"300\" src=\"https:\/\/www.nakee.spa\/wp-content\/uploads\/2025\/08\/Nakee-Thai-Massage-Lamai-Branch-Foot-Massage-e1753996270806-300x300.webp\" class=\"attachment-medium size-medium\" alt=\"Nakee Thai Massage - Lamai Branch - Foot Massage\" srcset=\"https:\/\/www.nakee.spa\/wp-content\/uploads\/2025\/08\/Nakee-Thai-Massage-Lamai-Branch-Foot-Massage-e1753996270806-300x300.webp 300w, https:\/\/www.nakee.spa\/wp-content\/uploads\/2025\/08\/Nakee-Thai-Massage-Lamai-Branch-Foot-Massage-e1753996270806-100x100.webp 100w, https:\/\/www.nakee.spa\/wp-content\/uploads\/2025\/08\/Nakee-Thai-Massage-Lamai-Branch-Foot-Massage-e1753996270806-600x600.webp 600w, https:\/\/www.nakee.spa\/wp-content\/uploads\/2025\/08\/Nakee-Thai-Massage-Lamai-Branch-Foot-Massage-e1753996270806-1024x1024.webp 1024w, https:\/\/www.nakee.spa\/wp-content\/uploads\/2025\/08\/Nakee-Thai-Massage-Lamai-Branch-Foot-Massage-e1753996270806-150x150.webp 150w, https:\/\/www.nakee.spa\/wp-content\/uploads\/2025\/08\/Nakee-Thai-Massage-Lamai-Branch-Foot-Massage-e1753996270806-768x768.webp 768w, https:\/\/www.nakee.spa\/wp-content\/uploads\/2025\/08\/Nakee-Thai-Massage-Lamai-Branch-Foot-Massage-e1753996270806.webp 1200w\" sizes=\"(max-width: 300px) 100vw, 300px\" \/><\/div><div class=\"info\"><p class=\"city\">Ko Samui, Tayland<\/p><h2 class=\"name\"><a class=\"target-page\" href=\"https:\/\/www.nakee.spa\/online-reservation\/book-appointment-at-lamai-beach\/\">Lamai Beach<\/a><\/h2><p class=\"landmark\">Near Samui Harmony Resort<\/p><div class=\"distance\"><div class=\"nav-actions\"><span class=\"centerBranch\" onclick=\"centerBranch(911)\"><\/span> <a class=\"navigateBranch\" target=\"_blank\" rel=\"noopener noreferrer\" href=\"https:\/\/www.google.com\/maps\/dir\/\/9.4714865,100.0545024\/@9.4714865,100.0545024,16.04z\"><\/a><\/div><span class=\"help\" title=\"Yakla\u015f\u0131k Mesafe\">Mesafe: ~<\/span> <span class=\"value\">-<\/span><\/div><\/div><div class=\"actions elementor-button-wrapper\"><a href=\"https:\/\/www.nakee.spa\/online-reservation\/book-appointment-at-lamai-beach\/\" class=\"target-page elementor-button elementor-button-link elementor-size-sm\">Randevunuzu Al\u0131n<\/a><\/div><\/div><div class=\"back\"><div class=\"in\">Mesafeye G\u00f6re Yeniden S\u0131ralama<div class=\"loader\"><\/div><\/div><\/div><\/div><div class=\"branch flipper branch-728\" data-lat=\"9.5707806\" data-lng=\"100.0808962\"><div class=\"branch_inner animated front\"><div class=\"image cursor-pointer\" style=\"border-right-width: 1px;\"><img decoding=\"async\" width=\"300\" height=\"300\" src=\"https:\/\/www.nakee.spa\/wp-content\/uploads\/2025\/01\/Nakee-Thai-Massage-7-Spa-Choengmon-Beach-300x300.webp\" class=\"attachment-medium size-medium\" alt=\"Choengmon Beach Branch\" srcset=\"https:\/\/www.nakee.spa\/wp-content\/uploads\/2025\/01\/Nakee-Thai-Massage-7-Spa-Choengmon-Beach-300x300.webp 300w, https:\/\/www.nakee.spa\/wp-content\/uploads\/2025\/01\/Nakee-Thai-Massage-7-Spa-Choengmon-Beach-100x100.webp 100w, https:\/\/www.nakee.spa\/wp-content\/uploads\/2025\/01\/Nakee-Thai-Massage-7-Spa-Choengmon-Beach-600x600.webp 600w, https:\/\/www.nakee.spa\/wp-content\/uploads\/2025\/01\/Nakee-Thai-Massage-7-Spa-Choengmon-Beach-150x150.webp 150w, https:\/\/www.nakee.spa\/wp-content\/uploads\/2025\/01\/Nakee-Thai-Massage-7-Spa-Choengmon-Beach-768x768.webp 768w, https:\/\/www.nakee.spa\/wp-content\/uploads\/2025\/01\/Nakee-Thai-Massage-7-Spa-Choengmon-Beach.webp 1024w\" sizes=\"(max-width: 300px) 100vw, 300px\" \/><\/div><div class=\"info\"><p class=\"city\">Ko Samui, Tayland<\/p><h2 class=\"name\"><a class=\"target-page\" href=\"https:\/\/www.nakee.spa\/online-reservation\/book-appointment-at-choengmon-beach\/\">Choengmon Plaj\u0131<\/a><\/h2><p class=\"landmark\">Amazon Cafe'nin yan\u0131nda<\/p><div class=\"distance\"><div class=\"nav-actions\"><span class=\"centerBranch\" onclick=\"centerBranch(728)\"><\/span> <a class=\"navigateBranch\" target=\"_blank\" rel=\"noopener noreferrer\" href=\"https:\/\/www.google.com\/maps\/dir\/\/9.5707806,100.0808962\/@9.5707806,100.0808962,16.04z\"><\/a><\/div><span class=\"help\" title=\"Yakla\u015f\u0131k Mesafe\">Mesafe: ~<\/span> <span class=\"value\">-<\/span><\/div><\/div><div class=\"actions elementor-button-wrapper\"><a href=\"https:\/\/www.nakee.spa\/online-reservation\/book-appointment-at-choengmon-beach\/\" class=\"target-page elementor-button elementor-button-link elementor-size-sm\">Randevunuzu Al\u0131n<\/a><\/div><\/div><div class=\"back\"><div class=\"in\">Mesafeye G\u00f6re Yeniden S\u0131ralama<div class=\"loader\"><\/div><\/div><\/div><\/div><div class=\"branch flipper branch-729\" data-lat=\"9.561369\" data-lng=\"100.021842\"><div class=\"branch_inner animated front\"><div class=\"image cursor-pointer\" style=\"border-right-width: 1px;\"><img decoding=\"async\" width=\"300\" height=\"300\" src=\"https:\/\/www.nakee.spa\/wp-content\/uploads\/2025\/02\/bo-phut-beach-branch-1-300x300.webp\" class=\"attachment-medium size-medium\" alt=\"Bo Phut Beach Branch\" srcset=\"https:\/\/www.nakee.spa\/wp-content\/uploads\/2025\/02\/bo-phut-beach-branch-1-300x300.webp 300w, https:\/\/www.nakee.spa\/wp-content\/uploads\/2025\/02\/bo-phut-beach-branch-1-100x100.webp 100w, https:\/\/www.nakee.spa\/wp-content\/uploads\/2025\/02\/bo-phut-beach-branch-1-600x600.webp 600w, https:\/\/www.nakee.spa\/wp-content\/uploads\/2025\/02\/bo-phut-beach-branch-1-150x150.webp 150w, https:\/\/www.nakee.spa\/wp-content\/uploads\/2025\/02\/bo-phut-beach-branch-1-768x768.webp 768w, https:\/\/www.nakee.spa\/wp-content\/uploads\/2025\/02\/bo-phut-beach-branch-1.webp 800w\" sizes=\"(max-width: 300px) 100vw, 300px\" \/><\/div><div class=\"info\"><p class=\"city\">Ko Samui, Tayland<\/p><h2 class=\"name\"><a class=\"target-page\" href=\"https:\/\/www.nakee.spa\/online-reservation\/book-appointment-at-bo-phut-beach\/\">Bo Phut Plaj\u0131<\/a><\/h2><p class=\"landmark\">Agarden Resort yan\u0131nda<\/p><div class=\"distance\"><div class=\"nav-actions\"><span class=\"centerBranch\" onclick=\"centerBranch(729)\"><\/span> <a class=\"navigateBranch\" target=\"_blank\" rel=\"noopener noreferrer\" href=\"https:\/\/www.google.com\/maps\/dir\/\/9.561369,100.021842\/@9.561369,100.021842,16.04z\"><\/a><\/div><span class=\"help\" title=\"Yakla\u015f\u0131k Mesafe\">Mesafe: ~<\/span> <span class=\"value\">-<\/span><\/div><\/div><div class=\"actions elementor-button-wrapper\"><a href=\"https:\/\/www.nakee.spa\/online-reservation\/book-appointment-at-bo-phut-beach\/\" class=\"target-page elementor-button elementor-button-link elementor-size-sm\">Randevunuzu Al\u0131n<\/a><\/div><\/div><div class=\"back\"><div class=\"in\">Mesafeye G\u00f6re Yeniden S\u0131ralama<div class=\"loader\"><\/div><\/div><\/div><\/div><\/div><script>const google_map_key = \"AIzaSyDME14DZNAzbgAFzu3_9ixh96SfqOrXR14\";let map,myLocation=null, bounds, infoWindow, nakeeMarkers = {911:{ id: \"911\", name: \"Lamai Beach\",status: \"active\", title: \"Lamai Beach\", position: { lat: 9.4714865, lng: 100.0545024 } },728:{ id: \"728\", name: \"Choengmon Plaj\u0131\",status: \"active\", title: \"Choengmon Beach\", position: { lat: 9.5707806, lng: 100.0808962 } },729:{ id: \"729\", name: \"Bo Phut Plaj\u0131\",status: \"active\", title: \"Bo Phut Beach\", position: { lat: 9.561369, lng: 100.021842 } },};const bls = {branch: \"\u015eube\", km: \"KM\", arUhere: \"Buradas\u0131n\u0131z\", vistedBr: \"Son Rezervasyonunuz\"};<\/script><\/div>\n\t\t\t\t\t\t<\/div>\n\t\t\t\t<div class=\"elementor-element elementor-element-d57d1b9 elementor-widget elementor-widget-html\" data-id=\"d57d1b9\" data-element_type=\"widget\" data-e-type=\"widget\" data-widget_type=\"html.default\">\n\t\t\t\t\t<script>jQuery(document).ready(function($){\n        $(\"div.book-now-container\").remove();\n    });\n<\/script>\t\t\t\t<\/div>\n\t\t\t\t<div class=\"elementor-element elementor-element-bc94540 elementor-widget elementor-widget-shortcode\" data-id=\"bc94540\" data-element_type=\"widget\" data-e-type=\"widget\" data-widget_type=\"shortcode.default\">\n\t\t\t\t\t<div id=\"nakee-cart-table\"><\/div>\r\n<script>\r\nlet m_cart = {\r\n\th: 'Sepet \u00dcr\u00fcnleri', \r\n\ts: 'Hizmet',\r\n\tq: 'Miktar', \r\n\tt: 'Toplam',\r\n\tc: 'Araba',\r\n\tc1: 'Rezervasyon sepetiniz bo\u015f.',\r\n\tc2: 'Endi\u015felenmeyin - \u015fubenizi se\u00e7tikten sonra h\u0131zl\u0131 servis men\u00fcs\u00fcnden tercih etti\u011finiz tedavileri se\u00e7ebilirsiniz.',\r\n};\r\n<\/script>\t\t<div class=\"elementor-shortcode\"><\/div>\n\t\t\t\t\t\t<\/div>\n\t\t\t\t\t<\/div>\n\t\t\t\t<\/div>\n\t\t\t\t<\/div>\n\t\t","protected":false},"excerpt":{"rendered":"<p>Online Rezervasyon \u015eubenizi Se\u00e7in ve Randevunuzu Al\u0131n Size En Yak\u0131n \u015eubeyi Se\u00e7in<\/p>\n","protected":false},"author":1,"featured_media":0,"parent":0,"menu_order":0,"comment_status":"closed","ping_status":"closed","template":"","meta":{"_acf_changed":false,"footnotes":""},"class_list":["post-9184","page","type-page","status-publish","hentry"],"acf":[],"_links":{"self":[{"href":"https:\/\/www.nakee.spa\/tr\/wp-json\/wp\/v2\/pages\/9184","targetHints":{"allow":["GET"]}}],"collection":[{"href":"https:\/\/www.nakee.spa\/tr\/wp-json\/wp\/v2\/pages"}],"about":[{"href":"https:\/\/www.nakee.spa\/tr\/wp-json\/wp\/v2\/types\/page"}],"author":[{"embeddable":true,"href":"https:\/\/www.nakee.spa\/tr\/wp-json\/wp\/v2\/users\/1"}],"replies":[{"embeddable":true,"href":"https:\/\/www.nakee.spa\/tr\/wp-json\/wp\/v2\/comments?post=9184"}],"version-history":[{"count":5,"href":"https:\/\/www.nakee.spa\/tr\/wp-json\/wp\/v2\/pages\/9184\/revisions"}],"predecessor-version":[{"id":11731,"href":"https:\/\/www.nakee.spa\/tr\/wp-json\/wp\/v2\/pages\/9184\/revisions\/11731"}],"wp:attachment":[{"href":"https:\/\/www.nakee.spa\/tr\/wp-json\/wp\/v2\/media?parent=9184"}],"curies":[{"name":"wp","href":"https:\/\/api.w.org\/{rel}","templated":true}]}}