{"id":12418,"date":"2025-11-08T17:20:09","date_gmt":"2025-11-08T10:20:09","guid":{"rendered":"https:\/\/www.nakee.spa\/?post_type=product&#038;p=12418"},"modified":"2025-11-14T01:05:30","modified_gmt":"2025-11-13T18:05:30","slug":"hindistan-cevizi-yagi-masaji-copy","status":"publish","type":"product","link":"https:\/\/www.nakee.spa\/tr\/\u00fcr\u00fcn\/hindistan-cevizi-yagi-masaji-copy\/","title":{"rendered":"Hindistan Cevizi veya Aroma S\u0131cak Ya\u011f Masaj\u0131"},"content":{"rendered":"<h3>Hindistan Cevizi veya Aroma S\u0131cak Ya\u011f Masaj\u0131 Nedir?<\/h3>\n<p>Hindistan Cevizi veya Aroma S\u0131cak Ya\u011f Masaj\u0131, hafif \u0131s\u0131, yumu\u015fak masaj darbeleri ve besleyici ya\u011flar\u0131n faydalar\u0131n\u0131 birle\u015ftiren derinlemesine rahatlat\u0131c\u0131 bir bak\u0131md\u0131r. S\u0131cak hindistan cevizi ya\u011f\u0131 veya aromatik esansiyel ya\u011flar kaslar\u0131 yumu\u015fatmak, dola\u015f\u0131m\u0131 iyile\u015ftirmek ve zihni sakinle\u015ftirmek i\u00e7in v\u00fccuda uygulan\u0131r. S\u0131cakl\u0131k, ya\u011flar\u0131n derinlemesine emilmesine yard\u0131mc\u0131 olarak cildinizin nemlenmesini ve v\u00fccudunuzun tamamen rahatlamas\u0131n\u0131 sa\u011flar.  <\/p>\n<h3>Hindistan Cevizi veya Aroma S\u0131cak Ya\u011f Masaj\u0131n\u0131n Faydalar\u0131<\/h3>\n<ol>\n<li><strong>Kas Gev\u015femesi:<\/strong> Is\u0131 ve masaj sertli\u011fi ve gerginli\u011fi hafifletir.<\/li>\n<li><strong>Cilt Besleme:<\/strong> Hindistan cevizi ya\u011f\u0131 cildi derinlemesine nemlendirir ve yumu\u015fat\u0131r.<\/li>\n<li><strong>Geli\u015ftirilmi\u015f Dola\u015f\u0131m:<\/strong> Kan ak\u0131\u015f\u0131n\u0131 ve enerji dengesini te\u015fvik eder.<\/li>\n<li><strong>Stres Giderici:<\/strong> Sakinle\u015ftirici aroma ve s\u0131cakl\u0131k zihni rahatlat\u0131r.<\/li>\n<li><strong>Detoksifikasyon:<\/strong> V\u00fccudu temizlemek i\u00e7in lenfatik ak\u0131\u015f\u0131 uyar\u0131r.<\/li>\n<li><strong>Geli\u015ftirilmi\u015f Uyku Kalitesi:<\/strong> Dinlendirici ve daha derin uykuyu te\u015fvik eder.<\/li>\n<\/ol>\n<h3>Neden Hindistan Cevizi veya Aroma S\u0131cak Ya\u011f Masaj\u0131n\u0131 Se\u00e7melisiniz?<\/h3>\n<p>Tam bir rahatlama ve cilt gen\u00e7le\u015ftirme deneyimi i\u00e7in bu bak\u0131m\u0131 se\u00e7in. Koh Samui&#8217;den gelen zengin hindistan cevizi ya\u011f\u0131 derin nemlendirme ve tropikal bir koku sunarken, aroma ya\u011f\u0131 Tayland&#8217;dan esinlenen kar\u0131\u015f\u0131mlarla nazik, duyusal bir rahatlama sa\u011flar. Her iki se\u00e7enek de v\u00fccudunuzu yat\u0131\u015ft\u0131r\u0131r ve ruh halinizi y\u00fckseltir.  <\/p>\n<h3>\u00d6neriler<\/h3>\n<ul>\n<li>T\u00fcm v\u00fccutta rahatlama ve daha p\u00fcr\u00fczs\u00fcz bir cilt arayanlar i\u00e7in idealdir.<\/li>\n<li>Uzun bir g\u00fcn\u00fcn ard\u0131ndan stres ve gerginli\u011fi gidermek i\u00e7in m\u00fckemmeldir.<\/li>\n<li>Kuru cilt veya kas sertli\u011fi i\u00e7in \u00f6nerilir.<\/li>\n<\/ul>\n<h3>Nakee Massage &amp; Spa&#8217;da Hindistan Cevizi veya Aroma S\u0131cak Ya\u011f Masaj\u0131n\u0131 Deneyimleyin<\/h3>\n<p>Hindistan Cevizi veya Aroma S\u0131cak Ya\u011f Masaj\u0131m\u0131zla kendinizi s\u0131cakl\u0131\u011fa ve huzura b\u0131rak\u0131n. Yetenekli terapistlerimiz v\u00fccudunuzu ve zihninizi beslemek i\u00e7in birinci s\u0131n\u0131f ya\u011flar ve yumu\u015fak \u0131s\u0131 kullan\u0131r. Sadece Nakee Thai Massage &amp; Spa&#8217;da kaslar\u0131n\u0131z\u0131n gev\u015fedi\u011fini, cildinizin parlad\u0131\u011f\u0131n\u0131 ve ruhunuzun gev\u015fedi\u011fini hissedin.  <\/p>\n","protected":false},"excerpt":{"rendered":"<p>Hindistan Cevizi Ya\u011f\u0131 Masaj\u0131, yat\u0131\u015ft\u0131r\u0131c\u0131 masaj tekniklerini saf, do\u011fal hindistan cevizi ya\u011f\u0131n\u0131n nemlendirici ve besleyici \u00f6zellikleriyle birle\u015ftirir. Bu bak\u0131m rahatlamay\u0131 te\u015fvik eder, kas gerginli\u011fini azalt\u0131r ve cildin yumu\u015fak ve nemli hissetmesini sa\u011flar.<\/p>\n","protected":false},"featured_media":12465,"template":"","meta":{"_acf_changed":false,"wds_primary_product_brand":0,"wds_primary_product_cat":0},"product_brand":[],"product_cat":[143],"product_tag":[495,881,758,499,790,777,497,490,488,489,486,500,491,496,498,842,487,493,492,494],"class_list":{"0":"post-12418","1":"product","2":"type-product","3":"status-publish","4":"has-post-thumbnail","6":"product_cat-masajlar","7":"product_tag-yakinimdaki-en-iyi-masaj","8":"product_tag-bo-phut-tayland-masaji","9":"product_tag-bo-phutta-en-iyi-masaj","10":"product_tag-chawengdeki-en-iyi-masaj","11":"product_tag-choengmon-tayland-masaji","12":"product_tag-choengmonda-en-iyi-masaj","13":"product_tag-en-iyi-masaj-chaweng","14":"product_tag-en-iyi-masaj-koh-samui","15":"product_tag-koh-samui-masaj-fiyatlari","16":"product_tag-koh-samui-masaj-salonu","17":"product_tag-koh-samui-masaji","18":"product_tag-koh-samui-taylandda-masaj","19":"product_tag-koh-samui-thai-masaji","20":"product_tag-koh-samuide-masaj","21":"product_tag-koh-samuideki-en-iyi-masaj","22":"product_tag-masaj-salonu","23":"product_tag-thai-masaji-koh-samui","24":"product_tag-tum-vucut-masaji","25":"product_tag-vucut-masaji-koh-samui","26":"product_tag-yakinimdaki-thai-masaji","27":"pa_duration-120-dakika","28":"pa_duration-60-dakika","29":"pa_duration-90-dakika","30":"pa_massage-hindistan-cevizi-yagi","31":"pa_menu-category-yag-ve-aroma-ile-rahatlama","32":"pa_types-rahatlayin-sakinlesin","34":"first","35":"instock","36":"shipping-taxable","37":"purchasable","38":"product-type-variable"},"acf":[],"_links":{"self":[{"href":"https:\/\/www.nakee.spa\/tr\/wp-json\/wp\/v2\/product\/12418","targetHints":{"allow":["GET"]}}],"collection":[{"href":"https:\/\/www.nakee.spa\/tr\/wp-json\/wp\/v2\/product"}],"about":[{"href":"https:\/\/www.nakee.spa\/tr\/wp-json\/wp\/v2\/types\/product"}],"wp:featuredmedia":[{"embeddable":true,"href":"https:\/\/www.nakee.spa\/tr\/wp-json\/wp\/v2\/media\/12465"}],"wp:attachment":[{"href":"https:\/\/www.nakee.spa\/tr\/wp-json\/wp\/v2\/media?parent=12418"}],"wp:term":[{"taxonomy":"product_brand","embeddable":true,"href":"https:\/\/www.nakee.spa\/tr\/wp-json\/wp\/v2\/product_brand?post=12418"},{"taxonomy":"product_cat","embeddable":true,"href":"https:\/\/www.nakee.spa\/tr\/wp-json\/wp\/v2\/product_cat?post=12418"},{"taxonomy":"product_tag","embeddable":true,"href":"https:\/\/www.nakee.spa\/tr\/wp-json\/wp\/v2\/product_tag?post=12418"}],"curies":[{"name":"wp","href":"https:\/\/api.w.org\/{rel}","templated":true}]}}