{"id":3610,"date":"2024-07-06T09:25:27","date_gmt":"2024-07-06T09:25:27","guid":{"rendered":"https:\/\/www.nakee.spa\/product\/thai-masaji\/"},"modified":"2025-11-14T01:55:22","modified_gmt":"2025-11-13T18:55:22","slug":"thai-masaji","status":"publish","type":"product","link":"https:\/\/www.nakee.spa\/tr\/\u00fcr\u00fcn\/thai-masaji\/","title":{"rendered":"Thai Masaj\u0131"},"content":{"rendered":"<h3>Thai Masaj\u0131 Nedir?<\/h3>\n<p>Thai Masaj\u0131, akupres\u00fcr, Hint Ayurveda ilkeleri ve destekli yoga duru\u015flar\u0131n\u0131 birle\u015ftiren eski bir \u015fifa uygulamas\u0131d\u0131r. Tipik Bat\u0131 masajlar\u0131n\u0131n aksine, Thai Masaj\u0131 yerdeki bir mat \u00fczerinde yap\u0131l\u0131r ve m\u00fc\u015fteri tamamen giyinik kal\u0131r. Terapist, esnekli\u011fi art\u0131rmak, gerginli\u011fi azaltmak ve enerji ak\u0131\u015f\u0131n\u0131 iyile\u015ftirmek amac\u0131yla bas\u0131n\u00e7 uygulamak ve v\u00fccudu germek i\u00e7in elleri, dirsekleri, dizleri ve ayaklar\u0131 kullan\u0131r.<\/p>\n<h3>Thai Masaj\u0131n\u0131n Faydalar\u0131<\/h3>\n<ol>\n<li><strong>Esnekli\u011fi Geli\u015ftirir<\/strong>: Eklem ve kas esnekli\u011fini art\u0131r\u0131r.<\/li>\n<li><strong>Stresi Azalt\u0131r<\/strong>: Stresi azalt\u0131r ve rahatlamay\u0131 te\u015fvik eder.<\/li>\n<li><strong>Enerjiyi<\/strong> Art\u0131r\u0131r: Enerji seviyelerini ve zihinsel berrakl\u0131\u011f\u0131 art\u0131r\u0131r.<\/li>\n<li><strong>A\u011fr\u0131 Giderici<\/strong>: Kronik a\u011fr\u0131lar\u0131 ve kas a\u011fr\u0131lar\u0131n\u0131 hafifletir.<\/li>\n<li><strong>Dola\u015f\u0131m\u0131 Geli\u015ftirir<\/strong>: Kan ve lenfatik dola\u015f\u0131m\u0131 iyile\u015ftirir.<\/li>\n<li><strong>Enerjiyi Dengeler<\/strong>: V\u00fccut enerjisinin dengelenmesini destekler.<\/li>\n<\/ol>\n<h3>Neden Thai Masaj\u0131n\u0131 Se\u00e7melisiniz?<\/h3>\n<p>Fiziksel ve enerjik faydalar\u0131n e\u015fsiz kombinasyonu i\u00e7in Thai Masaj\u0131n\u0131 se\u00e7in. Bu terap\u00f6tik yakla\u015f\u0131m sadece fiziksel rahats\u0131zl\u0131\u011f\u0131 gidermekle kalmaz, ayn\u0131 zamanda genel refah\u0131 da art\u0131r\u0131r. Fiziksel, zihinsel ve ruhsal sa\u011fl\u0131\u011f\u0131 b\u00fct\u00fcnle\u015ftiren b\u00fct\u00fcnsel bir terapi arayanlar i\u00e7in ideal bir se\u00e7imdir.<\/p>\n<h3>\u00d6neriler<\/h3>\n<ul>\n<li>Kas sertli\u011fi ve eklem a\u011fr\u0131s\u0131 ya\u015fayanlar i\u00e7in uygundur.<\/li>\n<li>Esnekli\u011fi ve enerji ak\u0131\u015f\u0131n\u0131 geli\u015ftirmek isteyen bireyler i\u00e7in idealdir.<\/li>\n<li>Derinlemesine rahatlat\u0131c\u0131 ve b\u00fct\u00fcnsel bir \u015fifa deneyimi arayanlar i\u00e7in faydal\u0131d\u0131r.<\/li>\n<\/ul>\n<h3>Nakee Massage &amp; Spa&#8217;da Thai Masaj\u0131n\u0131 Deneyimleyin<\/h3>\n<p>Nakee Massage &amp; Spa&#8217;da en iyi ve en otantik Thai Masaj\u0131n\u0131 deneyimleyin. Yetenekli terapistlerimiz, kapsaml\u0131 bir \u015fifa deneyimi sunmak i\u00e7in geleneksel teknikler konusunda e\u011fitim alm\u0131\u015ft\u0131r. \u0130ster kas gerginli\u011finden kurtulmak, ister esnekli\u011finizi art\u0131rmak ya da enerjinizi dengelemek isteyin, Thai Masaj\u0131m\u0131z derin faydalar sa\u011flar. Sakin spa ortam\u0131 rahatlamay\u0131 art\u0131rarak kendinizi canlanm\u0131\u015f ve dengeli hissetmenizi sa\u011flar.<\/p>\n","protected":false},"excerpt":{"rendered":"<p>Nakee Massage &amp; Spa&#8217;da en iyi ve en otantik Thai Masaj\u0131n\u0131 deneyimleyin. Yetenekli terapistlerimiz, derinlemesine rahatlat\u0131c\u0131 ve gen\u00e7le\u015ftirici bir deneyim sa\u011flamak i\u00e7in geleneksel teknikleri kullanmaktad\u0131r. Thai Masaj\u0131, esnekli\u011fi art\u0131rmak, kas gerginli\u011fini hafifletmek ve genel refah\u0131 iyile\u015ftirmek i\u00e7in akupres\u00fcr, derin germe ve ritmik s\u0131k\u0131\u015ft\u0131rmay\u0131 birle\u015ftirir. M\u00fcmk\u00fcn olan en iyi sonu\u00e7lar i\u00e7in ihtiya\u00e7lar\u0131n\u0131za g\u00f6re uyarlanm\u0131\u015f otantik Tay Masaj\u0131m\u0131zla en \u00fcst d\u00fczeyde rahatlaman\u0131n keyfini \u00e7\u0131kar\u0131n. Nakee Massage &amp; Spa&#8217;n\u0131n neden b\u00f6lgedeki en iyi Thai Masaj\u0131 deneyimini sundu\u011funu ke\u015ffedin.<\/p>\n","protected":false},"featured_media":13001,"template":"","meta":{"_acf_changed":false,"wds_primary_product_brand":0,"wds_primary_product_cat":0},"product_brand":[],"product_cat":[143],"product_tag":[495,881,758,499,790,777,497,490,488,489,486,500,491,496,498,842,487,493,492,494],"class_list":{"0":"post-3610","1":"product","2":"type-product","3":"status-publish","4":"has-post-thumbnail","6":"product_cat-masajlar","7":"product_tag-yakinimdaki-en-iyi-masaj","8":"product_tag-bo-phut-tayland-masaji","9":"product_tag-bo-phutta-en-iyi-masaj","10":"product_tag-chawengdeki-en-iyi-masaj","11":"product_tag-choengmon-tayland-masaji","12":"product_tag-choengmonda-en-iyi-masaj","13":"product_tag-en-iyi-masaj-chaweng","14":"product_tag-en-iyi-masaj-koh-samui","15":"product_tag-koh-samui-masaj-fiyatlari","16":"product_tag-koh-samui-masaj-salonu","17":"product_tag-koh-samui-masaji","18":"product_tag-koh-samui-taylandda-masaj","19":"product_tag-koh-samui-thai-masaji","20":"product_tag-koh-samuide-masaj","21":"product_tag-koh-samuideki-en-iyi-masaj","22":"product_tag-masaj-salonu","23":"product_tag-thai-masaji-koh-samui","24":"product_tag-tum-vucut-masaji","25":"product_tag-vucut-masaji-koh-samui","26":"product_tag-yakinimdaki-thai-masaji","27":"pa_duration-120-dakika","28":"pa_duration-60-dakika","29":"pa_duration-90-dakika","30":"pa_massage-thai-masaji","31":"pa_menu-category-geleneksel-tay-terapileri","32":"pa_types-stretch-thai-stili","34":"first","35":"instock","36":"shipping-taxable","37":"purchasable","38":"product-type-variable"},"acf":[],"_links":{"self":[{"href":"https:\/\/www.nakee.spa\/tr\/wp-json\/wp\/v2\/product\/3610","targetHints":{"allow":["GET"]}}],"collection":[{"href":"https:\/\/www.nakee.spa\/tr\/wp-json\/wp\/v2\/product"}],"about":[{"href":"https:\/\/www.nakee.spa\/tr\/wp-json\/wp\/v2\/types\/product"}],"wp:featuredmedia":[{"embeddable":true,"href":"https:\/\/www.nakee.spa\/tr\/wp-json\/wp\/v2\/media\/13001"}],"wp:attachment":[{"href":"https:\/\/www.nakee.spa\/tr\/wp-json\/wp\/v2\/media?parent=3610"}],"wp:term":[{"taxonomy":"product_brand","embeddable":true,"href":"https:\/\/www.nakee.spa\/tr\/wp-json\/wp\/v2\/product_brand?post=3610"},{"taxonomy":"product_cat","embeddable":true,"href":"https:\/\/www.nakee.spa\/tr\/wp-json\/wp\/v2\/product_cat?post=3610"},{"taxonomy":"product_tag","embeddable":true,"href":"https:\/\/www.nakee.spa\/tr\/wp-json\/wp\/v2\/product_tag?post=3610"}],"curies":[{"name":"wp","href":"https:\/\/api.w.org\/{rel}","templated":true}]}}