{"id":3638,"date":"2024-07-11T09:14:03","date_gmt":"2024-07-11T09:14:03","guid":{"rendered":"https:\/\/www.nakee.spa\/product\/hindistan-cevizi-yagi-masaji\/"},"modified":"2025-11-14T01:51:19","modified_gmt":"2025-11-13T18:51:19","slug":"hindistan-cevizi-yagi-masaji","status":"publish","type":"product","link":"https:\/\/www.nakee.spa\/tr\/\u00fcr\u00fcn\/hindistan-cevizi-yagi-masaji\/","title":{"rendered":"Hindistan Cevizi Ya\u011f\u0131 Masaj\u0131"},"content":{"rendered":"<h3>Hindistan Cevizi Ya\u011f\u0131 Masaj\u0131 Nedir?<\/h3>\n<p>Hindistan Cevizi Ya\u011f\u0131 Masaj\u0131, geleneksel bir masaj\u0131n faydalar\u0131n\u0131 art\u0131rmak i\u00e7in saf, do\u011fal hindistan cevizi ya\u011f\u0131 kullanan terap\u00f6tik bir tedavidir. Bu masaj t\u00fcr\u00fc, yat\u0131\u015ft\u0131r\u0131c\u0131 vuru\u015flar\u0131 ve yo\u011furma tekniklerini hindistan cevizi ya\u011f\u0131n\u0131n nemlendirici ve besleyici \u00f6zellikleriyle birle\u015ftirerek derinlemesine rahatlat\u0131c\u0131 ve gen\u00e7le\u015ftirici bir deneyim sa\u011flar. Hindistan cevizi ya\u011f\u0131 cilt taraf\u0131ndan emilir, temel besinleri sa\u011flar ve cildin yumu\u015fak ve nemli hissetmesini sa\u011flar.<\/p>\n<h3>Hindistan Cevizi Ya\u011f\u0131 Masaj\u0131n\u0131n Faydalar\u0131<\/h3>\n<ol>\n<li><strong>Nemlendirme<\/strong>: Cildi derinlemesine nemlendirir, yumu\u015fak ve p\u00fcr\u00fczs\u00fcz b\u0131rak\u0131r.<\/li>\n<li><strong>Besleyici<\/strong>: Sa\u011fl\u0131kl\u0131 cildi destekleyen temel besinleri sa\u011flar.<\/li>\n<li><strong>Rahatlama<\/strong>: Stresi azalt\u0131r ve genel rahatlamay\u0131 destekler.<\/li>\n<li><strong>A\u011fr\u0131<\/strong> Kesici: Kas gerginli\u011fini ve a\u011fr\u0131y\u0131 hafifletir.<\/li>\n<li><strong>Geli\u015ftirilmi\u015f Dola\u015f\u0131m<\/strong>: Kan ak\u0131\u015f\u0131n\u0131 ve lenfatik drenaj\u0131 art\u0131r\u0131r.<\/li>\n<li><strong>Anti-inflamatuar<\/strong>: Hindistan cevizi ya\u011f\u0131, iltihaplanmay\u0131 ve \u015fi\u015fli\u011fi azaltmaya yard\u0131mc\u0131 olabilecek do\u011fal anti-enflamatuar \u00f6zelliklere sahiptir.<\/li>\n<\/ol>\n<h3>Neden Hindistan Cevizi Ya\u011f\u0131 Masaj\u0131n\u0131 Se\u00e7melisiniz?<\/h3>\n<p>Nemlendirme ve rahatlaman\u0131n e\u015fsiz kombinasyonu i\u00e7in Hindistan Cevizi Ya\u011f\u0131 Masaj\u0131n\u0131 se\u00e7in. Hindistan cevizi ya\u011f\u0131n\u0131n do\u011fal \u00f6zellikleri masaj deneyimini zenginle\u015ftirir ve sadece v\u00fccudu rahatlatmakla kalmay\u0131p ayn\u0131 zamanda cildi de besleyen bir tedavi arayanlar i\u00e7in m\u00fckemmeldir. Bu masaj, cilt sa\u011fl\u0131\u011f\u0131n\u0131 iyile\u015ftirmek ve derin bir rahatlama hali elde etmek isteyen herkes i\u00e7in idealdir.<\/p>\n<h3>\u00d6neriler<\/h3>\n<ul>\n<li>Kuru veya hassas ciltler i\u00e7in m\u00fckemmeldir.<\/li>\n<li>Rahatlama ile cilt beslenmesini birle\u015ftirmek isteyenler i\u00e7in idealdir.<\/li>\n<li>V\u00fccut ovma veya y\u00fcz bak\u0131m\u0131 gibi ek spa uygulamalar\u0131yla zenginle\u015ftirilebilir.<\/li>\n<\/ul>\n<h3>Nakee Massage &amp; Spa&#8217;da Hindistan Cevizi Ya\u011f\u0131 Masaj\u0131n\u0131 Deneyimleyin<\/h3>\n<p>Koh Samui adas\u0131ndan gelen y\u00fcksek kaliteli, ev yap\u0131m\u0131 hindistan cevizi ya\u011f\u0131 kulland\u0131\u011f\u0131m\u0131z Nakee Massage &amp; Spa&#8217;da en iyi Hindistan Cevizi Ya\u011f\u0131 Masaj\u0131n\u0131 deneyimleyin. Yetenekli terapistlerimiz rahatlat\u0131c\u0131 ve gen\u00e7le\u015ftirici bir deneyim sunarak cildinizi nemlendirir ve zihninizi rahatlat\u0131r. Hindistan cevizi ya\u011f\u0131n\u0131n ho\u015f kokusu genel rahatlamay\u0131 art\u0131rarak masaj\u0131n\u0131z\u0131 daha da keyifli hale getirir.<\/p>\n","protected":false},"excerpt":{"rendered":"<p>Hindistan Cevizi Ya\u011f\u0131 Masaj\u0131, yat\u0131\u015ft\u0131r\u0131c\u0131 masaj tekniklerini saf, do\u011fal hindistan cevizi ya\u011f\u0131n\u0131n nemlendirici ve besleyici \u00f6zellikleriyle birle\u015ftirir. Bu bak\u0131m rahatlamay\u0131 te\u015fvik eder, kas gerginli\u011fini azalt\u0131r ve cildin yumu\u015fak ve nemli hissetmesini sa\u011flar.<\/p>\n","protected":false},"featured_media":1095,"template":"","meta":{"_acf_changed":false,"wds_primary_product_brand":0,"wds_primary_product_cat":0},"product_brand":[],"product_cat":[143],"product_tag":[495,881,758,499,790,777,497,490,488,489,486,500,491,496,498,842,487,493,492,494],"class_list":{"0":"post-3638","1":"product","2":"type-product","3":"status-publish","4":"has-post-thumbnail","6":"product_cat-masajlar","7":"product_tag-yakinimdaki-en-iyi-masaj","8":"product_tag-bo-phut-tayland-masaji","9":"product_tag-bo-phutta-en-iyi-masaj","10":"product_tag-chawengdeki-en-iyi-masaj","11":"product_tag-choengmon-tayland-masaji","12":"product_tag-choengmonda-en-iyi-masaj","13":"product_tag-en-iyi-masaj-chaweng","14":"product_tag-en-iyi-masaj-koh-samui","15":"product_tag-koh-samui-masaj-fiyatlari","16":"product_tag-koh-samui-masaj-salonu","17":"product_tag-koh-samui-masaji","18":"product_tag-koh-samui-taylandda-masaj","19":"product_tag-koh-samui-thai-masaji","20":"product_tag-koh-samuide-masaj","21":"product_tag-koh-samuideki-en-iyi-masaj","22":"product_tag-masaj-salonu","23":"product_tag-thai-masaji-koh-samui","24":"product_tag-tum-vucut-masaji","25":"product_tag-vucut-masaji-koh-samui","26":"product_tag-yakinimdaki-thai-masaji","27":"pa_duration-120-dakika","28":"pa_duration-60-dakika","29":"pa_duration-90-dakika","30":"pa_massage-hindistan-cevizi-yagi","31":"pa_menu-category-yag-ve-aroma-ile-rahatlama","32":"pa_types-rahatlayin-sakinlesin","34":"first","35":"instock","36":"shipping-taxable","37":"purchasable","38":"product-type-variable"},"acf":[],"_links":{"self":[{"href":"https:\/\/www.nakee.spa\/tr\/wp-json\/wp\/v2\/product\/3638","targetHints":{"allow":["GET"]}}],"collection":[{"href":"https:\/\/www.nakee.spa\/tr\/wp-json\/wp\/v2\/product"}],"about":[{"href":"https:\/\/www.nakee.spa\/tr\/wp-json\/wp\/v2\/types\/product"}],"wp:featuredmedia":[{"embeddable":true,"href":"https:\/\/www.nakee.spa\/tr\/wp-json\/wp\/v2\/media\/1095"}],"wp:attachment":[{"href":"https:\/\/www.nakee.spa\/tr\/wp-json\/wp\/v2\/media?parent=3638"}],"wp:term":[{"taxonomy":"product_brand","embeddable":true,"href":"https:\/\/www.nakee.spa\/tr\/wp-json\/wp\/v2\/product_brand?post=3638"},{"taxonomy":"product_cat","embeddable":true,"href":"https:\/\/www.nakee.spa\/tr\/wp-json\/wp\/v2\/product_cat?post=3638"},{"taxonomy":"product_tag","embeddable":true,"href":"https:\/\/www.nakee.spa\/tr\/wp-json\/wp\/v2\/product_tag?post=3638"}],"curies":[{"name":"wp","href":"https:\/\/api.w.org\/{rel}","templated":true}]}}