{"id":5455,"date":"2024-07-06T09:26:59","date_gmt":"2024-07-06T09:26:59","guid":{"rendered":"https:\/\/www.nakee.spa\/product\/yag-masaji\/"},"modified":"2025-11-14T01:55:27","modified_gmt":"2025-11-13T18:55:27","slug":"yag-masaji","status":"publish","type":"product","link":"https:\/\/www.nakee.spa\/tr\/\u00fcr\u00fcn\/yag-masaji\/","title":{"rendered":"Ya\u011f Masaj\u0131"},"content":{"rendered":"<h3>Ya\u011f Masaj\u0131 Nedir?<\/h3>\n<p>Ya\u011f Masaj\u0131, terapistin ellerinin v\u00fccut \u00fczerinde kaymas\u0131n\u0131 geli\u015ftirmek i\u00e7in masaj ya\u011f\u0131 kullanan terap\u00f6tik bir tekniktir. Bu masaj t\u00fcr\u00fc, rahatlamay\u0131 te\u015fvik etmek, kas gerginli\u011fini azaltmak ve dola\u015f\u0131m\u0131 iyile\u015ftirmek i\u00e7in ya\u011flar\u0131n yat\u0131\u015ft\u0131r\u0131c\u0131 \u00f6zelliklerini geleneksel masaj teknikleriyle birle\u015ftirir. Kullan\u0131lan ya\u011flar, ek aromaterapi faydalar\u0131 sa\u011flamak i\u00e7in \u00e7e\u015fitli u\u00e7ucu ya\u011flarla a\u015f\u0131lanabilir.  <\/p>\n<h3>Ya\u011f Masaj\u0131n\u0131n Faydalar\u0131<\/h3>\n<ol>\n<li><strong>Rahatlama<\/strong>: Bedeni ve zihni derinlemesine rahatlat\u0131r.<\/li>\n<li><strong>Kas Rahatlat\u0131c\u0131<\/strong>: Kas gerginli\u011fini ve a\u011fr\u0131s\u0131n\u0131 azalt\u0131r.<\/li>\n<li><strong>Cilt Sa\u011fl\u0131\u011f\u0131<\/strong>: Cildi besler ve nemlendirir.<\/li>\n<li><strong>Geli\u015ftirilmi\u015f Dola\u015f\u0131m<\/strong>: Kan ak\u0131\u015f\u0131n\u0131 ve lenfatik drenaj\u0131 art\u0131r\u0131r.<\/li>\n<li><strong>Stres Azaltma<\/strong>: Stres ve kayg\u0131y\u0131 hafifletir.<\/li>\n<li><strong>Aromaterapinin Faydalar\u0131<\/strong>: U\u00e7ucu ya\u011flar\u0131n kullan\u0131m\u0131 yoluyla terap\u00f6tik faydalar sa\u011flar.<\/li>\n<\/ol>\n<h3>Neden Ya\u011f Masaj\u0131n\u0131 Se\u00e7melisiniz?<\/h3>\n<p>Derin rahatlama, geli\u015fmi\u015f cilt sa\u011fl\u0131\u011f\u0131 ve stres giderme gibi kapsaml\u0131 faydalar\u0131 i\u00e7in Ya\u011f Masaj\u0131n\u0131 se\u00e7in. Bu masaj, hem bedeni hem de zihni gev\u015fetmek ve gen\u00e7le\u015ftirmek isteyenler i\u00e7in m\u00fckemmeldir. Ya\u011f kullan\u0131m\u0131 daha yumu\u015fak ve daha ak\u0131c\u0131 hareketlere olanak tan\u0131yarak genel masaj deneyimini geli\u015ftirir.  <\/p>\n<h3>\u00d6neriler<\/h3>\n<ul>\n<li>Rahatlama ve stres atma aray\u0131\u015f\u0131nda olanlar i\u00e7in idealdir.<\/li>\n<li>Ya\u011flar\u0131n nemlendirici \u00f6zelliklerinden dolay\u0131 kuru veya hassas ciltler i\u00e7in faydal\u0131d\u0131r.<\/li>\n<li>Aromaterapi ilavesiyle genel spa deneyimini geli\u015ftirmek i\u00e7in m\u00fckemmeldir.<\/li>\n<\/ul>\n<h3>Nakee Massage &amp; Spa&#8217;da Ya\u011f Masaj\u0131n\u0131 Deneyimleyin<\/h3>\n<p>Nakee Massage &amp; Spa&#8217;da en iyi Ya\u011f Masaj\u0131n\u0131 deneyimleyin. Yetenekli terapistlerimiz, rahatlat\u0131c\u0131 ve tedavi edici bir masaj deneyimi sa\u011flamak i\u00e7in y\u00fcksek kaliteli ya\u011flar kullan\u0131r. \u0130ster kas gerginli\u011fini azaltmak, ister cildinizi nemlendirmek veya sadece rahatlamak isteyin, Ya\u011f Masaj\u0131m\u0131z m\u00fckemmel bir \u00e7\u00f6z\u00fcm sunar. Sakinle\u015ftirici ortam ve uzman teknikler, kendinizi yenilenmi\u015f ve gen\u00e7le\u015fmi\u015f hissetmenizi sa\u011flar.   <\/p>\n","protected":false},"excerpt":{"rendered":"<p>Nakee Massage &amp; Spa&#8217;da en iyi ve en otantik Ya\u011f Masaj\u0131n\u0131 deneyimleyin. Yetenekli terapistlerimiz, derinlemesine rahatlat\u0131c\u0131 ve gen\u00e7le\u015ftirici bir deneyim sunmak i\u00e7in birinci s\u0131n\u0131f do\u011fal ya\u011flar kullan\u0131r. Bu masaj sadece kas gerginli\u011fini hafifletmek ve dola\u015f\u0131m\u0131 iyile\u015ftirmekle kalmaz, ayn\u0131 zamanda cildinizi beslenmi\u015f ve nemlenmi\u015f hissetmenizi sa\u011flar. M\u00fcmk\u00fcn olan en iyi sonu\u00e7lar i\u00e7in ihtiya\u00e7lar\u0131n\u0131za g\u00f6re uyarlanm\u0131\u015f otantik Ya\u011f Masaj\u0131m\u0131zla en \u00fcst d\u00fczeyde rahatlaman\u0131n keyfini \u00e7\u0131kar\u0131n.   <\/p>\n","protected":false},"featured_media":13026,"template":"","meta":{"_acf_changed":false,"wds_primary_product_brand":0,"wds_primary_product_cat":0},"product_brand":[],"product_cat":[143],"product_tag":[495,881,758,499,790,777,497,490,488,489,486,500,491,496,498,842,487,493,492,494],"class_list":{"0":"post-5455","1":"product","2":"type-product","3":"status-publish","4":"has-post-thumbnail","6":"product_cat-masajlar","7":"product_tag-yakinimdaki-en-iyi-masaj","8":"product_tag-bo-phut-tayland-masaji","9":"product_tag-bo-phutta-en-iyi-masaj","10":"product_tag-chawengdeki-en-iyi-masaj","11":"product_tag-choengmon-tayland-masaji","12":"product_tag-choengmonda-en-iyi-masaj","13":"product_tag-en-iyi-masaj-chaweng","14":"product_tag-en-iyi-masaj-koh-samui","15":"product_tag-koh-samui-masaj-fiyatlari","16":"product_tag-koh-samui-masaj-salonu","17":"product_tag-koh-samui-masaji","18":"product_tag-koh-samui-taylandda-masaj","19":"product_tag-koh-samui-thai-masaji","20":"product_tag-koh-samuide-masaj","21":"product_tag-koh-samuideki-en-iyi-masaj","22":"product_tag-masaj-salonu","23":"product_tag-thai-masaji-koh-samui","24":"product_tag-tum-vucut-masaji","25":"product_tag-vucut-masaji-koh-samui","26":"product_tag-yakinimdaki-thai-masaji","27":"pa_duration-120-dakika","28":"pa_duration-60-dakika","29":"pa_duration-90-dakika","30":"pa_massage-yag-masaji","31":"pa_menu-category-yag-ve-aroma-ile-rahatlama","32":"pa_types-rahatlayin-sakinlesin","34":"first","35":"instock","36":"shipping-taxable","37":"purchasable","38":"product-type-variable"},"acf":[],"_links":{"self":[{"href":"https:\/\/www.nakee.spa\/tr\/wp-json\/wp\/v2\/product\/5455","targetHints":{"allow":["GET"]}}],"collection":[{"href":"https:\/\/www.nakee.spa\/tr\/wp-json\/wp\/v2\/product"}],"about":[{"href":"https:\/\/www.nakee.spa\/tr\/wp-json\/wp\/v2\/types\/product"}],"wp:featuredmedia":[{"embeddable":true,"href":"https:\/\/www.nakee.spa\/tr\/wp-json\/wp\/v2\/media\/13026"}],"wp:attachment":[{"href":"https:\/\/www.nakee.spa\/tr\/wp-json\/wp\/v2\/media?parent=5455"}],"wp:term":[{"taxonomy":"product_brand","embeddable":true,"href":"https:\/\/www.nakee.spa\/tr\/wp-json\/wp\/v2\/product_brand?post=5455"},{"taxonomy":"product_cat","embeddable":true,"href":"https:\/\/www.nakee.spa\/tr\/wp-json\/wp\/v2\/product_cat?post=5455"},{"taxonomy":"product_tag","embeddable":true,"href":"https:\/\/www.nakee.spa\/tr\/wp-json\/wp\/v2\/product_tag?post=5455"}],"curies":[{"name":"wp","href":"https:\/\/api.w.org\/{rel}","templated":true}]}}