{"id":6308,"date":"2024-07-10T13:28:57","date_gmt":"2024-07-10T13:28:57","guid":{"rendered":"https:\/\/www.nakee.spa\/product\/komple-yenileme-paketi\/"},"modified":"2025-11-14T01:56:00","modified_gmt":"2025-11-13T18:56:00","slug":"komple-yenileme-paketi","status":"publish","type":"product","link":"https:\/\/www.nakee.spa\/tr\/\u00fcr\u00fcn\/komple-yenileme-paketi\/","title":{"rendered":"Komple Yenileme Paketi"},"content":{"rendered":"<p><strong>Komple Yenileme Paketi nedir?<\/strong><\/p>\n<p>Komple Yenileme Paketi, t\u00fcm v\u00fccudunuzu gen\u00e7le\u015ftirmek i\u00e7in titizlikle tasarlanm\u0131\u015f en \u00fcst d\u00fczey spa deneyimidir. Bu premium pakette ayak peelingi, 60 dakikal\u0131k y\u00fcz peelingi, 60 dakikal\u0131k v\u00fccut peelingi ve 60 dakikal\u0131k hindistan cevizi ya\u011f\u0131 masaj\u0131 yer al\u0131r ve tepeden t\u0131rna\u011fa kapsaml\u0131 bir bak\u0131m sa\u011flar. <\/p>\n<p><strong>Komple Yenileme Paketinin Faydalar\u0131<\/strong><\/p>\n<ul>\n<li><strong>Ayak Ovma:<\/strong> Ayaklar\u0131n\u0131za peeling yapan ve canland\u0131ran ferahlat\u0131c\u0131 bir ayak peelingi ile ba\u015flar, ayaklar\u0131n\u0131z\u0131 p\u00fcr\u00fczs\u00fcz ve canlanm\u0131\u015f b\u0131rak\u0131r.<\/li>\n<li><strong>Y\u00fcz F\u0131r\u00e7alama:<\/strong> 60 dakikal\u0131k y\u00fcz peelingi cildinizi derinlemesine temizler ve peeling yapar, kirleri ve \u00f6l\u00fc cilt h\u00fccrelerini gidererek \u0131\u015f\u0131lt\u0131l\u0131 ve gen\u00e7 bir cilt ortaya \u00e7\u0131kar\u0131r.<\/li>\n<li><strong>V\u00fccut Peelingi:<\/strong> 60 dakikal\u0131k v\u00fccut peelingi, cildinizi canland\u0131rarak yumu\u015fak ve \u0131\u015f\u0131lt\u0131l\u0131 bir g\u00f6r\u00fcn\u00fcm kazand\u0131r\u0131r.<\/li>\n<li><strong>Hindistan Cevizi Ya\u011f\u0131 Masaj\u0131:<\/strong> Cildinizi derinlemesine besleyen, rahatlamay\u0131 art\u0131ran ve kas gerginli\u011fini yat\u0131\u015ft\u0131ran 60 dakikal\u0131k hindistan cevizi ya\u011f\u0131 masaj\u0131 ile son bulur.<\/li>\n<\/ul>\n<p><strong>Neden Eksiksiz Yenileme Paketini Se\u00e7melisiniz?<\/strong><\/p>\n<p>Bu paket, otantik ve l\u00fcks bir spa deneyimi arayanlar i\u00e7in en iyi se\u00e7imdir. Bak\u0131mlar\u0131n kombinasyonu, ayaklardan y\u00fcze kadar her b\u00f6lgeyi hedef alarak v\u00fccudunuzun tamamen yenilenmesini sa\u011flar. Hindistan cevizi ya\u011f\u0131 masaj\u0131 derin bir rahatlama ve stresten ar\u0131nma sa\u011flarken, cildiniz p\u00fcr\u00fczs\u00fcz, \u0131\u015f\u0131lt\u0131l\u0131 ve gen\u00e7le\u015fmi\u015f olacakt\u0131r. Eksiksiz Yenileme Paketi, g\u00fczellik ve zindeli\u011fin en iyisiyle \u015f\u0131marmak isteyen herkes i\u00e7in m\u00fckemmeldir ve yat\u0131r\u0131m yapmaya de\u011ferdir.   <\/p>\n<p><strong>Nakee Hindistan Cevizi Ya\u011f\u0131 Hakk\u0131nda<\/strong> \u00d6zel hindistan cevizi <strong>ya\u011f\u0131m\u0131z<\/strong> Koh Samui adas\u0131nda yeti\u015fen hindistan cevizlerinden yap\u0131lmaktad\u0131r. Bu ev yap\u0131m\u0131, %100 do\u011fal, organik hindistan cevizi ya\u011f\u0131 saf ve otantik bir deneyim sa\u011flar. Ho\u015f kokusu rahatlamay\u0131 art\u0131r\u0131r ve masaj\u0131n\u0131z\u0131 daha da keyifli hale getirir.  <\/p>\n","protected":false},"excerpt":{"rendered":"<p>\u201cKomple Yenilenme\u201d paketimizle en iyi ve en otantik spa deneyimini ya\u015fay\u0131n. Bu kapsaml\u0131 bak\u0131m, canland\u0131r\u0131c\u0131 bir ayak peelingi, 60 dakikal\u0131k ferahlat\u0131c\u0131 bir y\u00fcz peelingi, 60 dakikal\u0131k gen\u00e7le\u015ftirici bir v\u00fccut peelingi ve 60 dakikal\u0131k rahatlat\u0131c\u0131 bir hindistan cevizi ya\u011f\u0131 masaj\u0131 i\u00e7erir. Cildinizi temizlemek, peeling yapmak ve beslemek i\u00e7in tasarlanan bu paket sizi tepeden t\u0131rna\u011fa yenilenmi\u015f ve \u0131\u015f\u0131lt\u0131l\u0131 hissettirecek. T\u00fcm v\u00fccudunuzu canland\u0131rmak i\u00e7in m\u00fckemmel olan \u201cKomple Yenileme\u201d paketimizle benzersiz bir rahatlama ve gen\u00e7le\u015fme deneyimi ya\u015fay\u0131n.   <\/p>\n","protected":false},"featured_media":961,"template":"","meta":{"_acf_changed":false,"wds_primary_product_brand":0,"wds_primary_product_cat":0},"product_brand":[],"product_cat":[467],"product_tag":[495,881,758,499,790,777,497,490,488,489,486,500,491,496,498,842,487,493,492,494],"class_list":{"0":"post-6308","1":"product","2":"type-product","3":"status-publish","4":"has-post-thumbnail","6":"product_cat-paketler","7":"product_tag-yakinimdaki-en-iyi-masaj","8":"product_tag-bo-phut-tayland-masaji","9":"product_tag-bo-phutta-en-iyi-masaj","10":"product_tag-chawengdeki-en-iyi-masaj","11":"product_tag-choengmon-tayland-masaji","12":"product_tag-choengmonda-en-iyi-masaj","13":"product_tag-en-iyi-masaj-chaweng","14":"product_tag-en-iyi-masaj-koh-samui","15":"product_tag-koh-samui-masaj-fiyatlari","16":"product_tag-koh-samui-masaj-salonu","17":"product_tag-koh-samui-masaji","18":"product_tag-koh-samui-taylandda-masaj","19":"product_tag-koh-samui-thai-masaji","20":"product_tag-koh-samuide-masaj","21":"product_tag-koh-samuideki-en-iyi-masaj","22":"product_tag-masaj-salonu","23":"product_tag-thai-masaji-koh-samui","24":"product_tag-tum-vucut-masaji","25":"product_tag-vucut-masaji-koh-samui","26":"product_tag-yakinimdaki-thai-masaji","27":"pa_duration-210-dakika","28":"pa_massage-hindistan-cevizi-yagi","29":"pa_massage-ovma","30":"pa_menu-category-vucut-guzellik-bakim-uygulamalari","31":"pa_types-puruzsuz-guzellik","33":"first","34":"instock","35":"shipping-taxable","36":"purchasable","37":"product-type-variable"},"acf":[],"_links":{"self":[{"href":"https:\/\/www.nakee.spa\/tr\/wp-json\/wp\/v2\/product\/6308","targetHints":{"allow":["GET"]}}],"collection":[{"href":"https:\/\/www.nakee.spa\/tr\/wp-json\/wp\/v2\/product"}],"about":[{"href":"https:\/\/www.nakee.spa\/tr\/wp-json\/wp\/v2\/types\/product"}],"wp:featuredmedia":[{"embeddable":true,"href":"https:\/\/www.nakee.spa\/tr\/wp-json\/wp\/v2\/media\/961"}],"wp:attachment":[{"href":"https:\/\/www.nakee.spa\/tr\/wp-json\/wp\/v2\/media?parent=6308"}],"wp:term":[{"taxonomy":"product_brand","embeddable":true,"href":"https:\/\/www.nakee.spa\/tr\/wp-json\/wp\/v2\/product_brand?post=6308"},{"taxonomy":"product_cat","embeddable":true,"href":"https:\/\/www.nakee.spa\/tr\/wp-json\/wp\/v2\/product_cat?post=6308"},{"taxonomy":"product_tag","embeddable":true,"href":"https:\/\/www.nakee.spa\/tr\/wp-json\/wp\/v2\/product_tag?post=6308"}],"curies":[{"name":"wp","href":"https:\/\/api.w.org\/{rel}","templated":true}]}}