{"id":6317,"date":"2024-07-11T08:49:55","date_gmt":"2024-07-11T08:49:55","guid":{"rendered":"https:\/\/www.nakee.spa\/product\/derin-doku-thai-masaji\/"},"modified":"2025-11-14T01:55:57","modified_gmt":"2025-11-13T18:55:57","slug":"derin-doku-thai-masaji","status":"publish","type":"product","link":"https:\/\/www.nakee.spa\/tr\/\u00fcr\u00fcn\/derin-doku-thai-masaji\/","title":{"rendered":"Derin Doku Masaj\u0131"},"content":{"rendered":"<h3>Derin Doku Thai Masaj\u0131 Nedir?<\/h3>\n<p>Derin Doku Thai Masaj\u0131, geleneksel Thai masaj\u0131n\u0131 derin doku manip\u00fclasyonu ile birle\u015ftiren terap\u00f6tik bir tekniktir. Bu masaj, yava\u015f, derin vuru\u015flar ve s\u00fcrekli bas\u0131n\u00e7 kullanarak kaslar\u0131n ve ba\u011f dokusunun daha derin katmanlar\u0131n\u0131 hedef al\u0131r. \u015eiddetli gerginli\u011fi gidermek, esnekli\u011fi art\u0131rmak ve genel kas sa\u011fl\u0131\u011f\u0131n\u0131 desteklemek i\u00e7in tasarlanm\u0131\u015ft\u0131r.  <\/p>\n<h3>Derin Doku Thai Masaj\u0131n\u0131n Faydalar\u0131<\/h3>\n<ol>\n<li><strong>A\u011fr\u0131 Giderici<\/strong>: Kronik kas a\u011fr\u0131s\u0131 ve gerginli\u011fini hafifletir.<\/li>\n<li><strong>Geli\u015ftirilmi\u015f Esneklik<\/strong>: Kas ve eklem esnekli\u011fini art\u0131r\u0131r.<\/li>\n<li><strong>Yaralanma \u0130yile\u015fmesi<\/strong>: Kas yaralanmalar\u0131n\u0131n iyile\u015fmesine yard\u0131mc\u0131 olur.<\/li>\n<li><strong>Azalt\u0131lm\u0131\u015f Stres<\/strong>: Stresi azalt\u0131r ve rahatlamay\u0131 te\u015fvik eder.<\/li>\n<li><strong>Geli\u015ftirilmi\u015f Dola\u015f\u0131m<\/strong>: Kan ak\u0131\u015f\u0131n\u0131 iyile\u015ftirir ve enflamasyonu azalt\u0131r.<\/li>\n<li><strong>Duru\u015f D\u00fczeltme<\/strong>: Kas gerginli\u011fini serbest b\u0131rakarak duru\u015f sorunlar\u0131n\u0131 d\u00fczeltmeye yard\u0131mc\u0131 olur.<\/li>\n<\/ol>\n<h3>Neden Derin Doku Thai Masaj\u0131n\u0131 Se\u00e7melisiniz?<\/h3>\n<p>Derin doku teknikleri ve geleneksel Tay esneme hareketlerinin e\u015fsiz kombinasyonu i\u00e7in Derin Doku Thai Masaj\u0131n\u0131 se\u00e7in. Bu masaj kronik a\u011fr\u0131s\u0131, kas gerginli\u011fi olan veya yaralanmalardan sonra iyile\u015fmekte olan ki\u015filer i\u00e7in idealdir. Ayr\u0131ca sporcular ve y\u00fcksek stres seviyesine sahip bireyler i\u00e7in de faydal\u0131d\u0131r.  <\/p>\n<h3>\u00d6neriler<\/h3>\n<ul>\n<li>Kronik kas gerginli\u011fi ve a\u011fr\u0131s\u0131 olanlar i\u00e7in uygundur.<\/li>\n<li>Sporcular veya aktif bireyler i\u00e7in idealdir.<\/li>\n<li>Yaralanmalardan kurtulmak ve stresi azaltmak i\u00e7in faydal\u0131d\u0131r.<\/li>\n<\/ul>\n<h3>Nakee Massage &amp; Spa&#8217;da Derin Doku Thai Masaj\u0131n\u0131 Deneyimleyin<\/h3>\n<p>Nakee Massage &amp; Spa&#8217;da en iyi Derin Doku Thai Masaj\u0131n\u0131 deneyimleyin. Yetenekli terapistlerimiz, terap\u00f6tik ve rahatlat\u0131c\u0131 bir deneyim sa\u011flamak i\u00e7in derin bas\u0131n\u00e7 ve Tay germe tekniklerinin bir kombinasyonunu kullan\u0131r. \u0130ster kronik a\u011fr\u0131larla u\u011fra\u015f\u0131yor, ister bir yaralanmadan kurtuluyor ya da sadece stresi azaltmak istiyor olun, Derin Doku Thai Masaj\u0131m\u0131z ihtiya\u00e7lar\u0131n\u0131z\u0131 kar\u015f\u0131lamak i\u00e7in \u00f6zel olarak tasarlanm\u0131\u015ft\u0131r.  <\/p>\n","protected":false},"excerpt":{"rendered":"<p>Derin Doku Thai Masaj\u0131, kronik a\u011fr\u0131lar\u0131 hafifletmek, esnekli\u011fi art\u0131rmak ve kas sa\u011fl\u0131\u011f\u0131n\u0131 geli\u015ftirmek i\u00e7in derin bas\u0131n\u00e7 tekniklerini ve geleneksel Thai esneme hareketlerini birle\u015ftirir.<\/p>\n","protected":false},"featured_media":13016,"template":"","meta":{"_acf_changed":false,"wds_primary_product_brand":0,"wds_primary_product_cat":0},"product_brand":[],"product_cat":[143],"product_tag":[495,881,758,499,790,777,497,490,488,489,486,500,491,496,498,842,487,493,492,494],"class_list":{"0":"post-6317","1":"product","2":"type-product","3":"status-publish","4":"has-post-thumbnail","6":"product_cat-masajlar","7":"product_tag-yakinimdaki-en-iyi-masaj","8":"product_tag-bo-phut-tayland-masaji","9":"product_tag-bo-phutta-en-iyi-masaj","10":"product_tag-chawengdeki-en-iyi-masaj","11":"product_tag-choengmon-tayland-masaji","12":"product_tag-choengmonda-en-iyi-masaj","13":"product_tag-en-iyi-masaj-chaweng","14":"product_tag-en-iyi-masaj-koh-samui","15":"product_tag-koh-samui-masaj-fiyatlari","16":"product_tag-koh-samui-masaj-salonu","17":"product_tag-koh-samui-masaji","18":"product_tag-koh-samui-taylandda-masaj","19":"product_tag-koh-samui-thai-masaji","20":"product_tag-koh-samuide-masaj","21":"product_tag-koh-samuideki-en-iyi-masaj","22":"product_tag-masaj-salonu","23":"product_tag-thai-masaji-koh-samui","24":"product_tag-tum-vucut-masaji","25":"product_tag-vucut-masaji-koh-samui","26":"product_tag-yakinimdaki-thai-masaji","27":"pa_duration-120-dakika","28":"pa_duration-60-dakika","29":"pa_duration-90-dakika","30":"pa_massage-thai-masaji","31":"pa_menu-category-uzmanlasmis-vucut-calismasi","32":"pa_types-kas-agrisi-giderici","34":"first","35":"instock","36":"shipping-taxable","37":"purchasable","38":"product-type-variable"},"acf":[],"_links":{"self":[{"href":"https:\/\/www.nakee.spa\/tr\/wp-json\/wp\/v2\/product\/6317","targetHints":{"allow":["GET"]}}],"collection":[{"href":"https:\/\/www.nakee.spa\/tr\/wp-json\/wp\/v2\/product"}],"about":[{"href":"https:\/\/www.nakee.spa\/tr\/wp-json\/wp\/v2\/types\/product"}],"wp:featuredmedia":[{"embeddable":true,"href":"https:\/\/www.nakee.spa\/tr\/wp-json\/wp\/v2\/media\/13016"}],"wp:attachment":[{"href":"https:\/\/www.nakee.spa\/tr\/wp-json\/wp\/v2\/media?parent=6317"}],"wp:term":[{"taxonomy":"product_brand","embeddable":true,"href":"https:\/\/www.nakee.spa\/tr\/wp-json\/wp\/v2\/product_brand?post=6317"},{"taxonomy":"product_cat","embeddable":true,"href":"https:\/\/www.nakee.spa\/tr\/wp-json\/wp\/v2\/product_cat?post=6317"},{"taxonomy":"product_tag","embeddable":true,"href":"https:\/\/www.nakee.spa\/tr\/wp-json\/wp\/v2\/product_tag?post=6317"}],"curies":[{"name":"wp","href":"https:\/\/api.w.org\/{rel}","templated":true}]}}