{"id":6429,"date":"2024-07-11T09:08:09","date_gmt":"2024-07-11T09:08:09","guid":{"rendered":"https:\/\/www.nakee.spa\/product\/yag-masaji-ile-thai\/"},"modified":"2025-11-14T01:51:14","modified_gmt":"2025-11-13T18:51:14","slug":"yag-masaji-ile-thai","status":"publish","type":"product","link":"https:\/\/www.nakee.spa\/tr\/\u00fcr\u00fcn\/yag-masaji-ile-thai\/","title":{"rendered":"Ya\u011f Masaj\u0131 ile Thai"},"content":{"rendered":"<h3>Thai Ya\u011f Masaj\u0131 Nedir?<\/h3>\n<p>Ya\u011fl\u0131 Thai Masaj\u0131, geleneksel Thai masaj teknikleri ile masaj ya\u011f\u0131n\u0131n yat\u0131\u015ft\u0131r\u0131c\u0131 \u00f6zelliklerinin e\u015fsiz bir kar\u0131\u015f\u0131m\u0131d\u0131r. Bu tedavi derin esneme, akupres\u00fcr ve ritmik kompresyonlar\u0131 ya\u011f\u0131n nemlendirici ve rahatlat\u0131c\u0131 faydalar\u0131yla birle\u015ftirir. Sonu\u00e7 olarak v\u00fccudu rahatlatan, kas gerginli\u011fini azaltan ve cilt sa\u011fl\u0131\u011f\u0131n\u0131 iyile\u015ftiren kapsaml\u0131 bir terapi ortaya \u00e7\u0131kar.  <\/p>\n<h3>Thai Ya\u011f Masaj\u0131n\u0131n Faydalar\u0131<\/h3>\n<ol>\n<li><strong>Geli\u015ftirilmi\u015f Esneklik<\/strong>: Esneme teknikleri eklem ve kas esnekli\u011fini art\u0131r\u0131r.<\/li>\n<li><strong>Derin Rahatlama<\/strong>: Ya\u011f, kaslar\u0131n ve zihnin rahatlamas\u0131na yard\u0131mc\u0131 olur.<\/li>\n<li><strong>Nemlendirilmi\u015f Cilt<\/strong>: Ya\u011f derinlemesine nemlendirme sa\u011flayarak cildi yumu\u015fak ve p\u00fcr\u00fczs\u00fcz b\u0131rak\u0131r.<\/li>\n<li><strong>A\u011fr\u0131 Giderici<\/strong>: Kronik a\u011fr\u0131lar\u0131 ve kas gerginli\u011fini hafifletir.<\/li>\n<li><strong>Geli\u015ftirilmi\u015f Dola\u015f\u0131m<\/strong>: Kan ak\u0131\u015f\u0131n\u0131 ve lenfatik drenaj\u0131 art\u0131r\u0131r.<\/li>\n<li><strong>Stres Azaltma<\/strong>: Zihinsel berrakl\u0131\u011f\u0131 te\u015fvik eder ve stres seviyelerini azalt\u0131r.<\/li>\n<\/ol>\n<h3>Neden Thai Ya\u011f Masaj\u0131n\u0131 Se\u00e7melisiniz?<\/h3>\n<p>Geleneksel Tay teknikleri ve ya\u011f\u0131n yat\u0131\u015ft\u0131r\u0131c\u0131 \u00f6zelliklerinin e\u015fsiz kombinasyonu i\u00e7in Ya\u011fl\u0131 Thai Masaj\u0131n\u0131 se\u00e7in. Bu masaj sadece esnekli\u011fi ve kas sa\u011fl\u0131\u011f\u0131n\u0131 iyile\u015ftirmekle kalmaz, ayn\u0131 zamanda cilt durumunu iyile\u015ftirir ve derinlemesine rahatlat\u0131c\u0131 bir deneyim sa\u011flar. Kas gerginli\u011fini azaltmak, esnekli\u011fi art\u0131rmak ve masaj ya\u011f\u0131n\u0131n terap\u00f6tik faydalar\u0131ndan yararlanmak isteyenler i\u00e7in ideal bir se\u00e7imdir.  <\/p>\n<h3>\u00d6neriler<\/h3>\n<ul>\n<li>Hem geleneksel Tay masaj\u0131ndan hem de ya\u011f masaj\u0131n\u0131n faydalar\u0131ndan ho\u015flananlar i\u00e7in idealdir.<\/li>\n<li>Ekstra nemlendirmeye ihtiya\u00e7 duyan kuru veya hassas cilde sahip ki\u015filer i\u00e7in m\u00fckemmeldir.<\/li>\n<li>Kapsaml\u0131 bir spa deneyimi i\u00e7in ayak peelingi veya y\u00fcz bak\u0131m\u0131 gibi di\u011fer bak\u0131mlarla birle\u015ftirilebilir.<\/li>\n<\/ul>\n<h3>Nakee Massage &amp; Spa&#8217;da Ya\u011fl\u0131 Thai Masaj\u0131n\u0131 Deneyimleyin<\/h3>\n<p>Nakee Massage &amp; Spa&#8217;da en iyi Thai Ya\u011f Masaj\u0131n\u0131 deneyimleyin. Yetenekli terapistlerimiz, v\u00fccudu rahatlatan, kas gerginli\u011fini hafifleten ve cildinizi nemlenmi\u015f ve gen\u00e7le\u015fmi\u015f hissettiren bir tedavi sa\u011flamak i\u00e7in geleneksel Tay tekniklerini y\u00fcksek kaliteli masaj ya\u011flar\u0131yla harmanlamaktad\u0131r. Ya\u011f\u0131n yat\u0131\u015ft\u0131r\u0131c\u0131 faydalar\u0131yla birlikte Tay masaj\u0131n\u0131n otantik deneyiminin tad\u0131n\u0131 \u00e7\u0131kar\u0131n.  <\/p>\n","protected":false},"excerpt":{"rendered":"<p>Ya\u011fl\u0131 Thai Masaj\u0131, geleneksel Thai masaj tekniklerini masaj ya\u011f\u0131n\u0131n nemlendirici ve rahatlat\u0131c\u0131 \u00f6zellikleriyle birle\u015ftirir. Bu bak\u0131m esnekli\u011fi art\u0131r\u0131r, kas gerginli\u011fini giderir ve cilt sa\u011fl\u0131\u011f\u0131n\u0131 iyile\u015ftirir. <\/p>\n","protected":false},"featured_media":13003,"template":"","meta":{"_acf_changed":false,"wds_primary_product_brand":0,"wds_primary_product_cat":0},"product_brand":[],"product_cat":[143],"product_tag":[495,881,758,499,790,777,497,490,488,489,486,500,491,496,498,842,487,493,492,494],"class_list":{"0":"post-6429","1":"product","2":"type-product","3":"status-publish","4":"has-post-thumbnail","6":"product_cat-masajlar","7":"product_tag-yakinimdaki-en-iyi-masaj","8":"product_tag-bo-phut-tayland-masaji","9":"product_tag-bo-phutta-en-iyi-masaj","10":"product_tag-chawengdeki-en-iyi-masaj","11":"product_tag-choengmon-tayland-masaji","12":"product_tag-choengmonda-en-iyi-masaj","13":"product_tag-en-iyi-masaj-chaweng","14":"product_tag-en-iyi-masaj-koh-samui","15":"product_tag-koh-samui-masaj-fiyatlari","16":"product_tag-koh-samui-masaj-salonu","17":"product_tag-koh-samui-masaji","18":"product_tag-koh-samui-taylandda-masaj","19":"product_tag-koh-samui-thai-masaji","20":"product_tag-koh-samuide-masaj","21":"product_tag-koh-samuideki-en-iyi-masaj","22":"product_tag-masaj-salonu","23":"product_tag-thai-masaji-koh-samui","24":"product_tag-tum-vucut-masaji","25":"product_tag-vucut-masaji-koh-samui","26":"product_tag-yakinimdaki-thai-masaji","27":"pa_duration-120-dakika","28":"pa_duration-60-dakika","29":"pa_duration-90-dakika","30":"pa_massage-thai-masaji","31":"pa_massage-yag-masaji","32":"pa_menu-category-geleneksel-tay-terapileri","33":"pa_types-stretch-thai-stili","35":"first","36":"instock","37":"shipping-taxable","38":"purchasable","39":"product-type-variable"},"acf":[],"_links":{"self":[{"href":"https:\/\/www.nakee.spa\/tr\/wp-json\/wp\/v2\/product\/6429","targetHints":{"allow":["GET"]}}],"collection":[{"href":"https:\/\/www.nakee.spa\/tr\/wp-json\/wp\/v2\/product"}],"about":[{"href":"https:\/\/www.nakee.spa\/tr\/wp-json\/wp\/v2\/types\/product"}],"wp:featuredmedia":[{"embeddable":true,"href":"https:\/\/www.nakee.spa\/tr\/wp-json\/wp\/v2\/media\/13003"}],"wp:attachment":[{"href":"https:\/\/www.nakee.spa\/tr\/wp-json\/wp\/v2\/media?parent=6429"}],"wp:term":[{"taxonomy":"product_brand","embeddable":true,"href":"https:\/\/www.nakee.spa\/tr\/wp-json\/wp\/v2\/product_brand?post=6429"},{"taxonomy":"product_cat","embeddable":true,"href":"https:\/\/www.nakee.spa\/tr\/wp-json\/wp\/v2\/product_cat?post=6429"},{"taxonomy":"product_tag","embeddable":true,"href":"https:\/\/www.nakee.spa\/tr\/wp-json\/wp\/v2\/product_tag?post=6429"}],"curies":[{"name":"wp","href":"https:\/\/api.w.org\/{rel}","templated":true}]}}