{"id":6489,"date":"2024-07-11T09:16:08","date_gmt":"2024-07-11T09:16:08","guid":{"rendered":"https:\/\/www.nakee.spa\/product\/aroma-yagi-masaji\/"},"modified":"2025-11-14T01:51:16","modified_gmt":"2025-11-13T18:51:16","slug":"aroma-yagi-masaji","status":"publish","type":"product","link":"https:\/\/www.nakee.spa\/tr\/\u00fcr\u00fcn\/aroma-yagi-masaji\/","title":{"rendered":"Aroma Masaj\u0131"},"content":{"rendered":"<h3>Aroma Ya\u011f\u0131 Masaj\u0131 Nedir?<\/h3>\n<p>Aroma Ya\u011f\u0131 Masaj\u0131, masaj\u0131n faydalar\u0131n\u0131 u\u00e7ucu ya\u011flar\u0131n iyile\u015ftirici \u00f6zellikleriyle birle\u015ftiren terap\u00f6tik bir tedavidir. Bu masaj s\u0131ras\u0131nda, y\u00fcksek kaliteli esansiyel ya\u011flar bir ta\u015f\u0131y\u0131c\u0131 ya\u011f ile kar\u0131\u015ft\u0131r\u0131l\u0131r ve \u00e7e\u015fitli masaj teknikleri kullan\u0131larak cilde uygulan\u0131r. Esansiyel ya\u011flar, rahatlama, gen\u00e7le\u015ftirme veya canland\u0131rma gibi spesifik terap\u00f6tik \u00f6zelliklerine g\u00f6re se\u00e7ilir ve genel masaj deneyimini geli\u015ftirir.  <\/p>\n<h3>Aroma Ya\u011f\u0131 Masaj\u0131n\u0131n Faydalar\u0131<\/h3>\n<ol>\n<li><strong>Rahatlama<\/strong>: Derin rahatlamay\u0131 te\u015fvik eder ve stresi azalt\u0131r.<\/li>\n<li><strong>\u0130yile\u015ftirilmi\u015f Ruh Hali:<\/strong> Aromatik esansiyel ya\u011flar\u0131n kullan\u0131m\u0131yla ruh halini ve duygusal refah\u0131 art\u0131r\u0131r.<\/li>\n<li><strong>A\u011fr\u0131 Giderici<\/strong>: Kas a\u011fr\u0131s\u0131 ve gerginli\u011fini hafifletir.<\/li>\n<li><strong>Geli\u015ftirilmi\u015f Dola\u015f\u0131m<\/strong>: Kan ak\u0131\u015f\u0131n\u0131 ve lenfatik drenaj\u0131 art\u0131r\u0131r.<\/li>\n<li><strong>Cildi Besler<\/strong>: Cildi yumu\u015fak, p\u00fcr\u00fczs\u00fcz ve nemli b\u0131rak\u0131r.<\/li>\n<li><strong>Ba\u011f\u0131\u015f\u0131kl\u0131k Sistemini G\u00fc\u00e7lendirir<\/strong>: Genel sa\u011fl\u0131k ve refah\u0131 destekler.<\/li>\n<\/ol>\n<h3>Neden Aroma Ya\u011f\u0131 Masaj\u0131n\u0131 Se\u00e7melisiniz?<\/h3>\n<p>Sa\u011fl\u0131\u011fa b\u00fct\u00fcnsel yakla\u015f\u0131m\u0131 i\u00e7in Aroma Ya\u011f Masaj\u0131n\u0131 se\u00e7in. Bu tedavi yaln\u0131zca fiziksel rahats\u0131zl\u0131klar\u0131 gidermekle kalmaz, ayn\u0131 zamanda esansiyel ya\u011flar\u0131n g\u00fcc\u00fcyle duygusal sa\u011fl\u0131\u011f\u0131 da besler. Cilde ve genel sa\u011fl\u0131\u011fa da fayda sa\u011flayan kapsaml\u0131 bir rahatlama deneyimi arayanlar i\u00e7in m\u00fckemmeldir.  <\/p>\n<h3>\u00d6neriler<\/h3>\n<ul>\n<li>Stres giderme ve duygusal denge i\u00e7in idealdir.<\/li>\n<li>Cildi nemlendirmek ve beslemek i\u00e7in idealdir.<\/li>\n<li>Geli\u015fmi\u015f bir spa deneyimi i\u00e7in y\u00fcz veya v\u00fccut peelingi ile birle\u015ftirin.<\/li>\n<\/ul>\n<h3>Nakee Massage &amp; Spa&#8217;da Aroma Ya\u011f\u0131 Masaj\u0131n\u0131 Deneyimleyin<\/h3>\n<p>Yetenekli terapistlerimizin derinlemesine rahatlat\u0131c\u0131 ve gen\u00e7le\u015ftirici bir deneyim sa\u011flamak i\u00e7in en iyi esansiyel ya\u011flar\u0131 kulland\u0131\u011f\u0131 Nakee Massage &amp; Spa&#8217;da en iyi Aroma Ya\u011f\u0131 Masaj\u0131n\u0131 deneyimleyin. Sakin ortam\u0131m\u0131z terap\u00f6tik faydalar\u0131 art\u0131rarak kendinizi yenilenmi\u015f ve canlanm\u0131\u015f hissetmenizi sa\u011flar. <\/p>\n","protected":false},"excerpt":{"rendered":"<p>Aroma Ya\u011f\u0131 Masaj\u0131, rahatlamay\u0131 te\u015fvik etmek, ruh halini iyile\u015ftirmek, a\u011fr\u0131y\u0131 hafifletmek ve cildi beslemek i\u00e7in masaj tekniklerini u\u00e7ucu ya\u011flar\u0131n iyile\u015ftirici \u00f6zellikleriyle birle\u015ftirir. Bu b\u00fct\u00fcnsel tedavi hem fiziksel hem de duygusal esenlik arayanlar i\u00e7in m\u00fckemmeldir. <\/p>\n<p>&nbsp;<\/p>\n","protected":false},"featured_media":13018,"template":"","meta":{"_acf_changed":false,"wds_primary_product_brand":0,"wds_primary_product_cat":0},"product_brand":[],"product_cat":[143],"product_tag":[495,881,758,499,790,777,497,490,488,489,486,500,491,496,498,842,487,493,492,494],"class_list":{"0":"post-6489","1":"product","2":"type-product","3":"status-publish","4":"has-post-thumbnail","6":"product_cat-masajlar","7":"product_tag-yakinimdaki-en-iyi-masaj","8":"product_tag-bo-phut-tayland-masaji","9":"product_tag-bo-phutta-en-iyi-masaj","10":"product_tag-chawengdeki-en-iyi-masaj","11":"product_tag-choengmon-tayland-masaji","12":"product_tag-choengmonda-en-iyi-masaj","13":"product_tag-en-iyi-masaj-chaweng","14":"product_tag-en-iyi-masaj-koh-samui","15":"product_tag-koh-samui-masaj-fiyatlari","16":"product_tag-koh-samui-masaj-salonu","17":"product_tag-koh-samui-masaji","18":"product_tag-koh-samui-taylandda-masaj","19":"product_tag-koh-samui-thai-masaji","20":"product_tag-koh-samuide-masaj","21":"product_tag-koh-samuideki-en-iyi-masaj","22":"product_tag-masaj-salonu","23":"product_tag-thai-masaji-koh-samui","24":"product_tag-tum-vucut-masaji","25":"product_tag-vucut-masaji-koh-samui","26":"product_tag-yakinimdaki-thai-masaji","27":"pa_duration-120-dakika","28":"pa_duration-60-dakika","29":"pa_duration-90-dakika","30":"pa_massage-aroma-yagi","31":"pa_menu-category-yag-ve-aroma-ile-rahatlama","32":"pa_types-rahatlayin-sakinlesin","33":"pa_types-yumusak-ve-aromali","35":"first","36":"instock","37":"shipping-taxable","38":"purchasable","39":"product-type-variable"},"acf":[],"_links":{"self":[{"href":"https:\/\/www.nakee.spa\/tr\/wp-json\/wp\/v2\/product\/6489","targetHints":{"allow":["GET"]}}],"collection":[{"href":"https:\/\/www.nakee.spa\/tr\/wp-json\/wp\/v2\/product"}],"about":[{"href":"https:\/\/www.nakee.spa\/tr\/wp-json\/wp\/v2\/types\/product"}],"wp:featuredmedia":[{"embeddable":true,"href":"https:\/\/www.nakee.spa\/tr\/wp-json\/wp\/v2\/media\/13018"}],"wp:attachment":[{"href":"https:\/\/www.nakee.spa\/tr\/wp-json\/wp\/v2\/media?parent=6489"}],"wp:term":[{"taxonomy":"product_brand","embeddable":true,"href":"https:\/\/www.nakee.spa\/tr\/wp-json\/wp\/v2\/product_brand?post=6489"},{"taxonomy":"product_cat","embeddable":true,"href":"https:\/\/www.nakee.spa\/tr\/wp-json\/wp\/v2\/product_cat?post=6489"},{"taxonomy":"product_tag","embeddable":true,"href":"https:\/\/www.nakee.spa\/tr\/wp-json\/wp\/v2\/product_tag?post=6489"}],"curies":[{"name":"wp","href":"https:\/\/api.w.org\/{rel}","templated":true}]}}