{"id":6503,"date":"2024-07-06T09:20:12","date_gmt":"2024-07-06T09:20:12","guid":{"rendered":"https:\/\/www.nakee.spa\/product\/ayak-masaji\/"},"modified":"2025-11-14T01:55:13","modified_gmt":"2025-11-13T18:55:13","slug":"ayak-masaji","status":"publish","type":"product","link":"https:\/\/www.nakee.spa\/tr\/\u00fcr\u00fcn\/ayak-masaji\/","title":{"rendered":"Ayak Masaj\u0131"},"content":{"rendered":"<h3>Ayak Masaj\u0131 Nedir?<\/h3>\n<p>Refleksoloji olarak da bilinen Ayak Masaj\u0131, v\u00fccudun farkl\u0131 b\u00f6lgelerine kar\u015f\u0131l\u0131k gelen ayaklardaki belirli noktalara bas\u0131n\u00e7 uygulanmas\u0131n\u0131 i\u00e7erir. Bu terap\u00f6tik uygulama, \u00e7e\u015fitli organlar\u0131 ve sistemleri etkiledi\u011fine inan\u0131lan bu refleks noktalar\u0131n\u0131 uyararak sa\u011fl\u0131\u011f\u0131 ve esenli\u011fi te\u015fvik etmeyi ama\u00e7lamaktad\u0131r. Ayak Masaj\u0131 derinlemesine rahatlat\u0131c\u0131 ve gen\u00e7le\u015ftirici olabilir, hem fiziksel hem de zihinsel faydalar sunar.  <\/p>\n<h3>Ayak Masaj\u0131n\u0131n Faydalar\u0131<\/h3>\n<ol>\n<li><strong>Stresi Azalt\u0131r<\/strong>: Stresi azalt\u0131r ve rahatlamay\u0131 te\u015fvik eder.<\/li>\n<li><strong>Dola\u015f\u0131m\u0131 \u0130yile\u015ftirir<\/strong>: Kan ve lenfatik ak\u0131\u015f\u0131 art\u0131r\u0131r.<\/li>\n<li><strong>A\u011fr\u0131y\u0131 Hafifletir:<\/strong> Ayaklarda ve alt bacaklarda a\u011fr\u0131 ve rahats\u0131zl\u0131\u011f\u0131 hafifletir.<\/li>\n<li><strong>Enerjiyi<\/strong> Art\u0131r\u0131r: Enerji seviyelerini art\u0131r\u0131r ve yorgunlu\u011fu azalt\u0131r.<\/li>\n<li><strong>Uykuyu Te\u015fvik Eder<\/strong>: Uyku kalitesini ve s\u00fcresini art\u0131r\u0131r.<\/li>\n<li>Ruh <strong>Halini \u0130yile\u015ftirir<\/strong>: Ruh halini y\u00fckseltir ve kayg\u0131y\u0131 azalt\u0131r.<\/li>\n<\/ol>\n<h3>Neden Ayak Masaj\u0131n\u0131 Se\u00e7melisiniz?<\/h3>\n<p>Ayaklar\u0131n \u00f6tesine uzanan kapsaml\u0131 sa\u011fl\u0131k faydalar\u0131 i\u00e7in Ayak Masaj\u0131n\u0131 se\u00e7in. Bu uygulama sadece ayak a\u011fr\u0131s\u0131 ve rahats\u0131zl\u0131\u011f\u0131n\u0131 gidermekle kalmaz, ayn\u0131 zamanda \u00e7e\u015fitli v\u00fccut sistemlerine kar\u015f\u0131l\u0131k gelen refleks noktalar\u0131n\u0131 uyararak genel refah\u0131 da destekler. Sa\u011fl\u0131k ve rahatlama i\u00e7in b\u00fct\u00fcnsel bir yakla\u015f\u0131m arayanlar i\u00e7in m\u00fckemmel bir se\u00e7imdir.  <\/p>\n<h3>\u00d6neriler<\/h3>\n<ul>\n<li>Ayak a\u011fr\u0131s\u0131, plantar fasiit veya yorgun ayaklar\u0131 olan bireyler i\u00e7in idealdir.<\/li>\n<li>Stresten kurtulmak ve daha iyi uyumak isteyenler i\u00e7in uygundur.<\/li>\n<li>Dola\u015f\u0131m\u0131 ve genel enerji seviyelerini artt\u0131rmak i\u00e7in faydal\u0131d\u0131r.<\/li>\n<\/ul>\n<h3>Nakee Massage &amp; Spa&#8217;da Ayak Masaj\u0131n\u0131 Deneyimleyin<\/h3>\n<p>Nakee Massage &amp; Spa&#8217;da yetenekli terapistlerimiz en iyi ve en \u00f6zg\u00fcn Ayak Masaj\u0131n\u0131 sunar. Geleneksel refleksoloji tekniklerini kullanarak, v\u00fccudunuzun tamam\u0131nda sa\u011fl\u0131k ve rahatlama sa\u011flamak i\u00e7in ayaklar\u0131n\u0131zdaki belirli noktalar\u0131 uyar\u0131rlar. Sakin spa ortam\u0131m\u0131zda derinlemesine rahatlat\u0131c\u0131 ve gen\u00e7le\u015ftirici bir deneyimin keyfini \u00e7\u0131kar\u0131n, sizi yenilenmi\u015f ve canlanm\u0131\u015f b\u0131rak\u0131n.  <\/p>\n<p>&nbsp;<\/p>\n","protected":false},"excerpt":{"rendered":"<p>Ayak Masaj\u0131, stresi azaltmak, dola\u015f\u0131m\u0131 iyile\u015ftirmek ve genel refah\u0131 art\u0131rmak i\u00e7in ayaklardaki refleks noktalar\u0131n\u0131 uyar\u0131r.<\/p>\n<p>&nbsp;<\/p>\n","protected":false},"featured_media":13006,"template":"","meta":{"_acf_changed":false,"wds_primary_product_brand":0,"wds_primary_product_cat":0},"product_brand":[],"product_cat":[143],"product_tag":[495,881,758,499,790,777,497,490,488,489,486,500,491,496,498,842,487,493,492,494],"class_list":{"0":"post-6503","1":"product","2":"type-product","3":"status-publish","4":"has-post-thumbnail","6":"product_cat-masajlar","7":"product_tag-yakinimdaki-en-iyi-masaj","8":"product_tag-bo-phut-tayland-masaji","9":"product_tag-bo-phutta-en-iyi-masaj","10":"product_tag-chawengdeki-en-iyi-masaj","11":"product_tag-choengmon-tayland-masaji","12":"product_tag-choengmonda-en-iyi-masaj","13":"product_tag-en-iyi-masaj-chaweng","14":"product_tag-en-iyi-masaj-koh-samui","15":"product_tag-koh-samui-masaj-fiyatlari","16":"product_tag-koh-samui-masaj-salonu","17":"product_tag-koh-samui-masaji","18":"product_tag-koh-samui-taylandda-masaj","19":"product_tag-koh-samui-thai-masaji","20":"product_tag-koh-samuide-masaj","21":"product_tag-koh-samuideki-en-iyi-masaj","22":"product_tag-masaj-salonu","23":"product_tag-thai-masaji-koh-samui","24":"product_tag-tum-vucut-masaji","25":"product_tag-vucut-masaji-koh-samui","26":"product_tag-yakinimdaki-thai-masaji","27":"pa_duration-120-dakika","28":"pa_duration-60-dakika","29":"pa_duration-90-dakika","30":"pa_massage-yag-masaji","31":"pa_menu-category-geleneksel-tay-terapileri","32":"pa_types-rahatlayin-sakinlesin","34":"first","35":"instock","36":"shipping-taxable","37":"purchasable","38":"product-type-variable"},"acf":[],"_links":{"self":[{"href":"https:\/\/www.nakee.spa\/tr\/wp-json\/wp\/v2\/product\/6503","targetHints":{"allow":["GET"]}}],"collection":[{"href":"https:\/\/www.nakee.spa\/tr\/wp-json\/wp\/v2\/product"}],"about":[{"href":"https:\/\/www.nakee.spa\/tr\/wp-json\/wp\/v2\/types\/product"}],"wp:featuredmedia":[{"embeddable":true,"href":"https:\/\/www.nakee.spa\/tr\/wp-json\/wp\/v2\/media\/13006"}],"wp:attachment":[{"href":"https:\/\/www.nakee.spa\/tr\/wp-json\/wp\/v2\/media?parent=6503"}],"wp:term":[{"taxonomy":"product_brand","embeddable":true,"href":"https:\/\/www.nakee.spa\/tr\/wp-json\/wp\/v2\/product_brand?post=6503"},{"taxonomy":"product_cat","embeddable":true,"href":"https:\/\/www.nakee.spa\/tr\/wp-json\/wp\/v2\/product_cat?post=6503"},{"taxonomy":"product_tag","embeddable":true,"href":"https:\/\/www.nakee.spa\/tr\/wp-json\/wp\/v2\/product_tag?post=6503"}],"curies":[{"name":"wp","href":"https:\/\/api.w.org\/{rel}","templated":true}]}}