{"id":6554,"date":"2024-07-06T11:01:51","date_gmt":"2024-07-06T11:01:51","guid":{"rendered":"https:\/\/www.nakee.spa\/product\/egzotik-mutluluk-paketi\/"},"modified":"2025-11-14T11:56:57","modified_gmt":"2025-11-14T04:56:57","slug":"egzotik-mutluluk-paketi","status":"publish","type":"product","link":"https:\/\/www.nakee.spa\/tr\/\u00fcr\u00fcn\/egzotik-mutluluk-paketi\/","title":{"rendered":"Egzotik Mutluluk Paketi"},"content":{"rendered":"<h3>Egzotik Mutluluk Paketi nedir?<\/h3>\n<p>Egzotik Mutluluk paketi her iki d\u00fcnyan\u0131n en iyilerini bir araya getiriyor: otantik Tay Masaj\u0131 ve rahatlat\u0131c\u0131 Hindistan Cevizi Ya\u011f\u0131 Masaj\u0131. Bu e\u015fsiz paket, rahatlama ve gen\u00e7le\u015fmeye b\u00fct\u00fcnsel bir yakla\u015f\u0131m sunmaktad\u0131r. <\/p>\n<h3>Egzotik Mutluluk Paketinin Faydalar\u0131<\/h3>\n<p>Tay Masaj\u0131 bile\u015feni, esnekli\u011fi art\u0131rmak, kas gerginli\u011fini gidermek ve genel refah\u0131 art\u0131rmak i\u00e7in geleneksel teknikleri kullan\u0131r. Koh Samui&#8217;den %100 do\u011fal, ev yap\u0131m\u0131 hindistan cevizi ya\u011f\u0131 kullan\u0131lan Hindistan Cevizi Ya\u011f\u0131 Masaj\u0131 cildi nemlendirir, rahatlamay\u0131 art\u0131r\u0131r ve kendinizi yenilenmi\u015f ve canlanm\u0131\u015f hissetmenizi sa\u011flar. <\/p>\n<h3>Neden Egzotik Mutluluk Paketini Se\u00e7melisiniz?<\/h3>\n<p>Egzotik Mutluluk paketini se\u00e7mek, otantik Tay sa\u011fl\u0131kl\u0131 ya\u015fam uygulamalar\u0131nda en iyisini deneyimlemenizi sa\u011flar. Thai Masaj\u0131 ve Hindistan Cevizi Ya\u011f\u0131 Masaj\u0131 kombinasyonu sadece fiziksel rahatlama sa\u011flamakla kalmaz, ayn\u0131 zamanda zihinsel rahatlamay\u0131 da te\u015fvik eder ve Nakee Massage &amp; Spa&#8217;da kapsaml\u0131 ve gen\u00e7le\u015ftirici bir deneyim i\u00e7in m\u00fckemmel bir se\u00e7imdir. <\/p>\n<p><strong>Nakee Hindistan Cevizi Ya\u011f\u0131 Hakk\u0131nda:<\/strong> \u00d6zel hindistan cevizi ya\u011f\u0131m\u0131z Koh Samui adas\u0131nda yeti\u015fen hindistan cevizlerinden yap\u0131lmaktad\u0131r. Bu ev yap\u0131m\u0131, %100 do\u011fal, organik hindistan cevizi ya\u011f\u0131 saf ve otantik bir deneyim sa\u011flar. Ho\u015f kokusu rahatlamay\u0131 art\u0131r\u0131r ve masaj\u0131n\u0131z\u0131 daha da keyifli hale getirir.  <\/p>\n<p>Otantikli\u011fin refah\u0131n\u0131z i\u00e7in l\u00fcksle bulu\u015ftu\u011fu Egzotik Mutluluk paketimizle rahatlaman\u0131n en \u00fcst noktas\u0131n\u0131 ya\u015fay\u0131n.<\/p>\n","protected":false},"excerpt":{"rendered":"<p>Otantik Tay Masaj\u0131 ve Hindistan Cevizi Ya\u011f\u0131 Masaj\u0131n\u0131n m\u00fckemmel bir kar\u0131\u015f\u0131m\u0131 olan Egzotik Mutluluk paketimizle her iki d\u00fcnyan\u0131n da en iyisini ke\u015ffedin. Bu e\u015fsiz kombinasyon, geleneksel Tay tekniklerini ve Koh Samui \u201cden gelen %100 do\u011fal, ev yap\u0131m\u0131 hindistan cevizi ya\u011f\u0131n\u0131n rahatlat\u0131c\u0131 faydalar\u0131n\u0131 kullanarak derinlemesine rahatlat\u0131c\u0131 bir deneyim sa\u011flar. En iyi otantik masaj paketi ile sa\u011fl\u0131\u011f\u0131n\u0131z\u0131 geli\u015ftirin ve v\u00fccudunuzu gen\u00e7le\u015ftirin. Nakee Massage &amp; Spa\u201d n\u0131n Exotic Bliss paketi ile rahatlamada son noktay\u0131 ya\u015fay\u0131n ve fark\u0131 hissedin.   <\/p>\n","protected":false},"featured_media":908,"template":"","meta":{"_acf_changed":false,"wds_primary_product_brand":0,"wds_primary_product_cat":0},"product_brand":[],"product_cat":[467],"product_tag":[495,881,758,499,790,777,497,490,488,489,486,500,491,496,498,842,487,493,492,494],"class_list":{"0":"post-6554","1":"product","2":"type-product","3":"status-publish","4":"has-post-thumbnail","6":"product_cat-paketler","7":"product_tag-yakinimdaki-en-iyi-masaj","8":"product_tag-bo-phut-tayland-masaji","9":"product_tag-bo-phutta-en-iyi-masaj","10":"product_tag-chawengdeki-en-iyi-masaj","11":"product_tag-choengmon-tayland-masaji","12":"product_tag-choengmonda-en-iyi-masaj","13":"product_tag-en-iyi-masaj-chaweng","14":"product_tag-en-iyi-masaj-koh-samui","15":"product_tag-koh-samui-masaj-fiyatlari","16":"product_tag-koh-samui-masaj-salonu","17":"product_tag-koh-samui-masaji","18":"product_tag-koh-samui-taylandda-masaj","19":"product_tag-koh-samui-thai-masaji","20":"product_tag-koh-samuide-masaj","21":"product_tag-koh-samuideki-en-iyi-masaj","22":"product_tag-masaj-salonu","23":"product_tag-thai-masaji-koh-samui","24":"product_tag-tum-vucut-masaji","25":"product_tag-vucut-masaji-koh-samui","26":"product_tag-yakinimdaki-thai-masaji","27":"pa_duration-120-dakika","28":"pa_duration-60-dakika","29":"pa_massage-hindistan-cevizi-yagi","30":"pa_massage-thai-masaji","31":"pa_menu-category-yag-ve-aroma-ile-rahatlama","32":"pa_types-stretch-thai-stili","34":"first","35":"instock","36":"shipping-taxable","37":"purchasable","38":"product-type-variable"},"acf":[],"_links":{"self":[{"href":"https:\/\/www.nakee.spa\/tr\/wp-json\/wp\/v2\/product\/6554","targetHints":{"allow":["GET"]}}],"collection":[{"href":"https:\/\/www.nakee.spa\/tr\/wp-json\/wp\/v2\/product"}],"about":[{"href":"https:\/\/www.nakee.spa\/tr\/wp-json\/wp\/v2\/types\/product"}],"wp:featuredmedia":[{"embeddable":true,"href":"https:\/\/www.nakee.spa\/tr\/wp-json\/wp\/v2\/media\/908"}],"wp:attachment":[{"href":"https:\/\/www.nakee.spa\/tr\/wp-json\/wp\/v2\/media?parent=6554"}],"wp:term":[{"taxonomy":"product_brand","embeddable":true,"href":"https:\/\/www.nakee.spa\/tr\/wp-json\/wp\/v2\/product_brand?post=6554"},{"taxonomy":"product_cat","embeddable":true,"href":"https:\/\/www.nakee.spa\/tr\/wp-json\/wp\/v2\/product_cat?post=6554"},{"taxonomy":"product_tag","embeddable":true,"href":"https:\/\/www.nakee.spa\/tr\/wp-json\/wp\/v2\/product_tag?post=6554"}],"curies":[{"name":"wp","href":"https:\/\/api.w.org\/{rel}","templated":true}]}}