{"id":6611,"date":"2024-07-09T10:25:25","date_gmt":"2024-07-09T10:25:25","guid":{"rendered":"https:\/\/www.nakee.spa\/product\/sicak-konfor-paketi\/"},"modified":"2025-11-14T01:55:34","modified_gmt":"2025-11-13T18:55:34","slug":"sicak-konfor-paketi","status":"publish","type":"product","link":"https:\/\/www.nakee.spa\/tr\/\u00fcr\u00fcn\/sicak-konfor-paketi\/","title":{"rendered":"S\u0131cak Konfor Paketi"},"content":{"rendered":"<p><strong>S\u0131cak Konfor Paketi nedir?<\/strong><\/p>\n<p>S\u0131cak Konfor Paketi, geleneksel Tay Masaj\u0131 ile otantik S\u0131cak Ya\u011f Masaj\u0131n\u0131n en iyi \u00f6zelliklerini bir araya getirerek e\u015fsiz ve derinlemesine rahatlat\u0131c\u0131 bir deneyim sunuyor.<\/p>\n<p><strong>S\u0131cak Konfor Paketinin Faydalar\u0131:<\/strong><\/p>\n<ul>\n<li><strong>Derin Rahatlama:<\/strong> S\u0131cak ya\u011f\u0131n s\u0131cakl\u0131\u011f\u0131 kaslara derinlemesine n\u00fcfuz ederek gerginli\u011fi azalt\u0131r ve rahatlamay\u0131 te\u015fvik eder.<\/li>\n<li><strong>Geli\u015ftirilmi\u015f Esneklik:<\/strong> Thai masaj\u0131 teknikleri kaslar\u0131 esnetir ve gev\u015fetir, esnekli\u011fi art\u0131r\u0131r ve sertli\u011fi azalt\u0131r.<\/li>\n<li><strong>Geli\u015ftirilmi\u015f Dola\u015f\u0131m:<\/strong> Masaj ve s\u0131cak ya\u011f kombinasyonu kan ak\u0131\u015f\u0131n\u0131 uyararak dola\u015f\u0131m\u0131 art\u0131r\u0131r ve genel sa\u011fl\u0131\u011f\u0131 destekler.<\/li>\n<li><strong>Stres Giderici:<\/strong> Yetenekli terapistlerimizin yat\u0131\u015ft\u0131r\u0131c\u0131 dokunu\u015fu, s\u0131cak ya\u011f\u0131n s\u0131cakl\u0131\u011f\u0131 ile birle\u015fti\u011finde sakinle\u015ftirici bir etki sa\u011flayarak stres ve kayg\u0131y\u0131 azalt\u0131r.<\/li>\n<\/ul>\n<p><strong>Neden S\u0131cak Konfor Paketini Se\u00e7melisiniz?<\/strong><\/p>\n<p>Bu paket, kapsaml\u0131 ve ho\u015fg\u00f6r\u00fcl\u00fc bir masaj deneyimi arayanlar i\u00e7in m\u00fckemmeldir. Thai Masaj\u0131 ve S\u0131cak Ya\u011f Masaj\u0131n\u0131n sinerjisi sadece kas gerginli\u011fini hedeflemekle kalmaz, ayn\u0131 zamanda derinlemesine rahatlat\u0131c\u0131 ve gen\u00e7le\u015ftirici bir tedavi sa\u011flar. Gev\u015femek, stresi azaltmak ve fiziksel ve zihinsel sa\u011fl\u0131klar\u0131n\u0131 iyile\u015ftirmek isteyen bireyler i\u00e7in idealdir.  <\/p>\n<p>&nbsp;<\/p>\n<p>Thai Masaj\u0131n\u0131n geleneksel tekniklerinin S\u0131cak Ya\u011f Masaj\u0131n\u0131n rahatlat\u0131c\u0131 faydalar\u0131yla bulu\u015ftu\u011fu, otantik ve benzersiz bir masaj deneyimi sa\u011flayan S\u0131cak Konfor Paketimizle her iki d\u00fcnyan\u0131n da en iyisini deneyimleyin.<\/p>\n","protected":false},"excerpt":{"rendered":"<p>Thai Masaj\u0131 ve S\u0131cak Ya\u011f Masaj\u0131n\u0131n m\u00fckemmel bir kar\u0131\u015f\u0131m\u0131 olan Warm Comfort paketimiz ile Thai gelene\u011finin en iyisini deneyimleyin. Bu otantik bak\u0131m, geleneksel Tay tekniklerinin terap\u00f6tik faydalar\u0131n\u0131 s\u0131cak ya\u011f\u0131n rahatlat\u0131c\u0131 s\u0131cakl\u0131\u011f\u0131yla birle\u015ftirerek derin bir rahatlama, stres giderme ve dola\u015f\u0131m\u0131n iyile\u015ftirilmesini sa\u011flar. Ger\u00e7ekten gen\u00e7le\u015ftirici bir deneyim arayanlar i\u00e7in ideal olan 60 veya 120 dakikal\u0131k seanslar\u0131m\u0131z, kendinizi canlanm\u0131\u015f ve yenilenmi\u015f hissetmenizi sa\u011flar. En \u00fcst d\u00fczey konforun keyfini \u00e7\u0131kar\u0131n ve \u00f6zel masajlar\u0131m\u0131z\u0131n e\u015fsiz iyile\u015ftirici g\u00fcc\u00fcn\u00fc ke\u015ffedin.   <\/p>\n","protected":false},"featured_media":919,"template":"","meta":{"_acf_changed":false,"wds_primary_product_brand":0,"wds_primary_product_cat":0},"product_brand":[],"product_cat":[467],"product_tag":[495,881,758,499,790,777,497,490,488,489,486,500,491,496,498,842,487,493,492,494],"class_list":{"0":"post-6611","1":"product","2":"type-product","3":"status-publish","4":"has-post-thumbnail","6":"product_cat-paketler","7":"product_tag-yakinimdaki-en-iyi-masaj","8":"product_tag-bo-phut-tayland-masaji","9":"product_tag-bo-phutta-en-iyi-masaj","10":"product_tag-chawengdeki-en-iyi-masaj","11":"product_tag-choengmon-tayland-masaji","12":"product_tag-choengmonda-en-iyi-masaj","13":"product_tag-en-iyi-masaj-chaweng","14":"product_tag-en-iyi-masaj-koh-samui","15":"product_tag-koh-samui-masaj-fiyatlari","16":"product_tag-koh-samui-masaj-salonu","17":"product_tag-koh-samui-masaji","18":"product_tag-koh-samui-taylandda-masaj","19":"product_tag-koh-samui-thai-masaji","20":"product_tag-koh-samuide-masaj","21":"product_tag-koh-samuideki-en-iyi-masaj","22":"product_tag-masaj-salonu","23":"product_tag-thai-masaji-koh-samui","24":"product_tag-tum-vucut-masaji","25":"product_tag-vucut-masaji-koh-samui","26":"product_tag-yakinimdaki-thai-masaji","27":"pa_duration-120-dakika","28":"pa_duration-60-dakika","29":"pa_massage-kizgin-yag","30":"pa_massage-thai-masaji","31":"pa_menu-category-yag-ve-aroma-ile-rahatlama","32":"pa_types-stretch-thai-stili","34":"first","35":"instock","36":"shipping-taxable","37":"purchasable","38":"product-type-variable"},"acf":[],"_links":{"self":[{"href":"https:\/\/www.nakee.spa\/tr\/wp-json\/wp\/v2\/product\/6611","targetHints":{"allow":["GET"]}}],"collection":[{"href":"https:\/\/www.nakee.spa\/tr\/wp-json\/wp\/v2\/product"}],"about":[{"href":"https:\/\/www.nakee.spa\/tr\/wp-json\/wp\/v2\/types\/product"}],"wp:featuredmedia":[{"embeddable":true,"href":"https:\/\/www.nakee.spa\/tr\/wp-json\/wp\/v2\/media\/919"}],"wp:attachment":[{"href":"https:\/\/www.nakee.spa\/tr\/wp-json\/wp\/v2\/media?parent=6611"}],"wp:term":[{"taxonomy":"product_brand","embeddable":true,"href":"https:\/\/www.nakee.spa\/tr\/wp-json\/wp\/v2\/product_brand?post=6611"},{"taxonomy":"product_cat","embeddable":true,"href":"https:\/\/www.nakee.spa\/tr\/wp-json\/wp\/v2\/product_cat?post=6611"},{"taxonomy":"product_tag","embeddable":true,"href":"https:\/\/www.nakee.spa\/tr\/wp-json\/wp\/v2\/product_tag?post=6611"}],"curies":[{"name":"wp","href":"https:\/\/api.w.org\/{rel}","templated":true}]}}