{"id":6641,"date":"2024-07-09T10:31:43","date_gmt":"2024-07-09T10:31:43","guid":{"rendered":"https:\/\/www.nakee.spa\/product\/tas-terapi-paketi\/"},"modified":"2025-05-22T23:47:42","modified_gmt":"2025-05-22T16:47:42","slug":"tas-terapi-paketi","status":"publish","type":"product","link":"https:\/\/www.nakee.spa\/tr\/\u00fcr\u00fcn\/tas-terapi-paketi\/","title":{"rendered":"Ta\u015f Terapi Paketi"},"content":{"rendered":"<p><strong>Ta\u015f Terapi Paketi nedir?<\/strong><\/p>\n<p>Ta\u015f Terapisi Paketi, otantik S\u0131cak Ta\u015f Masaj\u0131 ile hindistan cevizi ya\u011f\u0131n\u0131n rahatlat\u0131c\u0131 faydalar\u0131n\u0131 birle\u015ftirerek her iki d\u00fcnyan\u0131n en iyisini sunar. Bu benzersiz teknik kar\u0131\u015f\u0131m\u0131 benzersiz bir rahatlama deneyimi sa\u011flar. <\/p>\n<p><strong>Ta\u015f Terapisi Paketinin Faydalar\u0131:<\/strong><\/p>\n<ul>\n<li><strong>Derin Rahatlama:<\/strong> Ta\u015flardan gelen \u0131s\u0131 kaslara n\u00fcfuz ederek gerginli\u011fi ve stresi azalt\u0131r.<\/li>\n<li><strong>Geli\u015ftirilmi\u015f Kas Rahatlamas\u0131:<\/strong> S\u0131cak ta\u015flar ve hindistan cevizi ya\u011f\u0131 birlikte \u00e7al\u0131\u015farak kas sertli\u011fini hafifletir ve dola\u015f\u0131m\u0131 iyile\u015ftirir.<\/li>\n<li><strong>Do\u011fal Besleyici:<\/strong> Hindistan cevizi ya\u011f\u0131 cildi nemlendirerek yumu\u015fak ve nemli kalmas\u0131n\u0131 sa\u011flar.<\/li>\n<li><strong>Stres Azaltma:<\/strong> Ta\u015flar\u0131n s\u0131cakl\u0131\u011f\u0131 ve hindistan cevizi ya\u011f\u0131n\u0131n sakinle\u015ftirici \u00f6zellikleri anksiyeteyi azaltmaya ve iyi hissetmeye yard\u0131mc\u0131 olur.<\/li>\n<\/ul>\n<p><strong>Neden Ta\u015f Terapisi Paketini Se\u00e7melisiniz?<\/strong><\/p>\n<p>Bu paket, derinlemesine rahatlat\u0131c\u0131 ve gen\u00e7le\u015ftirici bir bak\u0131m arayanlar i\u00e7in m\u00fckemmeldir. S\u0131cak ta\u015flar ve hindistan cevizi ya\u011f\u0131 kombinasyonu, cilde do\u011fal beslenmeyi sa\u011flarken kas gerginli\u011finin tamamen giderilmesini sa\u011flar. Gev\u015femek ve fiziksel ve zihinsel sa\u011fl\u0131klar\u0131n\u0131 iyile\u015ftirmek isteyen bireyler i\u00e7in idealdir.  <\/p>\n<p>&nbsp;<\/p>\n<p>S\u0131cak ta\u015flar\u0131n tedavi edici \u0131s\u0131s\u0131n\u0131n hindistan cevizi ya\u011f\u0131n\u0131n besleyici \u00f6zellikleriyle bulu\u015ftu\u011fu, otantik ve derinlemesine rahatlat\u0131c\u0131 bir masaj deneyimi sa\u011flayan Ta\u015f Terapisi Paketimizle her iki d\u00fcnyan\u0131n da en iyisini deneyimleyin.<\/p>\n","protected":false},"excerpt":{"rendered":"<p>Ta\u015f Terapisi Paketimiz ile rahatlaman\u0131n en iyisini ya\u015fay\u0131n. Otantik S\u0131cak Ta\u015f Masaj\u0131n\u0131 yat\u0131\u015ft\u0131r\u0131c\u0131 hindistan cevizi ya\u011f\u0131yla birle\u015ftiren bu bak\u0131m, derin kas rahatlamas\u0131, geli\u015fmi\u015f dola\u015f\u0131m ve do\u011fal cilt beslemesi sunar. Stresi azaltmak ve genel sa\u011fl\u0131\u011f\u0131 desteklemek i\u00e7in ideal olan bu paket 60 veya 120 dakikal\u0131k seanslar halinde sunulmaktad\u0131r. Ustal\u0131kla haz\u0131rlanm\u0131\u015f Ta\u015f Terapisi Paketimizle en \u00fcst d\u00fczeyde rahatlaman\u0131n ve gen\u00e7le\u015fmenin keyfini \u00e7\u0131kar\u0131n.   <\/p>\n","protected":false},"featured_media":0,"template":"","meta":{"_acf_changed":false,"wds_primary_product_brand":0,"wds_primary_product_cat":0},"product_brand":[],"product_cat":[467],"product_tag":[495,881,758,499,790,777,497,490,488,489,486,500,491,496,498,842,487,493,492,494],"class_list":{"0":"post-6641","1":"product","2":"type-product","3":"status-publish","5":"product_cat-paketler","6":"product_tag-yakinimdaki-en-iyi-masaj","7":"product_tag-bo-phut-tayland-masaji","8":"product_tag-bo-phutta-en-iyi-masaj","9":"product_tag-chawengdeki-en-iyi-masaj","10":"product_tag-choengmon-tayland-masaji","11":"product_tag-choengmonda-en-iyi-masaj","12":"product_tag-en-iyi-masaj-chaweng","13":"product_tag-en-iyi-masaj-koh-samui","14":"product_tag-koh-samui-masaj-fiyatlari","15":"product_tag-koh-samui-masaj-salonu","16":"product_tag-koh-samui-masaji","17":"product_tag-koh-samui-taylandda-masaj","18":"product_tag-koh-samui-thai-masaji","19":"product_tag-koh-samuide-masaj","20":"product_tag-koh-samuideki-en-iyi-masaj","21":"product_tag-masaj-salonu","22":"product_tag-thai-masaji-koh-samui","23":"product_tag-tum-vucut-masaji","24":"product_tag-vucut-masaji-koh-samui","25":"product_tag-yakinimdaki-thai-masaji","26":"pa_duration-120-dakika","27":"pa_duration-60-dakika","28":"pa_massage-hindistan-cevizi-yagi","29":"pa_massage-sicak-tas","31":"first","32":"instock","33":"shipping-taxable","34":"purchasable","35":"product-type-variable"},"acf":[],"_links":{"self":[{"href":"https:\/\/www.nakee.spa\/tr\/wp-json\/wp\/v2\/product\/6641","targetHints":{"allow":["GET"]}}],"collection":[{"href":"https:\/\/www.nakee.spa\/tr\/wp-json\/wp\/v2\/product"}],"about":[{"href":"https:\/\/www.nakee.spa\/tr\/wp-json\/wp\/v2\/types\/product"}],"wp:attachment":[{"href":"https:\/\/www.nakee.spa\/tr\/wp-json\/wp\/v2\/media?parent=6641"}],"wp:term":[{"taxonomy":"product_brand","embeddable":true,"href":"https:\/\/www.nakee.spa\/tr\/wp-json\/wp\/v2\/product_brand?post=6641"},{"taxonomy":"product_cat","embeddable":true,"href":"https:\/\/www.nakee.spa\/tr\/wp-json\/wp\/v2\/product_cat?post=6641"},{"taxonomy":"product_tag","embeddable":true,"href":"https:\/\/www.nakee.spa\/tr\/wp-json\/wp\/v2\/product_tag?post=6641"}],"curies":[{"name":"wp","href":"https:\/\/api.w.org\/{rel}","templated":true}]}}