{"id":6702,"date":"2024-07-09T11:30:24","date_gmt":"2024-07-09T11:30:24","guid":{"rendered":"https:\/\/www.nakee.spa\/product\/yenilenmis-ayaklar-paketi\/"},"modified":"2025-11-14T01:55:46","modified_gmt":"2025-11-13T18:55:46","slug":"yenilenmis-ayaklar-paketi","status":"publish","type":"product","link":"https:\/\/www.nakee.spa\/tr\/\u00fcr\u00fcn\/yenilenmis-ayaklar-paketi\/","title":{"rendered":"Yenilenmi\u015f Ayaklar Paketi"},"content":{"rendered":"<p><strong>Ayaklar\u0131n\u0131z\u0131 gen\u00e7le\u015ftirmek ve canland\u0131rmak i\u00e7in tasarlanm\u0131\u015f Ayak Ovma ve 60 Dakikal\u0131k Ayak Masaj\u0131n\u0131n otantik bir kombinasyonu olan Tazelenmi\u015f Ayaklar paketimizle en iyi ayak bak\u0131m\u0131n\u0131 deneyimleyin.<\/strong><\/p>\n<h4>Refreshed Feet nedir?<\/h4>\n<p>Tazelenmi\u015f Ayaklar paketi, ayaklar\u0131n\u0131z\u0131 pul pul d\u00f6kmek ve temizlemek, \u00f6l\u00fc deri h\u00fccrelerini gidermek ve cildinizi p\u00fcr\u00fczs\u00fcz ve tazelenmi\u015f b\u0131rakmak i\u00e7in canland\u0131r\u0131c\u0131 bir ayak peelingi ile ba\u015flayan kapsaml\u0131 bir ayak bak\u0131m\u0131 sunar. Bunu, bas\u0131n\u00e7 noktalar\u0131n\u0131 hedef alan, stresi azaltan ve dola\u015f\u0131m\u0131 iyile\u015ftiren 60 dakikal\u0131k rahatlat\u0131c\u0131 bir ayak masaj\u0131 takip eder. <\/p>\n<h4>Yenilenmi\u015f Ayaklar\u0131n Faydalar\u0131:<\/h4>\n<ul>\n<li><strong>\u00dcst\u00fcn Rahatlama<\/strong>: Ayak masaj\u0131 gerginli\u011fin giderilmesine yard\u0131mc\u0131 olur ve derin bir rahatlama sa\u011flar.<\/li>\n<li><strong>Geli\u015ftirilmi\u015f Dola\u015f\u0131m<\/strong>: Bas\u0131n\u00e7 noktalar\u0131n\u0131 uyarmak kan ak\u0131\u015f\u0131n\u0131 iyile\u015ftirir, \u015fi\u015fli\u011fi ve yorgunlu\u011fu azalt\u0131r.<\/li>\n<li><strong>Yumu\u015fak, P\u00fcr\u00fczs\u00fcz Ayaklar<\/strong>: Ayak peelingi cildinizi eksfoliye eder ve canland\u0131r\u0131r, yumu\u015fak ve esnek hale getirir.<\/li>\n<li><strong>Stres Giderici<\/strong>: Terap\u00f6tik masaj stresi azalt\u0131r ve genel refah\u0131 art\u0131r\u0131r.<\/li>\n<\/ul>\n<h4>Neden Refreshed Feet&#8217;i Se\u00e7melisiniz?<\/h4>\n<p>Bu paket, kapsaml\u0131 bir ayak bak\u0131m\u0131 deneyimi arayanlar i\u00e7in m\u00fckemmeldir. Eksfoliye edici ayak peelingi ve terap\u00f6tik ayak masaj\u0131n\u0131n kombinasyonu ayaklar\u0131n\u0131z i\u00e7in en \u00fcst d\u00fczeyde \u015f\u0131martma ve rahatlama sa\u011flayarak otantik ayak bak\u0131m\u0131 i\u00e7in en iyi se\u00e7imdir. <\/p>\n<p>Tazelenmi\u015f Ayaklar paketiyle kendinizi \u015f\u0131mart\u0131n ve ayaklar\u0131n\u0131za hak ettikleri bak\u0131m\u0131 uygulay\u0131n. Sa\u011fl\u0131kl\u0131, g\u00fczel ayaklar\u0131 korumak ve tamamen yenilenmi\u015f ve gen\u00e7le\u015fmi\u015f hissetmenizi sa\u011flamak i\u00e7in m\u00fckemmeldir. <\/p>\n","protected":false},"excerpt":{"rendered":"<p>\u201cYenilenmi\u015f Ayaklar\u201d paketimizle ayak bak\u0131m\u0131nda en \u00fcst noktay\u0131 deneyimleyin. Bu bak\u0131m, gen\u00e7le\u015ftirici bir ayak peelingi ile 60 dakikal\u0131k ayak masaj\u0131n\u0131 birle\u015ftirerek ayaklar\u0131n\u0131z\u0131n tazelenmi\u015f ve canlanm\u0131\u015f hissetmesini sa\u011flar. Yetenekli terapistlerimiz ayaklar\u0131n\u0131za peeling uygulamak ve rahatlatmak i\u00e7in en iyi teknikleri kullanarak size p\u00fcr\u00fczs\u00fcz, yumu\u015fak bir cilt ve tam bir rahatlama hissi b\u0131rak\u0131r. Stresi azaltmak ve genel ayak sa\u011fl\u0131\u011f\u0131n\u0131 iyile\u015ftirmek i\u00e7in m\u00fckemmel olan bu paket, otantik ve rahatlat\u0131c\u0131 bir deneyim sunar.   <\/p>\n<p>Ayak bak\u0131m\u0131nda ve rahatlamada en iyisini arayanlar i\u00e7in idealdir.<\/p>\n","protected":false},"featured_media":953,"template":"","meta":{"_acf_changed":false,"wds_primary_product_brand":0,"wds_primary_product_cat":0},"product_brand":[],"product_cat":[467],"product_tag":[495,881,758,499,790,777,497,490,488,489,486,500,491,496,498,842,487,493,492,494],"class_list":{"0":"post-6702","1":"product","2":"type-product","3":"status-publish","4":"has-post-thumbnail","6":"product_cat-paketler","7":"product_tag-yakinimdaki-en-iyi-masaj","8":"product_tag-bo-phut-tayland-masaji","9":"product_tag-bo-phutta-en-iyi-masaj","10":"product_tag-chawengdeki-en-iyi-masaj","11":"product_tag-choengmon-tayland-masaji","12":"product_tag-choengmonda-en-iyi-masaj","13":"product_tag-en-iyi-masaj-chaweng","14":"product_tag-en-iyi-masaj-koh-samui","15":"product_tag-koh-samui-masaj-fiyatlari","16":"product_tag-koh-samui-masaj-salonu","17":"product_tag-koh-samui-masaji","18":"product_tag-koh-samui-taylandda-masaj","19":"product_tag-koh-samui-thai-masaji","20":"product_tag-koh-samuide-masaj","21":"product_tag-koh-samuideki-en-iyi-masaj","22":"product_tag-masaj-salonu","23":"product_tag-thai-masaji-koh-samui","24":"product_tag-tum-vucut-masaji","25":"product_tag-vucut-masaji-koh-samui","26":"product_tag-yakinimdaki-thai-masaji","27":"pa_duration-90-dakika","28":"pa_massage-ovma","29":"pa_menu-category-vucut-guzellik-bakim-uygulamalari","30":"pa_types-puruzsuz-guzellik","32":"first","33":"instock","34":"shipping-taxable","35":"purchasable","36":"product-type-variable"},"acf":[],"_links":{"self":[{"href":"https:\/\/www.nakee.spa\/tr\/wp-json\/wp\/v2\/product\/6702","targetHints":{"allow":["GET"]}}],"collection":[{"href":"https:\/\/www.nakee.spa\/tr\/wp-json\/wp\/v2\/product"}],"about":[{"href":"https:\/\/www.nakee.spa\/tr\/wp-json\/wp\/v2\/types\/product"}],"wp:featuredmedia":[{"embeddable":true,"href":"https:\/\/www.nakee.spa\/tr\/wp-json\/wp\/v2\/media\/953"}],"wp:attachment":[{"href":"https:\/\/www.nakee.spa\/tr\/wp-json\/wp\/v2\/media?parent=6702"}],"wp:term":[{"taxonomy":"product_brand","embeddable":true,"href":"https:\/\/www.nakee.spa\/tr\/wp-json\/wp\/v2\/product_brand?post=6702"},{"taxonomy":"product_cat","embeddable":true,"href":"https:\/\/www.nakee.spa\/tr\/wp-json\/wp\/v2\/product_cat?post=6702"},{"taxonomy":"product_tag","embeddable":true,"href":"https:\/\/www.nakee.spa\/tr\/wp-json\/wp\/v2\/product_tag?post=6702"}],"curies":[{"name":"wp","href":"https:\/\/api.w.org\/{rel}","templated":true}]}}