{"id":6738,"date":"2024-07-09T12:26:39","date_gmt":"2024-07-09T12:26:39","guid":{"rendered":"https:\/\/www.nakee.spa\/product\/tum-vucut-isima-paketi\/"},"modified":"2025-11-14T12:06:30","modified_gmt":"2025-11-14T05:06:30","slug":"tum-vucut-isima-paketi","status":"publish","type":"product","link":"https:\/\/www.nakee.spa\/tr\/\u00fcr\u00fcn\/tum-vucut-isima-paketi\/","title":{"rendered":"T\u00fcm V\u00fccut I\u015f\u0131ma Paketi"},"content":{"rendered":"<p><strong>Cildinizi gen\u00e7le\u015ftirmek ve duyular\u0131n\u0131z\u0131 yat\u0131\u015ft\u0131rmak i\u00e7in tasarlanm\u0131\u015f 60 Dakikal\u0131k V\u00fccut Peelingi ve 60 Dakikal\u0131k Hindistan Cevizi Ya\u011f\u0131 Masaj\u0131n\u0131n otantik bir kar\u0131\u015f\u0131m\u0131 olan Tam V\u00fccut I\u015f\u0131lt\u0131s\u0131 paketimizle cilt bak\u0131m\u0131nda ve rahatlamada en iyisini deneyimleyin.<\/strong><\/p>\n<h4>Full Body Glow nedir?<\/h4>\n<p>Tam V\u00fccut I\u015f\u0131lt\u0131s\u0131 paketi, cildinize peeling uygulayan, \u00f6l\u00fc deri h\u00fccrelerini gideren ve v\u00fccudunuzu p\u00fcr\u00fczs\u00fcz ve tazelenmi\u015f hissettiren kapsaml\u0131 bir v\u00fccut peelingi ile ba\u015flar. Ard\u0131ndan, sakinle\u015ftirici ve rahatlat\u0131c\u0131 bir deneyim sunarken cildinizi derinlemesine besleyen ve nemlendiren 60 dakikal\u0131k hindistan cevizi ya\u011f\u0131 masaj\u0131n\u0131n keyfini \u00e7\u0131kar\u0131n. <\/p>\n<h4>T\u00fcm V\u00fccut I\u015f\u0131lt\u0131s\u0131n\u0131n Faydalar\u0131:<\/h4>\n<ul>\n<li><strong>Parlak Cilt<\/strong>: V\u00fccut peelingi cildinizi gen\u00e7le\u015ftirerek canlanm\u0131\u015f g\u00f6r\u00fcnmesini ve hissedilmesini sa\u011flar.<\/li>\n<li><strong>Derin Rahatlama<\/strong>: Hindistan cevizi ya\u011f\u0131 masaj\u0131 kas gerginli\u011fini azaltmaya yard\u0131mc\u0131 olur ve genel rahatlamay\u0131 destekler.<\/li>\n<li><strong>Nemlendirilmi\u015f ve Beslenmi\u015f Cilt<\/strong>: Do\u011fal hindistan cevizi ya\u011f\u0131 cildinizi derinlemesine nemlendirerek yumu\u015fak ve esnek kalmas\u0131n\u0131 sa\u011flar.<\/li>\n<li><strong>Stres Giderici<\/strong>: Hem kese hem de masaj stresi azaltmak ve genel sa\u011fl\u0131\u011f\u0131n\u0131z\u0131 iyile\u015ftirmek i\u00e7in birlikte \u00e7al\u0131\u015f\u0131r.<\/li>\n<\/ul>\n<h4>Neden Full Body Glow&#8217;u Se\u00e7melisiniz?<\/h4>\n<p>Bu paket, ciltlerinin g\u00f6r\u00fcn\u00fcm\u00fcn\u00fc iyile\u015ftirmek ve derinlemesine rahatlat\u0131c\u0131 bir masaj\u0131n keyfini \u00e7\u0131karmak isteyenler i\u00e7in m\u00fckemmeldir. Eksfoliasyon ve nemlendirme kombinasyonu, en \u00fcst d\u00fczeyde cilt bak\u0131m\u0131 ve rahatlama deneyimi sunarak otantik bir v\u00fccut bak\u0131m\u0131 i\u00e7in en iyi se\u00e7imdir. <\/p>\n<p>Full Body Glow paketiyle kendinizi \u015f\u0131mart\u0131n ve v\u00fccudunuza hak etti\u011fi bak\u0131m\u0131 uygulay\u0131n. Sa\u011fl\u0131kl\u0131 ve \u0131\u015f\u0131lt\u0131l\u0131 bir cilde sahip olmak ve kendinizi tamamen yenilenmi\u015f ve gen\u00e7le\u015fmi\u015f hissetmenizi sa\u011flamak i\u00e7in m\u00fckemmeldir. <\/p>\n<hr>\n<p><strong>Nakee Hindistan Cevizi Ya\u011f\u0131 Hakk\u0131nda:<\/strong> \u00d6zel hindistan cevizi ya\u011f\u0131m\u0131z Koh Samui adas\u0131nda yeti\u015fen hindistan cevizlerinden yap\u0131lmaktad\u0131r. Bu ev yap\u0131m\u0131, %100 do\u011fal, organik hindistan cevizi ya\u011f\u0131 saf ve otantik bir deneyim sa\u011flar. Ho\u015f kokusu rahatlamay\u0131 art\u0131r\u0131r ve masaj\u0131n\u0131z\u0131 daha da keyifli hale getirir.  <\/p>\n","protected":false},"excerpt":{"rendered":"<p>\u201cFull Body Glow\u201d paketimizle rahatlama ve gen\u00e7le\u015fmenin en iyisini ya\u015fay\u0131n. 60 dakikal\u0131k v\u00fccut peelingi ile 60 dakikal\u0131k hindistan cevizi ya\u011f\u0131 masaj\u0131n\u0131 birle\u015ftiren bu otantik bak\u0131m cildinizin \u0131\u015f\u0131ldamas\u0131n\u0131 ve tazelenmesini sa\u011flayacakt\u0131r. V\u00fccut peelingi \u00f6l\u00fc deri h\u00fccrelerini temizlerken, hindistan cevizi ya\u011f\u0131 masaj\u0131 besler ve nemlendirerek genel sa\u011fl\u0131\u011f\u0131n\u0131z\u0131 iyile\u015ftirir. Parlak ve sa\u011fl\u0131kl\u0131 bir cilt elde etmek i\u00e7in m\u00fckemmeldir.   <\/p>\n","protected":false},"featured_media":954,"template":"","meta":{"_acf_changed":false,"wds_primary_product_brand":0,"wds_primary_product_cat":0},"product_brand":[],"product_cat":[467],"product_tag":[495,881,758,499,790,777,497,490,488,489,486,500,491,496,498,842,487,493,492,494],"class_list":{"0":"post-6738","1":"product","2":"type-product","3":"status-publish","4":"has-post-thumbnail","6":"product_cat-paketler","7":"product_tag-yakinimdaki-en-iyi-masaj","8":"product_tag-bo-phut-tayland-masaji","9":"product_tag-bo-phutta-en-iyi-masaj","10":"product_tag-chawengdeki-en-iyi-masaj","11":"product_tag-choengmon-tayland-masaji","12":"product_tag-choengmonda-en-iyi-masaj","13":"product_tag-en-iyi-masaj-chaweng","14":"product_tag-en-iyi-masaj-koh-samui","15":"product_tag-koh-samui-masaj-fiyatlari","16":"product_tag-koh-samui-masaj-salonu","17":"product_tag-koh-samui-masaji","18":"product_tag-koh-samui-taylandda-masaj","19":"product_tag-koh-samui-thai-masaji","20":"product_tag-koh-samuide-masaj","21":"product_tag-koh-samuideki-en-iyi-masaj","22":"product_tag-masaj-salonu","23":"product_tag-thai-masaji-koh-samui","24":"product_tag-tum-vucut-masaji","25":"product_tag-vucut-masaji-koh-samui","26":"product_tag-yakinimdaki-thai-masaji","27":"pa_duration-120-dakika","28":"pa_massage-hindistan-cevizi-yagi","29":"pa_massage-ovma","30":"pa_menu-category-vucut-guzellik-bakim-uygulamalari","31":"pa_types-puruzsuz-guzellik","33":"first","34":"instock","35":"shipping-taxable","36":"purchasable","37":"product-type-variable"},"acf":[],"_links":{"self":[{"href":"https:\/\/www.nakee.spa\/tr\/wp-json\/wp\/v2\/product\/6738","targetHints":{"allow":["GET"]}}],"collection":[{"href":"https:\/\/www.nakee.spa\/tr\/wp-json\/wp\/v2\/product"}],"about":[{"href":"https:\/\/www.nakee.spa\/tr\/wp-json\/wp\/v2\/types\/product"}],"wp:featuredmedia":[{"embeddable":true,"href":"https:\/\/www.nakee.spa\/tr\/wp-json\/wp\/v2\/media\/954"}],"wp:attachment":[{"href":"https:\/\/www.nakee.spa\/tr\/wp-json\/wp\/v2\/media?parent=6738"}],"wp:term":[{"taxonomy":"product_brand","embeddable":true,"href":"https:\/\/www.nakee.spa\/tr\/wp-json\/wp\/v2\/product_brand?post=6738"},{"taxonomy":"product_cat","embeddable":true,"href":"https:\/\/www.nakee.spa\/tr\/wp-json\/wp\/v2\/product_cat?post=6738"},{"taxonomy":"product_tag","embeddable":true,"href":"https:\/\/www.nakee.spa\/tr\/wp-json\/wp\/v2\/product_tag?post=6738"}],"curies":[{"name":"wp","href":"https:\/\/api.w.org\/{rel}","templated":true}]}}