{"id":6743,"date":"2024-07-09T13:30:34","date_gmt":"2024-07-09T13:30:34","guid":{"rendered":"https:\/\/www.nakee.spa\/product\/isiltili-guzellik-paketi\/"},"modified":"2025-11-14T01:55:55","modified_gmt":"2025-11-13T18:55:55","slug":"isiltili-guzellik-paketi","status":"publish","type":"product","link":"https:\/\/www.nakee.spa\/tr\/\u00fcr\u00fcn\/isiltili-guzellik-paketi\/","title":{"rendered":"I\u015f\u0131lt\u0131l\u0131 G\u00fczellik Paketi"},"content":{"rendered":"<p><strong>I\u015f\u0131lt\u0131l\u0131 G\u00fczellik Paketi nedir?<\/strong><\/p>\n<p>I\u015f\u0131lt\u0131l\u0131 G\u00fczellik Paketi, en \u00fcst d\u00fczeyde rahatlama ve gen\u00e7le\u015fme i\u00e7in haz\u0131rlanm\u0131\u015f her \u015feyi kapsayan bir spa deneyimidir. Ayak peelingi, 60 dakikal\u0131k y\u00fcz peelingi ve 60 dakikal\u0131k ayak masaj\u0131 i\u00e7eren bu premium paket, i\u00e7inizdeki \u0131\u015f\u0131lt\u0131y\u0131 ortaya \u00e7\u0131karan tepeden t\u0131rna\u011fa bir canlanma sunuyor. <\/p>\n<p><strong>I\u015f\u0131lt\u0131l\u0131 G\u00fczellik Paketinin Faydalar\u0131<\/strong><\/p>\n<ul>\n<li><strong>Ayak Ovma:<\/strong> Titiz bir ayak peelingi ile deneyimi ba\u015flat\u0131r, ayaklar\u0131n\u0131z\u0131 eksfoliye eder ve gen\u00e7le\u015ftirir, yumu\u015fak ve tazelenmi\u015f b\u0131rak\u0131r.<\/li>\n<li><strong>Y\u00fcz F\u0131r\u00e7alama:<\/strong> Bu bak\u0131m, 60 dakikal\u0131k kapsaml\u0131 bir y\u00fcz peelinginin ard\u0131ndan cildinizi derinlemesine temizler, pul pul d\u00f6ker ve ayd\u0131nlat\u0131r, kirleri ve \u00f6l\u00fc cilt h\u00fccrelerini gidererek \u0131\u015f\u0131lt\u0131l\u0131 ve gen\u00e7 bir parlakl\u0131k ortaya \u00e7\u0131kar\u0131r.<\/li>\n<li><strong>Ayak Masaj\u0131:<\/strong> Derin bir rahatlama sa\u011flayan, stresi azaltan ve dola\u015f\u0131m\u0131 iyile\u015ftiren 60 dakikal\u0131k ayak masaj\u0131 ile son bulur. Bu masaj sadece yorgun ayaklar\u0131 rahatlatmakla kalmaz, ayn\u0131 zamanda genel refah\u0131 da art\u0131r\u0131r. <\/li>\n<\/ul>\n<p><strong>Neden I\u015f\u0131lt\u0131l\u0131 G\u00fczellik Paketini Se\u00e7melisiniz?<\/strong><\/p>\n<p>Bu paket, otantik ve l\u00fcks bir spa deneyimi arayanlar i\u00e7in en iyi se\u00e7imdir. Bak\u0131mlar\u0131n kombinasyonu, hem y\u00fcz\u00fc hem de ayaklar\u0131 hedef alan kapsaml\u0131 bir bak\u0131m sa\u011flar. Ayak masaj\u0131 derinlemesine rahatlama ve stresten ar\u0131nma sa\u011flarken, cildiniz p\u00fcr\u00fczs\u00fcz, \u0131\u015f\u0131lt\u0131l\u0131 ve gen\u00e7le\u015fmi\u015f olacakt\u0131r. Radiant Beauty Paketi, g\u00fczellik ve zindeli\u011fin en iyisiyle \u015f\u0131marmak isteyen herkes i\u00e7in m\u00fckemmeldir ve yat\u0131r\u0131m yapmaya de\u011ferdir.   <\/p>\n","protected":false},"excerpt":{"rendered":"<p>\u201cI\u015f\u0131ldayan G\u00fczellik\u201d paketimizle g\u00fczellik ve rahatlamada son noktay\u0131 ya\u015fay\u0131n. Bu l\u00fcks bak\u0131m, gen\u00e7le\u015ftirici bir ayak peelingi, 60 dakikal\u0131k ferahlat\u0131c\u0131 bir y\u00fcz peelingi ve 60 dakikal\u0131k rahatlat\u0131c\u0131 bir ayak masaj\u0131 i\u00e7erir. Do\u011fal \u0131\u015f\u0131lt\u0131n\u0131z\u0131 art\u0131rmak ve kendinizi \u015f\u0131mart\u0131lm\u0131\u015f hissetmenizi sa\u011flamak i\u00e7in tasarlanan bu paket, otantik spa bak\u0131mlar\u0131n\u0131n en iyisini sunar. Kapsaml\u0131 bir g\u00fczellik ve sa\u011fl\u0131kl\u0131 ya\u015fam deneyimi arayanlar i\u00e7in m\u00fckemmel olan \u201cI\u015f\u0131ldayan G\u00fczellik\u201d paketimiz cildinizi gen\u00e7le\u015ftirmeyi ve ruhunuzu tazelemeyi vaat ediyor.   <\/p>\n","protected":false},"featured_media":960,"template":"","meta":{"_acf_changed":false,"wds_primary_product_brand":0,"wds_primary_product_cat":0},"product_brand":[],"product_cat":[467],"product_tag":[495,881,758,499,790,777,497,490,488,489,486,500,491,496,498,842,487,493,492,494],"class_list":{"0":"post-6743","1":"product","2":"type-product","3":"status-publish","4":"has-post-thumbnail","6":"product_cat-paketler","7":"product_tag-yakinimdaki-en-iyi-masaj","8":"product_tag-bo-phut-tayland-masaji","9":"product_tag-bo-phutta-en-iyi-masaj","10":"product_tag-chawengdeki-en-iyi-masaj","11":"product_tag-choengmon-tayland-masaji","12":"product_tag-choengmonda-en-iyi-masaj","13":"product_tag-en-iyi-masaj-chaweng","14":"product_tag-en-iyi-masaj-koh-samui","15":"product_tag-koh-samui-masaj-fiyatlari","16":"product_tag-koh-samui-masaj-salonu","17":"product_tag-koh-samui-masaji","18":"product_tag-koh-samui-taylandda-masaj","19":"product_tag-koh-samui-thai-masaji","20":"product_tag-koh-samuide-masaj","21":"product_tag-koh-samuideki-en-iyi-masaj","22":"product_tag-masaj-salonu","23":"product_tag-thai-masaji-koh-samui","24":"product_tag-tum-vucut-masaji","25":"product_tag-vucut-masaji-koh-samui","26":"product_tag-yakinimdaki-thai-masaji","27":"pa_duration-150-dakika","28":"pa_massage-ovma","29":"pa_menu-category-vucut-guzellik-bakim-uygulamalari","30":"pa_types-puruzsuz-guzellik","32":"first","33":"instock","34":"shipping-taxable","35":"purchasable","36":"product-type-variable"},"acf":[],"_links":{"self":[{"href":"https:\/\/www.nakee.spa\/tr\/wp-json\/wp\/v2\/product\/6743","targetHints":{"allow":["GET"]}}],"collection":[{"href":"https:\/\/www.nakee.spa\/tr\/wp-json\/wp\/v2\/product"}],"about":[{"href":"https:\/\/www.nakee.spa\/tr\/wp-json\/wp\/v2\/types\/product"}],"wp:featuredmedia":[{"embeddable":true,"href":"https:\/\/www.nakee.spa\/tr\/wp-json\/wp\/v2\/media\/960"}],"wp:attachment":[{"href":"https:\/\/www.nakee.spa\/tr\/wp-json\/wp\/v2\/media?parent=6743"}],"wp:term":[{"taxonomy":"product_brand","embeddable":true,"href":"https:\/\/www.nakee.spa\/tr\/wp-json\/wp\/v2\/product_brand?post=6743"},{"taxonomy":"product_cat","embeddable":true,"href":"https:\/\/www.nakee.spa\/tr\/wp-json\/wp\/v2\/product_cat?post=6743"},{"taxonomy":"product_tag","embeddable":true,"href":"https:\/\/www.nakee.spa\/tr\/wp-json\/wp\/v2\/product_tag?post=6743"}],"curies":[{"name":"wp","href":"https:\/\/api.w.org\/{rel}","templated":true}]}}