{"id":6802,"date":"2024-07-09T13:29:07","date_gmt":"2024-07-09T13:29:07","guid":{"rendered":"https:\/\/www.nakee.spa\/product\/ultimate-rahatlama-paketi\/"},"modified":"2025-11-14T01:55:48","modified_gmt":"2025-11-13T18:55:48","slug":"ultimate-rahatlama-paketi","status":"publish","type":"product","link":"https:\/\/www.nakee.spa\/tr\/\u00fcr\u00fcn\/ultimate-rahatlama-paketi\/","title":{"rendered":"Ultimate Rahatlama Paketi"},"content":{"rendered":"<p><strong>Ultimate Rahatlama Paketi nedir?<\/strong><\/p>\n<p>Ultimate Rahatlama Paketi, rahatlama ve gen\u00e7le\u015fmede en iyisini sa\u011flamak \u00fczere tasarlanm\u0131\u015f l\u00fcks bir bak\u0131m kombinasyonudur. Bu pakette ayak peelingi, 60 dakikal\u0131k v\u00fccut peelingi ve hindistan cevizi ya\u011f\u0131 masaj\u0131 yer almakta olup kapsaml\u0131 ve otantik bir spa deneyimi sunmaktad\u0131r. <\/p>\n<p><strong>Ultimate Rahatlama Paketinin Faydalar\u0131<\/strong><\/p>\n<ul>\n<li><strong>Ayak Ovma:<\/strong> Bak\u0131m, yorgun ayaklar\u0131 peeling yaparak canland\u0131ran ve daha derin bir rahatlama i\u00e7in haz\u0131rlayan bir ayak peelingi ile ba\u015flar.<\/li>\n<li><strong>V\u00fccut F\u0131r\u00e7alama:<\/strong> \u00d6l\u00fc deri h\u00fccrelerini temizlemek i\u00e7in nazik ama etkili eksfoliantlar kullanarak cildinizi p\u00fcr\u00fczs\u00fcz, yumu\u015fak ve \u0131\u015f\u0131lt\u0131l\u0131 b\u0131rakan 60 dakikal\u0131k v\u00fccut peelingi.<\/li>\n<li><strong>Hindistan Cevizi Ya\u011f\u0131 Masaj\u0131:<\/strong> Bu deneyim, rahatlat\u0131c\u0131 bir hindistan cevizi ya\u011f\u0131 masaj\u0131 ile tamamlan\u0131r. Koh Samui adas\u0131nda yeti\u015fen hindistan cevizlerinden elde edilen \u00f6zel hindistan cevizi ya\u011f\u0131m\u0131z %100 do\u011fal ve organiktir, hi\u00e7bir kimyasal madde i\u00e7ermez. Ho\u015f kokusu rahatlamay\u0131 art\u0131r\u0131r ve masaj\u0131 daha da keyifli hale getirir.  <\/li>\n<\/ul>\n<p><strong>Neden Ultimate Rahatlama Paketini Se\u00e7melisiniz?<\/strong><\/p>\n<p>Bu paket, etkili peeling ile derin rahatlamay\u0131 birle\u015ftirerek her iki d\u00fcnyan\u0131n en iyisini sunar. Ayak peelingi tazeler ve canland\u0131r\u0131r, v\u00fccut peelingi cildinizi \u0131\u015f\u0131ldat\u0131r ve hindistan cevizi ya\u011f\u0131 masaj\u0131 besler ve nemlendirir, genel sa\u011fl\u0131\u011f\u0131 destekler. Gev\u015femek ve \u0131\u015f\u0131lt\u0131l\u0131, sa\u011fl\u0131kl\u0131 bir cilde kavu\u015fmak isteyenler i\u00e7in m\u00fckemmeldir.  <\/p>\n<p><strong>Nakee Hindistan Cevizi Ya\u011f\u0131 Hakk\u0131nda<\/strong> \u00d6zel hindistan cevizi <strong>ya\u011f\u0131m\u0131z<\/strong> Koh Samui adas\u0131nda yeti\u015fen hindistan cevizlerinden yap\u0131lmaktad\u0131r. Bu ev yap\u0131m\u0131, %100 do\u011fal, organik hindistan cevizi ya\u011f\u0131 saf ve otantik bir deneyim sa\u011flar. Ho\u015f kokusu rahatlamay\u0131 art\u0131r\u0131r ve masaj\u0131n\u0131z\u0131 daha da keyifli hale getirir.  <\/p>\n","protected":false},"excerpt":{"rendered":"<p>\u201cUltimate Relaxation\u201d paketimizle en \u00fcst d\u00fczey rahatlama deneyimini ya\u015fay\u0131n. Bu l\u00fcks bak\u0131m, gen\u00e7le\u015ftirici ayak peelingi ile 60 dakikal\u0131k v\u00fccut peelingini ve rahatlat\u0131c\u0131 hindistan cevizi ya\u011f\u0131 masaj\u0131n\u0131 bir araya getiriyor. Eksiksiz ve otantik bir spa deneyimi arayanlar i\u00e7in m\u00fckemmel olan bu paket, cildinizi \u0131\u015f\u0131lt\u0131l\u0131 ve v\u00fccudunuzu rahatlam\u0131\u015f b\u0131rakmay\u0131 vaat ediyor. Stresten ar\u0131nmak ve t\u00fcm v\u00fccudunuzu gen\u00e7le\u015ftirmek i\u00e7in tasarlanm\u0131\u015f bu kapsaml\u0131 bak\u0131mla b\u00fct\u00fcnsel sa\u011fl\u0131k ve \u015f\u0131martman\u0131n en iyisinin keyfini \u00e7\u0131kar\u0131n.   <\/p>\n","protected":false},"featured_media":959,"template":"","meta":{"_acf_changed":false,"wds_primary_product_brand":0,"wds_primary_product_cat":0},"product_brand":[],"product_cat":[467],"product_tag":[495,881,758,499,790,777,497,490,488,489,486,500,491,496,498,842,487,493,492,494],"class_list":{"0":"post-6802","1":"product","2":"type-product","3":"status-publish","4":"has-post-thumbnail","6":"product_cat-paketler","7":"product_tag-yakinimdaki-en-iyi-masaj","8":"product_tag-bo-phut-tayland-masaji","9":"product_tag-bo-phutta-en-iyi-masaj","10":"product_tag-chawengdeki-en-iyi-masaj","11":"product_tag-choengmon-tayland-masaji","12":"product_tag-choengmonda-en-iyi-masaj","13":"product_tag-en-iyi-masaj-chaweng","14":"product_tag-en-iyi-masaj-koh-samui","15":"product_tag-koh-samui-masaj-fiyatlari","16":"product_tag-koh-samui-masaj-salonu","17":"product_tag-koh-samui-masaji","18":"product_tag-koh-samui-taylandda-masaj","19":"product_tag-koh-samui-thai-masaji","20":"product_tag-koh-samuide-masaj","21":"product_tag-koh-samuideki-en-iyi-masaj","22":"product_tag-masaj-salonu","23":"product_tag-thai-masaji-koh-samui","24":"product_tag-tum-vucut-masaji","25":"product_tag-vucut-masaji-koh-samui","26":"product_tag-yakinimdaki-thai-masaji","27":"pa_duration-150-dakika","28":"pa_massage-hindistan-cevizi-yagi","29":"pa_massage-ovma","30":"pa_menu-category-vucut-guzellik-bakim-uygulamalari","31":"pa_types-puruzsuz-guzellik","33":"first","34":"instock","35":"shipping-taxable","36":"purchasable","37":"product-type-variable"},"acf":[],"_links":{"self":[{"href":"https:\/\/www.nakee.spa\/tr\/wp-json\/wp\/v2\/product\/6802","targetHints":{"allow":["GET"]}}],"collection":[{"href":"https:\/\/www.nakee.spa\/tr\/wp-json\/wp\/v2\/product"}],"about":[{"href":"https:\/\/www.nakee.spa\/tr\/wp-json\/wp\/v2\/types\/product"}],"wp:featuredmedia":[{"embeddable":true,"href":"https:\/\/www.nakee.spa\/tr\/wp-json\/wp\/v2\/media\/959"}],"wp:attachment":[{"href":"https:\/\/www.nakee.spa\/tr\/wp-json\/wp\/v2\/media?parent=6802"}],"wp:term":[{"taxonomy":"product_brand","embeddable":true,"href":"https:\/\/www.nakee.spa\/tr\/wp-json\/wp\/v2\/product_brand?post=6802"},{"taxonomy":"product_cat","embeddable":true,"href":"https:\/\/www.nakee.spa\/tr\/wp-json\/wp\/v2\/product_cat?post=6802"},{"taxonomy":"product_tag","embeddable":true,"href":"https:\/\/www.nakee.spa\/tr\/wp-json\/wp\/v2\/product_tag?post=6802"}],"curies":[{"name":"wp","href":"https:\/\/api.w.org\/{rel}","templated":true}]}}