{"id":6950,"date":"2024-07-11T10:43:49","date_gmt":"2024-07-11T10:43:49","guid":{"rendered":"https:\/\/www.nakee.spa\/product\/sicak-tas-masaji\/"},"modified":"2025-11-14T00:58:41","modified_gmt":"2025-11-13T17:58:41","slug":"sicak-tas-masaji","status":"publish","type":"product","link":"https:\/\/www.nakee.spa\/tr\/\u00fcr\u00fcn\/sicak-tas-masaji\/","title":{"rendered":"S\u0131cak Ta\u015f Masaj\u0131"},"content":{"rendered":"<p><strong>S\u0131cak Ta\u015f Masaj\u0131 Nedir?<\/strong><\/p>\n<p>S\u0131cak Ta\u015f Masaj\u0131, p\u00fcr\u00fczs\u00fcz, \u0131s\u0131t\u0131lm\u0131\u015f ta\u015flar\u0131n v\u00fccudun belirli b\u00f6lgelerine yerle\u015ftirildi\u011fi terap\u00f6tik bir tekniktir. Ta\u015flardan gelen s\u0131cakl\u0131k kaslar\u0131n derinliklerine n\u00fcfuz ederek yat\u0131\u015ft\u0131r\u0131c\u0131 ve rahatlat\u0131c\u0131 bir deneyim sa\u011flar. Bu masaj t\u00fcr\u00fc gerginli\u011fin giderilmesine, kas sertli\u011finin hafifletilmesine, dola\u015f\u0131m\u0131n ve metabolizman\u0131n art\u0131r\u0131lmas\u0131na yard\u0131mc\u0131 olur.  <\/p>\n<p><strong>S\u0131cak Ta\u015f Masaj\u0131n\u0131n Faydalar\u0131<\/strong><\/p>\n<ol>\n<li><strong>Derin Kas Gev\u015femesi<\/strong>: Ta\u015flardan gelen \u0131s\u0131 kaslar\u0131n daha derinlemesine gev\u015femesine yard\u0131mc\u0131 olur.<\/li>\n<li><strong>A\u011fr\u0131 Giderici<\/strong>: Kronik a\u011fr\u0131, artrit ve kaslarla ilgili di\u011fer rahats\u0131zl\u0131klar\u0131n tedavisinde etkilidir.<\/li>\n<li><strong>Geli\u015ftirilmi\u015f Dola\u015f\u0131m<\/strong>: Kan ak\u0131\u015f\u0131n\u0131 art\u0131r\u0131r ve v\u00fccudun detoksifikasyonuna yard\u0131mc\u0131 olur.<\/li>\n<li><strong>Stres Azaltma<\/strong>: Stresi azalt\u0131r ve genel refah duygusunu destekler.<\/li>\n<li><strong>Geli\u015ftirilmi\u015f Uyku<\/strong>: Gerginli\u011fi ve stresi azaltarak daha iyi uyumaya yard\u0131mc\u0131 olur.<\/li>\n<li><strong>Artan Eklem Esnekli\u011fi<\/strong>: Is\u0131, eklemlerde daha fazla esneklik sa\u011flar.<\/li>\n<\/ol>\n<p><strong>Neden S\u0131cak Ta\u015f Masaj\u0131n\u0131 Se\u00e7melisiniz?<\/strong><\/p>\n<p>S\u0131cak Ta\u015f Masaj\u0131, derinlemesine rahatlat\u0131c\u0131 bir deneyim arayanlar i\u00e7in idealdir. Is\u0131 ve masaj\u0131n birle\u015fimi benzersiz bir terap\u00f6tik etki sa\u011flayarak stresi azaltma, kas gerginli\u011fi ve kronik a\u011fr\u0131 i\u00e7in m\u00fckemmel bir se\u00e7imdir. <\/p>\n<p><strong>\u00d6neriler<\/strong><\/p>\n<ul>\n<li>Masajdan \u00f6nce ve sonra s\u0131v\u0131 ald\u0131\u011f\u0131n\u0131zdan emin olun.<\/li>\n<li>Herhangi bir rahats\u0131zl\u0131\u011f\u0131 derhal terapiste iletin.<\/li>\n<li>Seans \u00f6ncesinde a\u011f\u0131r yemeklerden ka\u00e7\u0131n\u0131n.<\/li>\n<\/ul>\n<p><strong>Nakee Massage &amp; Spa&#8217;da S\u0131cak Ta\u015f Masaj\u0131n\u0131 Deneyimleyin<\/strong><\/p>\n<p>Nakee Massage &amp; Spa&#8217;da otantik bir S\u0131cak Ta\u015f Masaj\u0131 deneyimi sunuyoruz. Yetenekli terapistlerimiz, en \u00fcst d\u00fczeyde rahatlama ve terap\u00f6tik faydalar sunmak i\u00e7in geleneksel masaj teknikleriyle birlikte p\u00fcr\u00fczs\u00fcz, \u0131s\u0131t\u0131lm\u0131\u015f ta\u015flar kullan\u0131r. Ta\u015flar\u0131n s\u0131cakl\u0131\u011f\u0131n\u0131n stresinizi eritmesine izin verirken spam\u0131z\u0131n dingin ortam\u0131n\u0131n keyfini \u00e7\u0131kar\u0131n.  <\/p>\n","protected":false},"excerpt":{"rendered":"<p>S\u0131cak Ta\u015f Masaj\u0131, \u0131s\u0131t\u0131lm\u0131\u015f ta\u015flar\u0131n ve masaj tekniklerinin faydalar\u0131n\u0131 birle\u015ftiren benzersiz bir terap\u00f6tik tedavidir. Kas gerginli\u011fini gidermeye, dola\u015f\u0131m\u0131 iyile\u015ftirmeye ve rahatlamay\u0131 te\u015fvik etmeye yard\u0131mc\u0131 olur. Kronik a\u011fr\u0131lar\u0131 veya y\u00fcksek stres seviyeleri olanlar i\u00e7in ideal olan bu masaj, derin kas gev\u015femesi ve genel sa\u011fl\u0131k sa\u011flar.  <\/p>\n","protected":false},"featured_media":13008,"template":"","meta":{"_acf_changed":false,"wds_primary_product_brand":0,"wds_primary_product_cat":0},"product_brand":[],"product_cat":[143],"product_tag":[495,881,758,499,790,777,497,490,488,489,486,500,491,496,498,842,487,493,492,494],"class_list":{"0":"post-6950","1":"product","2":"type-product","3":"status-publish","4":"has-post-thumbnail","6":"product_cat-masajlar","7":"product_tag-yakinimdaki-en-iyi-masaj","8":"product_tag-bo-phut-tayland-masaji","9":"product_tag-bo-phutta-en-iyi-masaj","10":"product_tag-chawengdeki-en-iyi-masaj","11":"product_tag-choengmon-tayland-masaji","12":"product_tag-choengmonda-en-iyi-masaj","13":"product_tag-en-iyi-masaj-chaweng","14":"product_tag-en-iyi-masaj-koh-samui","15":"product_tag-koh-samui-masaj-fiyatlari","16":"product_tag-koh-samui-masaj-salonu","17":"product_tag-koh-samui-masaji","18":"product_tag-koh-samui-taylandda-masaj","19":"product_tag-koh-samui-thai-masaji","20":"product_tag-koh-samuide-masaj","21":"product_tag-koh-samuideki-en-iyi-masaj","22":"product_tag-masaj-salonu","23":"product_tag-thai-masaji-koh-samui","24":"product_tag-tum-vucut-masaji","25":"product_tag-vucut-masaji-koh-samui","26":"product_tag-yakinimdaki-thai-masaji","27":"pa_duration-120-dakika","28":"pa_duration-60-dakika","29":"pa_duration-90-dakika","30":"pa_massage-sicak-tas","31":"pa_menu-category-uzmanlasmis-vucut-calismasi","32":"pa_types-rahatlayin-sakinlesin","34":"first","35":"instock","36":"shipping-taxable","37":"purchasable","38":"product-type-variable"},"acf":[],"_links":{"self":[{"href":"https:\/\/www.nakee.spa\/tr\/wp-json\/wp\/v2\/product\/6950","targetHints":{"allow":["GET"]}}],"collection":[{"href":"https:\/\/www.nakee.spa\/tr\/wp-json\/wp\/v2\/product"}],"about":[{"href":"https:\/\/www.nakee.spa\/tr\/wp-json\/wp\/v2\/types\/product"}],"wp:featuredmedia":[{"embeddable":true,"href":"https:\/\/www.nakee.spa\/tr\/wp-json\/wp\/v2\/media\/13008"}],"wp:attachment":[{"href":"https:\/\/www.nakee.spa\/tr\/wp-json\/wp\/v2\/media?parent=6950"}],"wp:term":[{"taxonomy":"product_brand","embeddable":true,"href":"https:\/\/www.nakee.spa\/tr\/wp-json\/wp\/v2\/product_brand?post=6950"},{"taxonomy":"product_cat","embeddable":true,"href":"https:\/\/www.nakee.spa\/tr\/wp-json\/wp\/v2\/product_cat?post=6950"},{"taxonomy":"product_tag","embeddable":true,"href":"https:\/\/www.nakee.spa\/tr\/wp-json\/wp\/v2\/product_tag?post=6950"}],"curies":[{"name":"wp","href":"https:\/\/api.w.org\/{rel}","templated":true}]}}