{"id":6992,"date":"2024-07-12T09:55:11","date_gmt":"2024-07-12T09:55:11","guid":{"rendered":"https:\/\/www.nakee.spa\/product\/vucut-ovma\/"},"modified":"2025-11-14T00:58:45","modified_gmt":"2025-11-13T17:58:45","slug":"vucut-ovma","status":"publish","type":"product","link":"https:\/\/www.nakee.spa\/tr\/\u00fcr\u00fcn\/vucut-ovma\/","title":{"rendered":"V\u00fccut Ovma"},"content":{"rendered":"<h3>Body Scrub nedir?<\/h3>\n<p>V\u00fccut peelingi, v\u00fccudunuzdaki cildi pul pul d\u00f6kmek ve gen\u00e7le\u015ftirmek i\u00e7in tasarlanm\u0131\u015f bir cilt bak\u0131m\u0131 uygulamas\u0131d\u0131r. \u00d6l\u00fc deri h\u00fccrelerini temizlemek, dola\u015f\u0131m\u0131 canland\u0131rmak ve cildinizi p\u00fcr\u00fczs\u00fcz ve tazelenmi\u015f b\u0131rakmak i\u00e7in ya\u011flar ve kokularla birlikte tuz veya \u015feker gibi a\u015f\u0131nd\u0131r\u0131c\u0131 malzemelerin kullan\u0131lmas\u0131n\u0131 i\u00e7erir. <\/p>\n<h3>V\u00fccut Peelinginin Faydalar\u0131<\/h3>\n<ol>\n<li><strong>Eksfoliasyon<\/strong>: \u00d6l\u00fc cilt h\u00fccrelerini temizleyerek daha p\u00fcr\u00fczs\u00fcz bir cilt ortaya \u00e7\u0131kar\u0131r.<\/li>\n<li><strong>Geli\u015ftirilmi\u015f Dola\u015f\u0131m<\/strong>: Kan ak\u0131\u015f\u0131n\u0131 uyararak daha sa\u011fl\u0131kl\u0131 bir cilt sa\u011flar.<\/li>\n<li><strong>Nemlendirme<\/strong>: Scrub&#8217;da kullan\u0131lan ya\u011flar cildi nemlendirir ve besler.<\/li>\n<li><strong>Cilt Yenileme<\/strong>: Daha taze bir g\u00f6r\u00fcn\u00fcm i\u00e7in h\u00fccre yenilenmesini te\u015fvik eder.<\/li>\n<li><strong>Rahatlama<\/strong>: Sakinle\u015ftirici ve canland\u0131r\u0131c\u0131 bir deneyim sa\u011flar.<\/li>\n<\/ol>\n<h3>Neden V\u00fccut Peelingini Se\u00e7melisiniz?<\/h3>\n<p>Profesyonel bir v\u00fccut peelingi se\u00e7mek, cildinizin y\u00fcksek kaliteli \u00fcr\u00fcnler ve uzman tekniklerle tedavi edilmesini sa\u011flar. Yetenekli terapistlerimiz cildinizin sa\u011fl\u0131\u011f\u0131n\u0131 ve g\u00f6r\u00fcn\u00fcm\u00fcn\u00fc iyile\u015ftiren kapsaml\u0131 ve rahatlat\u0131c\u0131 bir bak\u0131m sa\u011flar. <\/p>\n<h3>\u00d6neriler<\/h3>\n<ul>\n<li><strong>D\u00fczenli Bak\u0131mlar<\/strong>: P\u00fcr\u00fczs\u00fcz ve sa\u011fl\u0131kl\u0131 bir cilt i\u00e7in d\u00fczenli v\u00fccut peelingi planlay\u0131n.<\/li>\n<li><strong>Nemlendirin<\/strong>: Faydalar\u0131 uzatmak i\u00e7in bak\u0131mlar aras\u0131nda cildinizi nemli tutun.<\/li>\n<li><strong>Sert G\u00fcne\u015ften Ka\u00e7\u0131n\u0131n<\/strong>: Yeni pul pul d\u00f6k\u00fclm\u00fc\u015f cildinizi g\u00fcne\u015fe maruz kalmaktan koruyun.<\/li>\n<\/ul>\n<h3>Nakee Massage &amp; Spa&#8217;da V\u00fccut Ovma Deneyimini Ya\u015fay\u0131n<\/h3>\n<p>Nakee Massage &amp; Spa&#8217;da Body Scrub hizmetimiz, cildinize peeling yapmak ve gen\u00e7le\u015ftirmek i\u00e7in kapsaml\u0131 bir bak\u0131m sunar. Yetenekli terapistlerimiz, kapsaml\u0131 ve rahatlat\u0131c\u0131 bir deneyim sa\u011flamak i\u00e7in birinci s\u0131n\u0131f kese ve teknikler kullan\u0131r. Sakin spa ortam\u0131m\u0131zda daha p\u00fcr\u00fczs\u00fcz, daha sa\u011fl\u0131kl\u0131 bir cildin ve en \u00fcst d\u00fczeyde rahatlaman\u0131n keyfini \u00e7\u0131kar\u0131n.  <\/p>\n","protected":false},"excerpt":{"rendered":"<p>Nakee Massage &amp; Spa&#8217;daki Body Scrub, cildinizi gen\u00e7le\u015ftirmek ve tazelemek i\u00e7in tasarlanm\u0131\u015f l\u00fcks bir peeling uygulamas\u0131 sunar. Profesyonel terapistlerimiz y\u00fcksek kaliteli kese ve geli\u015fmi\u015f teknikler kullanarak \u00f6l\u00fc deri h\u00fccrelerini temizler, dola\u015f\u0131m\u0131 uyar\u0131r ve cildinizi nemlendirir. Bu kapsaml\u0131 bak\u0131m cilt dokusunu iyile\u015ftirir, h\u00fccre yenilenmesini destekler ve cildinizin p\u00fcr\u00fczs\u00fcz ve canlanm\u0131\u015f hissetmesini sa\u011flar. En \u00fcst d\u00fczeyde konfor ve esenlik sa\u011flamak i\u00e7in \u00f6zel olarak tasarlanan V\u00fccut Ovma hizmetimizle rahatlama ve gen\u00e7le\u015fmenin m\u00fckemmel kar\u0131\u015f\u0131m\u0131n\u0131 deneyimleyin.   <\/p>\n","protected":false},"featured_media":13025,"template":"","meta":{"_acf_changed":false,"wds_primary_product_brand":0,"wds_primary_product_cat":0},"product_brand":[],"product_cat":[200],"product_tag":[816,803,867,855,829],"class_list":{"0":"post-6992","1":"product","2":"type-product","3":"status-publish","4":"has-post-thumbnail","6":"product_cat-guzellik-bakimi","7":"product_tag-en-iyi-vucut-peeling-salonu","8":"product_tag-en-iyi-vucut-peelingi","9":"product_tag-en-iyi-yuz-bakimi","10":"product_tag-yakinimdaki-vucut-peelingi","11":"product_tag-yakinimdaki-yuz-bakimi","12":"pa_duration-60-dakika","13":"pa_massage-guzellik-bakimi","14":"pa_massage-ovma","15":"pa_menu-category-vucut-guzellik-bakim-uygulamalari","16":"pa_types-puruzsuz-guzellik","18":"first","19":"instock","20":"shipping-taxable","21":"purchasable","22":"product-type-variable"},"acf":[],"_links":{"self":[{"href":"https:\/\/www.nakee.spa\/tr\/wp-json\/wp\/v2\/product\/6992","targetHints":{"allow":["GET"]}}],"collection":[{"href":"https:\/\/www.nakee.spa\/tr\/wp-json\/wp\/v2\/product"}],"about":[{"href":"https:\/\/www.nakee.spa\/tr\/wp-json\/wp\/v2\/types\/product"}],"wp:featuredmedia":[{"embeddable":true,"href":"https:\/\/www.nakee.spa\/tr\/wp-json\/wp\/v2\/media\/13025"}],"wp:attachment":[{"href":"https:\/\/www.nakee.spa\/tr\/wp-json\/wp\/v2\/media?parent=6992"}],"wp:term":[{"taxonomy":"product_brand","embeddable":true,"href":"https:\/\/www.nakee.spa\/tr\/wp-json\/wp\/v2\/product_brand?post=6992"},{"taxonomy":"product_cat","embeddable":true,"href":"https:\/\/www.nakee.spa\/tr\/wp-json\/wp\/v2\/product_cat?post=6992"},{"taxonomy":"product_tag","embeddable":true,"href":"https:\/\/www.nakee.spa\/tr\/wp-json\/wp\/v2\/product_tag?post=6992"}],"curies":[{"name":"wp","href":"https:\/\/api.w.org\/{rel}","templated":true}]}}