{"id":7034,"date":"2024-07-09T09:57:58","date_gmt":"2024-07-09T09:57:58","guid":{"rendered":"https:\/\/www.nakee.spa\/product\/aloe-vera-dokunus-paketi\/"},"modified":"2025-11-14T01:55:37","modified_gmt":"2025-11-13T18:55:37","slug":"aloe-vera-dokunus-paketi","status":"publish","type":"product","link":"https:\/\/www.nakee.spa\/tr\/\u00fcr\u00fcn\/aloe-vera-dokunus-paketi\/","title":{"rendered":"Aloe Vera Dokunu\u015f Paketi"},"content":{"rendered":"<p><strong>Aloe Vera Dokunu\u015f Paketi nedir?<\/strong>  Aloe Vera Dokunu\u015f Paketi, en iyi otantik Tay Masaj\u0131m\u0131z ile gen\u00e7le\u015ftirici Aloe Vera Masaj\u0131n\u0131n e\u015fsiz bir kar\u0131\u015f\u0131m\u0131d\u0131r. Bu 60 dakikal\u0131k seans, kapsaml\u0131 bir rahatlama ve iyile\u015ftirme deneyimi sa\u011flamak i\u00e7in geleneksel Tay tekniklerini Aloe Vera&#8217;n\u0131n yat\u0131\u015ft\u0131r\u0131c\u0131 \u00f6zellikleriyle birle\u015ftirir. <\/p>\n<p><strong>Aloe Vera Dokunu\u015f Paketinin Faydalar\u0131<\/strong><\/p>\n<ul>\n<li><strong>Derin Rahatlama<\/strong>: Thai masaj\u0131n\u0131n germe ve akupres\u00fcr \u00f6zelliklerinin Aloe Vera&#8217;n\u0131n serinletici etkisiyle birle\u015fimi, kaslar\u0131n\u0131z\u0131n ve zihninizin derinlemesine rahatlamas\u0131na yard\u0131mc\u0131 olur.<\/li>\n<li><strong>Cilt Gen\u00e7le\u015ftirme<\/strong>: Aloe Vera cildi yat\u0131\u015ft\u0131r\u0131c\u0131 ve nemlendirici \u00f6zellikleriyle \u00fcnl\u00fcd\u00fcr ve bu paketi cildinizi canland\u0131rmak i\u00e7in m\u00fckemmel hale getirir.<\/li>\n<li><strong>Stres Giderici<\/strong>: Thai masaj\u0131n\u0131n terap\u00f6tik \u00f6zellikleri Aloe Vera&#8217;n\u0131n do\u011fal iyile\u015ftiricili\u011fi ile birle\u015fti\u011finde stresi azaltmaya ve genel refah\u0131 art\u0131rmaya yard\u0131mc\u0131 olur.<\/li>\n<\/ul>\n<p><strong>Neden Aloe Vera Dokunu\u015f Paketini Se\u00e7melisiniz?<\/strong>  Aloe Vera Dokunu\u015f Paketi ile her iki d\u00fcnyan\u0131n da en iyisini deneyimleyin. Rahatlama ve gen\u00e7le\u015fmeye otantik ve b\u00fct\u00fcnsel bir yakla\u015f\u0131m arayanlar i\u00e7in m\u00fckemmeldir. Aloe Vera&#8217;n\u0131n do\u011fal faydalar\u0131 Thai masaj terapistlerimizin uzmanl\u0131\u011f\u0131yla birle\u015ferek e\u015fsiz ve canland\u0131r\u0131c\u0131 bir deneyim sunar.  <\/p>\n<p><strong>\u00d6neri<\/strong> V\u00fccudunuza en \u00fcst d\u00fczeyde rahatlama ve cilt gen\u00e7le\u015ftirme deneyimi ya\u015fatmak, kendinizi tazelenmi\u015f ve canlanm\u0131\u015f hissetmek istiyorsan\u0131z bu paketi <strong>deneyin<\/strong>.<\/p>\n","protected":false},"excerpt":{"rendered":"<p>Otantik Aloe Vera Dokunu\u015f Paketimiz ile rahatlaman\u0131n en iyisini ya\u015fay\u0131n. Bu bak\u0131m, Thai Masaj\u0131n\u0131n terap\u00f6tik faydalar\u0131n\u0131 Aloe Vera Masaj\u0131n\u0131n yat\u0131\u015ft\u0131r\u0131c\u0131 \u00f6zellikleriyle birle\u015ftirir. Cildinizi gen\u00e7le\u015ftirmek ve stresi azaltmak i\u00e7in m\u00fckemmel olan Aloe Vera Dokunu\u015f Paketi hem 60 dakikal\u0131k hem de 120 dakikal\u0131k seanslar sunmaktad\u0131r. Derin kas gev\u015femesi, geli\u015fmi\u015f cilt nemlendirmesi ve geleneksel Tay tekniklerini do\u011fal Aloe Vera&#8217;n\u0131n iyile\u015ftirici g\u00fc\u00e7leriyle harmanlayan benzersiz, b\u00fct\u00fcnsel bir deneyimin keyfini \u00e7\u0131kar\u0131n. En \u00fcst d\u00fczeyde gen\u00e7le\u015fme ve otantik bir Tay spa deneyimi i\u00e7in bu paketi se\u00e7in.    <\/p>\n","protected":false},"featured_media":912,"template":"","meta":{"_acf_changed":false,"wds_primary_product_brand":0,"wds_primary_product_cat":0},"product_brand":[],"product_cat":[467],"product_tag":[495,881,758,499,790,777,497,490,488,489,486,500,491,496,498,842,487,493,492,494],"class_list":{"0":"post-7034","1":"product","2":"type-product","3":"status-publish","4":"has-post-thumbnail","6":"product_cat-paketler","7":"product_tag-yakinimdaki-en-iyi-masaj","8":"product_tag-bo-phut-tayland-masaji","9":"product_tag-bo-phutta-en-iyi-masaj","10":"product_tag-chawengdeki-en-iyi-masaj","11":"product_tag-choengmon-tayland-masaji","12":"product_tag-choengmonda-en-iyi-masaj","13":"product_tag-en-iyi-masaj-chaweng","14":"product_tag-en-iyi-masaj-koh-samui","15":"product_tag-koh-samui-masaj-fiyatlari","16":"product_tag-koh-samui-masaj-salonu","17":"product_tag-koh-samui-masaji","18":"product_tag-koh-samui-taylandda-masaj","19":"product_tag-koh-samui-thai-masaji","20":"product_tag-koh-samuide-masaj","21":"product_tag-koh-samuideki-en-iyi-masaj","22":"product_tag-masaj-salonu","23":"product_tag-thai-masaji-koh-samui","24":"product_tag-tum-vucut-masaji","25":"product_tag-vucut-masaji-koh-samui","26":"product_tag-yakinimdaki-thai-masaji","27":"pa_duration-120-dakika","28":"pa_duration-60-dakika","29":"pa_massage-aloe-vera-tr","30":"pa_massage-thai-masaji","31":"pa_menu-category-gunes-sonrasi-bakim","32":"pa_types-stretch-thai-stili","34":"first","35":"instock","36":"shipping-taxable","37":"purchasable","38":"product-type-variable"},"acf":[],"_links":{"self":[{"href":"https:\/\/www.nakee.spa\/tr\/wp-json\/wp\/v2\/product\/7034","targetHints":{"allow":["GET"]}}],"collection":[{"href":"https:\/\/www.nakee.spa\/tr\/wp-json\/wp\/v2\/product"}],"about":[{"href":"https:\/\/www.nakee.spa\/tr\/wp-json\/wp\/v2\/types\/product"}],"wp:featuredmedia":[{"embeddable":true,"href":"https:\/\/www.nakee.spa\/tr\/wp-json\/wp\/v2\/media\/912"}],"wp:attachment":[{"href":"https:\/\/www.nakee.spa\/tr\/wp-json\/wp\/v2\/media?parent=7034"}],"wp:term":[{"taxonomy":"product_brand","embeddable":true,"href":"https:\/\/www.nakee.spa\/tr\/wp-json\/wp\/v2\/product_brand?post=7034"},{"taxonomy":"product_cat","embeddable":true,"href":"https:\/\/www.nakee.spa\/tr\/wp-json\/wp\/v2\/product_cat?post=7034"},{"taxonomy":"product_tag","embeddable":true,"href":"https:\/\/www.nakee.spa\/tr\/wp-json\/wp\/v2\/product_tag?post=7034"}],"curies":[{"name":"wp","href":"https:\/\/api.w.org\/{rel}","templated":true}]}}