{"id":7059,"date":"2024-07-09T10:55:21","date_gmt":"2024-07-09T10:55:21","guid":{"rendered":"https:\/\/www.nakee.spa\/product\/bitkisel-uyum-paketi\/"},"modified":"2025-11-14T01:55:39","modified_gmt":"2025-11-13T18:55:39","slug":"bitkisel-uyum-paketi","status":"publish","type":"product","link":"https:\/\/www.nakee.spa\/tr\/\u00fcr\u00fcn\/bitkisel-uyum-paketi\/","title":{"rendered":"Bitkisel Uyum Paketi"},"content":{"rendered":"<p><strong>Otantik Bitkisel Kompres Masaj\u0131 ve hindistan cevizi ya\u011f\u0131n\u0131n yat\u0131\u015ft\u0131r\u0131c\u0131 faydalar\u0131n\u0131n m\u00fckemmel bir kar\u0131\u015f\u0131m\u0131 olan Bitkisel Uyum paketimizle Tay sa\u011fl\u0131kl\u0131 ya\u015fam\u0131n\u0131n en iyisini deneyimleyin.<\/strong><\/p>\n<h4>Herbal Harmony nedir?<\/h4>\n<p>Bu paket, geleneksel Tay Bitkisel Kompresinin tedavi edici g\u00fcc\u00fcn\u00fc hindistan cevizi ya\u011f\u0131 masaj\u0131n\u0131n nemlendirici ve rahatlat\u0131c\u0131 \u00f6zellikleriyle birle\u015ftirir. Tay bitkileri ile dolu Bitkisel Kompres buharda pi\u015firilir ve v\u00fccuda uygulanarak rahatlamay\u0131 art\u0131r\u0131r, stresi azalt\u0131r ve kas gerginli\u011fini hafifletir. Ard\u0131ndan gelen l\u00fcks hindistan cevizi ya\u011f\u0131 masaj\u0131 cildi besler ve zihni sakinle\u015ftirir.  <\/p>\n<h4>Bitkisel Uyumun Faydalar\u0131:<\/h4>\n<ul>\n<li><strong>Derin Rahatlama<\/strong>: Bitkisel kompresin s\u0131cakl\u0131\u011f\u0131 ve yat\u0131\u015ft\u0131r\u0131c\u0131 hindistan cevizi ya\u011f\u0131 birlikte \u00e7al\u0131\u015farak gerginli\u011fi eritir.<\/li>\n<li><strong>Kas Rahatlat\u0131c\u0131<\/strong>: Kronik a\u011fr\u0131 ve kas sertli\u011fini hafifletmek i\u00e7in m\u00fckemmeldir.<\/li>\n<li><strong>Geli\u015ftirilmi\u015f Cilt Bak\u0131m\u0131<\/strong>: Hindistan cevizi ya\u011f\u0131 derinlemesine nemlendirerek cildinizi yumu\u015fak ve nemli b\u0131rak\u0131r.<\/li>\n<li><strong>Stres Azaltma<\/strong>: Kombine terapi, stres ve kayg\u0131y\u0131 azaltarak genel refah\u0131 destekler.<\/li>\n<\/ul>\n<h4>Neden Herbal Harmony&#8217;i Se\u00e7melisiniz?<\/h4>\n<p>Bu paket, kapsaml\u0131 bir Tay sa\u011fl\u0131kl\u0131 ya\u015fam deneyimi arayanlar i\u00e7in idealdir. Kompresin terap\u00f6tik \u0131s\u0131s\u0131n\u0131 ve bitkisel faydalar\u0131n\u0131 hindistan cevizi ya\u011f\u0131n\u0131n besleyici dokunu\u015fuyla birle\u015ftirerek benzersiz bir rahatlama ve gen\u00e7le\u015fme hissi sa\u011flar. <\/p>\n<p><strong>Nakee Hindistan Cevizi Ya\u011f\u0131 Hakk\u0131nda:<\/strong> \u00d6zel hindistan cevizi ya\u011f\u0131m\u0131z Koh Samui adas\u0131nda yeti\u015fen hindistan cevizlerinden yap\u0131lmaktad\u0131r. Bu ev yap\u0131m\u0131, %100 do\u011fal, organik hindistan cevizi ya\u011f\u0131 saf ve otantik bir deneyim sa\u011flar. Ho\u015f kokusu rahatlamay\u0131 art\u0131r\u0131r ve masaj\u0131n\u0131z\u0131 daha da keyifli hale getirir.  <\/p>\n<p><strong>Tay Bitkisel Kompresimiz:<\/strong> Tayland bitkisel kompreslerinde genellikle di\u011fer \u00fclkelerin bitkisel kompreslerinde yayg\u0131n olarak bulunmayan limon otu, zerde\u00e7al, kaffir lime ve demirhindi gibi Tayland&#8217;a \u00f6zg\u00fc bitkilerin \u00f6zel bir kar\u0131\u015f\u0131m\u0131 kullan\u0131l\u0131r.<\/p>\n<p>En \u00fcst d\u00fczeyde rahatlama ve gen\u00e7le\u015fme sunmak \u00fczere tasarlanan Bitkisel Uyum paketimizle en iyi ve en otantik Tay sa\u011fl\u0131kl\u0131 ya\u015fam deneyimini ya\u015fay\u0131n.<\/p>\n","protected":false},"excerpt":{"rendered":"<p>Bitkisel kompresleri ve besleyici hindistan cevizi ya\u011f\u0131n\u0131 bir araya getiren Bitkisel Uyum paketimizle otantik Tay masaj\u0131n\u0131n en iyisini deneyimleyin. Bu 60 veya 120 dakikal\u0131k seans kas gerginli\u011fini giderir, dola\u015f\u0131m\u0131 iyile\u015ftirir ve stresi azalt\u0131r. Is\u0131t\u0131lm\u0131\u015f bitkisel kompresler terap\u00f6tik \u0131s\u0131 ve aromalar yayarken, hindistan cevizi ya\u011f\u0131 masaj\u0131 cildi derinlemesine nemlendirerek rahatlamay\u0131 art\u0131r\u0131r.  <\/p>\n","protected":false},"featured_media":0,"template":"","meta":{"_acf_changed":false,"wds_primary_product_brand":0,"wds_primary_product_cat":0},"product_brand":[],"product_cat":[467],"product_tag":[495,881,758,499,790,777,497,490,488,489,486,500,491,496,498,842,487,493,492,494],"class_list":{"0":"post-7059","1":"product","2":"type-product","3":"status-publish","5":"product_cat-paketler","6":"product_tag-yakinimdaki-en-iyi-masaj","7":"product_tag-bo-phut-tayland-masaji","8":"product_tag-bo-phutta-en-iyi-masaj","9":"product_tag-chawengdeki-en-iyi-masaj","10":"product_tag-choengmon-tayland-masaji","11":"product_tag-choengmonda-en-iyi-masaj","12":"product_tag-en-iyi-masaj-chaweng","13":"product_tag-en-iyi-masaj-koh-samui","14":"product_tag-koh-samui-masaj-fiyatlari","15":"product_tag-koh-samui-masaj-salonu","16":"product_tag-koh-samui-masaji","17":"product_tag-koh-samui-taylandda-masaj","18":"product_tag-koh-samui-thai-masaji","19":"product_tag-koh-samuide-masaj","20":"product_tag-koh-samuideki-en-iyi-masaj","21":"product_tag-masaj-salonu","22":"product_tag-thai-masaji-koh-samui","23":"product_tag-tum-vucut-masaji","24":"product_tag-vucut-masaji-koh-samui","25":"product_tag-yakinimdaki-thai-masaji","26":"pa_duration-120-dakika","27":"pa_duration-60-dakika","28":"pa_massage-bitkisel-kompres","29":"pa_massage-hindistan-cevizi-yagi","31":"first","32":"instock","33":"shipping-taxable","34":"purchasable","35":"product-type-variable"},"acf":[],"_links":{"self":[{"href":"https:\/\/www.nakee.spa\/tr\/wp-json\/wp\/v2\/product\/7059","targetHints":{"allow":["GET"]}}],"collection":[{"href":"https:\/\/www.nakee.spa\/tr\/wp-json\/wp\/v2\/product"}],"about":[{"href":"https:\/\/www.nakee.spa\/tr\/wp-json\/wp\/v2\/types\/product"}],"wp:attachment":[{"href":"https:\/\/www.nakee.spa\/tr\/wp-json\/wp\/v2\/media?parent=7059"}],"wp:term":[{"taxonomy":"product_brand","embeddable":true,"href":"https:\/\/www.nakee.spa\/tr\/wp-json\/wp\/v2\/product_brand?post=7059"},{"taxonomy":"product_cat","embeddable":true,"href":"https:\/\/www.nakee.spa\/tr\/wp-json\/wp\/v2\/product_cat?post=7059"},{"taxonomy":"product_tag","embeddable":true,"href":"https:\/\/www.nakee.spa\/tr\/wp-json\/wp\/v2\/product_tag?post=7059"}],"curies":[{"name":"wp","href":"https:\/\/api.w.org\/{rel}","templated":true}]}}