{"id":7111,"date":"2024-07-12T10:02:24","date_gmt":"2024-07-12T10:02:24","guid":{"rendered":"https:\/\/www.nakee.spa\/product\/yuz-ovma-facail\/"},"modified":"2025-11-14T00:58:53","modified_gmt":"2025-11-13T17:58:53","slug":"yuz-ovma-facail","status":"publish","type":"product","link":"https:\/\/www.nakee.spa\/tr\/\u00fcr\u00fcn\/yuz-ovma-facail\/","title":{"rendered":"Y\u00fcz Ovma"},"content":{"rendered":"<h3>Y\u00fcz Scrub&#8217;\u0131 nedir?<\/h3>\n<p>Y\u00fcz bak\u0131m\u0131 olarak da bilinen Y\u00fcz Ovma, y\u00fcz\u00fcn\u00fczdeki cildi pul pul d\u00f6kmek ve temizlemek i\u00e7in tasarlanm\u0131\u015f bir cilt bak\u0131m\u0131 uygulamas\u0131d\u0131r. \u00d6l\u00fc cilt h\u00fccrelerini gidermek, g\u00f6zenekleri a\u00e7mak ve cildi p\u00fcr\u00fczs\u00fcz ve tazelenmi\u015f b\u0131rakmak i\u00e7in peeling ovma ve di\u011fer cilt bak\u0131m \u00fcr\u00fcnlerinin kullan\u0131lmas\u0131n\u0131 i\u00e7erir. <\/p>\n<h3>Y\u00fcz Scrub&#8217;\u0131n\u0131n Faydalar\u0131<\/h3>\n<ol>\n<li><strong>Eksfoliasyon<\/strong>: \u00d6l\u00fc cilt h\u00fccrelerini temizleyerek daha parlak ve p\u00fcr\u00fczs\u00fcz bir cilt ortaya \u00e7\u0131kar\u0131r.<\/li>\n<li><strong>Derinlemesine Temizleme<\/strong>: G\u00f6zenekleri a\u00e7ar ve kirleri giderir.<\/li>\n<li><strong>Geli\u015ftirilmi\u015f Cilt Dokusu<\/strong>: P\u00fcr\u00fczl\u00fc b\u00f6lgeleri p\u00fcr\u00fczs\u00fczle\u015ftirir ve cilt tonunu e\u015fitler.<\/li>\n<li><strong>Nemlendirme<\/strong>: Nemi yenileyerek cildin yumu\u015fak ve esnek olmas\u0131n\u0131 sa\u011flar.<\/li>\n<li><strong>Ya\u015flanma Kar\u015f\u0131t\u0131<\/strong>: H\u00fccre yenilenmesini uyararak ince \u00e7izgilerin ve k\u0131r\u0131\u015f\u0131kl\u0131klar\u0131n g\u00f6r\u00fcn\u00fcm\u00fcn\u00fc azalt\u0131r.<\/li>\n<\/ol>\n<h3>Neden Y\u00fcz Scrub&#8217;\u0131 Se\u00e7melisiniz?<\/h3>\n<p>Profesyonel bir y\u00fcz bak\u0131m\u0131 tercih etmek, cildinizin y\u00fcksek kaliteli \u00fcr\u00fcnler ve uzman tekniklerle tedavi edilmesini sa\u011flar. Deneyimli estetisyenlerimiz sa\u011fl\u0131kl\u0131 ve \u0131\u015f\u0131lt\u0131l\u0131 bir cildi destekleyen kapsaml\u0131 ve rahatlat\u0131c\u0131 bir bak\u0131m sunar. <\/p>\n<h3>\u00d6neriler<\/h3>\n<ul>\n<li><strong>D\u00fczenli Tedaviler<\/strong>: Optimum cilt sa\u011fl\u0131\u011f\u0131n\u0131 korumak i\u00e7in d\u00fczenli y\u00fcz bak\u0131m\u0131 planlay\u0131n.<\/li>\n<li><strong>G\u00fcne\u015ften Korunma<\/strong>: Tedavilerden sonra cildinizi korumak i\u00e7in g\u00fcnl\u00fck olarak g\u00fcne\u015f kremi kullan\u0131n.<\/li>\n<li><strong>Cilt Tipi<\/strong>: En iyi sonu\u00e7lar\u0131 elde etmek i\u00e7in cilt tipinize uygun bir y\u00fcz bak\u0131m\u0131 se\u00e7in.<\/li>\n<\/ul>\n<h3>Nakee Massage &amp; Spa&#8217;da Y\u00fcz Kese Deneyimini Ya\u015fay\u0131n<\/h3>\n<p>Nakee Massage &amp; Spa&#8217;da, Y\u00fcz Ovma (Facial) hizmetimiz cildinize peeling yapmak ve gen\u00e7le\u015ftirmek i\u00e7in l\u00fcks bir bak\u0131m sunar. Yetenekli estetisyenlerimiz, kapsaml\u0131 ve rahatlat\u0131c\u0131 bir deneyim sa\u011flamak i\u00e7in birinci s\u0131n\u0131f \u00fcr\u00fcnler ve teknikler kullan\u0131r. Sakin spa ortam\u0131m\u0131zda daha temiz, daha sa\u011fl\u0131kl\u0131 bir cildin ve en \u00fcst d\u00fczeyde rahatlaman\u0131n keyfini \u00e7\u0131kar\u0131n.  <\/p>\n","protected":false},"excerpt":{"rendered":"<p>Nakee Massage &amp; Spa&#8217;daki Face Scrub (Facial), cildinizi gen\u00e7le\u015ftirmek ve tazelemek i\u00e7in tasarlanm\u0131\u015f l\u00fcks bir peeling uygulamas\u0131 sunar. Profesyonel estetisyenlerimiz y\u00fcksek kaliteli peeling f\u0131r\u00e7alar\u0131 ve geli\u015fmi\u015f cilt bak\u0131m teknikleri kullanarak \u00f6l\u00fc cilt h\u00fccrelerini temizler, g\u00f6zenekleri a\u00e7ar ve cildinizi nemlendirir. Bu kapsaml\u0131 bak\u0131m cilt dokusunu iyile\u015ftirir, cildinizi ayd\u0131nlat\u0131r ve h\u00fccre yenilenmesini uyararak ince \u00e7izgilerin ve k\u0131r\u0131\u015f\u0131kl\u0131klar\u0131n g\u00f6r\u00fcn\u00fcm\u00fcn\u00fc azalt\u0131r. En \u00fcst d\u00fczeyde rahatlama ve gen\u00e7le\u015fme sa\u011flamak i\u00e7in \u00f6zel olarak tasarlanm\u0131\u015f y\u00fcz bak\u0131m hizmetlerimizle daha net, p\u00fcr\u00fczs\u00fcz ve sa\u011fl\u0131kl\u0131 bir cilt deneyimi ya\u015fay\u0131n.   <\/p>\n","protected":false},"featured_media":1111,"template":"","meta":{"_acf_changed":false,"wds_primary_product_brand":0,"wds_primary_product_cat":0},"product_brand":[],"product_cat":[200],"product_tag":[816,803,867,855,829],"class_list":{"0":"post-7111","1":"product","2":"type-product","3":"status-publish","4":"has-post-thumbnail","6":"product_cat-guzellik-bakimi","7":"product_tag-en-iyi-vucut-peeling-salonu","8":"product_tag-en-iyi-vucut-peelingi","9":"product_tag-en-iyi-yuz-bakimi","10":"product_tag-yakinimdaki-vucut-peelingi","11":"product_tag-yakinimdaki-yuz-bakimi","12":"pa_duration-60-dakika","13":"pa_massage-guzellik-bakimi","14":"pa_massage-ovma","15":"pa_menu-category-vucut-guzellik-bakim-uygulamalari","16":"pa_types-puruzsuz-guzellik","18":"first","19":"instock","20":"shipping-taxable","21":"purchasable","22":"product-type-variable"},"acf":[],"_links":{"self":[{"href":"https:\/\/www.nakee.spa\/tr\/wp-json\/wp\/v2\/product\/7111","targetHints":{"allow":["GET"]}}],"collection":[{"href":"https:\/\/www.nakee.spa\/tr\/wp-json\/wp\/v2\/product"}],"about":[{"href":"https:\/\/www.nakee.spa\/tr\/wp-json\/wp\/v2\/types\/product"}],"wp:featuredmedia":[{"embeddable":true,"href":"https:\/\/www.nakee.spa\/tr\/wp-json\/wp\/v2\/media\/1111"}],"wp:attachment":[{"href":"https:\/\/www.nakee.spa\/tr\/wp-json\/wp\/v2\/media?parent=7111"}],"wp:term":[{"taxonomy":"product_brand","embeddable":true,"href":"https:\/\/www.nakee.spa\/tr\/wp-json\/wp\/v2\/product_brand?post=7111"},{"taxonomy":"product_cat","embeddable":true,"href":"https:\/\/www.nakee.spa\/tr\/wp-json\/wp\/v2\/product_cat?post=7111"},{"taxonomy":"product_tag","embeddable":true,"href":"https:\/\/www.nakee.spa\/tr\/wp-json\/wp\/v2\/product_tag?post=7111"}],"curies":[{"name":"wp","href":"https:\/\/api.w.org\/{rel}","templated":true}]}}