{"id":7141,"date":"2024-07-12T10:17:25","date_gmt":"2024-07-12T10:17:25","guid":{"rendered":"https:\/\/www.nakee.spa\/product\/kulak-spasi\/"},"modified":"2025-11-14T00:58:54","modified_gmt":"2025-11-13T17:58:54","slug":"kulak-spasi","status":"publish","type":"product","link":"https:\/\/www.nakee.spa\/tr\/\u00fcr\u00fcn\/kulak-spasi\/","title":{"rendered":"Kulak Spas\u0131"},"content":{"rendered":"<h3 data-start=\"309\" data-end=\"349\">Mum Spa (Kulak Mumlamas\u0131) Nedir?<\/h3>\n<p data-start=\"350\" data-end=\"715\">Kulak Mumlamas\u0131 olarak da bilinen Mum Spa, pamuk ve balmumundan yap\u0131lm\u0131\u015f i\u00e7i bo\u015f bir mumun kullan\u0131ld\u0131\u011f\u0131 geleneksel bir sa\u011fl\u0131k tedavisidir. Mumun bir ucu hafif\u00e7e kula\u011f\u0131n yan\u0131na yerle\u015ftirilirken di\u011fer ucu yak\u0131l\u0131r. S\u0131cakl\u0131\u011f\u0131n ve hafif emi\u015fin fazla kulak kirini, nemi ve kirleri \u00e7ekmeye yard\u0131mc\u0131 oldu\u011funa ve ayn\u0131 zamanda sakinle\u015ftirici ve rahatlat\u0131c\u0131 bir deneyim yaratt\u0131\u011f\u0131na inan\u0131lmaktad\u0131r.  <\/p>\n<p data-start=\"350\" data-end=\"715\">Tipik bir seans <strong data-start=\"720\" data-end=\"737\">20-30 dakika<\/strong> s\u00fcrer ve her bir mum <strong data-start=\"774\" data-end=\"796\">kulak ba\u015f\u0131na<\/strong> yakla\u015f\u0131k 10 <strong data-start=\"774\" data-end=\"796\">dakika<\/strong> yanar <strong data-start=\"774\" data-end=\"796\">.<\/strong><\/p>\n<h3 data-start=\"717\" data-end=\"745\">Mum Spa&#8217;n\u0131n Faydalar\u0131<\/h3>\n<ol data-start=\"746\" data-end=\"1091\">\n<li data-start=\"746\" data-end=\"837\">\n<p data-start=\"748\" data-end=\"837\"><strong data-start=\"748\" data-end=\"773\">Kulak T\u0131kan\u0131kl\u0131\u011f\u0131n\u0131 Giderir &#8211;<\/strong> Kulaklardaki dolgunluk veya bas\u0131n\u00e7 hissini hafifletebilir.<\/p>\n<\/li>\n<li data-start=\"838\" data-end=\"921\">\n<p data-start=\"840\" data-end=\"921\"><strong data-start=\"840\" data-end=\"863\">Rahatlamay\u0131 Te\u015fvik Eder &#8211;<\/strong> Nazik s\u0131cakl\u0131k ve sessiz tedavi stresi azaltmaya yard\u0131mc\u0131 olur.<\/p>\n<\/li>\n<li data-start=\"922\" data-end=\"1007\">\n<p data-start=\"924\" data-end=\"1007\"><strong data-start=\"924\" data-end=\"946\">Rahats\u0131zl\u0131\u011f\u0131 Yat\u0131\u015ft\u0131r\u0131r &#8211;<\/strong> Baz\u0131 insanlar ba\u015f a\u011fr\u0131s\u0131 veya sin\u00fcs gerginli\u011finden kurtulur.<\/p>\n<\/li>\n<li data-start=\"1008\" data-end=\"1091\">\n<p data-start=\"1010\" data-end=\"1091\"><strong data-start=\"1010\" data-end=\"1034\">Geleneksel Sa\u011fl\u0131k &#8211;<\/strong> Denge ve rahatl\u0131k i\u00e7in eski uygulamalara dayan\u0131r.<\/p>\n<\/li>\n<\/ol>\n<h3 data-start=\"1093\" data-end=\"1121\">Neden Candle Spa&#8217;y\u0131 Se\u00e7melisiniz?<\/h3>\n<p data-start=\"1122\" data-end=\"1356\">Nakee Thai Massage&#8217;da bir Mum Spa seans\u0131 se\u00e7mek, tedavinin g\u00fcvenli ve profesyonel bir ortamda yap\u0131lmas\u0131n\u0131 sa\u011flar. E\u011fitimli terapistlerimiz size rahatlat\u0131c\u0131 ve yat\u0131\u015ft\u0131r\u0131c\u0131 bir deneyim sunmak i\u00e7in dikkatli ad\u0131mlar izler. <\/p>\n<h3 data-start=\"1358\" data-end=\"1375\">\u00d6neriler<\/h3>\n<ul data-start=\"1376\" data-end=\"1671\">\n<li data-start=\"1376\" data-end=\"1502\">\n<p data-start=\"1378\" data-end=\"1502\"><strong data-start=\"1378\" data-end=\"1398\">Sa\u011fl\u0131k Deste\u011fi &#8211;<\/strong> Candle Spa t\u0131bbi bir tedavi de\u011fil, bir sa\u011fl\u0131k uygulamas\u0131d\u0131r. Sonu\u00e7lar ki\u015fiden ki\u015fiye de\u011fi\u015febilir. <\/p>\n<\/li>\n<li data-start=\"1503\" data-end=\"1581\">\n<p data-start=\"1505\" data-end=\"1581\"><strong data-start=\"1505\" data-end=\"1518\">Bak\u0131m sonras\u0131 &#8211;<\/strong> Kulaklar\u0131 kuru tutun ve tedaviden sonra nesneleri sokmaktan ka\u00e7\u0131n\u0131n.<\/p>\n<\/li>\n<li data-start=\"1503\" data-end=\"1581\"><strong data-start=\"540\" data-end=\"559\">Hafif Hissiyatlar &#8211;<\/strong> Baz\u0131 ki\u015filer seanstan sonra hafif s\u0131cakl\u0131k, bas\u0131n\u00e7 veya ge\u00e7ici rahats\u0131zl\u0131k hissedebilir. Bu genellikle k\u0131sa s\u00fcrelidir ve v\u00fccudun do\u011fal uyumunun bir par\u00e7as\u0131d\u0131r. <\/li>\n<\/ul>\n<h3 data-start=\"1673\" data-end=\"1728\">Nakee Thai Massage&#8217;da Mum Spa Deneyimini Ya\u015fay\u0131n<\/h3>\n<p data-start=\"1729\" data-end=\"1972\">Nakee Thai Massage&#8217;da Mum Spa hizmetimiz, rahatlamay\u0131 art\u0131rmak i\u00e7in geleneksel kulak kandilini nazik bir kulak ve ba\u015f masaj\u0131yla birle\u015ftirir. Yetenekli terapistlerimiz sakin ve rahat bir seans sunarak sizi yenilenmi\u015f ve rahatlam\u0131\u015f olarak b\u0131rak\u0131r. <\/p>\n","protected":false},"excerpt":{"rendered":"<p>Nakee Massage &amp; Spa&#8217;daki Ear Spa, kulaklar\u0131 temizlemeye ve gen\u00e7le\u015ftirmeye odaklanan \u00f6zel bir tedavi sunmaktad\u0131r. Hizmet, do\u011fal ya\u011flar veya sol\u00fcsyonlar kullanarak nazik bir kulak temizleme i\u015flemini ve ard\u0131ndan rahatlat\u0131c\u0131 bir kulak masaj\u0131n\u0131 i\u00e7erir. Profesyonel terapistlerimiz kulak hijyenini ve genel rahatlamay\u0131 te\u015fvik ederek g\u00fcvenli ve rahatlat\u0131c\u0131 bir deneyim sa\u011flar. D\u00fczenli kulak spa seanslar\u0131 i\u015fitmeyi art\u0131rabilir, enfeksiyon riskini azaltabilir ve kulak sa\u011fl\u0131\u011f\u0131n\u0131 iyile\u015ftirebilir. En \u00fcst d\u00fczeyde konfor ve esenlik sa\u011flamak i\u00e7in \u00f6zel olarak tasarlanan Ear Spa hizmetimizin titiz bak\u0131m\u0131n\u0131 ve huzurunu deneyimleyin.    <\/p>\n","protected":false},"featured_media":1118,"template":"","meta":{"_acf_changed":false,"wds_primary_product_brand":0,"wds_primary_product_cat":0},"product_brand":[],"product_cat":[200],"product_tag":[816,803,867,855,829],"class_list":{"0":"post-7141","1":"product","2":"type-product","3":"status-publish","4":"has-post-thumbnail","6":"product_cat-guzellik-bakimi","7":"product_tag-en-iyi-vucut-peeling-salonu","8":"product_tag-en-iyi-vucut-peelingi","9":"product_tag-en-iyi-yuz-bakimi","10":"product_tag-yakinimdaki-vucut-peelingi","11":"product_tag-yakinimdaki-yuz-bakimi","12":"pa_duration-30-dakika","13":"pa_massage-guzellik-bakimi","14":"pa_menu-category-vucut-guzellik-bakim-uygulamalari","15":"pa_types-puruzsuz-guzellik","17":"first","18":"instock","19":"shipping-taxable","20":"purchasable","21":"product-type-variable"},"acf":[],"_links":{"self":[{"href":"https:\/\/www.nakee.spa\/tr\/wp-json\/wp\/v2\/product\/7141","targetHints":{"allow":["GET"]}}],"collection":[{"href":"https:\/\/www.nakee.spa\/tr\/wp-json\/wp\/v2\/product"}],"about":[{"href":"https:\/\/www.nakee.spa\/tr\/wp-json\/wp\/v2\/types\/product"}],"wp:featuredmedia":[{"embeddable":true,"href":"https:\/\/www.nakee.spa\/tr\/wp-json\/wp\/v2\/media\/1118"}],"wp:attachment":[{"href":"https:\/\/www.nakee.spa\/tr\/wp-json\/wp\/v2\/media?parent=7141"}],"wp:term":[{"taxonomy":"product_brand","embeddable":true,"href":"https:\/\/www.nakee.spa\/tr\/wp-json\/wp\/v2\/product_brand?post=7141"},{"taxonomy":"product_cat","embeddable":true,"href":"https:\/\/www.nakee.spa\/tr\/wp-json\/wp\/v2\/product_cat?post=7141"},{"taxonomy":"product_tag","embeddable":true,"href":"https:\/\/www.nakee.spa\/tr\/wp-json\/wp\/v2\/product_tag?post=7141"}],"curies":[{"name":"wp","href":"https:\/\/api.w.org\/{rel}","templated":true}]}}