{"id":7194,"date":"2024-07-09T09:21:06","date_gmt":"2024-07-09T09:21:06","guid":{"rendered":"https:\/\/www.nakee.spa\/product\/aromatik-huzur-paketi\/"},"modified":"2025-11-14T11:59:47","modified_gmt":"2025-11-14T04:59:47","slug":"aromatik-huzur-paketi","status":"publish","type":"product","link":"https:\/\/www.nakee.spa\/tr\/\u00fcr\u00fcn\/aromatik-huzur-paketi\/","title":{"rendered":"Aromatik Huzur Paketi"},"content":{"rendered":"<p>Aromatik Dinginlik paketimizle otantik Tay sa\u011fl\u0131kl\u0131 ya\u015fam\u0131n\u0131n en iyileriyle kendinizi \u015f\u0131mart\u0131n. Bu l\u00fcks bak\u0131m, kapsaml\u0131 bir deneyim i\u00e7in geleneksel Tay masaj\u0131n\u0131n tedavi edici faydalar\u0131n\u0131 ve aroma ya\u011f\u0131 masaj\u0131n\u0131n yat\u0131\u015ft\u0131r\u0131c\u0131 \u00f6zelliklerini bir araya getiriyor. <\/p>\n<p><strong>Aromatic Serenity nedir?<\/strong><\/p>\n<p>Kas gerginli\u011fini hafifletmek, rahatlamay\u0131 art\u0131rmak ve genel refah\u0131 te\u015fvik etmek i\u00e7in tasarlanm\u0131\u015f b\u00fct\u00fcnsel bir tedavi.<\/p>\n<p><strong>Aromatik Dinginli\u011fin Faydalar\u0131:<\/strong><\/p>\n<ul>\n<li>Stres ve kayg\u0131y\u0131 hafifletir<\/li>\n<li>Dola\u015f\u0131m\u0131 ve esnekli\u011fi art\u0131r\u0131r<\/li>\n<li>Derinlemesine rahatlama ve gen\u00e7le\u015fme sa\u011flar<\/li>\n<\/ul>\n<p><strong>Neden Aromatic Serenity&#8217;yi Se\u00e7melisiniz?<\/strong><\/p>\n<p>Thai masaj teknikleri ve aromatik ya\u011flar\u0131n kar\u0131\u015f\u0131m\u0131 derinlemesine gen\u00e7le\u015ftirici bir deneyim sa\u011flar. En \u00fcst d\u00fczeyde rahatlama arayanlar i\u00e7in m\u00fckemmel olan canland\u0131r\u0131c\u0131 ve sakinle\u015ftirici bir yolculuk i\u00e7in Aromatic Serenity&#8217;yi se\u00e7in. <\/p>\n","protected":false},"excerpt":{"rendered":"<p>Aromatic Serenity paketimizle otantik Tay sa\u011fl\u0131kl\u0131 ya\u015fam\u0131n\u0131n en iyisini ke\u015ffedin. Bu 120 dakikal\u0131k l\u00fcks deneyim, geleneksel Tay masaj\u0131n\u0131n terap\u00f6tik faydalar\u0131n\u0131 aroma ya\u011f\u0131 masaj\u0131n\u0131n yat\u0131\u015ft\u0131r\u0131c\u0131 \u00f6zellikleriyle birle\u015ftiriyor.  Aromatic Serenity nedir? Kas gerginli\u011fini hafifleten, rahatlamay\u0131 art\u0131ran ve genel refah\u0131 destekleyen b\u00fct\u00fcnsel bir tedavidir. Tay teknikleri ve aromatik ya\u011flar\u0131n kar\u0131\u015f\u0131m\u0131 derinlemesine gen\u00e7le\u015ftirici bir deneyim sa\u011flar. Ger\u00e7ekten canland\u0131r\u0131c\u0131 ve sakinle\u015ftirici bir yolculuk i\u00e7in Aromatic Serenity&#8217;yi se\u00e7in, en \u00fcst d\u00fczeyde rahatlama arayanlar i\u00e7in m\u00fckemmeldir.  <\/p>\n","protected":false},"featured_media":889,"template":"","meta":{"_acf_changed":false,"wds_primary_product_brand":0,"wds_primary_product_cat":0},"product_brand":[],"product_cat":[467],"product_tag":[495,881,758,499,790,777,497,490,488,489,486,500,491,496,498,842,487,493,492,494],"class_list":{"0":"post-7194","1":"product","2":"type-product","3":"status-publish","4":"has-post-thumbnail","6":"product_cat-paketler","7":"product_tag-yakinimdaki-en-iyi-masaj","8":"product_tag-bo-phut-tayland-masaji","9":"product_tag-bo-phutta-en-iyi-masaj","10":"product_tag-chawengdeki-en-iyi-masaj","11":"product_tag-choengmon-tayland-masaji","12":"product_tag-choengmonda-en-iyi-masaj","13":"product_tag-en-iyi-masaj-chaweng","14":"product_tag-en-iyi-masaj-koh-samui","15":"product_tag-koh-samui-masaj-fiyatlari","16":"product_tag-koh-samui-masaj-salonu","17":"product_tag-koh-samui-masaji","18":"product_tag-koh-samui-taylandda-masaj","19":"product_tag-koh-samui-thai-masaji","20":"product_tag-koh-samuide-masaj","21":"product_tag-koh-samuideki-en-iyi-masaj","22":"product_tag-masaj-salonu","23":"product_tag-thai-masaji-koh-samui","24":"product_tag-tum-vucut-masaji","25":"product_tag-vucut-masaji-koh-samui","26":"product_tag-yakinimdaki-thai-masaji","27":"pa_duration-120-dakika","28":"pa_duration-60-dakika","29":"pa_massage-aroma-yagi","30":"pa_massage-thai-masaji","31":"pa_menu-category-yag-ve-aroma-ile-rahatlama","32":"pa_types-stretch-thai-stili","34":"first","35":"instock","36":"shipping-taxable","37":"purchasable","38":"product-type-variable"},"acf":[],"_links":{"self":[{"href":"https:\/\/www.nakee.spa\/tr\/wp-json\/wp\/v2\/product\/7194","targetHints":{"allow":["GET"]}}],"collection":[{"href":"https:\/\/www.nakee.spa\/tr\/wp-json\/wp\/v2\/product"}],"about":[{"href":"https:\/\/www.nakee.spa\/tr\/wp-json\/wp\/v2\/types\/product"}],"wp:featuredmedia":[{"embeddable":true,"href":"https:\/\/www.nakee.spa\/tr\/wp-json\/wp\/v2\/media\/889"}],"wp:attachment":[{"href":"https:\/\/www.nakee.spa\/tr\/wp-json\/wp\/v2\/media?parent=7194"}],"wp:term":[{"taxonomy":"product_brand","embeddable":true,"href":"https:\/\/www.nakee.spa\/tr\/wp-json\/wp\/v2\/product_brand?post=7194"},{"taxonomy":"product_cat","embeddable":true,"href":"https:\/\/www.nakee.spa\/tr\/wp-json\/wp\/v2\/product_cat?post=7194"},{"taxonomy":"product_tag","embeddable":true,"href":"https:\/\/www.nakee.spa\/tr\/wp-json\/wp\/v2\/product_tag?post=7194"}],"curies":[{"name":"wp","href":"https:\/\/api.w.org\/{rel}","templated":true}]}}