{"id":10624,"date":"2025-06-04T01:16:08","date_gmt":"2025-06-03T18:16:08","guid":{"rendered":"https:\/\/www.nakee.spa\/chinh-sach-hoan-tien-va-tra-hang\/"},"modified":"2025-06-08T15:13:33","modified_gmt":"2025-06-08T08:13:33","slug":"chinh-sach-hoan-tien-va-tra-hang","status":"publish","type":"page","link":"https:\/\/www.nakee.spa\/vi\/chinh-sach-hoan-tien-va-tra-hang\/","title":{"rendered":"Ch\u00ednh s\u00e1ch ho\u00e0n ti\u1ec1n v\u00e0 tr\u1ea3 h\u00e0ng"},"content":{"rendered":"<noscript><iframe src=\"https:\/\/www.googletagmanager.com\/ns.html?id=GTM-WM2WH3P6\" height=\"0\" width=\"0\" style=\"display:none;visibility:hidden\"><\/iframe><\/noscript>\t\t<div data-elementor-type=\"wp-page\" data-elementor-id=\"10624\" class=\"elementor elementor-10624 elementor-513\" data-elementor-post-type=\"page\">\n\t\t\t\t<div class=\"elementor-element elementor-element-77d6257a policy-tabs e-flex e-con-boxed e-con e-parent\" data-id=\"77d6257a\" data-element_type=\"container\" data-e-type=\"container\">\n\t\t\t\t\t<div class=\"e-con-inner\">\n\t\t\t\t<div class=\"elementor-element elementor-element-59fff250 elementor-widget elementor-widget-text-editor\" data-id=\"59fff250\" data-element_type=\"widget\" data-e-type=\"widget\" data-widget_type=\"text-editor.default\">\n\t\t\t\t\t\t\t\t\t<p>Ng\u00e0y c\u00f3 hi\u1ec7u l\u1ef1c: 1-Jan-2025<\/p>\n<p>T\u1ea1i Nakee Thai Massage and Spa, ch\u00fang t\u00f4i chuy\u00ean cung c\u1ea5p c\u00e1c d\u1ecbch v\u1ee5 ch\u0103m s\u00f3c s\u1ee9c kh\u1ecfe tr\u1ef1c ti\u1ebfp bao g\u1ed3m massage Th\u00e1i, massage d\u1ea7u, massage ch\u00e2n v\u00e0 c\u00e1c li\u1ec7u ph\u00e1p li\u00ean quan.<\/p>\n<hr><h2>1. Kh\u00f4ng ho\u00e0n l\u1ea1i ti\u1ec1n ho\u1eb7c ho\u00e0n tr\u1ea3 ch\u00ednh s\u00e1ch<\/h2>\n<p>Ch\u00fang t\u00f4i kh\u00f4ng ho\u00e0n l\u1ea1i ti\u1ec1n ho\u1eb7c tr\u1ea3 l\u1ea1i cho b\u1ea5t k\u1ef3 d\u1ecbch v\u1ee5 n\u00e0o c\u1ee7a ch\u00fang t\u00f4i. T\u1ea5t c\u1ea3 c\u00e1c d\u1ecbch v\u1ee5 \u0111\u01b0\u1ee3c cung c\u1ea5p tr\u1ef1c ti\u1ebfp tr\u1ef1c ti\u1ebfp t\u1ea1i c\u00e1c chi nh\u00e1nh c\u1ee7a ch\u00fang t\u00f4i ho\u1eb7c th\u00f4ng qua c\u00e1c chuy\u1ebfn th\u0103m m\u00e1t-xa b\u00ean ngo\u00e0i \u0111\u01b0\u1ee3c l\u00ean l\u1ecbch tr\u01b0\u1edbc. V\u00ec ch\u00fang t\u00f4i kh\u00f4ng b\u00e1n ho\u1eb7c giao h\u00e0ng h\u00f3a v\u1eadt ch\u1ea5t n\u00ean kh\u00f4ng c\u00f3 m\u1eb7t h\u00e0ng n\u00e0o \u0111\u1ee7 \u0111i\u1ec1u ki\u1ec7n \u0111\u1ec3 tr\u1ea3 l\u1ea1i.  <\/p>\n<hr><h2>2. M\u1ed1i quan t\u00e2m v\u1ec1 d\u1ecbch v\u1ee5<\/h2>\n<p>N\u1ebfu b\u1ea1n g\u1eb7p b\u1ea5t k\u1ef3 v\u1ea5n \u0111\u1ec1 n\u00e0o trong ho\u1eb7c sau m\u1ed9t phi\u00ean, ch\u00fang t\u00f4i khuy\u1ebfn kh\u00edch b\u1ea1n n\u00f3i chuy\u1ec7n v\u1edbi nh\u00e2n vi\u00ean c\u1ee7a ch\u00fang t\u00f4i ho\u1eb7c li\u00ean h\u1ec7 tr\u1ef1c ti\u1ebfp v\u1edbi ch\u00fang t\u00f4i. Ch\u00fang t\u00f4i cam k\u1ebft duy tr\u00ec c\u00e1c ti\u00eau chu\u1ea9n d\u1ecbch v\u1ee5 cao v\u00e0 s\u1ebd xem x\u00e9t c\u00e1c m\u1ed1i quan t\u00e2m tr\u00ean c\u01a1 s\u1edf t\u1eebng tr\u01b0\u1eddng h\u1ee3p. <\/p>\n<hr><h2>3. Th\u00f4ng tin li\u00ean h\u1ec7<\/h2>\n<p>\u0110\u1ed1i v\u1edbi b\u1ea5t k\u1ef3 c\u00e2u h\u1ecfi n\u00e0o li\u00ean quan \u0111\u1ebfn ch\u00ednh s\u00e1ch ho\u00e0n ti\u1ec1n v\u00e0 tr\u1ea3 h\u00e0ng c\u1ee7a ch\u00fang t\u00f4i, vui l\u00f2ng li\u00ean h\u1ec7 v\u1edbi ch\u00fang t\u00f4i qua WhatsApp theo s\u1ed1 \u0111i\u1ec7n tho\u1ea1i \u0111\u01b0\u1ee3c cung c\u1ea5p tr\u00ean trang web c\u1ee7a ch\u00fang t\u00f4i: https:\/\/www.nakee.spa.<\/p>\n<p><\/p>\t\t\t\t\t\t\t\t<\/div>\n\t\t\t\t\t<\/div>\n\t\t\t\t<\/div>\n\t\t\t\t<\/div>\n\t\t","protected":false},"excerpt":{"rendered":"<p>Ng\u00e0y c\u00f3 hi\u1ec7u l\u1ef1c: 1-Jan-2025 T\u1ea1i Nakee Thai Massage and Spa, ch\u00fang t\u00f4i chuy\u00ean cung c\u1ea5p c\u00e1c d\u1ecbch v\u1ee5 ch\u0103m s\u00f3c s\u1ee9c kh\u1ecfe tr\u1ef1c ti\u1ebfp bao g\u1ed3m massage Th\u00e1i, massage d\u1ea7u, massage ch\u00e2n v\u00e0 c\u00e1c li\u1ec7u ph\u00e1p li\u00ean quan. 1. Kh\u00f4ng ho\u00e0n l\u1ea1i ti\u1ec1n ho\u1eb7c ho\u00e0n tr\u1ea3 ch\u00ednh s\u00e1ch Ch\u00fang t\u00f4i kh\u00f4ng ho\u00e0n l\u1ea1i ti\u1ec1n [&hellip;]<\/p>\n","protected":false},"author":1,"featured_media":0,"parent":0,"menu_order":0,"comment_status":"closed","ping_status":"closed","template":"","meta":{"_acf_changed":false,"footnotes":""},"class_list":["post-10624","page","type-page","status-publish","hentry"],"acf":[],"_links":{"self":[{"href":"https:\/\/www.nakee.spa\/vi\/wp-json\/wp\/v2\/pages\/10624","targetHints":{"allow":["GET"]}}],"collection":[{"href":"https:\/\/www.nakee.spa\/vi\/wp-json\/wp\/v2\/pages"}],"about":[{"href":"https:\/\/www.nakee.spa\/vi\/wp-json\/wp\/v2\/types\/page"}],"author":[{"embeddable":true,"href":"https:\/\/www.nakee.spa\/vi\/wp-json\/wp\/v2\/users\/1"}],"replies":[{"embeddable":true,"href":"https:\/\/www.nakee.spa\/vi\/wp-json\/wp\/v2\/comments?post=10624"}],"version-history":[{"count":3,"href":"https:\/\/www.nakee.spa\/vi\/wp-json\/wp\/v2\/pages\/10624\/revisions"}],"predecessor-version":[{"id":10632,"href":"https:\/\/www.nakee.spa\/vi\/wp-json\/wp\/v2\/pages\/10624\/revisions\/10632"}],"wp:attachment":[{"href":"https:\/\/www.nakee.spa\/vi\/wp-json\/wp\/v2\/media?parent=10624"}],"curies":[{"name":"wp","href":"https:\/\/api.w.org\/{rel}","templated":true}]}}