{"id":3477,"date":"2024-06-22T13:29:18","date_gmt":"2024-06-22T06:29:18","guid":{"rendered":"https:\/\/www.nakee.spa\/dich-vu\/"},"modified":"2025-06-08T17:18:49","modified_gmt":"2025-06-08T10:18:49","slug":"dich-vu","status":"publish","type":"page","link":"https:\/\/www.nakee.spa\/vi\/dich-vu\/","title":{"rendered":"D\u1ecbch v\u1ee5"},"content":{"rendered":"<noscript><iframe src=\"https:\/\/www.googletagmanager.com\/ns.html?id=GTM-WM2WH3P6\" height=\"0\" width=\"0\" style=\"display:none;visibility:hidden\"><\/iframe><\/noscript>\t\t<div data-elementor-type=\"wp-page\" data-elementor-id=\"3477\" class=\"elementor elementor-3477 elementor-38\" data-elementor-post-type=\"page\">\n\t\t\t\t<div class=\"elementor-element elementor-element-1550d79d e-flex e-con-boxed e-con e-parent\" data-id=\"1550d79d\" data-element_type=\"container\" data-e-type=\"container\" data-settings=\"{&quot;background_background&quot;:&quot;classic&quot;}\">\n\t\t\t\t\t<div class=\"e-con-inner\">\n\t\t\t\t<div class=\"elementor-element elementor-element-61f1979 title-banner elementor-widget elementor-widget-heading\" data-id=\"61f1979\" data-element_type=\"widget\" data-e-type=\"widget\" data-widget_type=\"heading.default\">\n\t\t\t\t\t<h1 class=\"elementor-heading-title elementor-size-default\">D\u1ecbch v\u1ee5<\/h1>\t\t\t\t<\/div>\n\t\t\t\t<div class=\"elementor-element elementor-element-ca5083c elementor-widget elementor-widget-woocommerce-breadcrumb\" data-id=\"ca5083c\" data-element_type=\"widget\" data-e-type=\"widget\" data-widget_type=\"woocommerce-breadcrumb.default\">\n\t\t\t\t\t<nav class=\"woocommerce-breadcrumb\" aria-label=\"Breadcrumb\">Home<\/nav>\t\t\t\t<\/div>\n\t\t\t\t\t<\/div>\n\t\t\t\t<\/div>\n\t\t<div class=\"elementor-element elementor-element-46fa1a78 e-flex e-con-boxed e-con e-parent\" data-id=\"46fa1a78\" data-element_type=\"container\" data-e-type=\"container\" data-settings=\"{&quot;background_background&quot;:&quot;classic&quot;}\">\n\t\t\t\t\t<div class=\"e-con-inner\">\n\t\t\t\t<div class=\"elementor-element elementor-element-320293d3 f-nas elementor-widget elementor-widget-text-editor\" data-id=\"320293d3\" data-element_type=\"widget\" data-e-type=\"widget\" data-widget_type=\"text-editor.default\">\n\t\t\t\t\t\t\t\t\tS\u1ef1 v\u0129 \u0111\u1ea1i t\u1eeb thi\u00ean nhi\u00ean\t\t\t\t\t\t\t\t<\/div>\n\t\t\t\t<div class=\"elementor-element elementor-element-6e5b684b elementor-widget elementor-widget-heading\" data-id=\"6e5b684b\" data-element_type=\"widget\" data-e-type=\"widget\" data-widget_type=\"heading.default\">\n\t\t\t\t\t<h5 class=\"elementor-heading-title elementor-size-default\">C\u01a0 S\u1ede T\u1ed0T NH\u1ea4T<\/h5>\t\t\t\t<\/div>\n\t\t\t\t<div class=\"elementor-element elementor-element-1a14a273 elementor-widget elementor-widget-heading\" data-id=\"1a14a273\" data-element_type=\"widget\" data-e-type=\"widget\" data-widget_type=\"heading.default\">\n\t\t\t\t\t<h2 class=\"elementor-heading-title elementor-size-default\">\u0110I\u1ec0U TR\u1eca CHUY\u00caN NGHI\u1ec6P<\/h2>\t\t\t\t<\/div>\n\t\t\t\t<div class=\"woocommerce elementor-element elementor-element-703a0502 elementor-grid-1 elementor-grid-tablet-1 elementor-grid-mobile-1 elementor-widget elementor-widget-loop-grid\" data-id=\"703a0502\" data-element_type=\"widget\" data-e-type=\"widget\" data-settings=\"{&quot;_skin&quot;:&quot;product&quot;,&quot;template_id&quot;:3839,&quot;columns&quot;:1,&quot;pagination_type&quot;:&quot;load_more_infinite_scroll&quot;,&quot;row_gap&quot;:{&quot;unit&quot;:&quot;px&quot;,&quot;size&quot;:0,&quot;sizes&quot;:[]},&quot;columns_tablet&quot;:1,&quot;row_gap_laptop&quot;:{&quot;unit&quot;:&quot;px&quot;,&quot;size&quot;:0,&quot;sizes&quot;:[]},&quot;row_gap_tablet&quot;:{&quot;unit&quot;:&quot;px&quot;,&quot;size&quot;:0,&quot;sizes&quot;:[]},&quot;row_gap_mobile&quot;:{&quot;unit&quot;:&quot;px&quot;,&quot;size&quot;:0,&quot;sizes&quot;:[]},&quot;columns_mobile&quot;:&quot;1&quot;,&quot;edit_handle_selector&quot;:&quot;[data-elementor-type=\\&quot;loop-item\\&quot;]&quot;,&quot;load_more_spinner&quot;:{&quot;value&quot;:&quot;fas fa-spinner&quot;,&quot;library&quot;:&quot;fa-solid&quot;},&quot;row_gap_widescreen&quot;:{&quot;unit&quot;:&quot;px&quot;,&quot;size&quot;:&quot;&quot;,&quot;sizes&quot;:[]}}\" data-widget_type=\"loop-grid.product\">\n\t\t\t\t<div class=\"elementor-widget-container\">\n\t\t\t\t\t\t\t<div class=\"e-loop-nothing-found-message\">\n\t\t<\/div>\n\t\t\t\t\t\t<\/div>\n\t\t\t\t<\/div>\n\t\t\t\t\t<\/div>\n\t\t\t\t<\/div>\n\t\t<div class=\"elementor-element elementor-element-a442687 e-flex e-con-boxed e-con e-parent\" data-id=\"a442687\" data-element_type=\"container\" data-e-type=\"container\" data-settings=\"{&quot;background_background&quot;:&quot;classic&quot;}\">\n\t\t\t\t\t<div class=\"e-con-inner\">\n\t\t<div class=\"elementor-element elementor-element-eb7f8ad e-con-full e-flex e-con e-child\" data-id=\"eb7f8ad\" data-element_type=\"container\" data-e-type=\"container\" data-settings=\"{&quot;background_background&quot;:&quot;classic&quot;}\">\n\t\t<div class=\"elementor-element elementor-element-644dd17 e-con-full e-flex e-con e-child\" data-id=\"644dd17\" data-element_type=\"container\" data-e-type=\"container\" data-settings=\"{&quot;background_background&quot;:&quot;classic&quot;}\">\n\t\t\t\t<div class=\"elementor-element elementor-element-ea0eea5 elementor-widget elementor-widget-spacer\" data-id=\"ea0eea5\" data-element_type=\"widget\" data-e-type=\"widget\" data-widget_type=\"spacer.default\">\n\t\t\t\t\t\t\t<div class=\"elementor-spacer\">\n\t\t\t<div class=\"elementor-spacer-inner\"><\/div>\n\t\t<\/div>\n\t\t\t\t\t\t<\/div>\n\t\t\t\t<\/div>\n\t\t<div class=\"elementor-element elementor-element-239bc60 e-con-full e-flex e-con e-child\" data-id=\"239bc60\" data-element_type=\"container\" data-e-type=\"container\">\n\t\t\t\t<div class=\"elementor-element elementor-element-a7f78e7 elementor-widget elementor-widget-heading\" data-id=\"a7f78e7\" data-element_type=\"widget\" data-e-type=\"widget\" data-widget_type=\"heading.default\">\n\t\t\t\t\t<h5 class=\"elementor-heading-title elementor-size-default\">T\u00ccM KI\u1ebeM C\u00c1C D\u1ecaCH V\u1ee4 MASSAGE CHUY\u00caN D\u1ee4NG<\/h5>\t\t\t\t<\/div>\n\t\t\t\t<div class=\"elementor-element elementor-element-016cfb5 elementor-widget elementor-widget-heading\" data-id=\"016cfb5\" data-element_type=\"widget\" data-e-type=\"widget\" data-widget_type=\"heading.default\">\n\t\t\t\t\t<h2 class=\"elementor-heading-title elementor-size-default\"><a href=\"https:\/\/www.nakee.spa\/packages\/\">Kh\u00e1m ph\u00e1 c\u00e1c g\u00f3i \u0111\u1ed9c quy\u1ec1n c\u1ee7a ch\u00fang t\u00f4i<\/a><\/h2>\t\t\t\t<\/div>\n\t\t\t\t<div class=\"elementor-element elementor-element-89e79c2 elementor-align-center elementor-widget elementor-widget-button\" data-id=\"89e79c2\" data-element_type=\"widget\" data-e-type=\"widget\" data-widget_type=\"button.default\">\n\t\t\t\t\t\t\t\t\t\t<a class=\"elementor-button elementor-button-link elementor-size-sm\" href=\"https:\/\/www.nakee.spa\/vi\/goi\/\">\n\t\t\t\t\t\t<span class=\"elementor-button-content-wrapper\">\n\t\t\t\t\t\t\t\t\t<span class=\"elementor-button-text\">G\u00d3I C\u1ee6A NAKEE<\/span>\n\t\t\t\t\t<\/span>\n\t\t\t\t\t<\/a>\n\t\t\t\t\t\t\t\t<\/div>\n\t\t\t\t<\/div>\n\t\t<div class=\"elementor-element elementor-element-eb52ef6 e-con-full e-flex e-con e-child\" data-id=\"eb52ef6\" data-element_type=\"container\" data-e-type=\"container\">\n\t\t\t\t<div class=\"elementor-element elementor-element-b8c7ebf elementor-widget elementor-widget-text-editor\" data-id=\"b8c7ebf\" data-element_type=\"widget\" data-e-type=\"widget\" data-widget_type=\"text-editor.default\">\n\t\t\t\t\t\t\t\t\t<p>N\u00e2ng cao tr\u1ea3i nghi\u1ec7m spa c\u1ee7a b\u1ea1n v\u1edbi c\u00e1c g\u00f3i t\u00f9y ch\u1ec9nh c\u1ee7a ch\u00fang t\u00f4i \u0111\u01b0\u1ee3c thi\u1ebft k\u1ebf \u0111\u1ec3 cung c\u1ea5p s\u1ef1 k\u1ebft h\u1ee3p \u0111\u1ed9c \u0111\u00e1o c\u1ee7a nhi\u1ec1u d\u1ecbch v\u1ee5. Kh\u00e1m ph\u00e1 s\u1ef1 k\u1ebft h\u1ee3p \u0111\u1ed9c quy\u1ec1n c\u1ee7a ch\u00fang t\u00f4i \u0111\u1ec3 c\u00f3 m\u1ed9t h\u00e0nh tr\u00ecnh th\u01b0 gi\u00e3n v\u00e0 tr\u1ebb h\u00f3a th\u1ef1c s\u1ef1 kh\u00f3 qu\u00ean.  <\/p><p>H\u00e3y truy c\u1eadp trang G\u00f3i c\u1ee7a ch\u00fang t\u00f4i \u0111\u1ec3 t\u00ecm g\u00f3i ho\u00e0n h\u1ea3o cho b\u1ea1n v\u00e0 tr\u1ea3i nghi\u1ec7m \u0111i\u1ec1u g\u00ec \u0111\u00f3 kh\u00e1c bi\u1ec7t!<\/p>\t\t\t\t\t\t\t\t<\/div>\n\t\t\t\t<\/div>\n\t\t\t\t<\/div>\n\t\t\t\t\t<\/div>\n\t\t\t\t<\/div>\n\t\t\t\t<\/div>\n\t\t","protected":false},"excerpt":{"rendered":"<p>D\u1ecbch v\u1ee5 S\u1ef1 v\u0129 \u0111\u1ea1i t\u1eeb thi\u00ean nhi\u00ean C\u01a0 S\u1ede T\u1ed0T NH\u1ea4T \u0110I\u1ec0U TR\u1eca CHUY\u00caN NGHI\u1ec6P T\u00ccM KI\u1ebeM C\u00c1C D\u1ecaCH V\u1ee4 MASSAGE CHUY\u00caN D\u1ee4NG Kh\u00e1m ph\u00e1 c\u00e1c g\u00f3i \u0111\u1ed9c quy\u1ec1n c\u1ee7a ch\u00fang t\u00f4i G\u00d3I C\u1ee6A NAKEE N\u00e2ng cao tr\u1ea3i nghi\u1ec7m spa c\u1ee7a b\u1ea1n v\u1edbi c\u00e1c g\u00f3i t\u00f9y ch\u1ec9nh c\u1ee7a ch\u00fang t\u00f4i \u0111\u01b0\u1ee3c thi\u1ebft k\u1ebf \u0111\u1ec3 [&hellip;]<\/p>\n","protected":false},"author":1,"featured_media":0,"parent":0,"menu_order":0,"comment_status":"closed","ping_status":"closed","template":"","meta":{"_acf_changed":false,"footnotes":""},"class_list":["post-3477","page","type-page","status-publish","hentry"],"acf":[],"_links":{"self":[{"href":"https:\/\/www.nakee.spa\/vi\/wp-json\/wp\/v2\/pages\/3477","targetHints":{"allow":["GET"]}}],"collection":[{"href":"https:\/\/www.nakee.spa\/vi\/wp-json\/wp\/v2\/pages"}],"about":[{"href":"https:\/\/www.nakee.spa\/vi\/wp-json\/wp\/v2\/types\/page"}],"author":[{"embeddable":true,"href":"https:\/\/www.nakee.spa\/vi\/wp-json\/wp\/v2\/users\/1"}],"replies":[{"embeddable":true,"href":"https:\/\/www.nakee.spa\/vi\/wp-json\/wp\/v2\/comments?post=3477"}],"version-history":[{"count":1,"href":"https:\/\/www.nakee.spa\/vi\/wp-json\/wp\/v2\/pages\/3477\/revisions"}],"predecessor-version":[{"id":10685,"href":"https:\/\/www.nakee.spa\/vi\/wp-json\/wp\/v2\/pages\/3477\/revisions\/10685"}],"wp:attachment":[{"href":"https:\/\/www.nakee.spa\/vi\/wp-json\/wp\/v2\/media?parent=3477"}],"curies":[{"name":"wp","href":"https:\/\/api.w.org\/{rel}","templated":true}]}}