{"id":4261,"date":"2024-07-16T10:35:00","date_gmt":"2024-07-16T03:35:00","guid":{"rendered":"https:\/\/www.nakee.spa\/nha-tri-lieu\/"},"modified":"2025-07-07T03:18:51","modified_gmt":"2025-07-06T20:18:51","slug":"nha-tri-lieu","status":"publish","type":"page","link":"https:\/\/www.nakee.spa\/vi\/nha-tri-lieu\/","title":{"rendered":"C\u00e1c nh\u00e0 tr\u1ecb li\u1ec7u"},"content":{"rendered":"<noscript><iframe src=\"https:\/\/www.googletagmanager.com\/ns.html?id=GTM-WM2WH3P6\" height=\"0\" width=\"0\" style=\"display:none;visibility:hidden\"><\/iframe><\/noscript>\t\t<div data-elementor-type=\"wp-page\" data-elementor-id=\"4261\" class=\"elementor elementor-4261 elementor-4245\" data-elementor-post-type=\"page\">\n\t\t\t\t<div class=\"elementor-element elementor-element-32ae31e1 e-flex e-con-boxed e-con e-parent\" data-id=\"32ae31e1\" data-element_type=\"container\" data-e-type=\"container\" data-settings=\"{&quot;background_background&quot;:&quot;classic&quot;}\">\n\t\t\t\t\t<div class=\"e-con-inner\">\n\t\t\t\t<div class=\"elementor-element elementor-element-595149a3 title-banner elementor-widget elementor-widget-heading\" data-id=\"595149a3\" data-element_type=\"widget\" data-e-type=\"widget\" data-widget_type=\"heading.default\">\n\t\t\t\t\t<h1 class=\"elementor-heading-title elementor-size-default\">C\u00e1c nh\u00e0 tr\u1ecb li\u1ec7u<\/h1>\t\t\t\t<\/div>\n\t\t\t\t<div class=\"elementor-element elementor-element-34be1486 elementor-widget elementor-widget-woocommerce-breadcrumb\" data-id=\"34be1486\" data-element_type=\"widget\" data-e-type=\"widget\" data-widget_type=\"woocommerce-breadcrumb.default\">\n\t\t\t\t\t<nav class=\"woocommerce-breadcrumb\" aria-label=\"Breadcrumb\">Home<\/nav>\t\t\t\t<\/div>\n\t\t\t\t\t<\/div>\n\t\t\t\t<\/div>\n\t\t<div class=\"elementor-element elementor-element-5293e398 e-flex e-con-boxed e-con e-parent\" data-id=\"5293e398\" data-element_type=\"container\" data-e-type=\"container\" data-settings=\"{&quot;background_background&quot;:&quot;classic&quot;}\">\n\t\t\t\t\t<div class=\"e-con-inner\">\n\t\t\t\t<div class=\"elementor-element elementor-element-1c54f0f8 f-nas elementor-widget elementor-widget-text-editor\" data-id=\"1c54f0f8\" data-element_type=\"widget\" data-e-type=\"widget\" data-widget_type=\"text-editor.default\">\n\t\t\t\t\t\t\t\t\t\u0110\u1ed9i ng\u0169 c\u1ee7a ch\u00fang t\u00f4i\t\t\t\t\t\t\t\t<\/div>\n\t\t\t\t<div class=\"elementor-element elementor-element-633536d3 elementor-widget elementor-widget-heading\" data-id=\"633536d3\" data-element_type=\"widget\" data-e-type=\"widget\" data-widget_type=\"heading.default\">\n\t\t\t\t\t<h5 class=\"elementor-heading-title elementor-size-default\">H\u00c3Y \u0110\u1ebeN LI\u00caN H\u1ec6 V\u1edaI<\/h5>\t\t\t\t<\/div>\n\t\t\t\t<div class=\"elementor-element elementor-element-7a792718 elementor-widget elementor-widget-heading\" data-id=\"7a792718\" data-element_type=\"widget\" data-e-type=\"widget\" data-widget_type=\"heading.default\">\n\t\t\t\t\t<h2 class=\"elementor-heading-title elementor-size-default\">Xem c\u00e1c nh\u00e0 tr\u1ecb li\u1ec7u theo chi nh\u00e1nh<\/h2>\t\t\t\t<\/div>\n\t\t\t\t\t<\/div>\n\t\t\t\t<\/div>\n\t\t<div class=\"elementor-element elementor-element-650ebba e-flex e-con-boxed e-con e-parent\" data-id=\"650ebba\" data-element_type=\"container\" data-e-type=\"container\" data-settings=\"{&quot;background_background&quot;:&quot;classic&quot;}\">\n\t\t\t\t\t<div class=\"e-con-inner\">\n\t\t\t\t<div class=\"elementor-element elementor-element-3f32186 elementor-widget elementor-widget-shortcode\" data-id=\"3f32186\" data-element_type=\"widget\" data-e-type=\"widget\" data-widget_type=\"shortcode.default\">\n\t\t\t\t\t\t\t<div class=\"elementor-shortcode\"><div id=\"map\"><\/div><div class=\"map-alerts\"><div class=\"alert permit-location\"><div class=\"alert-inner\"><div class=\"center update-btn\"><button onclick=\"updateMapDistances()\">\ud83d\udccd B\u1ea5m \u0111\u1ec3 c\u1eadp nh\u1eadt kho\u1ea3ng c\u00e1ch t\u1eeb v\u1ecb tr\u00ed c\u1ee7a b\u1ea1n<\/button><\/div><div class=\"center loading\"><div class=\"loader\"><\/div><\/div><\/div><\/div><div class=\"alert permission-required center\" style=\"display:none;\"><div><b>L\u1ed6I<\/b><\/div><div>Truy c\u1eadp v\u1ecb tr\u00ed b\u1ecb t\u1eeb ch\u1ed1i<\/div><div>Vui l\u00f2ng <b>b\u1eadt<\/b> quy\u1ec1n \u0111\u1ecbnh v\u1ecb tr\u00ean tr\u00ecnh duy\u1ec7t c\u1ee7a b\u1ea1n \u0111\u1ec3 gi\u00fap ch\u00fang t\u00f4i g\u1ee3i \u00fd c\u00e1c chi nh\u00e1nh g\u1ea7n b\u1ea1n nh\u1ea5t.<\/div><\/div><div class=\"alert no-support\" style=\"display:none\"><center><b>L\u1ed6I<\/b><\/center>Th\u1eadt kh\u00f4ng may, c\u00f3 v\u1ebb nh\u01b0 tr\u00ecnh duy\u1ec7t c\u1ee7a b\u1ea1n kh\u00f4ng h\u1ed7 tr\u1ee3 t\u00ednh n\u0103ng \u0111\u1ecbnh v\u1ecb. Ch\u00fang t\u00f4i kh\u00f4ng th\u1ec3 t\u00ednh to\u00e1n v\u00e0 hi\u1ec3n th\u1ecb chi nh\u00e1nh g\u1ea7n nh\u1ea5t. Vui l\u00f2ng s\u1eed d\u1ee5ng b\u1ea3n \u0111\u1ed3 \u1edf tr\u00ean \u0111\u1ec3 t\u00ecm chi nh\u00e1nh g\u1ea7n nh\u1ea5t theo c\u00e1ch th\u1ee7 c\u00f4ng ho\u1eb7c th\u1eed s\u1eed d\u1ee5ng tr\u00ecnh duy\u1ec7t hi\u1ec7n \u0111\u1ea1i nh\u01b0 Chrome.  <\/div><p class=\"order-message\">\u0110\u01b0\u1ee3c s\u1eafp x\u1ebfp theo chi nh\u00e1nh g\u1ea7n nh\u1ea5t v\u1edbi v\u1ecb tr\u00ed c\u1ee7a b\u1ea1n<\/p><\/div><div class=\"branch-list flip-container therapist\"><div class=\"branch flipper branch-911\" data-lat=\"9.4714865\" data-lng=\"100.0545024\"><div class=\"branch_inner animated front\"><div class=\"image cursor-pointer\" style=\"border-right-width: 1px;\"><img fetchpriority=\"high\" decoding=\"async\" width=\"300\" height=\"300\" src=\"https:\/\/www.nakee.spa\/wp-content\/uploads\/2025\/08\/Nakee-Thai-Massage-Lamai-Branch-Foot-Massage-e1753996270806-300x300.webp\" class=\"attachment-medium size-medium\" alt=\"Nakee Thai Massage - Lamai Branch - Foot Massage\" srcset=\"https:\/\/www.nakee.spa\/wp-content\/uploads\/2025\/08\/Nakee-Thai-Massage-Lamai-Branch-Foot-Massage-e1753996270806-300x300.webp 300w, https:\/\/www.nakee.spa\/wp-content\/uploads\/2025\/08\/Nakee-Thai-Massage-Lamai-Branch-Foot-Massage-e1753996270806-100x100.webp 100w, https:\/\/www.nakee.spa\/wp-content\/uploads\/2025\/08\/Nakee-Thai-Massage-Lamai-Branch-Foot-Massage-e1753996270806-600x600.webp 600w, https:\/\/www.nakee.spa\/wp-content\/uploads\/2025\/08\/Nakee-Thai-Massage-Lamai-Branch-Foot-Massage-e1753996270806-1024x1024.webp 1024w, https:\/\/www.nakee.spa\/wp-content\/uploads\/2025\/08\/Nakee-Thai-Massage-Lamai-Branch-Foot-Massage-e1753996270806-150x150.webp 150w, https:\/\/www.nakee.spa\/wp-content\/uploads\/2025\/08\/Nakee-Thai-Massage-Lamai-Branch-Foot-Massage-e1753996270806-768x768.webp 768w, https:\/\/www.nakee.spa\/wp-content\/uploads\/2025\/08\/Nakee-Thai-Massage-Lamai-Branch-Foot-Massage-e1753996270806.webp 1200w\" sizes=\"(max-width: 300px) 100vw, 300px\" \/><\/div><div class=\"info\"><p class=\"city\">Ko Samui, Th\u00e1i Lan<\/p><h2 class=\"name\"><a class=\"target-page\" href=\"https:\/\/www.nakee.spa\/vi\/branch\/lamai-beach\/\">Lamai Beach<\/a><\/h2><p class=\"landmark\">Near Samui Harmony Resort<\/p><div class=\"distance\"><div class=\"nav-actions\"><span class=\"centerBranch\" onclick=\"centerBranch(911)\"><\/span> <a class=\"navigateBranch\" target=\"_blank\" rel=\"noopener noreferrer\" href=\"https:\/\/www.google.com\/maps\/dir\/\/9.4714865,100.0545024\/@9.4714865,100.0545024,16.04z\"><\/a><\/div><span class=\"help\" title=\"Kho\u1ea3ng c\u00e1ch g\u1ea7n \u0111\u00fang\">Kho\u1ea3ng c\u00e1ch: ~<\/span> <span class=\"value\">-<\/span><\/div><\/div><div class=\"actions elementor-button-wrapper\"><a href=\"https:\/\/www.nakee.spa\/therapists\/lamai-beach-therapists\/\" class=\"target-page elementor-button elementor-button-link elementor-size-sm\">Xem nh\u00e0 tr\u1ecb li\u1ec7u<\/a><\/div><\/div><div class=\"back\"><div class=\"in\">S\u1eafp x\u1ebfp l\u1ea1i theo kho\u1ea3ng c\u00e1ch<div class=\"loader\"><\/div><\/div><\/div><\/div><div class=\"branch flipper branch-728\" data-lat=\"9.5707806\" data-lng=\"100.0808962\"><div class=\"branch_inner animated front\"><div class=\"image cursor-pointer\" style=\"border-right-width: 1px;\"><img decoding=\"async\" width=\"300\" height=\"300\" src=\"https:\/\/www.nakee.spa\/wp-content\/uploads\/2025\/01\/Nakee-Thai-Massage-7-Spa-Choengmon-Beach-300x300.webp\" class=\"attachment-medium size-medium\" alt=\"Choengmon Beach Branch\" srcset=\"https:\/\/www.nakee.spa\/wp-content\/uploads\/2025\/01\/Nakee-Thai-Massage-7-Spa-Choengmon-Beach-300x300.webp 300w, https:\/\/www.nakee.spa\/wp-content\/uploads\/2025\/01\/Nakee-Thai-Massage-7-Spa-Choengmon-Beach-100x100.webp 100w, https:\/\/www.nakee.spa\/wp-content\/uploads\/2025\/01\/Nakee-Thai-Massage-7-Spa-Choengmon-Beach-600x600.webp 600w, https:\/\/www.nakee.spa\/wp-content\/uploads\/2025\/01\/Nakee-Thai-Massage-7-Spa-Choengmon-Beach-150x150.webp 150w, https:\/\/www.nakee.spa\/wp-content\/uploads\/2025\/01\/Nakee-Thai-Massage-7-Spa-Choengmon-Beach-768x768.webp 768w, https:\/\/www.nakee.spa\/wp-content\/uploads\/2025\/01\/Nakee-Thai-Massage-7-Spa-Choengmon-Beach.webp 1024w\" sizes=\"(max-width: 300px) 100vw, 300px\" \/><\/div><div class=\"info\"><p class=\"city\">Ko Samui, Th\u00e1i Lan<\/p><h2 class=\"name\"><a class=\"target-page\" href=\"https:\/\/www.nakee.spa\/vi\/branch\/choengmon-beach\/\">B\u00e3i bi\u1ec3n Choengmon<\/a><\/h2><p class=\"landmark\">B\u00ean c\u1ea1nh Amazon Cafe<\/p><div class=\"distance\"><div class=\"nav-actions\"><span class=\"centerBranch\" onclick=\"centerBranch(728)\"><\/span> <a class=\"navigateBranch\" target=\"_blank\" rel=\"noopener noreferrer\" href=\"https:\/\/www.google.com\/maps\/dir\/\/9.5707806,100.0808962\/@9.5707806,100.0808962,16.04z\"><\/a><\/div><span class=\"help\" title=\"Kho\u1ea3ng c\u00e1ch g\u1ea7n \u0111\u00fang\">Kho\u1ea3ng c\u00e1ch: ~<\/span> <span class=\"value\">-<\/span><\/div><\/div><div class=\"actions elementor-button-wrapper\"><a href=\"https:\/\/www.nakee.spa\/therapists\/choengmon-beach\/\" class=\"target-page elementor-button elementor-button-link elementor-size-sm\">Xem nh\u00e0 tr\u1ecb li\u1ec7u<\/a><\/div><\/div><div class=\"back\"><div class=\"in\">S\u1eafp x\u1ebfp l\u1ea1i theo kho\u1ea3ng c\u00e1ch<div class=\"loader\"><\/div><\/div><\/div><\/div><div class=\"branch flipper branch-729\" data-lat=\"9.561369\" data-lng=\"100.021842\"><div class=\"branch_inner animated front\"><div class=\"image cursor-pointer\" style=\"border-right-width: 1px;\"><img decoding=\"async\" width=\"300\" height=\"300\" src=\"https:\/\/www.nakee.spa\/wp-content\/uploads\/2025\/02\/bo-phut-beach-branch-1-300x300.webp\" class=\"attachment-medium size-medium\" alt=\"Bo Phut Beach Branch\" srcset=\"https:\/\/www.nakee.spa\/wp-content\/uploads\/2025\/02\/bo-phut-beach-branch-1-300x300.webp 300w, https:\/\/www.nakee.spa\/wp-content\/uploads\/2025\/02\/bo-phut-beach-branch-1-100x100.webp 100w, https:\/\/www.nakee.spa\/wp-content\/uploads\/2025\/02\/bo-phut-beach-branch-1-600x600.webp 600w, https:\/\/www.nakee.spa\/wp-content\/uploads\/2025\/02\/bo-phut-beach-branch-1-150x150.webp 150w, https:\/\/www.nakee.spa\/wp-content\/uploads\/2025\/02\/bo-phut-beach-branch-1-768x768.webp 768w, https:\/\/www.nakee.spa\/wp-content\/uploads\/2025\/02\/bo-phut-beach-branch-1.webp 800w\" sizes=\"(max-width: 300px) 100vw, 300px\" \/><\/div><div class=\"info\"><p class=\"city\">Ko Samui, Th\u00e1i Lan<\/p><h2 class=\"name\"><a class=\"target-page\" href=\"https:\/\/www.nakee.spa\/vi\/branch\/bo-phut-beach\/\">B\u00e3i bi\u1ec3n Bo Phut<\/a><\/h2><p class=\"landmark\">B\u00ean c\u1ea1nh Agarden Resort<\/p><div class=\"distance\"><div class=\"nav-actions\"><span class=\"centerBranch\" onclick=\"centerBranch(729)\"><\/span> <a class=\"navigateBranch\" target=\"_blank\" rel=\"noopener noreferrer\" href=\"https:\/\/www.google.com\/maps\/dir\/\/9.561369,100.021842\/@9.561369,100.021842,16.04z\"><\/a><\/div><span class=\"help\" title=\"Kho\u1ea3ng c\u00e1ch g\u1ea7n \u0111\u00fang\">Kho\u1ea3ng c\u00e1ch: ~<\/span> <span class=\"value\">-<\/span><\/div><\/div><div class=\"actions elementor-button-wrapper\"><a href=\"https:\/\/www.nakee.spa\/therapists\/bo-phut-beach-therapists\/\" class=\"target-page elementor-button elementor-button-link elementor-size-sm\">Xem nh\u00e0 tr\u1ecb li\u1ec7u<\/a><\/div><\/div><div class=\"back\"><div class=\"in\">S\u1eafp x\u1ebfp l\u1ea1i theo kho\u1ea3ng c\u00e1ch<div class=\"loader\"><\/div><\/div><\/div><\/div><\/div><script>const google_map_key = \"AIzaSyDME14DZNAzbgAFzu3_9ixh96SfqOrXR14\";let map,myLocation=null, bounds, infoWindow, nakeeMarkers = {911:{ id: \"911\", name: \"Lamai Beach\",status: \"active\", title: \"Lamai Beach\", position: { lat: 9.4714865, lng: 100.0545024 } },728:{ id: \"728\", name: \"B\u00e3i bi\u1ec3n Choengmon\",status: \"active\", title: \"Choengmon Beach\", position: { lat: 9.5707806, lng: 100.0808962 } },729:{ id: \"729\", name: \"B\u00e3i bi\u1ec3n Bo Phut\",status: \"active\", title: \"Bo Phut Beach\", position: { lat: 9.561369, lng: 100.021842 } },};const bls = {branch: \"Chi nh\u00e1nh\", km: \"Km\", arUhere: \"B\u1ea1n \u0111ang \u1edf \u0111\u00e2y\", vistedBr: \"L\u1ea7n \u0111\u1eb7t l\u1ecbch cu\u1ed1i c\u00f9ng c\u1ee7a b\u1ea1n\"};<\/script><\/div>\n\t\t\t\t\t\t<\/div>\n\t\t\t\t\t<\/div>\n\t\t\t\t<\/div>\n\t\t\t\t<\/div>\n\t\t","protected":false},"excerpt":{"rendered":"<p>C\u00e1c nh\u00e0 tr\u1ecb li\u1ec7u \u0110\u1ed9i ng\u0169 c\u1ee7a ch\u00fang t\u00f4i H\u00c3Y \u0110\u1ebeN LI\u00caN H\u1ec6 V\u1edaI Xem c\u00e1c nh\u00e0 tr\u1ecb li\u1ec7u theo chi nh\u00e1nh<\/p>\n","protected":false},"author":1,"featured_media":0,"parent":0,"menu_order":0,"comment_status":"closed","ping_status":"closed","template":"","meta":{"_acf_changed":false,"footnotes":""},"class_list":["post-4261","page","type-page","status-publish","hentry"],"acf":[],"_links":{"self":[{"href":"https:\/\/www.nakee.spa\/vi\/wp-json\/wp\/v2\/pages\/4261","targetHints":{"allow":["GET"]}}],"collection":[{"href":"https:\/\/www.nakee.spa\/vi\/wp-json\/wp\/v2\/pages"}],"about":[{"href":"https:\/\/www.nakee.spa\/vi\/wp-json\/wp\/v2\/types\/page"}],"author":[{"embeddable":true,"href":"https:\/\/www.nakee.spa\/vi\/wp-json\/wp\/v2\/users\/1"}],"replies":[{"embeddable":true,"href":"https:\/\/www.nakee.spa\/vi\/wp-json\/wp\/v2\/comments?post=4261"}],"version-history":[{"count":8,"href":"https:\/\/www.nakee.spa\/vi\/wp-json\/wp\/v2\/pages\/4261\/revisions"}],"predecessor-version":[{"id":11283,"href":"https:\/\/www.nakee.spa\/vi\/wp-json\/wp\/v2\/pages\/4261\/revisions\/11283"}],"wp:attachment":[{"href":"https:\/\/www.nakee.spa\/vi\/wp-json\/wp\/v2\/media?parent=4261"}],"curies":[{"name":"wp","href":"https:\/\/api.w.org\/{rel}","templated":true}]}}