{"id":10448,"date":"2024-07-11T09:21:30","date_gmt":"2024-07-11T02:21:30","guid":{"rendered":"https:\/\/www.nakee.spa\/?post_type=product&#038;p=10448"},"modified":"2025-11-14T01:51:19","modified_gmt":"2025-11-13T18:51:19","slug":"massage-kem-duong-da-vitamin-e","status":"publish","type":"product","link":"https:\/\/www.nakee.spa\/vi\/s\u1ea3n-ph\u1ea9m\/massage-kem-duong-da-vitamin-e\/","title":{"rendered":"Massage vitamin E"},"content":{"rendered":"<h3>Vitamin E Lotion Massage l\u00e0 g\u00ec?<\/h3>\n<p>Vitamin E Lotion Massage l\u00e0 m\u1ed9t ph\u01b0\u01a1ng ph\u00e1p \u0111i\u1ec1u tr\u1ecb nu\u00f4i d\u01b0\u1ee1ng s\u00e2u s\u1eed d\u1ee5ng kem d\u01b0\u1ee1ng da gi\u00e0u Vitamin E \u0111\u1ec3 d\u01b0\u1ee1ng \u1ea9m, b\u1ea3o v\u1ec7 v\u00e0 ph\u1ee5c h\u1ed3i da. \u0110\u01b0\u1ee3c bi\u1ebft \u0111\u1ebfn v\u1edbi \u0111\u1eb7c t\u00ednh ch\u1ed1ng oxy h\u00f3a, Vitamin E gi\u00fap s\u1eeda ch\u1eefa l\u00e0n da b\u1ecb t\u1ed5n th\u01b0\u01a1ng, c\u1ea3i thi\u1ec7n \u0111\u1ed9 \u0111\u00e0n h\u1ed3i v\u00e0 th\u00fac \u0111\u1ea9y l\u00e0n da t\u01b0\u01a1i tr\u1ebb. Trong qu\u00e1 tr\u00ecnh massage, da h\u1ea5p th\u1ee5 c\u00e1c ch\u1ea5t dinh d\u01b0\u1ee1ng c\u1ee7a kem d\u01b0\u1ee1ng da, gi\u00fap da m\u1ec1m m\u1ea1i, m\u1ecbn m\u00e0ng v\u00e0 tr\u1ebb h\u00f3a. Ph\u01b0\u01a1ng ph\u00e1p \u0111i\u1ec1u tr\u1ecb n\u00e0y l\u00fd t\u01b0\u1edfng cho da kh\u00f4, l\u00e3o h\u00f3a ho\u1eb7c da nh\u1ea1y c\u1ea3m.   <\/p>\n<h3>L\u1ee3i \u00edch c\u1ee7a Massage Lotion Vitamin E<\/h3>\n<ol>\n<li><strong>S\u1eeda ch\u1eefa da:<\/strong> Gi\u00fap ph\u1ee5c h\u1ed3i l\u00e0n da b\u1ecb t\u1ed5n th\u01b0\u01a1ng v\u00e0 m\u1ea5t n\u01b0\u1edbc.<\/li>\n<li><strong>Ch\u1ed1ng l\u00e3o h\u00f3a:<\/strong> C\u1ea3i thi\u1ec7n \u0111\u1ed9 \u0111\u00e0n h\u1ed3i c\u1ee7a da v\u00e0 gi\u1ea3m s\u1ef1 xu\u1ea5t hi\u1ec7n c\u1ee7a n\u1ebfp nh\u0103n.<\/li>\n<li><strong>D\u01b0\u1ee1ng \u1ea9m s\u00e2u:<\/strong> D\u01b0\u1ee1ng \u1ea9m cho da, ng\u0103n ng\u1eeba kh\u00f4 v\u00e0 bong tr\u00f3c.<\/li>\n<li><strong>B\u1ea3o v\u1ec7 ch\u1ed1ng oxy h\u00f3a:<\/strong> Ch\u1ed1ng l\u1ea1i c\u00e1c g\u1ed1c t\u1ef1 do v\u00e0 h\u1ed7 tr\u1ee3 s\u1ee9c kh\u1ecfe l\u00e0n da.<\/li>\n<li><strong>C\u1ea3m \u1ee9ng nh\u1eb9 nh\u00e0ng:<\/strong> Gi\u1ea3m k\u00edch \u1ee9ng da v\u00e0 l\u00e0m d\u1ecbu vi\u00eam.<\/li>\n<li><strong>C\u1ea3i thi\u1ec7n l\u01b0u th\u00f4ng:<\/strong> T\u0103ng c\u01b0\u1eddng l\u01b0u l\u01b0\u1ee3ng m\u00e1u, th\u00fac \u0111\u1ea9y l\u00e0n da r\u1ea1ng r\u1ee1.<\/li>\n<\/ol>\n<h3>T\u1ea1i sao ch\u1ecdn Massage Lotion Vitamin E?<\/h3>\n<p>Ch\u1ecdn Massage Lotion Vitamin E \u0111\u1ec3 c\u00f3 t\u00e1c d\u1ee5ng d\u01b0\u1ee1ng \u1ea9m v\u00e0 ph\u1ee5c h\u1ed3i da sang tr\u1ecdng. Ph\u01b0\u01a1ng ph\u00e1p \u0111i\u1ec1u tr\u1ecb n\u00e0y ho\u00e0n h\u1ea3o cho nh\u1eefng ng\u01b0\u1eddi c\u00f3 l\u00e0n da kh\u00f4, tr\u01b0\u1edfng th\u00e0nh ho\u1eb7c nh\u1ea1y c\u1ea3m, ho\u1eb7c nh\u1eefng ng\u01b0\u1eddi mu\u1ed1n kh\u00f4i ph\u1ee5c l\u1ea1i l\u00e0n da s\u00e1ng t\u1ef1 nhi\u00ean. V\u1edbi \u0111\u1eb7c t\u00ednh ch\u1ed1ng oxy h\u00f3a phong ph\u00fa, Vitamin E cung c\u1ea5p ch\u1ea5t dinh d\u01b0\u1ee1ng v\u00e0 b\u1ea3o v\u1ec7 l\u00e2u d\u00e0i, gi\u00fap m\u1ed7i bu\u1ed5i ph\u1ee5c h\u1ed3i v\u1eeba th\u01b0 gi\u00e3n.  <\/p>\n<h3>\u0110\u1ec1 xu\u1ea5t<\/h3>\n<ul>\n<li>Tuy\u1ec7t v\u1eddi cho da kh\u00f4 ho\u1eb7c ti\u1ebfp x\u00fac v\u1edbi \u00e1nh n\u1eafng m\u1eb7t tr\u1eddi c\u1ea7n \u0111\u01b0\u1ee3c nu\u00f4i d\u01b0\u1ee1ng chuy\u00ean s\u00e2u.<\/li>\n<li>L\u00fd t\u01b0\u1edfng nh\u01b0 m\u1ed9t ph\u1ea7n c\u1ee7a quy tr\u00ecnh ch\u0103m s\u00f3c da th\u01b0\u1eddng xuy\u00ean \u0111\u1ec3 duy tr\u00ec l\u00e0n da tr\u1ebb trung, kh\u1ecfe m\u1ea1nh.<\/li>\n<li>K\u1ebft h\u1ee3p v\u1edbi t\u1ea9y t\u1ebf b\u00e0o ch\u1ebft da m\u1eb7t ho\u1eb7c to\u00e0n th\u00e2n \u0111\u1ec3 c\u00f3 tr\u1ea3i nghi\u1ec7m spa tr\u1ecdn v\u1eb9n.<\/li>\n<\/ul>\n<h3>Tr\u1ea3i nghi\u1ec7m Massage Vitamin E Lotion t\u1ea1i Nakee Massage &amp; Spa<\/h3>\n<p>T\u1eadn h\u01b0\u1edfng Massage Lotion Vitamin E t\u1ea1i Nakee Massage &amp; Spa, n\u01a1i c\u00e1c chuy\u00ean gia tr\u1ecb li\u1ec7u c\u1ee7a ch\u00fang t\u00f4i s\u1eed d\u1ee5ng kem d\u01b0\u1ee1ng da Vitamin E ch\u1ea5t l\u01b0\u1ee3ng cao \u0111\u1ec3 mang l\u1ea1i l\u00e0n da r\u1ea1ng r\u1ee1, kh\u1ecfe m\u1ea1nh. M\u00f4i tr\u01b0\u1eddng y\u00ean b\u00ecnh c\u1ee7a ch\u00fang t\u00f4i gi\u00fap t\u0103ng c\u01b0\u1eddng m\u1ed7i bu\u1ed5i t\u1eadp, gi\u00fap b\u1ea1n th\u01b0 gi\u00e3n s\u00e2u trong khi l\u00e0n da c\u1ee7a b\u1ea1n nh\u1eadn \u0111\u01b0\u1ee3c s\u1ef1 ch\u0103m s\u00f3c x\u1ee9ng \u0111\u00e1ng. <\/p>\n","protected":false},"excerpt":{"rendered":"<p>Vitamin E Lotion Massage s\u1eed d\u1ee5ng kem d\u01b0\u1ee1ng da Vitamin E gi\u00e0u ch\u1ea5t dinh d\u01b0\u1ee1ng \u0111\u1ec3 d\u01b0\u1ee1ng \u1ea9m s\u00e2u, s\u1eeda ch\u1eefa v\u00e0 b\u1ea3o v\u1ec7 da. Ho\u00e0n h\u1ea3o cho da kh\u00f4 ho\u1eb7c l\u00e3o h\u00f3a, ph\u01b0\u01a1ng ph\u00e1p \u0111i\u1ec1u tr\u1ecb n\u00e0y c\u1ea3i thi\u1ec7n \u0111\u1ed9 \u0111\u00e0n h\u1ed3i, l\u00e0m d\u1ecbu k\u00edch \u1ee9ng v\u00e0 mang l\u1ea1i cho l\u00e0n da c\u1ee7a b\u1ea1n c\u1ea3m gi\u00e1c m\u1ec1m m\u1ea1i, m\u1ecbn m\u00e0ng v\u00e0 tr\u1ebb h\u00f3a. <\/p>\n","protected":false},"featured_media":10493,"template":"","meta":{"_acf_changed":false,"wds_primary_product_brand":0,"wds_primary_product_cat":0},"product_brand":[],"product_cat":[135],"product_tag":[525,514,508,526,530,524,520,512,882,791,523,522,527,518,759,529,778,528,843,516],"class_list":{"0":"post-10448","1":"product","2":"type-product","3":"status-publish","4":"has-post-thumbnail","6":"product_cat-mat-xa","7":"product_tag-massage-tot-nhat-gan-toi","8":"product_tag-gia-massage-koh-samui","9":"product_tag-massage-koh-samui","10":"product_tag-massage-o-koh-samui","11":"product_tag-massage-o-koh-samui-thai-lan","12":"product_tag-massage-thai-gan-toi","13":"product_tag-massage-thai-koh-samui-vi","14":"product_tag-massage-thai-koh-samui","15":"product_tag-massage-thai-o-bo-phut","16":"product_tag-massage-thai-o-choengmon","17":"product_tag-massage-toan-than","18":"product_tag-massage-toan-than-koh-samui","19":"product_tag-massage-tot-nhat-chaweng","20":"product_tag-massage-tot-nhat-koh-samui","21":"product_tag-massage-tot-nhat-o-bo-phut","22":"product_tag-massage-tot-nhat-o-chaweng","23":"product_tag-massage-tot-nhat-o-choengmon","24":"product_tag-massage-tot-nhat-o-koh-samui","25":"product_tag-salon-massage","26":"product_tag-tiem-mat-xa-koh-samui","27":"pa_duration-120-phut","28":"pa_duration-60-phut","29":"pa_duration-90-phut","30":"pa_massage-kem-duong-da-vitamin-e","31":"pa_menu-category-thu-gian-voi-tinh-dau-huong-thom","32":"pa_types-thu-gian-binh-tinh","34":"first","35":"instock","36":"shipping-taxable","37":"purchasable","38":"product-type-variable"},"acf":[],"_links":{"self":[{"href":"https:\/\/www.nakee.spa\/vi\/wp-json\/wp\/v2\/product\/10448","targetHints":{"allow":["GET"]}}],"collection":[{"href":"https:\/\/www.nakee.spa\/vi\/wp-json\/wp\/v2\/product"}],"about":[{"href":"https:\/\/www.nakee.spa\/vi\/wp-json\/wp\/v2\/types\/product"}],"wp:featuredmedia":[{"embeddable":true,"href":"https:\/\/www.nakee.spa\/vi\/wp-json\/wp\/v2\/media\/10493"}],"wp:attachment":[{"href":"https:\/\/www.nakee.spa\/vi\/wp-json\/wp\/v2\/media?parent=10448"}],"wp:term":[{"taxonomy":"product_brand","embeddable":true,"href":"https:\/\/www.nakee.spa\/vi\/wp-json\/wp\/v2\/product_brand?post=10448"},{"taxonomy":"product_cat","embeddable":true,"href":"https:\/\/www.nakee.spa\/vi\/wp-json\/wp\/v2\/product_cat?post=10448"},{"taxonomy":"product_tag","embeddable":true,"href":"https:\/\/www.nakee.spa\/vi\/wp-json\/wp\/v2\/product_tag?post=10448"}],"curies":[{"name":"wp","href":"https:\/\/api.w.org\/{rel}","templated":true}]}}