{"id":12084,"date":"2025-11-08T16:13:11","date_gmt":"2025-11-08T09:13:11","guid":{"rendered":"https:\/\/www.nakee.spa\/?post_type=product&#038;p=12084"},"modified":"2025-11-14T00:59:12","modified_gmt":"2025-11-13T17:59:12","slug":"spa-tai-copy","status":"publish","type":"product","link":"https:\/\/www.nakee.spa\/vi\/s\u1ea3n-ph\u1ea9m\/spa-tai-copy\/","title":{"rendered":"Spa tai &amp; massage \u0111\u1ea7u"},"content":{"rendered":"<h3>Spa tai &amp; massage \u0111\u1ea7u l\u00e0 g\u00ec?<\/h3>\n<p>Spa Tai &amp; Massage \u0110\u1ea7u l\u00e0 li\u1ec7u ph\u00e1p th\u01b0 gi\u00e3n \u0111\u01b0\u1ee3c thi\u1ebft k\u1ebf \u0111\u1ec3 l\u00e0m m\u1edbi c\u00e1c gi\u00e1c quan v\u00e0 gi\u1ea3m c\u0103ng th\u1eb3ng th\u00f4ng qua vi\u1ec7c ch\u0103m s\u00f3c tai nh\u1eb9 nh\u00e0ng v\u00e0 massage da \u0111\u1ea7u. Li\u1ec7u ph\u00e1p n\u00e0y t\u1eadp trung v\u00e0o vi\u1ec7c k\u00edch th\u00edch c\u00e1c huy\u1ec7t \u0111\u1ea1o xung quanh tai v\u00e0 \u0111\u1ea7u \u0111\u1ec3 c\u1ea3i thi\u1ec7n tu\u1ea7n ho\u00e0n, gi\u1ea3m m\u1ec7t m\u1ecfi v\u00e0 l\u00e0m s\u00e1ng t\u1ecf t\u00e2m tr\u00ed. \u0110\u1eb7c bi\u1ec7t c\u00f3 l\u1ee3i cho nh\u1eefng ng\u01b0\u1eddi b\u1ecb \u0111au \u0111\u1ea7u do c\u0103ng th\u1eb3ng, \u00e1p l\u1ef1c xoang ho\u1eb7c m\u1ea5t ng\u1ee7.  <\/p>\n<h3>L\u1ee3i \u00edch c\u1ee7a spa tai &amp; massage \u0111\u1ea7u<\/h3>\n<ol>\n<li><strong>Gi\u1ea3m c\u0103ng th\u1eb3ng v\u00f9ng \u0111\u1ea7u<\/strong>: L\u00e0m d\u1ecbu c\u01a1n \u0111au \u0111\u1ea7u v\u00e0 m\u1ec7t m\u1ecfi tinh th\u1ea7n.<\/li>\n<li><strong>C\u1ea3i thi\u1ec7n tu\u1ea7n ho\u00e0n<\/strong>: T\u0103ng c\u01b0\u1eddng l\u01b0u th\u00f4ng m\u00e1u \u0111\u1ebfn da \u0111\u1ea7u v\u00e0 v\u00f9ng \u0111\u1ea7u.<\/li>\n<li><strong>Th\u00fac \u0111\u1ea9y th\u01b0 gi\u00e3n<\/strong>: L\u00e0m d\u1ecbu h\u1ec7 th\u1ea7n kinh v\u00e0 gi\u1ea3m c\u0103ng th\u1eb3ng.<\/li>\n<li><strong>H\u1ed7 tr\u1ee3 s\u1ee9c kh\u1ecfe tai<\/strong>: Gi\u00fap gi\u1ea3m \u00e1p l\u1ef1c tai v\u00e0 t\u0103ng c\u1ea3m gi\u00e1c tho\u1ea3i m\u00e1i.<\/li>\n<li><strong>C\u1ea3i thi\u1ec7n gi\u1ea5c ng\u1ee7<\/strong>: T\u1ea1o ra s\u1ef1 th\u01b0 gi\u00e3n s\u00e2u \u0111\u1ec3 ngh\u1ec9 ng\u01a1i t\u1ed1t h\u01a1n.<\/li>\n<li><strong>T\u0103ng c\u01b0\u1eddng s\u1ef1 minh m\u1eabn<\/strong>: L\u00e0m m\u1edbi t\u00e2m tr\u00ed v\u00e0 t\u0103ng c\u01b0\u1eddng kh\u1ea3 n\u0103ng t\u1eadp trung.<\/li>\n<\/ol>\n<h3>T\u1ea1i sao ch\u1ecdn spa tai &amp; massage \u0111\u1ea7u?<\/h3>\n<p>Ch\u1ecdn Spa Tai &amp; Massage \u0110\u1ea7u v\u00ec kh\u1ea3 n\u0103ng gi\u1ea3i ph\u00f3ng c\u0103ng th\u1eb3ng t\u00edch t\u1ee5 v\u00e0 th\u00fac \u0111\u1ea9y c\u1ea3m gi\u00e1c c\u00e2n b\u1eb1ng v\u00e0 b\u00ecnh y\u00ean. C\u00e1c k\u1ef9 thu\u1eadt nh\u1eb9 nh\u00e0ng xung quanh tai, th\u00e1i d\u01b0\u01a1ng v\u00e0 da \u0111\u1ea7u mang l\u1ea1i s\u1ef1 th\u01b0 gi\u00e3n t\u1ee9c th\u00ec \u0111\u1ed3ng th\u1eddi c\u1ea3i thi\u1ec7n s\u1ee9c kh\u1ecfe t\u1ed5ng th\u1ec3. \u0110\u00e2y l\u00e0 s\u1ef1 b\u1ed5 sung ho\u00e0n h\u1ea3o cho b\u1ea5t k\u1ef3 li\u1ec7u ph\u00e1p massage to\u00e0n th\u00e2n n\u00e0o ho\u1eb7c m\u1ed9t li\u1ec7u ph\u00e1p gi\u1ea3m c\u0103ng th\u1eb3ng \u0111\u1ed9c l\u1eadp.  <\/p>\n<h3>\u0110\u1ec1 xu\u1ea5t<\/h3>\n<ul>\n<li>L\u00fd t\u01b0\u1edfng cho nh\u1eefng ng\u01b0\u1eddi b\u1ecb c\u0103ng th\u1eb3ng ho\u1eb7c th\u01b0\u1eddng xuy\u00ean \u0111au \u0111\u1ea7u.<\/li>\n<li>Ho\u00e0n h\u1ea3o tr\u01b0\u1edbc khi \u0111i ng\u1ee7 \u0111\u1ec3 c\u00f3 gi\u1ea5c ng\u1ee7 s\u00e2u h\u01a1n.<\/li>\n<li>C\u00f3 th\u1ec3 k\u1ebft h\u1ee3p v\u1edbi b\u1ea5t k\u1ef3 li\u1ec7u ph\u00e1p massage n\u00e0o \u0111\u1ec3 th\u01b0 gi\u00e3n ho\u00e0n to\u00e0n.<\/li>\n<\/ul>\n<h3>Tr\u1ea3i nghi\u1ec7m spa tai &amp; massage \u0111\u1ea7u t\u1ea1i nakee massage &amp; Spa<\/h3>\n<p>Tr\u1ea3i nghi\u1ec7m s\u1ef1 th\u01b0 gi\u00e3n s\u00e2u v\u00e0 t\u00e2m tr\u00ed s\u1ea3ng kho\u00e1i v\u1edbi li\u1ec7u ph\u00e1p Spa Tai &amp; Massage \u0110\u1ea7u c\u1ee7a ch\u00fang t\u00f4i. C\u00e1c nh\u00e0 tr\u1ecb li\u1ec7u c\u00f3 tay ngh\u1ec1 cao c\u1ee7a ch\u00fang t\u00f4i s\u1eed d\u1ee5ng c\u00e1c k\u1ef9 thu\u1eadt ch\u00ednh x\u00e1c, nh\u1eb9 nh\u00e0ng \u0111\u1ec3 c\u00e2n b\u1eb1ng \u00e1p l\u1ef1c, t\u0103ng c\u01b0\u1eddng tu\u1ea7n ho\u00e0n v\u00e0 l\u00e0m d\u1ecbu c\u00e1c gi\u00e1c quan. H\u00e3y bu\u00f4ng b\u1ecf c\u0103ng th\u1eb3ng v\u00e0 t\u1eadn h\u01b0\u1edfng s\u1ef1 y\u00ean b\u00ecnh ho\u00e0n to\u00e0n v\u1edbi li\u1ec7u ph\u00e1p \u0111\u1ed9c \u0111\u00e1o n\u00e0y t\u1ea1i Nakee Thai Massage &amp; Spa.  <\/p>\n","protected":false},"excerpt":{"rendered":"<p>Ear Spa t\u1ea1i Nakee Massage &amp; Spa cung c\u1ea5p m\u1ed9t li\u1ec7u ph\u00e1p chuy\u00ean bi\u1ec7t t\u1eadp trung v\u00e0o vi\u1ec7c l\u00e0m s\u1ea1ch v\u00e0 tr\u1ebb h\u00f3a tai. D\u1ecbch v\u1ee5 bao g\u1ed3m quy tr\u00ecnh l\u00e0m s\u1ea1ch tai nh\u1eb9 nh\u00e0ng b\u1eb1ng c\u00e1ch s\u1eed d\u1ee5ng d\u1ea7u ho\u1eb7c dung d\u1ecbch t\u1ef1 nhi\u00ean, sau \u0111\u00f3 l\u00e0 massage tai th\u01b0 gi\u00e3n. C\u00e1c nh\u00e0 tr\u1ecb li\u1ec7u chuy\u00ean nghi\u1ec7p c\u1ee7a ch\u00fang t\u00f4i \u0111\u1ea3m b\u1ea3o tr\u1ea3i nghi\u1ec7m an to\u00e0n v\u00e0 nh\u1eb9 nh\u00e0ng, th\u00fac \u0111\u1ea9y v\u1ec7 sinh tai v\u00e0 th\u01b0 gi\u00e3n t\u1ed5ng th\u1ec3. C\u00e1c bu\u1ed5i spa tai th\u01b0\u1eddng xuy\u00ean c\u00f3 th\u1ec3 t\u0103ng c\u01b0\u1eddng th\u00ednh gi\u00e1c, gi\u1ea3m nguy c\u01a1 nhi\u1ec5m tr\u00f9ng v\u00e0 c\u1ea3i thi\u1ec7n s\u1ee9c kh\u1ecfe c\u1ee7a tai. Tr\u1ea3i nghi\u1ec7m s\u1ef1 ch\u0103m s\u00f3c t\u1ec9 m\u1ec9 v\u00e0 y\u00ean t\u0129nh c\u1ee7a d\u1ecbch v\u1ee5 Ear Spa c\u1ee7a ch\u00fang t\u00f4i, \u0111\u01b0\u1ee3c thi\u1ebft k\u1ebf ri\u00eang \u0111\u1ec3 mang l\u1ea1i s\u1ef1 tho\u1ea3i m\u00e1i v\u00e0 s\u1ee9c kh\u1ecfe t\u1ed1i \u0111a.    <\/p>\n","protected":false},"featured_media":12099,"template":"","meta":{"_acf_changed":false,"wds_primary_product_brand":0,"wds_primary_product_cat":0},"product_brand":[],"product_cat":[215],"product_tag":[830,868,817,856,804],"class_list":{"0":"post-12084","1":"product","2":"type-product","3":"status-publish","4":"has-post-thumbnail","6":"product_cat-cham-soc-sac-dep","7":"product_tag-cham-soc-da-mat-gan-toi","8":"product_tag-cham-soc-da-mat-tot-nhat","9":"product_tag-salon-tay-da-chet-tot-nhat","10":"product_tag-tay-te-bao-chet-toan-than-gan-toi","11":"product_tag-tay-te-bao-chet-toan-than-tot-nhat","12":"pa_duration-60-phut","13":"pa_massage-cham-soc-sac-dep","14":"pa_menu-category-cac-lieu-phap-cham-soc-co-the-lam-dep","15":"pa_types-min-mang-lam-dep","17":"first","18":"instock","19":"shipping-taxable","20":"purchasable","21":"product-type-variable"},"acf":[],"_links":{"self":[{"href":"https:\/\/www.nakee.spa\/vi\/wp-json\/wp\/v2\/product\/12084","targetHints":{"allow":["GET"]}}],"collection":[{"href":"https:\/\/www.nakee.spa\/vi\/wp-json\/wp\/v2\/product"}],"about":[{"href":"https:\/\/www.nakee.spa\/vi\/wp-json\/wp\/v2\/types\/product"}],"wp:featuredmedia":[{"embeddable":true,"href":"https:\/\/www.nakee.spa\/vi\/wp-json\/wp\/v2\/media\/12099"}],"wp:attachment":[{"href":"https:\/\/www.nakee.spa\/vi\/wp-json\/wp\/v2\/media?parent=12084"}],"wp:term":[{"taxonomy":"product_brand","embeddable":true,"href":"https:\/\/www.nakee.spa\/vi\/wp-json\/wp\/v2\/product_brand?post=12084"},{"taxonomy":"product_cat","embeddable":true,"href":"https:\/\/www.nakee.spa\/vi\/wp-json\/wp\/v2\/product_cat?post=12084"},{"taxonomy":"product_tag","embeddable":true,"href":"https:\/\/www.nakee.spa\/vi\/wp-json\/wp\/v2\/product_tag?post=12084"}],"curies":[{"name":"wp","href":"https:\/\/api.w.org\/{rel}","templated":true}]}}