{"id":12210,"date":"2025-11-08T16:43:17","date_gmt":"2025-11-08T09:43:17","guid":{"rendered":"https:\/\/www.nakee.spa\/?post_type=product&#038;p=12210"},"modified":"2025-11-14T00:59:16","modified_gmt":"2025-11-13T17:59:16","slug":"massage-mo-sau-kieu-thai-copy","status":"publish","type":"product","link":"https:\/\/www.nakee.spa\/vi\/s\u1ea3n-ph\u1ea9m\/massage-mo-sau-kieu-thai-copy\/","title":{"rendered":"Massage Th\u00e1i s\u00e2u v\u1edbi d\u1ea7u b\u00f4i Th\u00e1i"},"content":{"rendered":"<h3>Massage Th\u00e1i s\u00e2u v\u1edbi d\u1ea7u b\u00f4i Th\u00e1i l\u00e0 g\u00ec?<\/h3>\n<p>Massage Th\u00e1i S\u00e2u v\u1edbi D\u1ea7u B\u00f4i Th\u00e1i k\u1ebft h\u1ee3p s\u1ee9c m\u1ea1nh c\u1ee7a massage Th\u00e1i truy\u1ec1n th\u1ed1ng v\u1edbi \u0111\u1eb7c t\u00ednh ch\u1eefa l\u00e0nh c\u1ee7a li\u1ec7u ph\u00e1p d\u1ea7u b\u00f4i th\u1ea3o d\u01b0\u1ee3c. S\u1eed d\u1ee5ng \u00e1p l\u1ef1c s\u00e2u, nh\u1ecbp nh\u00e0ng d\u1ecdc theo c\u00e1c \u0111\u01b0\u1eddng n\u0103ng l\u01b0\u1ee3ng, li\u1ec7u ph\u00e1p n\u00e0y gi\u1ea3m c\u1ee9ng c\u01a1 v\u00e0 c\u0103ng th\u1eb3ng trong khi d\u1ea7u b\u00f4i Th\u00e1i th\u1ea5m s\u00e2u \u0111\u1ec3 t\u0103ng c\u01b0\u1eddng th\u01b0 gi\u00e3n v\u00e0 ph\u1ee5c h\u1ed3i. B\u1ea1n c\u00f3 th\u1ec3 ch\u1ecdn gi\u1eefa <strong>D\u1ea7u B\u00f4i Xanh<\/strong>, n\u1ed5i ti\u1ebfng v\u1edbi hi\u1ec7u \u1ee9ng \u1ea5m \u00e1p d\u1ecbu nh\u1eb9, ho\u1eb7c <strong>D\u1ea7u B\u00f4i Tr\u1eafng<\/strong>, n\u1ed5i ti\u1ebfng v\u1edbi c\u1ea3m gi\u00e1c m\u00e1t l\u1ea1nh, s\u1ea3ng kho\u00e1i.  <\/p>\n<h3>L\u1ee3i \u00edch c\u1ee7a massage Th\u00e1i s\u00e2u v\u1edbi d\u1ea7u b\u00f4i Th\u00e1i<\/h3>\n<ol>\n<li><strong>Gi\u1ea3m C\u0103ng Th\u1eb3ng C\u01a1 S\u00e2u<\/strong>: L\u00e0m d\u1ecbu c\u0103ng th\u1eb3ng m\u00e3n t\u00ednh v\u00e0 m\u1ec7t m\u1ecfi c\u01a1 b\u1eafp.<\/li>\n<li><strong>C\u1ea3i Thi\u1ec7n Tu\u1ea7n Ho\u00e0n<\/strong>: Th\u00fac \u0111\u1ea9y l\u01b0u th\u00f4ng m\u00e1u v\u00e0 h\u1ed7 tr\u1ee3 qu\u00e1 tr\u00ecnh ch\u1eefa l\u00e0nh.<\/li>\n<li><strong>Li\u1ec7u Ph\u00e1p Th\u1ea3o D\u01b0\u1ee3c D\u1ecbu Nh\u1eb9<\/strong>: D\u1ea7u b\u00f4i Th\u00e1i t\u0103ng c\u01b0\u1eddng c\u1ea3m gi\u00e1c \u1ea5m \u00e1p ho\u1eb7c m\u00e1t l\u1ea1nh t\u00f9y theo l\u1ef1a ch\u1ecdn.<\/li>\n<li><strong>T\u0103ng T\u00ednh Linh Ho\u1ea1t<\/strong>: Gi\u00fap c\u1ea3i thi\u1ec7n kh\u1ea3 n\u0103ng v\u1eadn \u0111\u1ed9ng kh\u1edbp v\u00e0 s\u1ef1 c\u00e2n b\u1eb1ng c\u01a1 th\u1ec3.<\/li>\n<li><strong>Gi\u1ea3m C\u0103ng Th\u1eb3ng<\/strong>: \u00c1p l\u1ef1c s\u00e2u v\u00e0 h\u01b0\u01a1ng th\u1ea3o d\u01b0\u1ee3c l\u00e0m d\u1ecbu c\u01a1 th\u1ec3 v\u00e0 t\u00e2m tr\u00ed.<\/li>\n<li><strong>Qu\u1ea3n L\u00fd \u0110au \u0110\u1edbn<\/strong>: L\u00fd t\u01b0\u1edfng cho kh\u00f3 ch\u1ecbu \u1edf l\u01b0ng, vai ho\u1eb7c ch\u00e2n.<\/li>\n<li><strong>T\u0103ng C\u01b0\u1eddng Ph\u1ee5c H\u1ed3i<\/strong>: H\u1ed7 tr\u1ee3 ph\u1ee5c h\u1ed3i c\u01a1 b\u1eafp sau ho\u1ea1t \u0111\u1ed9ng th\u1ec3 ch\u1ea5t.<\/li>\n<\/ol>\n<h3>T\u1ea1i sao ch\u1ecdn massage Th\u00e1i s\u00e2u v\u1edbi d\u1ea7u b\u00f4i Th\u00e1i?<\/h3>\n<p>Ch\u1ecdn massage n\u00e0y \u0111\u1ec3 c\u00f3 s\u1ef1 \u0111\u1ed5i m\u1edbi ho\u00e0n to\u00e0n cho c\u01a1 th\u1ec3 k\u1ebft h\u1ee3p gi\u00e3n c\u01a1 Th\u00e1i s\u00e2u v\u1edbi s\u1ef1 gi\u1ea3m \u0111au th\u1ea3o d\u01b0\u1ee3c t\u1ef1 nhi\u00ean. <strong>D\u1ea7u B\u00f4i Xanh<\/strong> ho\u00e0n h\u1ea3o cho c\u01a1 b\u1eafp \u0111au nh\u1ee9c v\u00e0 nh\u1eefng ng\u01b0\u1eddi n\u0103ng \u0111\u1ed9ng, mang l\u1ea1i s\u1ef1 \u1ea5m \u00e1p nh\u1eb9 nh\u00e0ng v\u00e0 th\u01b0 gi\u00e3n. <g id=\"gid_1\">D\u1ea7u B\u00f4i Tr\u1eafng<\/g> mang l\u1ea1i c\u1ea3m gi\u00e1c m\u00e1t l\u1ea1nh, gi\u1ea3m c\u0103ng th\u1eb3ng v\u00e0 l\u00e0m t\u01b0\u01a1i m\u1edbi c\u01a1 b\u1eafp m\u1ec7t m\u1ecfi. C\u00f9ng nhau, ch\u00fang mang l\u1ea1i s\u1ef1 h\u00e0i h\u00f2a v\u00e0 c\u00e2n b\u1eb1ng cho c\u01a1 th\u1ec3 v\u00e0 t\u00e2m tr\u00ed.   <\/p>\n<h3>\u0110\u1ec1 xu\u1ea5t<\/h3>\n<ul>\n<li>Ho\u00e0n h\u1ea3o cho nh\u1eefng ng\u01b0\u1eddi c\u00f3 c\u0103ng th\u1eb3ng c\u01a1 s\u00e2u ho\u1eb7c c\u1ee9ng c\u01a1.<\/li>\n<li>\u0110\u01b0\u1ee3c khuy\u1ebfn ngh\u1ecb \u0111\u1ec3 ph\u1ee5c h\u1ed3i sau th\u1ec3 thao ho\u1eb7c ho\u1ea1t \u0111\u1ed9ng c\u01b0\u1eddng \u0111\u1ed9 cao.<\/li>\n<li>Ph\u00f9 h\u1ee3p cho nh\u1eefng ng\u01b0\u1eddi t\u00ecm ki\u1ebfm s\u1ef1 ch\u1eefa l\u00e0nh th\u1ea3o d\u01b0\u1ee3c t\u1ef1 nhi\u00ean.<\/li>\n<\/ul>\n<h3>Tr\u1ea3i nghi\u1ec7m massage Th\u00e1i s\u00e2u v\u1edbi d\u1ea7u b\u00f4i Th\u00e1i t\u1ea1i Nakee Massage &amp; Spa<\/h3>\n<p>Tr\u1ea3i nghi\u1ec7m s\u1ef1 ch\u1eefa l\u00e0nh ch\u00ednh th\u1ed1ng c\u1ee7a truy\u1ec1n th\u1ed1ng Th\u00e1i v\u1edbi Massage Th\u00e1i S\u00e2u s\u1eed d\u1ee5ng D\u1ea7u B\u00f4i Xanh ho\u1eb7c Tr\u1eafng c\u1ee7a ch\u00fang t\u00f4i. C\u00e1c nh\u00e0 tr\u1ecb li\u1ec7u c\u00f3 tay ngh\u1ec1 cao c\u1ee7a ch\u00fang t\u00f4i s\u1eed d\u1ee5ng k\u1ef9 thu\u1eadt \u00e1p l\u1ef1c chuy\u00ean nghi\u1ec7p v\u00e0 d\u1ea7u b\u00f4i d\u1ecbu nh\u1eb9 \u0111\u01b0\u1ee3c l\u00e0m t\u1eeb th\u1ea3o d\u01b0\u1ee3c Th\u00e1i \u0111\u1ec3 kh\u00f4i ph\u1ee5c n\u0103ng l\u01b0\u1ee3ng, t\u00ednh linh ho\u1ea1t v\u00e0 s\u1ef1 b\u00ecnh an. H\u00e3y \u0111\u1ec3 c\u01a1 th\u1ec3 b\u1ea1n th\u01b0 gi\u00e3n s\u00e2u v\u00e0 c\u1ea3m nh\u1eadn s\u1ef1 \u1ea5m \u00e1p ho\u1eb7c m\u00e1t l\u1ea1nh c\u1ee7a li\u1ec7u ph\u00e1p th\u1ea3o d\u01b0\u1ee3c\u2014ch\u1ec9 c\u00f3 t\u1ea1i Nakee Thai Massage &amp; Spa.  <\/p>\n","protected":false},"excerpt":{"rendered":"<p>Massage m\u00f4 s\u00e2u ki\u1ec3u Th\u00e1i k\u1ebft h\u1ee3p c\u00e1c k\u1ef9 thu\u1eadt \u1ea5n s\u00e2u v\u00e0 k\u1ef9 thu\u1eadt k\u00e9o gi\u00e3n truy\u1ec1n th\u1ed1ng c\u1ee7a Th\u00e1i \u0111\u1ec3 gi\u1ea3m \u0111au m\u00e3n t\u00ednh, c\u1ea3i thi\u1ec7n \u0111\u1ed9 linh ho\u1ea1t v\u00e0 t\u0103ng c\u01b0\u1eddng s\u1ee9c kh\u1ecfe c\u01a1 b\u1eafp.<\/p>\n","protected":false},"featured_media":13004,"template":"","meta":{"_acf_changed":false,"wds_primary_product_brand":0,"wds_primary_product_cat":0},"product_brand":[],"product_cat":[135],"product_tag":[525,514,508,526,530,524,520,512,882,791,523,522,527,518,759,529,778,528,843,516],"class_list":{"0":"post-12210","1":"product","2":"type-product","3":"status-publish","4":"has-post-thumbnail","6":"product_cat-mat-xa","7":"product_tag-massage-tot-nhat-gan-toi","8":"product_tag-gia-massage-koh-samui","9":"product_tag-massage-koh-samui","10":"product_tag-massage-o-koh-samui","11":"product_tag-massage-o-koh-samui-thai-lan","12":"product_tag-massage-thai-gan-toi","13":"product_tag-massage-thai-koh-samui-vi","14":"product_tag-massage-thai-koh-samui","15":"product_tag-massage-thai-o-bo-phut","16":"product_tag-massage-thai-o-choengmon","17":"product_tag-massage-toan-than","18":"product_tag-massage-toan-than-koh-samui","19":"product_tag-massage-tot-nhat-chaweng","20":"product_tag-massage-tot-nhat-koh-samui","21":"product_tag-massage-tot-nhat-o-bo-phut","22":"product_tag-massage-tot-nhat-o-chaweng","23":"product_tag-massage-tot-nhat-o-choengmon","24":"product_tag-massage-tot-nhat-o-koh-samui","25":"product_tag-salon-massage","26":"product_tag-tiem-mat-xa-koh-samui","27":"pa_duration-120-phut","28":"pa_duration-60-phut","29":"pa_duration-90-phut","30":"pa_massage-massage-thai","31":"pa_menu-category-cac-lieu-phap-thai-truyen-thong","32":"pa_types-giam-dau-co","34":"first","35":"instock","36":"shipping-taxable","37":"purchasable","38":"product-type-variable"},"acf":[],"_links":{"self":[{"href":"https:\/\/www.nakee.spa\/vi\/wp-json\/wp\/v2\/product\/12210","targetHints":{"allow":["GET"]}}],"collection":[{"href":"https:\/\/www.nakee.spa\/vi\/wp-json\/wp\/v2\/product"}],"about":[{"href":"https:\/\/www.nakee.spa\/vi\/wp-json\/wp\/v2\/types\/product"}],"wp:featuredmedia":[{"embeddable":true,"href":"https:\/\/www.nakee.spa\/vi\/wp-json\/wp\/v2\/media\/13004"}],"wp:attachment":[{"href":"https:\/\/www.nakee.spa\/vi\/wp-json\/wp\/v2\/media?parent=12210"}],"wp:term":[{"taxonomy":"product_brand","embeddable":true,"href":"https:\/\/www.nakee.spa\/vi\/wp-json\/wp\/v2\/product_brand?post=12210"},{"taxonomy":"product_cat","embeddable":true,"href":"https:\/\/www.nakee.spa\/vi\/wp-json\/wp\/v2\/product_cat?post=12210"},{"taxonomy":"product_tag","embeddable":true,"href":"https:\/\/www.nakee.spa\/vi\/wp-json\/wp\/v2\/product_tag?post=12210"}],"curies":[{"name":"wp","href":"https:\/\/api.w.org\/{rel}","templated":true}]}}