{"id":12422,"date":"2025-11-08T17:20:09","date_gmt":"2025-11-08T10:20:09","guid":{"rendered":"https:\/\/www.nakee.spa\/?post_type=product&#038;p=12422"},"modified":"2025-11-14T01:05:26","modified_gmt":"2025-11-13T18:05:26","slug":"massage-dau-dua-copy","status":"publish","type":"product","link":"https:\/\/www.nakee.spa\/vi\/s\u1ea3n-ph\u1ea9m\/massage-dau-dua-copy\/","title":{"rendered":"Massage d\u1ea7u d\u1eeba n\u00f3ng ho\u1eb7c d\u1ea7u th\u01a1m n\u00f3ng"},"content":{"rendered":"<h3>Massage d\u1ea7u d\u1eeba n\u00f3ng ho\u1eb7c d\u1ea7u th\u01a1m n\u00f3ng l\u00e0 g\u00ec?<\/h3>\n<p>Massage d\u1ea7u d\u1eeba n\u00f3ng ho\u1eb7c d\u1ea7u th\u01a1m n\u00f3ng l\u00e0 m\u1ed9t li\u1ec7u ph\u00e1p th\u01b0 gi\u00e3n s\u00e2u k\u1ebft h\u1ee3p l\u1ee3i \u00edch c\u1ee7a nhi\u1ec7t \u0111\u1ed9 \u1ea5m nh\u1eb9, c\u00e1c \u0111\u1ed9ng t\u00e1c massage m\u01b0\u1ee3t m\u00e0 v\u00e0 c\u00e1c lo\u1ea1i d\u1ea7u d\u01b0\u1ee1ng. D\u1ea7u d\u1eeba \u1ea5m ho\u1eb7c tinh d\u1ea7u th\u01a1m \u0111\u01b0\u1ee3c thoa l\u00ean c\u01a1 th\u1ec3 \u0111\u1ec3 l\u00e0m m\u1ec1m c\u01a1 b\u1eafp, c\u1ea3i thi\u1ec7n tu\u1ea7n ho\u00e0n v\u00e0 l\u00e0m d\u1ecbu t\u00e2m tr\u00ed. H\u01a1i \u1ea5m gi\u00fap d\u1ea7u th\u1ea5m s\u00e2u, \u0111\u1ec3 l\u1ea1i l\u00e0n da \u0111\u01b0\u1ee3c d\u01b0\u1ee1ng \u1ea9m v\u00e0 c\u01a1 th\u1ec3 ho\u00e0n to\u00e0n th\u01b0 gi\u00e3n.  <\/p>\n<h3>L\u1ee3i \u00edch c\u1ee7a massage d\u1ea7u d\u1eeba n\u00f3ng ho\u1eb7c d\u1ea7u th\u01a1m n\u00f3ng<\/h3>\n<ol>\n<li><strong>Th\u01b0 gi\u00e3n c\u01a1 b\u1eafp<\/strong>: Nhi\u1ec7t v\u00e0 massage gi\u00fap gi\u1ea3m c\u1ee9ng v\u00e0 c\u0103ng c\u01a1.<\/li>\n<li><strong>Nu\u00f4i d\u01b0\u1ee1ng da<\/strong>: D\u1ea7u d\u1eeba d\u01b0\u1ee1ng \u1ea9m s\u00e2u v\u00e0 l\u00e0m m\u1ec1m da.<\/li>\n<li><strong>C\u1ea3i thi\u1ec7n tu\u1ea7n ho\u00e0n<\/strong>: Khuy\u1ebfn kh\u00edch l\u01b0u th\u00f4ng m\u00e1u v\u00e0 c\u00e2n b\u1eb1ng n\u0103ng l\u01b0\u1ee3ng.<\/li>\n<li><strong>Gi\u1ea3m c\u0103ng th\u1eb3ng<\/strong>: H\u01b0\u01a1ng th\u01a1m v\u00e0 h\u01a1i \u1ea5m l\u00e0m d\u1ecbu t\u00e2m tr\u00ed.<\/li>\n<li><strong>Th\u1ea3i \u0111\u1ed9c<\/strong>: K\u00edch th\u00edch d\u00f2ng ch\u1ea3y b\u1ea1ch huy\u1ebft \u0111\u1ec3 thanh l\u1ecdc c\u01a1 th\u1ec3.<\/li>\n<li><strong>N\u00e2ng cao ch\u1ea5t l\u01b0\u1ee3ng gi\u1ea5c ng\u1ee7<\/strong>: Th\u00fac \u0111\u1ea9y gi\u1ea5c ng\u1ee7 s\u00e2u v\u00e0 y\u00ean b\u00ecnh h\u01a1n.<\/li>\n<\/ol>\n<h3>T\u1ea1i sao n\u00ean ch\u1ecdn massage d\u1ea7u d\u1eeba n\u00f3ng ho\u1eb7c d\u1ea7u th\u01a1m n\u00f3ng?<\/h3>\n<p>H\u00e3y ch\u1ecdn li\u1ec7u ph\u00e1p n\u00e0y \u0111\u1ec3 tr\u1ea3i nghi\u1ec7m s\u1ef1 th\u01b0 gi\u00e3n ho\u00e0n to\u00e0n v\u00e0 l\u00e0m tr\u1ebb h\u00f3a l\u00e0n da. D\u1ea7u d\u1eeba gi\u00e0u d\u01b0\u1ee1ng ch\u1ea5t t\u1eeb Koh Samui mang l\u1ea1i \u0111\u1ed9 \u1ea9m s\u00e2u v\u00e0 h\u01b0\u01a1ng th\u01a1m nhi\u1ec7t \u0111\u1edbi, trong khi d\u1ea7u th\u01a1m mang l\u1ea1i c\u1ea3m gi\u00e1c nh\u1eb9 nh\u00e0ng, th\u01b0 th\u00e1i th\u00f4ng qua c\u00e1c h\u1ed7n h\u1ee3p l\u1ea5y c\u1ea3m h\u1ee9ng t\u1eeb Th\u00e1i Lan. C\u1ea3 hai l\u1ef1a ch\u1ecdn \u0111\u1ec1u l\u00e0m d\u1ecbu c\u01a1 th\u1ec3 v\u00e0 n\u00e2ng cao t\u00e2m tr\u1ea1ng c\u1ee7a b\u1ea1n.  <\/p>\n<h3>\u0110\u1ec1 xu\u1ea5t<\/h3>\n<ul>\n<li>L\u00fd t\u01b0\u1edfng cho nh\u1eefng ng\u01b0\u1eddi t\u00ecm ki\u1ebfm s\u1ef1 th\u01b0 gi\u00e3n to\u00e0n th\u00e2n v\u00e0 l\u00e0n da m\u1ecbn m\u00e0ng h\u01a1n.<\/li>\n<li>Ho\u00e0n h\u1ea3o \u0111\u1ec3 gi\u1ea3m c\u0103ng th\u1eb3ng v\u00e0 m\u1ec7t m\u1ecfi sau m\u1ed9t ng\u00e0y d\u00e0i.<\/li>\n<li>\u0110\u01b0\u1ee3c khuy\u1ebfn ngh\u1ecb cho da kh\u00f4 ho\u1eb7c c\u01a1 b\u1eafp c\u1ee9ng.<\/li>\n<\/ul>\n<h3>Tr\u1ea3i nghi\u1ec7m massage d\u1ea7u d\u1eeba n\u00f3ng ho\u1eb7c d\u1ea7u th\u01a1m n\u00f3ng t\u1ea1i Nakee Massage &amp; Spa<\/h3>\n<p>H\u00e3y \u0111\u1eafm m\u00ecnh trong s\u1ef1 \u1ea5m \u00e1p v\u00e0 y\u00ean b\u00ecnh v\u1edbi Massage d\u1ea7u d\u1eeba n\u00f3ng ho\u1eb7c d\u1ea7u th\u01a1m n\u00f3ng c\u1ee7a ch\u00fang t\u00f4i. C\u00e1c chuy\u00ean gia tr\u1ecb li\u1ec7u l\u00e0nh ngh\u1ec1 c\u1ee7a ch\u00fang t\u00f4i s\u1eed d\u1ee5ng c\u00e1c lo\u1ea1i d\u1ea7u cao c\u1ea5p v\u00e0 nhi\u1ec7t \u0111\u1ed9 \u1ea5m nh\u1eb9 \u0111\u1ec3 nu\u00f4i d\u01b0\u1ee1ng c\u01a1 th\u1ec3 v\u00e0 t\u00e2m tr\u00ed c\u1ee7a b\u1ea1n. H\u00e3y c\u1ea3m nh\u1eadn c\u01a1 b\u1eafp c\u1ee7a b\u1ea1n th\u01b0 gi\u00e3n, l\u00e0n da c\u1ee7a b\u1ea1n r\u1ea1ng r\u1ee1 v\u00e0 tinh th\u1ea7n c\u1ee7a b\u1ea1n th\u01b0 th\u00e1i &#8211; ch\u1ec9 c\u00f3 t\u1ea1i Nakee Thai Massage &amp; Spa.  <\/p>\n","protected":false},"excerpt":{"rendered":"<p>Massage d\u1ea7u d\u1eeba k\u1ebft h\u1ee3p c\u00e1c k\u1ef9 thu\u1eadt massage nh\u1eb9 nh\u00e0ng v\u1edbi \u0111\u1eb7c t\u00ednh d\u01b0\u1ee1ng \u1ea9m v\u00e0 nu\u00f4i d\u01b0\u1ee1ng c\u1ee7a d\u1ea7u d\u1eeba nguy\u00ean ch\u1ea5t, t\u1ef1 nhi\u00ean. Ph\u01b0\u01a1ng ph\u00e1p \u0111i\u1ec1u tr\u1ecb n\u00e0y th\u00fac \u0111\u1ea9y s\u1ef1 th\u01b0 gi\u00e3n, gi\u1ea3m c\u0103ng c\u01a1 v\u00e0 mang l\u1ea1i cho l\u00e0n da c\u1ea3m gi\u00e1c m\u1ec1m m\u1ea1i v\u00e0 ng\u1eadm n\u01b0\u1edbc.<\/p>\n","protected":false},"featured_media":12465,"template":"","meta":{"_acf_changed":false,"wds_primary_product_brand":0,"wds_primary_product_cat":0},"product_brand":[],"product_cat":[135],"product_tag":[525,514,508,526,530,524,512,520,882,791,523,522,527,518,759,529,778,528,843,516],"class_list":{"0":"post-12422","1":"product","2":"type-product","3":"status-publish","4":"has-post-thumbnail","6":"product_cat-mat-xa","7":"product_tag-massage-tot-nhat-gan-toi","8":"product_tag-gia-massage-koh-samui","9":"product_tag-massage-koh-samui","10":"product_tag-massage-o-koh-samui","11":"product_tag-massage-o-koh-samui-thai-lan","12":"product_tag-massage-thai-gan-toi","13":"product_tag-massage-thai-koh-samui","14":"product_tag-massage-thai-koh-samui-vi","15":"product_tag-massage-thai-o-bo-phut","16":"product_tag-massage-thai-o-choengmon","17":"product_tag-massage-toan-than","18":"product_tag-massage-toan-than-koh-samui","19":"product_tag-massage-tot-nhat-chaweng","20":"product_tag-massage-tot-nhat-koh-samui","21":"product_tag-massage-tot-nhat-o-bo-phut","22":"product_tag-massage-tot-nhat-o-chaweng","23":"product_tag-massage-tot-nhat-o-choengmon","24":"product_tag-massage-tot-nhat-o-koh-samui","25":"product_tag-salon-massage","26":"product_tag-tiem-mat-xa-koh-samui","27":"pa_duration-120-phut","28":"pa_duration-60-phut","29":"pa_duration-90-phut","30":"pa_massage-dau-dua","31":"pa_menu-category-thu-gian-voi-tinh-dau-huong-thom","32":"pa_types-thu-gian-binh-tinh","34":"first","35":"instock","36":"shipping-taxable","37":"purchasable","38":"product-type-variable"},"acf":[],"_links":{"self":[{"href":"https:\/\/www.nakee.spa\/vi\/wp-json\/wp\/v2\/product\/12422","targetHints":{"allow":["GET"]}}],"collection":[{"href":"https:\/\/www.nakee.spa\/vi\/wp-json\/wp\/v2\/product"}],"about":[{"href":"https:\/\/www.nakee.spa\/vi\/wp-json\/wp\/v2\/types\/product"}],"wp:featuredmedia":[{"embeddable":true,"href":"https:\/\/www.nakee.spa\/vi\/wp-json\/wp\/v2\/media\/12465"}],"wp:attachment":[{"href":"https:\/\/www.nakee.spa\/vi\/wp-json\/wp\/v2\/media?parent=12422"}],"wp:term":[{"taxonomy":"product_brand","embeddable":true,"href":"https:\/\/www.nakee.spa\/vi\/wp-json\/wp\/v2\/product_brand?post=12422"},{"taxonomy":"product_cat","embeddable":true,"href":"https:\/\/www.nakee.spa\/vi\/wp-json\/wp\/v2\/product_cat?post=12422"},{"taxonomy":"product_tag","embeddable":true,"href":"https:\/\/www.nakee.spa\/vi\/wp-json\/wp\/v2\/product_tag?post=12422"}],"curies":[{"name":"wp","href":"https:\/\/api.w.org\/{rel}","templated":true}]}}