{"id":12518,"date":"2025-11-08T17:39:56","date_gmt":"2025-11-08T10:39:56","guid":{"rendered":"https:\/\/www.nakee.spa\/?post_type=product&#038;p=12518"},"modified":"2025-11-14T01:05:34","modified_gmt":"2025-11-13T18:05:34","slug":"massage-lo-hoi-copy","status":"publish","type":"product","link":"https:\/\/www.nakee.spa\/vi\/s\u1ea3n-ph\u1ea9m\/massage-lo-hoi-copy\/","title":{"rendered":"Massage l\u01b0ng v\u00e0 vai v\u1edbi Nha \u0111am"},"content":{"rendered":"<h3>Massage l\u01b0ng v\u00e0 vai v\u1edbi Nha \u0111am l\u00e0 g\u00ec?<\/h3>\n<p>Massage L\u01b0ng v\u00e0 Vai v\u1edbi Nha \u0111am l\u00e0 li\u1ec7u ph\u00e1p l\u00e0m m\u00e1t, d\u1ecbu nh\u1eb9 \u0111\u01b0\u1ee3c thi\u1ebft k\u1ebf \u0111\u1ec3 th\u01b0 gi\u00e3n c\u00e1c c\u01a1 m\u1ec7t m\u1ecfi v\u00e0 l\u00e0m d\u1ecbu da. S\u1eed d\u1ee5ng gel Nha \u0111am nguy\u00ean ch\u1ea5t, li\u1ec7u ph\u00e1p n\u00e0y t\u1eadp trung v\u00e0o v\u00f9ng l\u01b0ng tr\u00ean, vai v\u00e0 c\u1ed5\u2014nh\u1eefng khu v\u1ef1c th\u01b0\u1eddng xuy\u00ean b\u1ecb c\u0103ng th\u1eb3ng. Gel t\u1ef1 nhi\u00ean cung c\u1ea5p \u0111\u1ed9 \u1ea9m s\u00e2u, gi\u1ea3m vi\u00eam v\u00e0 l\u00e0m d\u1ecbu c\u1ea3m gi\u00e1c n\u00f3ng r\u00e1t ho\u1eb7c k\u00edch \u1ee9ng, ho\u00e0n h\u1ea3o sau khi ti\u1ebfp x\u00fac v\u1edbi \u00e1nh n\u1eafng m\u1eb7t tr\u1eddi ho\u1eb7c m\u1ed9t ng\u00e0y d\u00e0i ho\u1ea1t \u0111\u1ed9ng.  <\/p>\n<h3>L\u1ee3i \u00edch c\u1ee7a massage l\u01b0ng v\u00e0 vai v\u1edbi Nha \u0111am<\/h3>\n<ol>\n<li><strong>L\u00e0m M\u00e1t D\u1ecbu Nh\u1eb9<\/strong>: L\u00e0m d\u1ecbu v\u00e0 l\u00e0m t\u01b0\u01a1i m\u00e1t da b\u1ecb ph\u01a1i n\u1eafng ho\u1eb7c nh\u1ea1y c\u1ea3m.<\/li>\n<li><strong>Th\u01b0 Gi\u00e3n C\u01a1 B\u1eafp<\/strong>: Gi\u1ea3m c\u1ee9ng kh\u1edbp \u1edf l\u01b0ng, c\u1ed5 v\u00e0 vai.<\/li>\n<li><strong>Cung C\u1ea5p \u0110\u1ed9 \u1ea8m Cho Da<\/strong>: Nha \u0111am cung c\u1ea5p \u0111\u1ed9 \u1ea9m s\u00e2u v\u00e0 ph\u1ee5c h\u1ed3i \u0111\u1ed9 m\u1ec1m m\u1ea1i.<\/li>\n<li><strong>Gi\u1ea3m Vi\u00eam<\/strong>: Gi\u00fap l\u00e0m d\u1ecbu t\u00ecnh tr\u1ea1ng \u0111\u1ecf da v\u00e0 k\u00edch \u1ee9ng da.<\/li>\n<li><strong>C\u1ea3i Thi\u1ec7n Tu\u1ea7n Ho\u00e0n<\/strong>: Th\u00fac \u0111\u1ea9y l\u01b0u th\u00f4ng m\u00e1u t\u1ed1t h\u01a1n v\u00e0 ph\u1ee5c h\u1ed3i.<\/li>\n<li><strong>Gi\u1ea3m C\u0103ng Th\u1eb3ng<\/strong>: Khuy\u1ebfn kh\u00edch th\u01b0 gi\u00e3n v\u00e0 tinh th\u1ea7n minh m\u1eabn.<\/li>\n<\/ol>\n<h3>T\u1ea1i sao ch\u1ecdn massage l\u01b0ng v\u00e0 vai v\u1edbi Nha \u0111am?<\/h3>\n<p>Ch\u1ecdn li\u1ec7u ph\u00e1p n\u00e0y \u0111\u1ec3 c\u00f3 s\u1ef1 tho\u1ea3i m\u00e1i l\u00e0m m\u00e1t t\u1ef1 nhi\u00ean v\u00e0 gi\u1ea3i t\u1ecfa c\u0103ng th\u1eb3ng. Gel Nha \u0111am nguy\u00ean ch\u1ea5t mang l\u1ea1i s\u1ef1 ch\u0103m s\u00f3c nh\u1eb9 nh\u00e0ng cho l\u00e0n da c\u1ee7a b\u1ea1n trong khi c\u00e1c nh\u00e0 tr\u1ecb li\u1ec7u c\u1ee7a ch\u00fang t\u00f4i l\u00e0m vi\u1ec7c \u0111\u1ec3 gi\u1ea3m b\u1edbt c\u00e1c c\u01a1 c\u0103ng th\u1eb3ng v\u00e0 stress. \u0110\u00e2y l\u00e0 s\u1ef1 c\u00e2n b\u1eb1ng l\u00fd t\u01b0\u1edfng gi\u1eefa li\u1ec7u ph\u00e1p ch\u1ea1m ch\u1eefa l\u00e0nh v\u00e0 li\u1ec7u ph\u00e1p l\u00e0m t\u01b0\u01a1i m\u00e1t da.  <\/p>\n<h3>\u0110\u1ec1 xu\u1ea5t<\/h3>\n<ul>\n<li>Ho\u00e0n h\u1ea3o cho vi\u1ec7c ch\u0103m s\u00f3c sau khi ph\u01a1i n\u1eafng ho\u1eb7c ti\u1ebfp x\u00fac v\u1edbi nhi\u1ec7t.<\/li>\n<li>L\u00fd t\u01b0\u1edfng cho c\u0103ng th\u1eb3ng \u1edf c\u1ed5, vai v\u00e0 l\u01b0ng tr\u00ean.<\/li>\n<li>Ph\u00f9 h\u1ee3p cho da nh\u1ea1y c\u1ea3m ho\u1eb7c d\u1ec5 b\u1ecb k\u00edch \u1ee9ng.<\/li>\n<\/ul>\n<h3>Tr\u1ea3i nghi\u1ec7m massage l\u01b0ng v\u00e0 vai v\u1edbi Nha \u0111am t\u1ea1i Nakee Massage &amp; Spa<\/h3>\n<p>Kh\u00e1m ph\u00e1 s\u1ee9c m\u1ea1nh l\u00e0m d\u1ecbu c\u1ee7a Nha \u0111am t\u1ea1i Nakee Massage &amp; Spa. C\u00e1c nh\u00e0 tr\u1ecb li\u1ec7u c\u00f3 tay ngh\u1ec1 cao c\u1ee7a ch\u00fang t\u00f4i k\u1ebft h\u1ee3p \u00e1p l\u1ef1c nh\u1eb9 nh\u00e0ng v\u1edbi gel Nha \u0111am l\u00e0m m\u00e1t \u0111\u1ec3 th\u01b0 gi\u00e3n c\u01a1 b\u1eafp, l\u00e0m d\u1ecbu da v\u00e0 ph\u1ee5c h\u1ed3i s\u1ef1 c\u00e2n b\u1eb1ng t\u1ef1 nhi\u00ean. C\u1ea3m nh\u1eadn s\u1ef1 t\u01b0\u01a1i m\u00e1t, nh\u1eb9 nh\u00e0ng v\u00e0 \u0111\u1ed5i m\u1edbi v\u1edbi li\u1ec7u ph\u00e1p tr\u1ebb h\u00f3a n\u00e0y.  <\/p>\n","protected":false},"excerpt":{"rendered":"<p>Li\u1ec7u ph\u00e1p massage l\u00f4 h\u1ed9i s\u1eed d\u1ee5ng gel l\u00f4 h\u1ed9i nguy\u00ean ch\u1ea5t \u0111\u1ec3 d\u01b0\u1ee1ng \u1ea9m s\u00e2u, l\u00e0m d\u1ecbu v\u00e0 ch\u1eefa l\u00e0nh da. Th\u00edch h\u1ee3p cho nh\u1eefng ng\u01b0\u1eddi c\u00f3 l\u00e0n da nh\u1ea1y c\u1ea3m ho\u1eb7c sau khi ti\u1ebfp x\u00fac v\u1edbi \u00e1nh n\u1eafng m\u1eb7t tr\u1eddi, ph\u01b0\u01a1ng ph\u00e1p \u0111i\u1ec1u tr\u1ecb n\u00e0y mang l\u1ea1i hi\u1ec7u qu\u1ea3 l\u00e0m m\u00e1t, gi\u1ea3m vi\u00eam v\u00e0 gi\u00fap da \u0111\u01b0\u1ee3c h\u1ed3i sinh v\u00e0 nu\u00f4i d\u01b0\u1ee1ng. <\/p>\n","protected":false},"featured_media":13011,"template":"","meta":{"_acf_changed":false,"wds_primary_product_brand":0,"wds_primary_product_cat":0},"product_brand":[],"product_cat":[135],"product_tag":[525,514,508,526,530,524,512,520,882,791,523,522,527,518,759,529,778,528,843,516],"class_list":{"0":"post-12518","1":"product","2":"type-product","3":"status-publish","4":"has-post-thumbnail","6":"product_cat-mat-xa","7":"product_tag-massage-tot-nhat-gan-toi","8":"product_tag-gia-massage-koh-samui","9":"product_tag-massage-koh-samui","10":"product_tag-massage-o-koh-samui","11":"product_tag-massage-o-koh-samui-thai-lan","12":"product_tag-massage-thai-gan-toi","13":"product_tag-massage-thai-koh-samui","14":"product_tag-massage-thai-koh-samui-vi","15":"product_tag-massage-thai-o-bo-phut","16":"product_tag-massage-thai-o-choengmon","17":"product_tag-massage-toan-than","18":"product_tag-massage-toan-than-koh-samui","19":"product_tag-massage-tot-nhat-chaweng","20":"product_tag-massage-tot-nhat-koh-samui","21":"product_tag-massage-tot-nhat-o-bo-phut","22":"product_tag-massage-tot-nhat-o-chaweng","23":"product_tag-massage-tot-nhat-o-choengmon","24":"product_tag-massage-tot-nhat-o-koh-samui","25":"product_tag-salon-massage","26":"product_tag-tiem-mat-xa-koh-samui","27":"pa_duration-120-phut","28":"pa_duration-60-phut","29":"pa_duration-90-phut","30":"pa_massage-lo-hoi","31":"pa_menu-category-cham-soc-sau-khi-tam-nang","32":"pa_types-mat-lanh-sang-khoai","34":"first","35":"instock","36":"shipping-taxable","37":"purchasable","38":"product-type-variable"},"acf":[],"_links":{"self":[{"href":"https:\/\/www.nakee.spa\/vi\/wp-json\/wp\/v2\/product\/12518","targetHints":{"allow":["GET"]}}],"collection":[{"href":"https:\/\/www.nakee.spa\/vi\/wp-json\/wp\/v2\/product"}],"about":[{"href":"https:\/\/www.nakee.spa\/vi\/wp-json\/wp\/v2\/types\/product"}],"wp:featuredmedia":[{"embeddable":true,"href":"https:\/\/www.nakee.spa\/vi\/wp-json\/wp\/v2\/media\/13011"}],"wp:attachment":[{"href":"https:\/\/www.nakee.spa\/vi\/wp-json\/wp\/v2\/media?parent=12518"}],"wp:term":[{"taxonomy":"product_brand","embeddable":true,"href":"https:\/\/www.nakee.spa\/vi\/wp-json\/wp\/v2\/product_brand?post=12518"},{"taxonomy":"product_cat","embeddable":true,"href":"https:\/\/www.nakee.spa\/vi\/wp-json\/wp\/v2\/product_cat?post=12518"},{"taxonomy":"product_tag","embeddable":true,"href":"https:\/\/www.nakee.spa\/vi\/wp-json\/wp\/v2\/product_tag?post=12518"}],"curies":[{"name":"wp","href":"https:\/\/api.w.org\/{rel}","templated":true}]}}