{"id":12613,"date":"2025-11-08T17:59:01","date_gmt":"2025-11-08T10:59:01","guid":{"rendered":"https:\/\/www.nakee.spa\/?post_type=product&#038;p=12613"},"modified":"2025-11-14T01:05:30","modified_gmt":"2025-11-13T18:05:30","slug":"massage-lo-hoi-copy-copy","status":"publish","type":"product","link":"https:\/\/www.nakee.spa\/vi\/s\u1ea3n-ph\u1ea9m\/massage-lo-hoi-copy-copy\/","title":{"rendered":"Massage ch\u00e2n v\u1edbi nha \u0111am"},"content":{"rendered":"<h3>Massage ch\u00e2n v\u1edbi nha \u0111am l\u00e0 g\u00ec?<\/h3>\n<p>Massage Ch\u00e2n v\u1edbi Nha \u0110am l\u00e0 li\u1ec7u ph\u00e1p l\u00e0m m\u00e1t v\u00e0 th\u01b0 gi\u00e3n \u0111\u01b0\u1ee3c thi\u1ebft k\u1ebf \u0111\u1ec3 ph\u1ee5c h\u1ed3i \u0111\u00f4i ch\u00e2n m\u1ec7t m\u1ecfi v\u00e0 l\u00e0m d\u1ecbu da. S\u1eed d\u1ee5ng gel nha \u0111am nguy\u00ean ch\u1ea5t, li\u1ec7u ph\u00e1p n\u00e0y k\u1ebft h\u1ee3p c\u00e1c k\u1ef9 thu\u1eadt massage ch\u00e2n nh\u1eb9 nh\u00e0ng v\u1edbi \u0111\u1eb7c t\u00ednh ch\u1eefa l\u00e0nh t\u1ef1 nhi\u00ean c\u1ee7a nha \u0111am. N\u00f3 cung c\u1ea5p \u0111\u1ed9 \u1ea9m s\u00e2u cho da, gi\u1ea3m vi\u00eam v\u00e0 gi\u1ea3m \u0111au nh\u1ee9c\u2014\u0111\u1ec3 l\u1ea1i \u0111\u00f4i ch\u00e2n m\u1ec1m m\u1ea1i, th\u01b0 gi\u00e3n v\u00e0 s\u1ea3ng kho\u00e1i.  <\/p>\n<h3>L\u1ee3i \u00edch c\u1ee7a massage ch\u00e2n v\u1edbi nha \u0111am<\/h3>\n<ol>\n<li><strong>S\u1ef1 Tho\u1ea3i M\u00e1i M\u00e1t L\u1ea1nh<\/strong>: L\u00e0m d\u1ecbu v\u00e0 l\u00e0m m\u1edbi \u0111\u00f4i ch\u00e2n m\u1ec7t m\u1ecfi ho\u1eb7c qu\u00e1 n\u00f3ng.<\/li>\n<li><strong>Cung C\u1ea5p \u0110\u1ed9 \u1ea8m S\u00e2u<\/strong>: D\u01b0\u1ee1ng \u1ea9m cho da kh\u00f4 v\u00e0 ph\u1ee5c h\u1ed3i \u0111\u1ed9 m\u1ec1m m\u1ea1i.<\/li>\n<li><strong>Gi\u1ea3m M\u1ec7t M\u1ecfi<\/strong>: L\u00e0m gi\u1ea3m c\u0103ng th\u1eb3ng v\u00e0 s\u01b0ng t\u1ea5y do \u0111i b\u1ed9 ho\u1eb7c \u0111\u1ee9ng l\u00e2u.<\/li>\n<li><strong>C\u1ea3i Thi\u1ec7n Tu\u1ea7n Ho\u00e0n<\/strong>: K\u00edch th\u00edch l\u01b0u th\u00f4ng m\u00e1u \u0111\u1ec3 ch\u00e2n nh\u1eb9 nh\u00e0ng v\u00e0 kh\u1ecfe m\u1ea1nh h\u01a1n.<\/li>\n<li><strong>Ch\u1eefa L\u00e0nh Da<\/strong>: Nha \u0111am gi\u00fap ph\u1ee5c h\u1ed3i v\u00e0 l\u00e0m d\u1ecbu da b\u1ecb k\u00edch \u1ee9ng.<\/li>\n<li><strong>Gi\u1ea3m C\u0103ng Th\u1eb3ng<\/strong>: C\u1ea3m gi\u00e1c ch\u1ea1m nh\u1eb9 nh\u00e0ng th\u01b0 gi\u00e3n c\u01a1 th\u1ec3 v\u00e0 l\u00e0m t\u0129nh t\u00e2m.<\/li>\n<\/ol>\n<h3>T\u1ea1i sao ch\u1ecdn massage ch\u00e2n v\u1edbi nha \u0111am?<\/h3>\n<p>Ch\u1ecdn Massage Ch\u00e2n v\u1edbi Nha \u0110am v\u00ec nh\u1eefng l\u1ee3i \u00edch l\u00e0m m\u00e1t v\u00e0 ph\u1ee5c h\u1ed3i t\u1ef1 nhi\u00ean c\u1ee7a n\u00f3. \u0110\u00e2y l\u00e0 l\u1ef1a ch\u1ecdn ho\u00e0n h\u1ea3o sau nh\u1eefng chuy\u1ebfn \u0111i b\u1ed9 d\u00e0i, nh\u1eefng ng\u00e0y \u1edf b\u00e3i bi\u1ec3n, ho\u1eb7c sau khi di chuy\u1ec3n. Gel nha \u0111am l\u00e0m d\u1ecbu nu\u00f4i d\u01b0\u1ee1ng da trong khi c\u00e1c nh\u00e0 tr\u1ecb li\u1ec7u c\u1ee7a ch\u00fang t\u00f4i nh\u1eb9 nh\u00e0ng gi\u1ea3i t\u1ecfa c\u0103ng th\u1eb3ng v\u00e0 m\u1ec7t m\u1ecfi kh\u1ecfi \u0111\u00f4i ch\u00e2n c\u1ee7a b\u1ea1n.  <\/p>\n<h3>\u0110\u1ec1 xu\u1ea5t<\/h3>\n<ul>\n<li>Ho\u00e0n h\u1ea3o cho vi\u1ec7c ch\u0103m s\u00f3c sau khi ph\u01a1i n\u1eafng ho\u1eb7c nh\u1eefng ng\u00e0y \u0111i b\u1ed9 nhi\u1ec1u.<\/li>\n<li>L\u00fd t\u01b0\u1edfng cho \u0111\u00f4i ch\u00e2n kh\u00f4, m\u1ec7t m\u1ecfi ho\u1eb7c nh\u1ea1y c\u1ea3m.<\/li>\n<li>C\u00f3 th\u1ec3 k\u1ebft h\u1ee3p v\u1edbi massage to\u00e0n th\u00e2n \u0111\u1ec3 th\u01b0 gi\u00e3n ho\u00e0n to\u00e0n.<\/li>\n<\/ul>\n<h3>Tr\u1ea3i nghi\u1ec7m massage ch\u00e2n v\u1edbi nha \u0111am t\u1ea1i Nakee Massage &amp; Spa<\/h3>\n<p>L\u00e0m m\u1edbi \u0111\u00f4i ch\u00e2n v\u00e0 ph\u1ee5c h\u1ed3i s\u1ef1 c\u00e2n b\u1eb1ng c\u1ee7a b\u1ea1n v\u1edbi Massage Ch\u00e2n Nha \u0110am c\u1ee7a ch\u00fang t\u00f4i. C\u00e1c nh\u00e0 tr\u1ecb li\u1ec7u c\u1ee7a ch\u00fang t\u00f4i s\u1eed d\u1ee5ng gel nha \u0111am nguy\u00ean ch\u1ea5t \u0111\u1ec3 l\u00e0m m\u00e1t, cung c\u1ea5p \u0111\u1ed9 \u1ea9m v\u00e0 th\u01b0 gi\u00e3n, gi\u00fap b\u1ea1n c\u1ea3m th\u1ea5y nh\u1eb9 nh\u00e0ng v\u00e0 t\u01b0\u01a1i m\u1edbi. H\u00e3y ch\u0103m s\u00f3c \u0111\u00f4i ch\u00e2n c\u1ee7a b\u1ea1n v\u1edbi li\u1ec7u ph\u00e1p l\u00e0m d\u1ecbu n\u00e0y\u2014ch\u1ec9 c\u00f3 t\u1ea1i Nakee Thai Massage &amp; Spa.  <\/p>\n","protected":false},"excerpt":{"rendered":"<p>Li\u1ec7u ph\u00e1p massage l\u00f4 h\u1ed9i s\u1eed d\u1ee5ng gel l\u00f4 h\u1ed9i nguy\u00ean ch\u1ea5t \u0111\u1ec3 d\u01b0\u1ee1ng \u1ea9m s\u00e2u, l\u00e0m d\u1ecbu v\u00e0 ch\u1eefa l\u00e0nh da. Th\u00edch h\u1ee3p cho nh\u1eefng ng\u01b0\u1eddi c\u00f3 l\u00e0n da nh\u1ea1y c\u1ea3m ho\u1eb7c sau khi ti\u1ebfp x\u00fac v\u1edbi \u00e1nh n\u1eafng m\u1eb7t tr\u1eddi, ph\u01b0\u01a1ng ph\u00e1p \u0111i\u1ec1u tr\u1ecb n\u00e0y mang l\u1ea1i hi\u1ec7u qu\u1ea3 l\u00e0m m\u00e1t, gi\u1ea3m vi\u00eam v\u00e0 gi\u00fap da \u0111\u01b0\u1ee3c h\u1ed3i sinh v\u00e0 nu\u00f4i d\u01b0\u1ee1ng. <\/p>\n","protected":false},"featured_media":13017,"template":"","meta":{"_acf_changed":false,"wds_primary_product_brand":0,"wds_primary_product_cat":0},"product_brand":[],"product_cat":[135],"product_tag":[525,514,508,526,530,524,520,512,882,791,523,522,527,518,759,529,778,528,843,516],"class_list":{"0":"post-12613","1":"product","2":"type-product","3":"status-publish","4":"has-post-thumbnail","6":"product_cat-mat-xa","7":"product_tag-massage-tot-nhat-gan-toi","8":"product_tag-gia-massage-koh-samui","9":"product_tag-massage-koh-samui","10":"product_tag-massage-o-koh-samui","11":"product_tag-massage-o-koh-samui-thai-lan","12":"product_tag-massage-thai-gan-toi","13":"product_tag-massage-thai-koh-samui-vi","14":"product_tag-massage-thai-koh-samui","15":"product_tag-massage-thai-o-bo-phut","16":"product_tag-massage-thai-o-choengmon","17":"product_tag-massage-toan-than","18":"product_tag-massage-toan-than-koh-samui","19":"product_tag-massage-tot-nhat-chaweng","20":"product_tag-massage-tot-nhat-koh-samui","21":"product_tag-massage-tot-nhat-o-bo-phut","22":"product_tag-massage-tot-nhat-o-chaweng","23":"product_tag-massage-tot-nhat-o-choengmon","24":"product_tag-massage-tot-nhat-o-koh-samui","25":"product_tag-salon-massage","26":"product_tag-tiem-mat-xa-koh-samui","27":"pa_duration-120-phut","28":"pa_duration-60-phut","29":"pa_duration-90-phut","30":"pa_massage-lo-hoi","31":"pa_menu-category-cham-soc-sau-khi-tam-nang","32":"pa_types-mat-lanh-sang-khoai","34":"first","35":"instock","36":"shipping-taxable","37":"purchasable","38":"product-type-variable"},"acf":[],"_links":{"self":[{"href":"https:\/\/www.nakee.spa\/vi\/wp-json\/wp\/v2\/product\/12613","targetHints":{"allow":["GET"]}}],"collection":[{"href":"https:\/\/www.nakee.spa\/vi\/wp-json\/wp\/v2\/product"}],"about":[{"href":"https:\/\/www.nakee.spa\/vi\/wp-json\/wp\/v2\/types\/product"}],"wp:featuredmedia":[{"embeddable":true,"href":"https:\/\/www.nakee.spa\/vi\/wp-json\/wp\/v2\/media\/13017"}],"wp:attachment":[{"href":"https:\/\/www.nakee.spa\/vi\/wp-json\/wp\/v2\/media?parent=12613"}],"wp:term":[{"taxonomy":"product_brand","embeddable":true,"href":"https:\/\/www.nakee.spa\/vi\/wp-json\/wp\/v2\/product_brand?post=12613"},{"taxonomy":"product_cat","embeddable":true,"href":"https:\/\/www.nakee.spa\/vi\/wp-json\/wp\/v2\/product_cat?post=12613"},{"taxonomy":"product_tag","embeddable":true,"href":"https:\/\/www.nakee.spa\/vi\/wp-json\/wp\/v2\/product_tag?post=12613"}],"curies":[{"name":"wp","href":"https:\/\/api.w.org\/{rel}","templated":true}]}}