{"id":12709,"date":"2025-11-08T18:01:51","date_gmt":"2025-11-08T11:01:51","guid":{"rendered":"https:\/\/www.nakee.spa\/?post_type=product&#038;p=12709"},"modified":"2025-11-14T01:05:35","modified_gmt":"2025-11-13T18:05:35","slug":"massage-lo-hoi-copy-copy-copy","status":"publish","type":"product","link":"https:\/\/www.nakee.spa\/vi\/s\u1ea3n-ph\u1ea9m\/massage-lo-hoi-copy-copy-copy\/","title":{"rendered":"M\u00e1t-xa m\u1eb7t b\u1eb1ng l\u00f4 h\u1ed9i"},"content":{"rendered":"<h3>M\u00e1t-xa m\u1eb7t b\u1eb1ng l\u00f4 h\u1ed9i l\u00e0 g\u00ec?<\/h3>\n<p>M\u00e1t-xa m\u1eb7t b\u1eb1ng l\u00f4 h\u1ed9i l\u00e0 m\u1ed9t ph\u01b0\u01a1ng ph\u00e1p \u0111i\u1ec1u tr\u1ecb da m\u1eb7t nh\u1eb9 nh\u00e0ng, m\u00e1t l\u1ea1nh gi\u00fap cung c\u1ea5p \u0111\u1ed9 \u1ea9m s\u00e2u v\u00e0 l\u00e0m t\u01b0\u01a1i m\u1edbi l\u00e0n da. S\u1eed d\u1ee5ng gel l\u00f4 h\u1ed9i nguy\u00ean ch\u1ea5t, ph\u01b0\u01a1ng ph\u00e1p m\u00e1t-xa n\u00e0y gi\u00fap l\u00e0m d\u1ecbu k\u00edch \u1ee9ng, gi\u1ea3m \u0111\u1ecf da v\u00e0 kh\u00f4i ph\u1ee5c v\u1ebb r\u1ea1ng r\u1ee1 t\u1ef1 nhi\u00ean c\u1ee7a b\u1ea1n. C\u00e1c \u0111\u1ed9ng t\u00e1c m\u00e1t-xa nh\u1eb9 nh\u00e0ng, nh\u1ecbp nh\u00e0ng tr\u00ean khu\u00f4n m\u1eb7t k\u00edch th\u00edch tu\u1ea7n ho\u00e0n m\u00e1u v\u00e0 gi\u1ea3m c\u0103ng th\u1eb3ng cho c\u00e1c c\u01a1 m\u1eb7t, gi\u00fap l\u00e0n da m\u1ec1m m\u1ea1i, th\u01b0 gi\u00e3n v\u00e0 tr\u00e0n \u0111\u1ea7y s\u1ee9c s\u1ed1ng.  <\/p>\n<h3>L\u1ee3i \u00edch c\u1ee7a m\u00e1t-xa m\u1eb7t b\u1eb1ng l\u00f4 h\u1ed9i<\/h3>\n<ol>\n<li><strong>T\u0103ng c\u01b0\u1eddng \u0111\u1ed9 \u1ea9m<\/strong>: Cung c\u1ea5p \u0111\u1ed9 \u1ea9m s\u00e2u v\u00e0 l\u00e0m m\u1ec1m da kh\u00f4 ho\u1eb7c da b\u1ecb t\u1ed5n th\u01b0\u01a1ng do n\u1eafng.<\/li>\n<li><strong>L\u00e0m d\u1ecbu m\u00e1t<\/strong>: L\u00e0m d\u1ecbu k\u00edch \u1ee9ng, gi\u1ea3m \u0111\u1ecf v\u00e0 nhi\u1ec7t tr\u00ean da.<\/li>\n<li><strong>C\u1ea3i thi\u1ec7n tu\u1ea7n ho\u00e0n<\/strong>: Th\u00fac \u0111\u1ea9y l\u00e0n da kh\u1ecfe m\u1ea1nh, r\u1ea1ng r\u1ee1.<\/li>\n<li><strong>T\u00e1i t\u1ea1o da<\/strong>: H\u1ed7 tr\u1ee3 qu\u00e1 tr\u00ecnh ch\u1eefa l\u00e0nh v\u00e0 t\u00e1i t\u1ea1o t\u1ebf b\u00e0o t\u1ef1 nhi\u00ean.<\/li>\n<li><strong>Th\u01b0 gi\u00e3n<\/strong>: Gi\u1ea3m c\u0103ng th\u1eb3ng tr\u00ean khu\u00f4n m\u1eb7t v\u00e0 t\u1ea1o c\u1ea3m gi\u00e1c t\u0129nh t\u00e2m.<\/li>\n<li><strong>V\u1ebb r\u1ea1ng r\u1ee1 t\u1ef1 nhi\u00ean<\/strong>: Gi\u00fap da m\u1ecbn m\u00e0ng, t\u01b0\u01a1i m\u1edbi v\u00e0 tr\u1ebb h\u00f3a.<\/li>\n<\/ol>\n<h3>T\u1ea1i sao n\u00ean ch\u1ecdn m\u00e1t-xa m\u1eb7t b\u1eb1ng l\u00f4 h\u1ed9i?<\/h3>\n<p>H\u00e3y ch\u1ecdn ph\u01b0\u01a1ng ph\u00e1p \u0111i\u1ec1u tr\u1ecb n\u00e0y v\u00ec nh\u1eefng \u0111\u1eb7c t\u00ednh l\u00e0m d\u1ecbu v\u00e0 ch\u1eefa l\u00e0nh t\u1ef1 nhi\u00ean c\u1ee7a n\u00f3. Gel l\u00f4 h\u1ed9i gi\u00e0u vitamin v\u00e0 ch\u1ea5t ch\u1ed1ng oxy h\u00f3a, r\u1ea5t l\u00fd t\u01b0\u1edfng cho da nh\u1ea1y c\u1ea3m, da b\u1ecb t\u1ed5n th\u01b0\u01a1ng do n\u1eafng ho\u1eb7c da thi\u1ebfu n\u01b0\u1edbc. K\u1ebft h\u1ee3p v\u1edbi c\u00e1c k\u1ef9 thu\u1eadt m\u00e1t-xa nh\u1eb9 nh\u00e0ng tr\u00ean khu\u00f4n m\u1eb7t, n\u00f3 n\u00e2ng cao c\u1ea3 v\u1ebb \u0111\u1eb9p v\u00e0 s\u1ef1 th\u01b0 gi\u00e3n trong m\u1ed9t tr\u1ea3i nghi\u1ec7m t\u01b0\u01a1i m\u1edbi.  <\/p>\n<h3>\u0110\u1ec1 xu\u1ea5t<\/h3>\n<ul>\n<li>L\u00fd t\u01b0\u1edfng sau khi ti\u1ebfp x\u00fac v\u1edbi \u00e1nh n\u1eafng m\u1eb7t tr\u1eddi ho\u1eb7c c\u00e1c ho\u1ea1t \u0111\u1ed9ng ngo\u00e0i tr\u1eddi.<\/li>\n<li>Ho\u00e0n h\u1ea3o cho da kh\u00f4, k\u00edch \u1ee9ng ho\u1eb7c nh\u1ea1y c\u1ea3m.<\/li>\n<li>C\u00f3 th\u1ec3 k\u1ebft h\u1ee3p v\u1edbi m\u00e1t-xa to\u00e0n th\u00e2n \u0111\u1ec3 th\u01b0 gi\u00e3n ho\u00e0n to\u00e0n.<\/li>\n<\/ul>\n<h3>Tr\u1ea3i nghi\u1ec7m m\u00e1t-xa m\u1eb7t b\u1eb1ng l\u00f4 h\u1ed9i t\u1ea1i Nakee Massage &amp; Spa<\/h3>\n<p>H\u00e3y \u0111\u1eafm m\u00ecnh trong s\u1ef1 ch\u0103m s\u00f3c m\u00e1t l\u1ea1nh c\u1ee7a l\u00f4 h\u1ed9i t\u1ea1i Nakee Massage &amp; Spa. C\u00e1c chuy\u00ean vi\u00ean c\u1ee7a ch\u00fang t\u00f4i s\u1eed d\u1ee5ng gel l\u00f4 h\u1ed9i nguy\u00ean ch\u1ea5t v\u00e0 c\u00e1c k\u1ef9 thu\u1eadt l\u00e0m d\u1ecbu \u0111\u1ec3 l\u00e0m t\u01b0\u01a1i m\u1edbi l\u00e0n da, l\u00e0m d\u1ecbu c\u00e1c gi\u00e1c quan v\u00e0 kh\u00f4i ph\u1ee5c c\u00e2n b\u1eb1ng t\u1ef1 nhi\u00ean. T\u1eadn h\u01b0\u1edfng c\u1ea3m gi\u00e1c ch\u1ea1m nh\u1eb9 nh\u00e0ng gi\u00fap khu\u00f4n m\u1eb7t c\u1ee7a b\u1ea1n r\u1ea1ng r\u1ee1, m\u1ecbn m\u00e0ng v\u00e0 \u0111\u01b0\u1ee3c nu\u00f4i d\u01b0\u1ee1ng s\u00e2u.  <\/p>\n","protected":false},"excerpt":{"rendered":"<p>Li\u1ec7u ph\u00e1p massage l\u00f4 h\u1ed9i s\u1eed d\u1ee5ng gel l\u00f4 h\u1ed9i nguy\u00ean ch\u1ea5t \u0111\u1ec3 d\u01b0\u1ee1ng \u1ea9m s\u00e2u, l\u00e0m d\u1ecbu v\u00e0 ch\u1eefa l\u00e0nh da. Th\u00edch h\u1ee3p cho nh\u1eefng ng\u01b0\u1eddi c\u00f3 l\u00e0n da nh\u1ea1y c\u1ea3m ho\u1eb7c sau khi ti\u1ebfp x\u00fac v\u1edbi \u00e1nh n\u1eafng m\u1eb7t tr\u1eddi, ph\u01b0\u01a1ng ph\u00e1p \u0111i\u1ec1u tr\u1ecb n\u00e0y mang l\u1ea1i hi\u1ec7u qu\u1ea3 l\u00e0m m\u00e1t, gi\u1ea3m vi\u00eam v\u00e0 gi\u00fap da \u0111\u01b0\u1ee3c h\u1ed3i sinh v\u00e0 nu\u00f4i d\u01b0\u1ee1ng. <\/p>\n","protected":false},"featured_media":13024,"template":"","meta":{"_acf_changed":false,"wds_primary_product_brand":0,"wds_primary_product_cat":0},"product_brand":[],"product_cat":[135],"product_tag":[525,514,508,526,530,524,520,512,882,791,523,522,527,518,759,529,778,528,843,516],"class_list":{"0":"post-12709","1":"product","2":"type-product","3":"status-publish","4":"has-post-thumbnail","6":"product_cat-mat-xa","7":"product_tag-massage-tot-nhat-gan-toi","8":"product_tag-gia-massage-koh-samui","9":"product_tag-massage-koh-samui","10":"product_tag-massage-o-koh-samui","11":"product_tag-massage-o-koh-samui-thai-lan","12":"product_tag-massage-thai-gan-toi","13":"product_tag-massage-thai-koh-samui-vi","14":"product_tag-massage-thai-koh-samui","15":"product_tag-massage-thai-o-bo-phut","16":"product_tag-massage-thai-o-choengmon","17":"product_tag-massage-toan-than","18":"product_tag-massage-toan-than-koh-samui","19":"product_tag-massage-tot-nhat-chaweng","20":"product_tag-massage-tot-nhat-koh-samui","21":"product_tag-massage-tot-nhat-o-bo-phut","22":"product_tag-massage-tot-nhat-o-chaweng","23":"product_tag-massage-tot-nhat-o-choengmon","24":"product_tag-massage-tot-nhat-o-koh-samui","25":"product_tag-salon-massage","26":"product_tag-tiem-mat-xa-koh-samui","27":"pa_duration-60-phut","28":"pa_massage-lo-hoi","29":"pa_menu-category-cham-soc-sau-khi-tam-nang","30":"pa_types-mat-lanh-sang-khoai","32":"first","33":"instock","34":"shipping-taxable","35":"purchasable","36":"product-type-variable"},"acf":[],"_links":{"self":[{"href":"https:\/\/www.nakee.spa\/vi\/wp-json\/wp\/v2\/product\/12709","targetHints":{"allow":["GET"]}}],"collection":[{"href":"https:\/\/www.nakee.spa\/vi\/wp-json\/wp\/v2\/product"}],"about":[{"href":"https:\/\/www.nakee.spa\/vi\/wp-json\/wp\/v2\/types\/product"}],"wp:featuredmedia":[{"embeddable":true,"href":"https:\/\/www.nakee.spa\/vi\/wp-json\/wp\/v2\/media\/13024"}],"wp:attachment":[{"href":"https:\/\/www.nakee.spa\/vi\/wp-json\/wp\/v2\/media?parent=12709"}],"wp:term":[{"taxonomy":"product_brand","embeddable":true,"href":"https:\/\/www.nakee.spa\/vi\/wp-json\/wp\/v2\/product_brand?post=12709"},{"taxonomy":"product_cat","embeddable":true,"href":"https:\/\/www.nakee.spa\/vi\/wp-json\/wp\/v2\/product_cat?post=12709"},{"taxonomy":"product_tag","embeddable":true,"href":"https:\/\/www.nakee.spa\/vi\/wp-json\/wp\/v2\/product_tag?post=12709"}],"curies":[{"name":"wp","href":"https:\/\/api.w.org\/{rel}","templated":true}]}}