{"id":12805,"date":"2025-11-08T18:18:15","date_gmt":"2025-11-08T11:18:15","guid":{"rendered":"https:\/\/www.nakee.spa\/?post_type=product&#038;p=12805"},"modified":"2025-11-14T01:05:42","modified_gmt":"2025-11-13T18:05:42","slug":"massage-da-nong-copy","status":"publish","type":"product","link":"https:\/\/www.nakee.spa\/vi\/s\u1ea3n-ph\u1ea9m\/massage-da-nong-copy\/","title":{"rendered":"Massage \u0111\u00e1 n\u00f3ng v\u1edbi d\u1ea7u d\u1eeba"},"content":{"rendered":"<h3>Massage \u0111\u00e1 n\u00f3ng v\u1edbi d\u1ea7u d\u1eeba l\u00e0 g\u00ec?<\/h3>\n<p>Massage \u0111\u00e1 n\u00f3ng v\u1edbi d\u1ea7u d\u1eeba l\u00e0 li\u1ec7u ph\u00e1p \u0111\u1eb7c tr\u01b0ng c\u1ee7a Nakee k\u1ebft h\u1ee3p ngh\u1ec7 thu\u1eadt c\u1ed5 x\u01b0a ch\u1eefa b\u1ec7nh b\u1eb1ng \u0111\u00e1 n\u00f3ng v\u1edbi s\u1ef1 nu\u00f4i d\u01b0\u1ee1ng c\u1ee7a d\u1ea7u d\u1eeba nguy\u00ean ch\u1ea5t t\u1eeb Koh Samui. Nh\u1eefng vi\u00ean \u0111\u00e1 n\u00fai l\u1eeda \u1ea5m \u0111\u01b0\u1ee3c \u0111\u1eb7t v\u00e0 nh\u1eb9 nh\u00e0ng l\u01b0\u1edbt tr\u00ean c\u01a1 th\u1ec3 \u0111\u1ec3 xua tan c\u0103ng th\u1eb3ng trong khi d\u1ea7u d\u1eeba gi\u00fap d\u01b0\u1ee1ng \u1ea9m s\u00e2u cho da. Ph\u01b0\u01a1ng ph\u00e1p \u0111i\u1ec1u tr\u1ecb n\u00e0y mang l\u1ea1i s\u1ef1 \u1ea5m \u00e1p, th\u01b0 gi\u00e3n v\u00e0 c\u00e2n b\u1eb1ng cho c\u1ea3 c\u01a1 th\u1ec3 v\u00e0 t\u00e2m tr\u00ed, khi\u1ebfn n\u00f3 tr\u1edf th\u00e0nh m\u1ed9t trong nh\u1eefng tr\u1ea3i nghi\u1ec7m \u0111\u01b0\u1ee3c y\u00eau th\u00edch nh\u1ea5t c\u1ee7a ch\u00fang t\u00f4i.  <\/p>\n<h3>L\u1ee3i \u00edch c\u1ee7a massage \u0111\u00e1 n\u00f3ng v\u1edbi d\u1ea7u d\u1eeba<\/h3>\n<ol>\n<li><strong>Th\u01b0 gi\u00e3n s\u00e2u<\/strong>: Nhi\u1ec7t t\u1eeb \u0111\u00e1 gi\u00fap gi\u1ea3i t\u1ecfa c\u0103ng th\u1eb3ng c\u01a1 b\u1eafp v\u00e0 stress.<\/li>\n<li><strong>C\u1ea3i thi\u1ec7n tu\u1ea7n ho\u00e0n<\/strong>: Khuy\u1ebfn kh\u00edch l\u01b0u th\u00f4ng m\u00e1u kh\u1ecfe m\u1ea1nh v\u00e0 th\u1ea3i \u0111\u1ed9c.<\/li>\n<li><strong>D\u01b0\u1ee1ng \u1ea9m v\u00e0 nu\u00f4i d\u01b0\u1ee1ng<\/strong>: D\u1ea7u d\u1eeba l\u00e0m m\u1ec1m v\u00e0 ph\u1ee5c h\u1ed3i da.<\/li>\n<li><strong>Gi\u1ea3m \u0111au<\/strong>: L\u00e0m d\u1ecbu c\u1ee9ng c\u01a1 v\u00e0 kh\u00f3 ch\u1ecbu m\u00e3n t\u00ednh.<\/li>\n<li><strong>C\u00e2n b\u1eb1ng n\u0103ng l\u01b0\u1ee3ng<\/strong>: Kh\u00f4i ph\u1ee5c s\u1ef1 h\u00e0i h\u00f2a th\u00f4ng qua vi\u1ec7c \u0111\u1eb7t \u0111\u00e1 \u1ea5m theo phong c\u00e1ch Th\u00e1i.<\/li>\n<li><strong>T\u0129nh t\u00e2m<\/strong>: H\u01a1i \u1ea5m v\u00e0 h\u01b0\u01a1ng th\u01a1m th\u00fac \u0111\u1ea9y s\u1ef1 th\u01b0 gi\u00e3n tinh th\u1ea7n s\u00e2u s\u1eafc.<\/li>\n<\/ol>\n<h3>T\u1ea1i sao n\u00ean ch\u1ecdn massage \u0111\u00e1 n\u00f3ng v\u1edbi d\u1ea7u d\u1eeba?<\/h3>\n<p>H\u00e3y ch\u1ecdn Massage \u0111\u00e1 n\u00f3ng \u0111\u1eb7c tr\u01b0ng c\u1ee7a Nakee \u0111\u1ec3 tr\u1ea3i nghi\u1ec7m s\u1ef1 k\u1ebft h\u1ee3p ho\u00e0n h\u1ea3o gi\u1eefa li\u1ec7u ph\u00e1p nhi\u1ec7t v\u00e0 s\u1ef1 nu\u00f4i d\u01b0\u1ee1ng nhi\u1ec7t \u0111\u1edbi. Nh\u1eefng vi\u00ean \u0111\u00e1 \u1ea5m gi\u00fap th\u01b0 gi\u00e3n c\u01a1 b\u1eafp \u1edf m\u1ee9c \u0111\u1ed9 s\u00e2u h\u01a1n, trong khi d\u1ea7u d\u1eeba h\u1eefu c\u01a1 t\u1ef1 l\u00e0m t\u1eeb Koh Samui c\u1ee7a ch\u00fang t\u00f4i mang l\u1ea1i s\u1ef1 m\u1ec1m m\u1ea1i t\u1ef1 nhi\u00ean v\u00e0 l\u00e0n da r\u1ea1ng r\u1ee1. \u0110\u00e2y l\u00e0 m\u1ed9t ph\u01b0\u01a1ng ph\u00e1p \u0111i\u1ec1u tr\u1ecb gi\u00fap b\u1ea1n tr\u1edf n\u00ean v\u1eefng ch\u00e3i, n\u1ea1p l\u1ea1i n\u0103ng l\u01b0\u1ee3ng cho c\u1ea3 c\u01a1 th\u1ec3 v\u00e0 tinh th\u1ea7n.  <\/p>\n<h3>\u0110\u1ec1 xu\u1ea5t<\/h3>\n<ul>\n<li>Ho\u00e0n h\u1ea3o \u0111\u1ec3 gi\u1ea3m stress v\u00e0 th\u01b0 gi\u00e3n s\u00e2u.<\/li>\n<li>L\u00fd t\u01b0\u1edfng cho nh\u1eefng ng\u01b0\u1eddi b\u1ecb c\u1ee9ng c\u01a1 ho\u1eb7c tu\u1ea7n ho\u00e0n k\u00e9m.<\/li>\n<li>\u0110\u01b0\u1ee3c khuy\u1ebfn ngh\u1ecb cho b\u1ea5t k\u1ef3 ai mu\u1ed1n tr\u1ea3i nghi\u1ec7m spa \u0111\u1eb7c tr\u01b0ng c\u1ee7a Nakee.<\/li>\n<\/ul>\n<h3>Tr\u1ea3i nghi\u1ec7m massage \u0111\u00e1 n\u00f3ng v\u1edbi d\u1ea7u d\u1eeba t\u1ea1i Nakee Massage &amp; Spa<\/h3>\n<p>H\u00e3y \u0111\u1eafm m\u00ecnh trong s\u1ef1 \u1ea5m \u00e1p v\u00e0 thanh b\u00ecnh c\u1ee7a Massage \u0111\u00e1 n\u00f3ng \u0111\u1eb7c tr\u01b0ng c\u1ee7a ch\u00fang t\u00f4i. T\u1ea1i Nakee Massage &amp; Spa, c\u00e1c chuy\u00ean gia tr\u1ecb li\u1ec7u c\u1ee7a ch\u00fang t\u00f4i k\u1ebft h\u1ee3p s\u1ee9c m\u1ea1nh xoa d\u1ecbu c\u1ee7a \u0111\u00e1 n\u00f3ng v\u1edbi s\u1ef1 phong ph\u00fa c\u1ee7a d\u1ea7u d\u1eeba nguy\u00ean ch\u1ea5t \u0111\u1ec3 mang l\u1ea1i s\u1ef1 th\u01b0 gi\u00e3n ho\u00e0n to\u00e0n. H\u00e3y c\u1ea3m nh\u1eadn c\u0103ng th\u1eb3ng c\u1ee7a b\u1ea1n tan bi\u1ebfn v\u00e0 c\u01a1 th\u1ec3 \u0111\u01b0\u1ee3c \u0111\u1ed5i m\u1edbi trong tinh hoa c\u1ee7a s\u1ee9c kh\u1ecfe Th\u00e1i Lan \u0111\u00edch th\u1ef1c.  <\/p>\n","protected":false},"excerpt":{"rendered":"<p>Massage \u0111\u00e1 n\u00f3ng l\u00e0 m\u1ed9t ph\u01b0\u01a1ng ph\u00e1p tr\u1ecb li\u1ec7u \u0111\u1ed9c \u0111\u00e1o k\u1ebft h\u1ee3p l\u1ee3i \u00edch c\u1ee7a \u0111\u00e1 n\u00f3ng v\u00e0 k\u1ef9 thu\u1eadt massage. N\u00f3 gi\u00fap gi\u1ea3m c\u0103ng c\u01a1, c\u1ea3i thi\u1ec7n tu\u1ea7n ho\u00e0n v\u00e0 th\u00fac \u0111\u1ea9y th\u01b0 gi\u00e3n. L\u00fd t\u01b0\u1edfng cho nh\u1eefng ng\u01b0\u1eddi b\u1ecb \u0111au m\u00e3n t\u00ednh ho\u1eb7c m\u1ee9c \u0111\u1ed9 c\u0103ng th\u1eb3ng cao, massage n\u00e0y gi\u00fap th\u01b0 gi\u00e3n c\u01a1 s\u00e2u v\u00e0 s\u1ee9c kh\u1ecfe t\u1ed5ng th\u1ec3.  <\/p>\n","protected":false},"featured_media":13009,"template":"","meta":{"_acf_changed":false,"wds_primary_product_brand":0,"wds_primary_product_cat":0},"product_brand":[],"product_cat":[135],"product_tag":[525,514,508,526,530,524,520,512,882,791,523,522,527,518,759,529,778,528,843,516],"class_list":{"0":"post-12805","1":"product","2":"type-product","3":"status-publish","4":"has-post-thumbnail","6":"product_cat-mat-xa","7":"product_tag-massage-tot-nhat-gan-toi","8":"product_tag-gia-massage-koh-samui","9":"product_tag-massage-koh-samui","10":"product_tag-massage-o-koh-samui","11":"product_tag-massage-o-koh-samui-thai-lan","12":"product_tag-massage-thai-gan-toi","13":"product_tag-massage-thai-koh-samui-vi","14":"product_tag-massage-thai-koh-samui","15":"product_tag-massage-thai-o-bo-phut","16":"product_tag-massage-thai-o-choengmon","17":"product_tag-massage-toan-than","18":"product_tag-massage-toan-than-koh-samui","19":"product_tag-massage-tot-nhat-chaweng","20":"product_tag-massage-tot-nhat-koh-samui","21":"product_tag-massage-tot-nhat-o-bo-phut","22":"product_tag-massage-tot-nhat-o-chaweng","23":"product_tag-massage-tot-nhat-o-choengmon","24":"product_tag-massage-tot-nhat-o-koh-samui","25":"product_tag-salon-massage","26":"product_tag-tiem-mat-xa-koh-samui","27":"pa_duration-120-phut","28":"pa_duration-90-phut","29":"pa_massage-da-nong","30":"pa_massage-dau-dua","31":"pa_menu-category-lieu-phap-da-dac-trung-cua-nakee","32":"pa_types-thu-gian-binh-tinh","34":"first","35":"instock","36":"shipping-taxable","37":"purchasable","38":"product-type-variable"},"acf":[],"_links":{"self":[{"href":"https:\/\/www.nakee.spa\/vi\/wp-json\/wp\/v2\/product\/12805","targetHints":{"allow":["GET"]}}],"collection":[{"href":"https:\/\/www.nakee.spa\/vi\/wp-json\/wp\/v2\/product"}],"about":[{"href":"https:\/\/www.nakee.spa\/vi\/wp-json\/wp\/v2\/types\/product"}],"wp:featuredmedia":[{"embeddable":true,"href":"https:\/\/www.nakee.spa\/vi\/wp-json\/wp\/v2\/media\/13009"}],"wp:attachment":[{"href":"https:\/\/www.nakee.spa\/vi\/wp-json\/wp\/v2\/media?parent=12805"}],"wp:term":[{"taxonomy":"product_brand","embeddable":true,"href":"https:\/\/www.nakee.spa\/vi\/wp-json\/wp\/v2\/product_brand?post=12805"},{"taxonomy":"product_cat","embeddable":true,"href":"https:\/\/www.nakee.spa\/vi\/wp-json\/wp\/v2\/product_cat?post=12805"},{"taxonomy":"product_tag","embeddable":true,"href":"https:\/\/www.nakee.spa\/vi\/wp-json\/wp\/v2\/product_tag?post=12805"}],"curies":[{"name":"wp","href":"https:\/\/api.w.org\/{rel}","templated":true}]}}