{"id":12930,"date":"2025-11-08T18:26:18","date_gmt":"2025-11-08T11:26:18","guid":{"rendered":"https:\/\/www.nakee.spa\/?post_type=product&#038;p=12930"},"modified":"2025-11-14T01:05:44","modified_gmt":"2025-11-13T18:05:44","slug":"massage-da-nong-copy-copy","status":"publish","type":"product","link":"https:\/\/www.nakee.spa\/vi\/s\u1ea3n-ph\u1ea9m\/massage-da-nong-copy-copy\/","title":{"rendered":"Massage ch\u00e2n b\u1eb1ng \u0111\u00e1 n\u00f3ng v\u1edbi d\u1ea7u d\u1eeba"},"content":{"rendered":"<p><strong>Massage \u0111\u00e1 n\u00f3ng l\u00e0 g\u00ec?<\/strong><\/p>\n<p>Massage \u0111\u00e1 n\u00f3ng l\u00e0 m\u1ed9t k\u1ef9 thu\u1eadt tr\u1ecb li\u1ec7u trong \u0111\u00f3 c\u00e1c vi\u00ean \u0111\u00e1 m\u1ecbn, \u0111\u01b0\u1ee3c l\u00e0m n\u00f3ng \u0111\u01b0\u1ee3c \u0111\u1eb7t tr\u00ean c\u00e1c b\u1ed9 ph\u1eadn c\u1ee5 th\u1ec3 c\u1ee7a c\u01a1 th\u1ec3. S\u1ef1 \u1ea5m \u00e1p t\u1eeb \u0111\u00e1 th\u1ea5m s\u00e2u v\u00e0o c\u01a1 b\u1eafp, mang l\u1ea1i tr\u1ea3i nghi\u1ec7m nh\u1eb9 nh\u00e0ng v\u00e0 th\u01b0 gi\u00e3n. Lo\u1ea1i massage n\u00e0y gi\u00fap l\u00e0m tan c\u0103ng th\u1eb3ng, gi\u1ea3m c\u1ee9ng c\u01a1, t\u0103ng tu\u1ea7n ho\u00e0n v\u00e0 trao \u0111\u1ed5i ch\u1ea5t.  <\/p>\n<p><strong>L\u1ee3i \u00edch c\u1ee7a massage \u0111\u00e1 n\u00f3ng<\/strong><\/p>\n<ol>\n<li><strong>Th\u01b0 gi\u00e3n c\u01a1 s\u00e2u<\/strong> : Nhi\u1ec7t t\u1eeb \u0111\u00e1 gi\u00fap c\u01a1 th\u01b0 gi\u00e3n s\u00e2u h\u01a1n.<\/li>\n<li><strong>Gi\u1ea3m \u0111au<\/strong> : C\u00f3 hi\u1ec7u qu\u1ea3 trong \u0111i\u1ec1u tr\u1ecb \u0111au m\u00e3n t\u00ednh, vi\u00eam kh\u1edbp v\u00e0 c\u00e1c b\u1ec7nh li\u00ean quan \u0111\u1ebfn c\u01a1 kh\u00e1c.<\/li>\n<li><strong>C\u1ea3i thi\u1ec7n l\u01b0u th\u00f4ng m\u00e1u<\/strong> : T\u0103ng c\u01b0\u1eddng l\u01b0u l\u01b0\u1ee3ng m\u00e1u v\u00e0 gi\u00fap gi\u1ea3i \u0111\u1ed9c c\u01a1 th\u1ec3.<\/li>\n<li><strong>Gi\u1ea3m c\u0103ng th\u1eb3ng<\/strong> : Gi\u1ea3m c\u0103ng th\u1eb3ng v\u00e0 th\u00fac \u0111\u1ea9y c\u1ea3m gi\u00e1c kh\u1ecfe m\u1ea1nh t\u1ed5ng th\u1ec3.<\/li>\n<li><strong>C\u1ea3i thi\u1ec7n gi\u1ea5c ng\u1ee7<\/strong> : Gi\u00fap th\u00fac \u0111\u1ea9y gi\u1ea5c ng\u1ee7 t\u1ed1t h\u01a1n b\u1eb1ng c\u00e1ch gi\u1ea3i t\u1ecfa c\u0103ng th\u1eb3ng v\u00e0 stress.<\/li>\n<li><strong>T\u0103ng t\u00ednh linh ho\u1ea1t c\u1ee7a kh\u1edbp<\/strong> : Nhi\u1ec7t \u0111\u1ed9 cao gi\u00fap c\u00e1c kh\u1edbp linh ho\u1ea1t h\u01a1n.<\/li>\n<\/ol>\n<p><strong>T\u1ea1i sao n\u00ean ch\u1ecdn massage \u0111\u00e1 n\u00f3ng?<\/strong><\/p>\n<p>Massage \u0111\u00e1 n\u00f3ng l\u00e0 l\u00fd t\u01b0\u1edfng cho nh\u1eefng ai \u0111ang t\u00ecm ki\u1ebfm tr\u1ea3i nghi\u1ec7m th\u01b0 gi\u00e3n s\u00e2u s\u1eafc. S\u1ef1 k\u1ebft h\u1ee3p gi\u1eefa nhi\u1ec7t v\u00e0 xoa b\u00f3p mang l\u1ea1i hi\u1ec7u qu\u1ea3 \u0111i\u1ec1u tr\u1ecb \u0111\u1ed9c \u0111\u00e1o, khi\u1ebfn n\u00f3 tr\u1edf th\u00e0nh l\u1ef1a ch\u1ecdn tuy\u1ec7t v\u1eddi \u0111\u1ec3 gi\u1ea3m c\u0103ng th\u1eb3ng, c\u0103ng c\u01a1 v\u00e0 \u0111au m\u00e3n t\u00ednh. <\/p>\n<p><strong>\u0110\u1ec1 xu\u1ea5t<\/strong><\/p>\n<ul>\n<li>\u0110\u1ea3m b\u1ea3o b\u1ea1n \u0111\u1ee7 n\u01b0\u1edbc tr\u01b0\u1edbc v\u00e0 sau khi massage.<\/li>\n<li>H\u00e3y th\u00f4ng b\u00e1o ngay cho chuy\u00ean gia tr\u1ecb li\u1ec7u n\u1ebfu b\u1ea1n c\u1ea3m th\u1ea5y kh\u00f3 ch\u1ecbu.<\/li>\n<li>Tr\u00e1nh \u0103n nh\u1eefng b\u1eefa \u0103n l\u1edbn tr\u01b0\u1edbc bu\u1ed5i t\u1eadp.<\/li>\n<\/ul>\n<p><strong>Tr\u1ea3i nghi\u1ec7m Massage \u0111\u00e1 n\u00f3ng t\u1ea1i Nakee Massage &amp; Spa<\/strong><\/p>\n<p>T\u1ea1i Nakee Massage &amp; Spa, ch\u00fang t\u00f4i cung c\u1ea5p tr\u1ea3i nghi\u1ec7m Massage \u0111\u00e1 n\u00f3ng \u0111\u00edch th\u1ef1c. C\u00e1c nh\u00e0 tr\u1ecb li\u1ec7u l\u00e0nh ngh\u1ec1 c\u1ee7a ch\u00fang t\u00f4i s\u1eed d\u1ee5ng \u0111\u00e1 m\u1ecbn, \u0111\u01b0\u1ee3c s\u01b0\u1edfi \u1ea5m k\u1ebft h\u1ee3p v\u1edbi c\u00e1c k\u1ef9 thu\u1eadt massage truy\u1ec1n th\u1ed1ng \u0111\u1ec3 mang l\u1ea1i l\u1ee3i \u00edch th\u01b0 gi\u00e3n v\u00e0 tr\u1ecb li\u1ec7u t\u1ed1i \u01b0u. T\u1eadn h\u01b0\u1edfng b\u1ea7u kh\u00f4ng kh\u00ed thanh b\u00ecnh c\u1ee7a spa c\u1ee7a ch\u00fang t\u00f4i khi b\u1ea1n \u0111\u1ec3 h\u01a1i \u1ea5m c\u1ee7a \u0111\u00e1 tan bi\u1ebfn c\u0103ng th\u1eb3ng c\u1ee7a b\u1ea1n.  <\/p>\n","protected":false},"excerpt":{"rendered":"<p>Massage \u0111\u00e1 n\u00f3ng l\u00e0 m\u1ed9t ph\u01b0\u01a1ng ph\u00e1p tr\u1ecb li\u1ec7u \u0111\u1ed9c \u0111\u00e1o k\u1ebft h\u1ee3p l\u1ee3i \u00edch c\u1ee7a \u0111\u00e1 n\u00f3ng v\u00e0 k\u1ef9 thu\u1eadt massage. N\u00f3 gi\u00fap gi\u1ea3m c\u0103ng c\u01a1, c\u1ea3i thi\u1ec7n tu\u1ea7n ho\u00e0n v\u00e0 th\u00fac \u0111\u1ea9y th\u01b0 gi\u00e3n. L\u00fd t\u01b0\u1edfng cho nh\u1eefng ng\u01b0\u1eddi b\u1ecb \u0111au m\u00e3n t\u00ednh ho\u1eb7c m\u1ee9c \u0111\u1ed9 c\u0103ng th\u1eb3ng cao, massage n\u00e0y gi\u00fap th\u01b0 gi\u00e3n c\u01a1 s\u00e2u v\u00e0 s\u1ee9c kh\u1ecfe t\u1ed5ng th\u1ec3.  <\/p>\n","protected":false},"featured_media":13010,"template":"","meta":{"_acf_changed":false,"wds_primary_product_brand":0,"wds_primary_product_cat":0},"product_brand":[],"product_cat":[135],"product_tag":[525,514,508,526,530,524,520,512,882,791,523,522,527,518,759,529,778,528,843,516],"class_list":{"0":"post-12930","1":"product","2":"type-product","3":"status-publish","4":"has-post-thumbnail","6":"product_cat-mat-xa","7":"product_tag-massage-tot-nhat-gan-toi","8":"product_tag-gia-massage-koh-samui","9":"product_tag-massage-koh-samui","10":"product_tag-massage-o-koh-samui","11":"product_tag-massage-o-koh-samui-thai-lan","12":"product_tag-massage-thai-gan-toi","13":"product_tag-massage-thai-koh-samui-vi","14":"product_tag-massage-thai-koh-samui","15":"product_tag-massage-thai-o-bo-phut","16":"product_tag-massage-thai-o-choengmon","17":"product_tag-massage-toan-than","18":"product_tag-massage-toan-than-koh-samui","19":"product_tag-massage-tot-nhat-chaweng","20":"product_tag-massage-tot-nhat-koh-samui","21":"product_tag-massage-tot-nhat-o-bo-phut","22":"product_tag-massage-tot-nhat-o-chaweng","23":"product_tag-massage-tot-nhat-o-choengmon","24":"product_tag-massage-tot-nhat-o-koh-samui","25":"product_tag-salon-massage","26":"product_tag-tiem-mat-xa-koh-samui","27":"pa_duration-120-phut","28":"pa_duration-60-phut","29":"pa_duration-90-phut","30":"pa_massage-da-nong","31":"pa_massage-dau-dua","32":"pa_menu-category-lieu-phap-da-dac-trung-cua-nakee","33":"pa_types-thu-gian-binh-tinh","35":"first","36":"instock","37":"shipping-taxable","38":"purchasable","39":"product-type-variable"},"acf":[],"_links":{"self":[{"href":"https:\/\/www.nakee.spa\/vi\/wp-json\/wp\/v2\/product\/12930","targetHints":{"allow":["GET"]}}],"collection":[{"href":"https:\/\/www.nakee.spa\/vi\/wp-json\/wp\/v2\/product"}],"about":[{"href":"https:\/\/www.nakee.spa\/vi\/wp-json\/wp\/v2\/types\/product"}],"wp:featuredmedia":[{"embeddable":true,"href":"https:\/\/www.nakee.spa\/vi\/wp-json\/wp\/v2\/media\/13010"}],"wp:attachment":[{"href":"https:\/\/www.nakee.spa\/vi\/wp-json\/wp\/v2\/media?parent=12930"}],"wp:term":[{"taxonomy":"product_brand","embeddable":true,"href":"https:\/\/www.nakee.spa\/vi\/wp-json\/wp\/v2\/product_brand?post=12930"},{"taxonomy":"product_cat","embeddable":true,"href":"https:\/\/www.nakee.spa\/vi\/wp-json\/wp\/v2\/product_cat?post=12930"},{"taxonomy":"product_tag","embeddable":true,"href":"https:\/\/www.nakee.spa\/vi\/wp-json\/wp\/v2\/product_tag?post=12930"}],"curies":[{"name":"wp","href":"https:\/\/api.w.org\/{rel}","templated":true}]}}