{"id":3606,"date":"2024-07-06T09:25:27","date_gmt":"2024-07-06T09:25:27","guid":{"rendered":"https:\/\/www.nakee.spa\/product\/massage-thai\/"},"modified":"2025-11-14T01:55:20","modified_gmt":"2025-11-13T18:55:20","slug":"massage-thai","status":"publish","type":"product","link":"https:\/\/www.nakee.spa\/vi\/s\u1ea3n-ph\u1ea9m\/massage-thai\/","title":{"rendered":"Massage Th\u00e1i"},"content":{"rendered":"<h3>Massage Th\u00e1i l\u00e0 g\u00ec?<\/h3>\n<p>Massage Th\u00e1i l\u00e0 m\u1ed9t ph\u01b0\u01a1ng ph\u00e1p ch\u1eefa b\u1ec7nh c\u1ed5 x\u01b0a k\u1ebft h\u1ee3p b\u1ea5m huy\u1ec7t, nguy\u00ean t\u1eafc Ayurvedic c\u1ee7a \u1ea4n \u0110\u1ed9 v\u00e0 c\u00e1c t\u01b0 th\u1ebf yoga h\u1ed7 tr\u1ee3. Kh\u00f4ng gi\u1ed1ng nh\u01b0 c\u00e1c li\u1ec7u ph\u00e1p m\u00e1t-xa th\u00f4ng th\u01b0\u1eddng c\u1ee7a ph\u01b0\u01a1ng T\u00e2y, M\u00e1t-xa Th\u00e1i \u0111\u01b0\u1ee3c th\u1ef1c hi\u1ec7n tr\u00ean m\u1ed9t t\u1ea5m th\u1ea3m \u0111\u1eb7t tr\u00ean s\u00e0n v\u00e0 kh\u00e1ch h\u00e0ng v\u1eabn m\u1eb7c qu\u1ea7n \u00e1o \u0111\u1ea7y \u0111\u1ee7. Nh\u00e0 tr\u1ecb li\u1ec7u s\u1eed d\u1ee5ng b\u00e0n tay, khu\u1ef7u tay, \u0111\u1ea7u g\u1ed1i v\u00e0 b\u00e0n ch\u00e2n \u0111\u1ec3 t\u1ea1o \u00e1p l\u1ef1c v\u00e0 k\u00e9o c\u0103ng c\u01a1 th\u1ec3, nh\u1eb1m t\u0103ng c\u01b0\u1eddng t\u00ednh linh ho\u1ea1t, gi\u1ea3m c\u0103ng th\u1eb3ng v\u00e0 c\u1ea3i thi\u1ec7n d\u00f2ng n\u0103ng l\u01b0\u1ee3ng.<\/p>\n<h3>L\u1ee3i \u00edch c\u1ee7a Massage Th\u00e1i<\/h3>\n<ol>\n<li><strong>C\u1ea3i thi\u1ec7n t\u00ednh linh ho\u1ea1t<\/strong> : T\u0103ng c\u01b0\u1eddng t\u00ednh linh ho\u1ea1t c\u1ee7a kh\u1edbp v\u00e0 c\u01a1.<\/li>\n<li><strong>Gi\u1ea3m c\u0103ng th\u1eb3ng<\/strong> : Gi\u1ea3m c\u0103ng th\u1eb3ng v\u00e0 th\u00fac \u0111\u1ea9y th\u01b0 gi\u00e3n.<\/li>\n<li><strong>T\u0103ng c\u01b0\u1eddng n\u0103ng l\u01b0\u1ee3ng<\/strong> : T\u0103ng m\u1ee9c n\u0103ng l\u01b0\u1ee3ng v\u00e0 tinh th\u1ea7n minh m\u1eabn.<\/li>\n<li><strong>Gi\u1ea3m \u0111au<\/strong> : Gi\u1ea3m \u0111au m\u00e3n t\u00ednh v\u00e0 \u0111au nh\u1ee9c c\u01a1 b\u1eafp.<\/li>\n<li><strong>T\u0103ng c\u01b0\u1eddng tu\u1ea7n ho\u00e0n<\/strong> : C\u1ea3i thi\u1ec7n l\u01b0u th\u00f4ng m\u00e1u v\u00e0 b\u1ea1ch huy\u1ebft.<\/li>\n<li><strong>C\u00e2n b\u1eb1ng n\u0103ng l\u01b0\u1ee3ng<\/strong> : Th\u00fac \u0111\u1ea9y s\u1ef1 c\u00e2n b\u1eb1ng n\u0103ng l\u01b0\u1ee3ng c\u1ee7a c\u01a1 th\u1ec3.<\/li>\n<\/ol>\n<h3>T\u1ea1i sao n\u00ean ch\u1ecdn Massage Th\u00e1i?<\/h3>\n<p>H\u00e3y ch\u1ecdn Massage Th\u00e1i v\u00ec s\u1ef1 k\u1ebft h\u1ee3p \u0111\u1ed9c \u0111\u00e1o gi\u1eefa l\u1ee3i \u00edch th\u1ec3 ch\u1ea5t v\u00e0 n\u0103ng l\u01b0\u1ee3ng. Ph\u01b0\u01a1ng ph\u00e1p tr\u1ecb li\u1ec7u n\u00e0y kh\u00f4ng ch\u1ec9 gi\u1ea3i quy\u1ebft s\u1ef1 kh\u00f3 ch\u1ecbu v\u1ec1 th\u1ec3 ch\u1ea5t m\u00e0 c\u00f2n n\u00e2ng cao s\u1ee9c kh\u1ecfe t\u1ed5ng th\u1ec3. \u0110\u00f3 l\u00e0 s\u1ef1 l\u1ef1a ch\u1ecdn l\u00fd t\u01b0\u1edfng cho nh\u1eefng ng\u01b0\u1eddi \u0111ang t\u00ecm ki\u1ebfm m\u1ed9t li\u1ec7u ph\u00e1p to\u00e0n di\u1ec7n t\u00edch h\u1ee3p s\u1ee9c kh\u1ecfe th\u1ec3 ch\u1ea5t, tinh th\u1ea7n v\u00e0 tinh th\u1ea7n.<\/p>\n<h3>\u0110\u1ec1 xu\u1ea5t<\/h3>\n<ul>\n<li>Th\u00edch h\u1ee3p cho nh\u1eefng ng\u01b0\u1eddi b\u1ecb c\u1ee9ng c\u01a1 v\u00e0 \u0111au kh\u1edbp.<\/li>\n<li>L\u00fd t\u01b0\u1edfng cho nh\u1eefng ng\u01b0\u1eddi mu\u1ed1n c\u1ea3i thi\u1ec7n t\u00ednh linh ho\u1ea1t v\u00e0 d\u00f2ng n\u0103ng l\u01b0\u1ee3ng.<\/li>\n<li>C\u00f3 l\u1ee3i cho nh\u1eefng ng\u01b0\u1eddi \u0111ang t\u00ecm ki\u1ebfm tr\u1ea3i nghi\u1ec7m ch\u1eefa b\u1ec7nh to\u00e0n di\u1ec7n v\u00e0 th\u01b0 gi\u00e3n s\u00e2u s\u1eafc.<\/li>\n<\/ul>\n<h3>Tr\u1ea3i nghi\u1ec7m Massage Th\u00e1i t\u1ea1i Nakee Massage &amp; Spa<\/h3>\n<p>T\u1ea1i Nakee Massage &amp; Spa, h\u00e3y tr\u1ea3i nghi\u1ec7m Massage Th\u00e1i t\u1ed1t nh\u1ea5t v\u00e0 ch\u00e2n th\u1ef1c nh\u1ea5t. C\u00e1c nh\u00e0 tr\u1ecb li\u1ec7u l\u00e0nh ngh\u1ec1 c\u1ee7a ch\u00fang t\u00f4i \u0111\u01b0\u1ee3c \u0111\u00e0o t\u1ea1o v\u1ec1 c\u00e1c k\u1ef9 thu\u1eadt truy\u1ec1n th\u1ed1ng \u0111\u1ec3 mang l\u1ea1i tr\u1ea3i nghi\u1ec7m ch\u1eefa b\u1ec7nh to\u00e0n di\u1ec7n. Cho d\u00f9 b\u1ea1n mu\u1ed1n gi\u1ea3m c\u0103ng c\u01a1, t\u0103ng t\u00ednh linh ho\u1ea1t hay c\u00e2n b\u1eb1ng n\u0103ng l\u01b0\u1ee3ng, Massage Th\u00e1i c\u1ee7a ch\u00fang t\u00f4i \u0111\u1ec1u mang l\u1ea1i l\u1ee3i \u00edch s\u00e2u s\u1eafc. M\u00f4i tr\u01b0\u1eddng spa thanh b\u00ecnh gi\u00fap t\u0103ng c\u01b0\u1eddng s\u1ef1 th\u01b0 gi\u00e3n, \u0111\u1ea3m b\u1ea3o cho b\u1ea1n c\u1ea3m gi\u00e1c h\u1ed3i sinh v\u00e0 c\u00e2n b\u1eb1ng.<\/p>\n","protected":false},"excerpt":{"rendered":"<p>Tr\u1ea3i nghi\u1ec7m Massage Th\u00e1i t\u1ed1t nh\u1ea5t v\u00e0 ch\u00e2n th\u1ef1c nh\u1ea5t t\u1ea1i Nakee Massage &amp; Spa. C\u00e1c nh\u00e0 tr\u1ecb li\u1ec7u l\u00e0nh ngh\u1ec1 c\u1ee7a ch\u00fang t\u00f4i s\u1eed d\u1ee5ng c\u00e1c k\u1ef9 thu\u1eadt truy\u1ec1n th\u1ed1ng \u0111\u1ec3 mang l\u1ea1i tr\u1ea3i nghi\u1ec7m th\u01b0 gi\u00e3n v\u00e0 tr\u1ebb h\u00f3a s\u00e2u s\u1eafc. Massage Th\u00e1i k\u1ebft h\u1ee3p b\u1ea5m huy\u1ec7t, k\u00e9o gi\u00e3n s\u00e2u v\u00e0 n\u00e9n nh\u1ecbp nh\u00e0ng \u0111\u1ec3 t\u0103ng c\u01b0\u1eddng t\u00ednh linh ho\u1ea1t, gi\u1ea3m c\u0103ng c\u01a1 v\u00e0 c\u1ea3i thi\u1ec7n s\u1ee9c kh\u1ecfe t\u1ed5ng th\u1ec3. T\u1eadn h\u01b0\u1edfng s\u1ef1 th\u01b0 gi\u00e3n t\u1ed1i \u0111a v\u1edbi Massage Th\u00e1i \u0111\u00edch th\u1ef1c c\u1ee7a ch\u00fang t\u00f4i, ph\u00f9 h\u1ee3p v\u1edbi nhu c\u1ea7u c\u1ee7a b\u1ea1n \u0111\u1ec3 c\u00f3 k\u1ebft qu\u1ea3 t\u1ed1t nh\u1ea5t c\u00f3 th\u1ec3. Kh\u00e1m ph\u00e1 l\u00fd do t\u1ea1i sao Nakee Massage &amp; Spa mang l\u1ea1i tr\u1ea3i nghi\u1ec7m Massage Th\u00e1i t\u1ed1t nh\u1ea5t trong khu v\u1ef1c.<\/p>\n","protected":false},"featured_media":13001,"template":"","meta":{"_acf_changed":false,"wds_primary_product_brand":0,"wds_primary_product_cat":0},"product_brand":[],"product_cat":[135],"product_tag":[525,514,508,526,530,524,520,512,882,791,523,522,527,518,759,529,778,528,843,516],"class_list":{"0":"post-3606","1":"product","2":"type-product","3":"status-publish","4":"has-post-thumbnail","6":"product_cat-mat-xa","7":"product_tag-massage-tot-nhat-gan-toi","8":"product_tag-gia-massage-koh-samui","9":"product_tag-massage-koh-samui","10":"product_tag-massage-o-koh-samui","11":"product_tag-massage-o-koh-samui-thai-lan","12":"product_tag-massage-thai-gan-toi","13":"product_tag-massage-thai-koh-samui-vi","14":"product_tag-massage-thai-koh-samui","15":"product_tag-massage-thai-o-bo-phut","16":"product_tag-massage-thai-o-choengmon","17":"product_tag-massage-toan-than","18":"product_tag-massage-toan-than-koh-samui","19":"product_tag-massage-tot-nhat-chaweng","20":"product_tag-massage-tot-nhat-koh-samui","21":"product_tag-massage-tot-nhat-o-bo-phut","22":"product_tag-massage-tot-nhat-o-chaweng","23":"product_tag-massage-tot-nhat-o-choengmon","24":"product_tag-massage-tot-nhat-o-koh-samui","25":"product_tag-salon-massage","26":"product_tag-tiem-mat-xa-koh-samui","27":"pa_duration-120-phut","28":"pa_duration-60-phut","29":"pa_duration-90-phut","30":"pa_massage-massage-thai","31":"pa_menu-category-cac-lieu-phap-thai-truyen-thong","32":"pa_types-keo-gian-phong-cach-thai","34":"first","35":"instock","36":"shipping-taxable","37":"purchasable","38":"product-type-variable"},"acf":[],"_links":{"self":[{"href":"https:\/\/www.nakee.spa\/vi\/wp-json\/wp\/v2\/product\/3606","targetHints":{"allow":["GET"]}}],"collection":[{"href":"https:\/\/www.nakee.spa\/vi\/wp-json\/wp\/v2\/product"}],"about":[{"href":"https:\/\/www.nakee.spa\/vi\/wp-json\/wp\/v2\/types\/product"}],"wp:featuredmedia":[{"embeddable":true,"href":"https:\/\/www.nakee.spa\/vi\/wp-json\/wp\/v2\/media\/13001"}],"wp:attachment":[{"href":"https:\/\/www.nakee.spa\/vi\/wp-json\/wp\/v2\/media?parent=3606"}],"wp:term":[{"taxonomy":"product_brand","embeddable":true,"href":"https:\/\/www.nakee.spa\/vi\/wp-json\/wp\/v2\/product_brand?post=3606"},{"taxonomy":"product_cat","embeddable":true,"href":"https:\/\/www.nakee.spa\/vi\/wp-json\/wp\/v2\/product_cat?post=3606"},{"taxonomy":"product_tag","embeddable":true,"href":"https:\/\/www.nakee.spa\/vi\/wp-json\/wp\/v2\/product_tag?post=3606"}],"curies":[{"name":"wp","href":"https:\/\/api.w.org\/{rel}","templated":true}]}}