{"id":3634,"date":"2024-07-11T09:14:03","date_gmt":"2024-07-11T09:14:03","guid":{"rendered":"https:\/\/www.nakee.spa\/product\/massage-dau-dua\/"},"modified":"2025-11-14T01:51:17","modified_gmt":"2025-11-13T18:51:17","slug":"massage-dau-dua","status":"publish","type":"product","link":"https:\/\/www.nakee.spa\/vi\/s\u1ea3n-ph\u1ea9m\/massage-dau-dua\/","title":{"rendered":"Massage d\u1ea7u d\u1eeba"},"content":{"rendered":"<h3>Massage d\u1ea7u d\u1eeba l\u00e0 g\u00ec?<\/h3>\n<p>Massage d\u1ea7u d\u1eeba l\u00e0 ph\u01b0\u01a1ng ph\u00e1p tr\u1ecb li\u1ec7u s\u1eed d\u1ee5ng d\u1ea7u d\u1eeba nguy\u00ean ch\u1ea5t, t\u1ef1 nhi\u00ean \u0111\u1ec3 t\u0103ng c\u01b0\u1eddng l\u1ee3i \u00edch c\u1ee7a massage truy\u1ec1n th\u1ed1ng. Ki\u1ec3u massage n\u00e0y k\u1ebft h\u1ee3p c\u00e1c k\u1ef9 thu\u1eadt xoa b\u00f3p v\u00e0 xoa b\u00f3p nh\u1eb9 nh\u00e0ng v\u1edbi \u0111\u1eb7c t\u00ednh d\u01b0\u1ee1ng \u1ea9m v\u00e0 nu\u00f4i d\u01b0\u1ee1ng c\u1ee7a d\u1ea7u d\u1eeba, mang l\u1ea1i tr\u1ea3i nghi\u1ec7m th\u01b0 gi\u00e3n v\u00e0 tr\u1ebb h\u00f3a s\u00e2u s\u1eafc. D\u1ea7u d\u1eeba \u0111\u01b0\u1ee3c h\u1ea5p th\u1ee5 v\u00e0o da, cung c\u1ea5p c\u00e1c ch\u1ea5t dinh d\u01b0\u1ee1ng c\u1ea7n thi\u1ebft v\u00e0 mang l\u1ea1i cho l\u00e0n da c\u1ea3m gi\u00e1c m\u1ec1m m\u1ea1i v\u00e0 ng\u1eadm n\u01b0\u1edbc.<\/p>\n<h3>L\u1ee3i \u00edch c\u1ee7a massage d\u1ea7u d\u1eeba<\/h3>\n<ol>\n<li><strong>Hydrat h\u00f3a<\/strong> : D\u01b0\u1ee1ng \u1ea9m s\u00e2u cho da, gi\u00fap da m\u1ec1m m\u1ea1i v\u00e0 m\u1ecbn m\u00e0ng.<\/li>\n<li><strong>Nu\u00f4i d\u01b0\u1ee1ng<\/strong> : Cung c\u1ea5p c\u00e1c d\u01b0\u1ee1ng ch\u1ea5t thi\u1ebft y\u1ebfu gi\u00fap th\u00fac \u0111\u1ea9y l\u00e0n da kh\u1ecfe m\u1ea1nh.<\/li>\n<li><strong>Th\u01b0 gi\u00e3n<\/strong> : Gi\u1ea3m c\u0103ng th\u1eb3ng v\u00e0 th\u00fac \u0111\u1ea9y th\u01b0 gi\u00e3n t\u1ed5ng th\u1ec3.<\/li>\n<li><strong>Gi\u1ea3m \u0111au<\/strong> : Gi\u1ea3m c\u0103ng c\u01a1 v\u00e0 \u0111au nh\u1ee9c.<\/li>\n<li><strong>C\u1ea3i thi\u1ec7n tu\u1ea7n ho\u00e0n<\/strong> : T\u0103ng c\u01b0\u1eddng l\u01b0u l\u01b0\u1ee3ng m\u00e1u v\u00e0 d\u1eabn l\u01b0u b\u1ea1ch huy\u1ebft.<\/li>\n<li><strong>Ch\u1ed1ng vi\u00eam<\/strong> : D\u1ea7u d\u1eeba c\u00f3 \u0111\u1eb7c t\u00ednh ch\u1ed1ng vi\u00eam t\u1ef1 nhi\u00ean c\u00f3 th\u1ec3 gi\u00fap gi\u1ea3m vi\u00eam v\u00e0 s\u01b0ng.<\/li>\n<\/ol>\n<h3>T\u1ea1i sao n\u00ean ch\u1ecdn massage d\u1ea7u d\u1eeba?<\/h3>\n<p>H\u00e3y ch\u1ecdn Massage D\u1ea7u D\u1eeba v\u00ec s\u1ef1 k\u1ebft h\u1ee3p \u0111\u1ed9c \u0111\u00e1o gi\u1eefa d\u01b0\u1ee1ng \u1ea9m v\u00e0 th\u01b0 gi\u00e3n. C\u00e1c \u0111\u1eb7c t\u00ednh t\u1ef1 nhi\u00ean c\u1ee7a d\u1ea7u d\u1eeba n\u00e2ng cao tr\u1ea3i nghi\u1ec7m m\u00e1t-xa, khi\u1ebfn n\u00f3 tr\u1edf n\u00ean ho\u00e0n h\u1ea3o cho nh\u1eefng ai \u0111ang t\u00ecm ki\u1ebfm m\u1ed9t ph\u01b0\u01a1ng ph\u00e1p tr\u1ecb li\u1ec7u kh\u00f4ng ch\u1ec9 th\u01b0 gi\u00e3n c\u01a1 th\u1ec3 m\u00e0 c\u00f2n nu\u00f4i d\u01b0\u1ee1ng l\u00e0n da. Massage n\u00e0y l\u00fd t\u01b0\u1edfng cho nh\u1eefng ai mu\u1ed1n c\u1ea3i thi\u1ec7n s\u1ee9c kh\u1ecfe l\u00e0n da v\u00e0 \u0111\u1ea1t \u0111\u01b0\u1ee3c tr\u1ea1ng th\u00e1i th\u01b0 gi\u00e3n s\u00e2u.<\/p>\n<h3>\u0110\u1ec1 xu\u1ea5t<\/h3>\n<ul>\n<li>Ho\u00e0n h\u1ea3o cho da kh\u00f4 ho\u1eb7c nh\u1ea1y c\u1ea3m.<\/li>\n<li>L\u00fd t\u01b0\u1edfng cho nh\u1eefng ng\u01b0\u1eddi mu\u1ed1n k\u1ebft h\u1ee3p th\u01b0 gi\u00e3n v\u1edbi nu\u00f4i d\u01b0\u1ee1ng da.<\/li>\n<li>C\u00f3 th\u1ec3 \u0111\u01b0\u1ee3c t\u0103ng c\u01b0\u1eddng b\u1eb1ng c\u00e1c li\u1ec7u ph\u00e1p spa b\u1ed5 sung nh\u01b0 t\u1ea9y t\u1ebf b\u00e0o ch\u1ebft to\u00e0n th\u00e2n ho\u1eb7c ch\u0103m s\u00f3c da m\u1eb7t.<\/li>\n<\/ul>\n<h3>Tr\u1ea3i nghi\u1ec7m Massage D\u1ea7u D\u1eeba t\u1ea1i Nakee Massage &amp; Spa<\/h3>\n<p>Tr\u1ea3i nghi\u1ec7m Massage D\u1ea7u D\u1eeba t\u1ed1t nh\u1ea5t t\u1ea1i Nakee Massage &amp; Spa, n\u01a1i ch\u00fang t\u00f4i s\u1eed d\u1ee5ng d\u1ea7u d\u1eeba t\u1ef1 ch\u1ebf, ch\u1ea5t l\u01b0\u1ee3ng cao t\u1eeb \u0111\u1ea3o Koh Samui. C\u00e1c nh\u00e0 tr\u1ecb li\u1ec7u l\u00e0nh ngh\u1ec1 c\u1ee7a ch\u00fang t\u00f4i \u0111\u1ea3m b\u1ea3o mang l\u1ea1i tr\u1ea3i nghi\u1ec7m th\u01b0 gi\u00e3n v\u00e0 tr\u1ebb h\u00f3a, gi\u00fap l\u00e0n da c\u1ee7a b\u1ea1n \u0111\u01b0\u1ee3c ng\u1eadm n\u01b0\u1edbc v\u00e0 tinh th\u1ea7n tho\u1ea3i m\u00e1i. M\u00f9i h\u01b0\u01a1ng d\u1ec5 ch\u1ecbu c\u1ee7a d\u1ea7u d\u1eeba gi\u00fap t\u0103ng c\u01b0\u1eddng s\u1ef1 th\u01b0 gi\u00e3n t\u1ed5ng th\u1ec3, khi\u1ebfn vi\u1ec7c massage c\u1ee7a b\u1ea1n tr\u1edf n\u00ean th\u00fa v\u1ecb h\u01a1n.<\/p>\n","protected":false},"excerpt":{"rendered":"<p>Massage d\u1ea7u d\u1eeba k\u1ebft h\u1ee3p c\u00e1c k\u1ef9 thu\u1eadt massage nh\u1eb9 nh\u00e0ng v\u1edbi \u0111\u1eb7c t\u00ednh d\u01b0\u1ee1ng \u1ea9m v\u00e0 nu\u00f4i d\u01b0\u1ee1ng c\u1ee7a d\u1ea7u d\u1eeba nguy\u00ean ch\u1ea5t, t\u1ef1 nhi\u00ean. Ph\u01b0\u01a1ng ph\u00e1p \u0111i\u1ec1u tr\u1ecb n\u00e0y th\u00fac \u0111\u1ea9y s\u1ef1 th\u01b0 gi\u00e3n, gi\u1ea3m c\u0103ng c\u01a1 v\u00e0 mang l\u1ea1i cho l\u00e0n da c\u1ea3m gi\u00e1c m\u1ec1m m\u1ea1i v\u00e0 ng\u1eadm n\u01b0\u1edbc.<\/p>\n","protected":false},"featured_media":1095,"template":"","meta":{"_acf_changed":false,"wds_primary_product_brand":0,"wds_primary_product_cat":0},"product_brand":[],"product_cat":[135],"product_tag":[525,514,508,526,530,524,520,512,882,791,523,522,527,518,759,529,778,528,843,516],"class_list":{"0":"post-3634","1":"product","2":"type-product","3":"status-publish","4":"has-post-thumbnail","6":"product_cat-mat-xa","7":"product_tag-massage-tot-nhat-gan-toi","8":"product_tag-gia-massage-koh-samui","9":"product_tag-massage-koh-samui","10":"product_tag-massage-o-koh-samui","11":"product_tag-massage-o-koh-samui-thai-lan","12":"product_tag-massage-thai-gan-toi","13":"product_tag-massage-thai-koh-samui-vi","14":"product_tag-massage-thai-koh-samui","15":"product_tag-massage-thai-o-bo-phut","16":"product_tag-massage-thai-o-choengmon","17":"product_tag-massage-toan-than","18":"product_tag-massage-toan-than-koh-samui","19":"product_tag-massage-tot-nhat-chaweng","20":"product_tag-massage-tot-nhat-koh-samui","21":"product_tag-massage-tot-nhat-o-bo-phut","22":"product_tag-massage-tot-nhat-o-chaweng","23":"product_tag-massage-tot-nhat-o-choengmon","24":"product_tag-massage-tot-nhat-o-koh-samui","25":"product_tag-salon-massage","26":"product_tag-tiem-mat-xa-koh-samui","27":"pa_duration-120-phut","28":"pa_duration-60-phut","29":"pa_duration-90-phut","30":"pa_massage-dau-dua","31":"pa_menu-category-thu-gian-voi-tinh-dau-huong-thom","32":"pa_types-thu-gian-binh-tinh","34":"first","35":"instock","36":"shipping-taxable","37":"purchasable","38":"product-type-variable"},"acf":[],"_links":{"self":[{"href":"https:\/\/www.nakee.spa\/vi\/wp-json\/wp\/v2\/product\/3634","targetHints":{"allow":["GET"]}}],"collection":[{"href":"https:\/\/www.nakee.spa\/vi\/wp-json\/wp\/v2\/product"}],"about":[{"href":"https:\/\/www.nakee.spa\/vi\/wp-json\/wp\/v2\/types\/product"}],"wp:featuredmedia":[{"embeddable":true,"href":"https:\/\/www.nakee.spa\/vi\/wp-json\/wp\/v2\/media\/1095"}],"wp:attachment":[{"href":"https:\/\/www.nakee.spa\/vi\/wp-json\/wp\/v2\/media?parent=3634"}],"wp:term":[{"taxonomy":"product_brand","embeddable":true,"href":"https:\/\/www.nakee.spa\/vi\/wp-json\/wp\/v2\/product_brand?post=3634"},{"taxonomy":"product_cat","embeddable":true,"href":"https:\/\/www.nakee.spa\/vi\/wp-json\/wp\/v2\/product_cat?post=3634"},{"taxonomy":"product_tag","embeddable":true,"href":"https:\/\/www.nakee.spa\/vi\/wp-json\/wp\/v2\/product_tag?post=3634"}],"curies":[{"name":"wp","href":"https:\/\/api.w.org\/{rel}","templated":true}]}}